{"id":158935,"date":"2021-03-16T08:18:12","date_gmt":"2021-03-16T13:18:12","guid":{"rendered":"https:\/\/www.acrartex.com\/products\/programmierte-pa-fuer-c406-n\/"},"modified":"2021-03-16T08:18:12","modified_gmt":"2021-03-16T13:18:12","slug":"programmierte-pa-fuer-c406-n","status":"publish","type":"product","link":"https:\/\/www.acrartex.com\/de\/products\/programmierte-pa-fuer-c406-n\/","title":{"rendered":"Programmierte PA f\u00fcr C406-N"},"content":{"rendered":"","protected":false},"excerpt":{"rendered":"<p>Der Artex-Programmieradapter (PA) ist ein optionales Zubeh\u00f6r f\u00fcr die ELTs der C406-N-Serie und programmiert ein C406-N- ELT automatisch neu, wobei zuvor gespeicherte Daten f\u00fcr eine effiziente Flottenwartung \u00fcberschrieben werden.<\/p>\n<p>&nbsp;<\/p>\n","protected":false},"featured_media":158944,"template":"","meta":{"_acf_changed":false,"om_disable_all_campaigns":false},"product_brand":[],"product_cat":[5570,2923],"product_tag":[14480,14481,14482,14487,14492,14484,14477,14495,14490],"class_list":{"0":"post-158935","1":"product","2":"type-product","3":"status-publish","4":"has-post-thumbnail","6":"product_cat-luftfahrt","7":"product_cat-nicht-kategorisiert","8":"product_tag-adapter-de","9":"product_tag-artex-programmieradapter","10":"product_tag-artex-programmieradapter-pa","11":"product_tag-c406-n-elt-automatisch-neu-programmieren","12":"product_tag-effiziente-flottenwartung","13":"product_tag-optionales-elt-zubehor","14":"product_tag-programmieradapter","15":"product_tag-teilenummer-453-5078","16":"product_tag-uberschreiben-zuvor-gespeicherter-daten","18":"first","19":"instock","20":"taxable","21":"shipping-taxable","22":"product-type-simple"},"acf":[],"_links":{"self":[{"href":"https:\/\/www.acrartex.com\/de\/wp-json\/wp\/v2\/product\/158935","targetHints":{"allow":["GET"]}}],"collection":[{"href":"https:\/\/www.acrartex.com\/de\/wp-json\/wp\/v2\/product"}],"about":[{"href":"https:\/\/www.acrartex.com\/de\/wp-json\/wp\/v2\/types\/product"}],"wp:featuredmedia":[{"embeddable":true,"href":"https:\/\/www.acrartex.com\/de\/wp-json\/wp\/v2\/media\/158944"}],"wp:attachment":[{"href":"https:\/\/www.acrartex.com\/de\/wp-json\/wp\/v2\/media?parent=158935"}],"wp:term":[{"taxonomy":"product_brand","embeddable":true,"href":"https:\/\/www.acrartex.com\/de\/wp-json\/wp\/v2\/product_brand?post=158935"},{"taxonomy":"product_cat","embeddable":true,"href":"https:\/\/www.acrartex.com\/de\/wp-json\/wp\/v2\/product_cat?post=158935"},{"taxonomy":"product_tag","embeddable":true,"href":"https:\/\/www.acrartex.com\/de\/wp-json\/wp\/v2\/product_tag?post=158935"}],"curies":[{"name":"wp","href":"https:\/\/api.w.org\/{rel}","templated":true}]}}