{"id":158838,"date":"2021-03-16T08:20:16","date_gmt":"2021-03-16T13:20:16","guid":{"rendered":"https:\/\/www.acrartex.com\/products\/pathfinder-pro-sart\/"},"modified":"2026-01-07T14:10:51","modified_gmt":"2026-01-07T19:10:51","slug":"pathfinder-pro-sart","status":"publish","type":"product","link":"https:\/\/www.acrartex.com\/de\/products\/pathfinder-pro-sart\/","title":{"rendered":"Pathfinder \u2122 PRO SART"},"content":{"rendered":"<p>Der Pathfinder Pro ist ein vollst\u00e4ndig zugelassener Such- und Rettungstransponder (SART), der den IMO SOLAS-Vorschriften entspricht. Bei Radarabfrage sendet der Pathfinder Pro zw\u00f6lf intensive Signale an den Radarschirm des Schiffes zur\u00fcck und unterst\u00fctzt so die Such- und Rettungsma\u00dfnahmen erheblich. Die hochwertige Lithiumbatterie bietet eine Betriebsdauer von \u00fcber 96 Stunden im Standby-Modus (bis zur Radarabfrage) und 12 Stunden im aktiven Betrieb (w\u00e4hrend der Radarabfrage).  <\/p>\n<p>Der Pathfinder Pro wird mit einer eleganten Wandhalterung geliefert, um das kompakte SART platzsparend aufzubewahren und im Notfall dennoch schnell zug\u00e4nglich zu machen. Die optionale Teleskopstange l\u00e4sst sich bequem an der Unterseite des SART befestigen und sorgt f\u00fcr maximale H\u00f6he und Sicht aus einem Rettungsboot. Das SART kann auch im Boot aufgeh\u00e4ngt werden, um die H\u00e4nde frei zu haben.  <\/p>\n<p>Ein Such- und Rettungstransponder (SART) ist f\u00fcr alle kommerziellen Schiffe, die GMDSS-konform sein m\u00fcssen, sowie f\u00fcr alle Schiffe, die mehr als ein Rettungsflo\u00df transportieren, vorgeschrieben.<\/p>\n<p>&nbsp;<\/p>\n<p><strong><em>Bef\u00f6rderungsanforderungen<\/em><\/strong><\/p>\n<ul>\n<li>Jedes IMO SOLAS-Schiff auf internationalen Reisen muss ein SART mitf\u00fchren<\/li>\n<li>300-500 Bruttoregistertonnen (BRT) m\u00fcssen mindestens 1 SART mitf\u00fchren<\/li>\n<li>\u00dcber 500 Bruttoregistertonnen (BRT) m\u00fcssen mindestens 2 SARTs mitf\u00fchren<\/li>\n<li>1 SART f\u00fcr je vier Rettungsfl\u00f6\u00dfe auf RoRo-Passagierschiffen<\/li>\n<\/ul>\n<p><strong><em>Merkmale<\/em><\/strong><\/p>\n<ul>\n<li>Verbessert die Radarsignale mit 12 intensiven Signalen, wobei das erste Signal den Standort des SARTs darstellt<\/li>\n<li>Das Ger\u00e4t sendet \u00fcber das 9,2-9,5 GHz-Band Marineradar, wenn es vom Radar abgefragt wird<\/li>\n<li>Gef\u00e4\u00dfhalterung und zusammenklappbare Stange<\/li>\n<li>Kompakte Einheit (227 mm x 65 mm) l\u00e4sst sich leicht in einer Rettungsinsel verstauen<\/li>\n<li>Wasserdicht bis 10 Meter (33 Fu\u00df)<\/li>\n<li>Die nicht gef\u00e4hrliche Lithiumbatterie (5 Jahre Lebensdauer) l\u00e4uft \u00fcber 96 Stunden im Standby-Modus plus zus\u00e4tzliche 12 Betriebsstunden<\/li>\n<li>Weltweite Zertifizierungen; entspricht den Normen IMO, MED, FCC und IEC<\/li>\n<li>Betriebsdauer: 96 Stunden im Standby-Modus; \u00fcber 12 Stunden im Betriebsmodus<\/li>\n<li>Anwendung: obligatorische Anforderung f\u00fcr alle Schiffe, die dem GMDSS unterliegen; jede Yacht oder jedes Schiff, das mehr als ein Rettungsflo\u00df f\u00fcr Besatzung und Passagiere mitf\u00fchrt<\/li>\n<\/ul>\n","protected":false},"excerpt":{"rendered":"<p>Bleiben Sie auf See sicher mit dem Pathfinder \u2122 PRO Such- und Rettungstransponder (SART). Dieser SART entspricht den IMO SOLAS-Vorschriften und verf\u00fcgt \u00fcber eine hochwertige Lithiumbatterie mit einer Laufzeit von \u00fcber 96 Stunden im Standby-Modus und 12 Stunden im aktiven Betrieb. Der kompakte Pathfinder PRO wird mit einer eleganten Wandhalterung geliefert, die ihn nicht st\u00f6rt und im Notfall dennoch leicht zug\u00e4nglich ist. Ein SART ist f\u00fcr alle kommerziellen Schiffe, die GMDSS-konform sein m\u00fcssen, sowie f\u00fcr alle Schiffe mit mehr als einer Rettungsinsel vorgeschrieben.   <\/p>\n<p>&nbsp;<\/p>\n<p><a href=\"https:\/\/www.dropbox.com\/s\/fk04stqsp2hgk5f\/Prop%2065%20-%20DEHP.pdf?dl=0\">WARNUNG: PROP 65<\/a><\/p>\n<p>&nbsp;<\/p>\n","protected":false},"featured_media":158918,"template":"","meta":{"_acf_changed":false,"om_disable_all_campaigns":false},"product_brand":[],"product_cat":[6026,5636,6025],"product_tag":[14373,14412,14423,14418,14378,14383,14398,14393,14350,14443,14375,14359,14436,14366,14405,14428,14447,14451,14432,14388,14439],"class_list":{"0":"post-158838","1":"product","2":"type-product","3":"status-publish","4":"has-post-thumbnail","6":"product_cat-kommerziell","7":"product_cat-marine-de","8":"product_cat-vor-der-kuste","9":"product_tag-acr-sart-de","10":"product_tag-bester-start","11":"product_tag-epirb-sart-de","12":"product_tag-gmdss-sart-de","13":"product_tag-herbst","14":"product_tag-jotron-sart-de","15":"product_tag-jotron-tron-sart-de","16":"product_tag-mcmurdo-sart-de","17":"product_tag-sart-de","18":"product_tag-sart-gmdss-de","19":"product_tag-sart-ivf-de","20":"product_tag-sart-transponder-de","21":"product_tag-seemann-sart","22":"product_tag-startbatterie","23":"product_tag-starttest-de","24":"product_tag-starttester","25":"product_tag-startvoraussetzungen","26":"product_tag-startzulassungen","27":"product_tag-teststart","28":"product_tag-tron-sart-de","29":"product_tag-tron-sart-20-de","30":"pa_boat-size-80-de","31":"pa_boat-type-charteryacht-de","32":"pa_boat-type-frachtschiff","33":"pa_boat-type-kommerzielle-fischerei","34":"pa_boat-type-segelboot","35":"pa_boat-type-yacht-de","36":"pa_product-rescue-beacons-ukw-sart","37":"pa_product-sicherheitszubehor","38":"pa_product-signalprodukte-de","40":"first","41":"instock","42":"taxable","43":"shipping-taxable","44":"purchasable","45":"product-type-simple"},"acf":[],"_links":{"self":[{"href":"https:\/\/www.acrartex.com\/de\/wp-json\/wp\/v2\/product\/158838","targetHints":{"allow":["GET"]}}],"collection":[{"href":"https:\/\/www.acrartex.com\/de\/wp-json\/wp\/v2\/product"}],"about":[{"href":"https:\/\/www.acrartex.com\/de\/wp-json\/wp\/v2\/types\/product"}],"wp:featuredmedia":[{"embeddable":true,"href":"https:\/\/www.acrartex.com\/de\/wp-json\/wp\/v2\/media\/158918"}],"wp:attachment":[{"href":"https:\/\/www.acrartex.com\/de\/wp-json\/wp\/v2\/media?parent=158838"}],"wp:term":[{"taxonomy":"product_brand","embeddable":true,"href":"https:\/\/www.acrartex.com\/de\/wp-json\/wp\/v2\/product_brand?post=158838"},{"taxonomy":"product_cat","embeddable":true,"href":"https:\/\/www.acrartex.com\/de\/wp-json\/wp\/v2\/product_cat?post=158838"},{"taxonomy":"product_tag","embeddable":true,"href":"https:\/\/www.acrartex.com\/de\/wp-json\/wp\/v2\/product_tag?post=158838"}],"curies":[{"name":"wp","href":"https:\/\/api.w.org\/{rel}","templated":true}]}}