{"id":158825,"date":"2021-03-16T08:19:59","date_gmt":"2021-03-16T13:19:59","guid":{"rendered":"https:\/\/www.acrartex.com\/products\/l8-3\/"},"modified":"2021-03-16T08:19:59","modified_gmt":"2021-03-16T13:19:59","slug":"l8-3","status":"publish","type":"product","link":"https:\/\/www.acrartex.com\/de\/products\/l8-3\/","title":{"rendered":"L8-3"},"content":{"rendered":"<ul>\n<li>Von der K\u00fcstenwache f\u00fcr die Verwendung auf Schwimmwesten zugelassen<\/li>\n<li>Die Kombination aus Lampe und Linse erzeugt brillantes Licht, das \u00fcber 1 Meile weit sichtbar ist<\/li>\n<li>Funktioniert in S\u00fc\u00df- und Salzwasser<\/li>\n<li>Anschlusskabel in Standardl\u00e4nge 18 Zoll (46 cm); einige Sonderl\u00e4ngen erh\u00e4ltlich (Mindestbestellmenge gilt)<\/li>\n<li>Wasseraktivierte Batterie<\/li>\n<li>Betriebsdauer \u00fcber 8 Stunden<\/li>\n<li>5 Jahre Lagerf\u00e4higkeit<\/li>\n<\/ul>\n","protected":false},"excerpt":{"rendered":"<p>Die L8-3 ist eine wasseraktivierbare Rettungsleuchte, die von der K\u00fcstenwache f\u00fcr den Einsatz an Schwimmwesten zugelassen ist. Die Lampen- und Linsenkombination der L8-3 erzeugt ein starkes Licht, das \u00fcber eine Meile weit sichtbar ist. Die Rettungsleuchte verf\u00fcgt \u00fcber eine wasseraktivierbare Batterie und leuchtet nach dem Ausl\u00f6sen 8 Stunden lang.  <\/p>\n<p>&nbsp;<\/p>\n","protected":false},"featured_media":158827,"template":"","meta":{"_acf_changed":false,"om_disable_all_campaigns":false},"product_brand":[],"product_cat":[6024,6026,5636,6025],"product_tag":[10721,7805,10723,10724,7780,10719,10725,10733,10715,7800,14336,10713,10722,7809,10717],"class_list":{"0":"post-158825","1":"product","2":"type-product","3":"status-publish","4":"has-post-thumbnail","6":"product_cat-in-kustennahe","7":"product_cat-kommerziell","8":"product_cat-marine-de","9":"product_cat-vor-der-kuste","10":"product_tag-acr-blitzlichter","11":"product_tag-acr-blitz","12":"product_tag-artex-licht-de","13":"product_tag-artex-pfd-de","14":"product_tag-blitzlichter","15":"product_tag-fluglicht","16":"product_tag-l8-licht-de","17":"product_tag-l8-3-de","18":"product_tag-licht-fur-rettungswesten-in-der-luftfahrt","19":"product_tag-marine-blitzlicht","20":"product_tag-notfall-blitzlicht-de-2","21":"product_tag-rettungsblitzlicht","22":"product_tag-rettungslicht","23":"product_tag-rettungslichter","24":"product_tag-rettungsweste-fur-die-luftfahrt","25":"pa_product-vermachtnis","27":"first","28":"outofstock","29":"taxable","30":"shipping-taxable","31":"product-type-simple"},"acf":[],"_links":{"self":[{"href":"https:\/\/www.acrartex.com\/de\/wp-json\/wp\/v2\/product\/158825","targetHints":{"allow":["GET"]}}],"collection":[{"href":"https:\/\/www.acrartex.com\/de\/wp-json\/wp\/v2\/product"}],"about":[{"href":"https:\/\/www.acrartex.com\/de\/wp-json\/wp\/v2\/types\/product"}],"wp:featuredmedia":[{"embeddable":true,"href":"https:\/\/www.acrartex.com\/de\/wp-json\/wp\/v2\/media\/158827"}],"wp:attachment":[{"href":"https:\/\/www.acrartex.com\/de\/wp-json\/wp\/v2\/media?parent=158825"}],"wp:term":[{"taxonomy":"product_brand","embeddable":true,"href":"https:\/\/www.acrartex.com\/de\/wp-json\/wp\/v2\/product_brand?post=158825"},{"taxonomy":"product_cat","embeddable":true,"href":"https:\/\/www.acrartex.com\/de\/wp-json\/wp\/v2\/product_cat?post=158825"},{"taxonomy":"product_tag","embeddable":true,"href":"https:\/\/www.acrartex.com\/de\/wp-json\/wp\/v2\/product_tag?post=158825"}],"curies":[{"name":"wp","href":"https:\/\/api.w.org\/{rel}","templated":true}]}}