{"id":158369,"date":"2021-03-16T08:19:40","date_gmt":"2021-03-16T13:19:40","guid":{"rendered":"https:\/\/www.acrartex.com\/products\/110-320-stabantenne\/"},"modified":"2021-03-16T08:19:40","modified_gmt":"2021-03-16T13:19:40","slug":"110-320-stabantenne","status":"publish","type":"product","link":"https:\/\/www.acrartex.com\/de\/products\/110-320-stabantenne\/","title":{"rendered":"110-320 Stabantenne"},"content":{"rendered":"<p>Das robuste, glasfaserverst\u00e4rkte Polyestergeh\u00e4use umh\u00fcllt unsere innovative Tri-Band-Technologie und vereint 121,5, 243 und 406 MHz in einem kompakten Geh\u00e4use. Diese hocheffiziente Antenne bietet eine Isolation von 10 dB zwischen den Anschl\u00fcssen. Die CI 317 bietet eine Doppelanschlusskonfiguration f\u00fcr Installationen, die diese Konfiguration erfordern. Entwickelt, um den Eurocae ED 62-Flammtest zu erf\u00fcllen.   <\/p>\n<p>Zwei Modelle verf\u00fcgbar:<\/p>\n<ul>\n<li>110-320 (wei\u00df)<\/li>\n<li>110-320-04 (schwarz)<\/li>\n<\/ul>\n","protected":false},"excerpt":{"rendered":"<p>Tri-Band, Dual-Eingang, 121,5, 243 und 406 MHz<\/p>\n<p>&nbsp;<\/p>\n","protected":false},"featured_media":158432,"template":"","meta":{"_acf_changed":false,"om_disable_all_campaigns":false},"product_brand":[],"product_cat":[5570],"product_tag":[10020,14123,10023,14110,10022,10021,10016],"class_list":{"0":"post-158369","1":"product","2":"type-product","3":"status-publish","4":"has-post-thumbnail","6":"product_cat-luftfahrt","7":"product_tag-110-de","8":"product_tag-110-320-de","9":"product_tag-121-5-de","10":"product_tag-320-de","11":"product_tag-doppelter-eingang","12":"product_tag-stabantenne","13":"product_tag-tri-band-de","15":"first","16":"instock","17":"taxable","18":"shipping-taxable","19":"product-type-simple"},"acf":[],"_links":{"self":[{"href":"https:\/\/www.acrartex.com\/de\/wp-json\/wp\/v2\/product\/158369","targetHints":{"allow":["GET"]}}],"collection":[{"href":"https:\/\/www.acrartex.com\/de\/wp-json\/wp\/v2\/product"}],"about":[{"href":"https:\/\/www.acrartex.com\/de\/wp-json\/wp\/v2\/types\/product"}],"wp:featuredmedia":[{"embeddable":true,"href":"https:\/\/www.acrartex.com\/de\/wp-json\/wp\/v2\/media\/158432"}],"wp:attachment":[{"href":"https:\/\/www.acrartex.com\/de\/wp-json\/wp\/v2\/media?parent=158369"}],"wp:term":[{"taxonomy":"product_brand","embeddable":true,"href":"https:\/\/www.acrartex.com\/de\/wp-json\/wp\/v2\/product_brand?post=158369"},{"taxonomy":"product_cat","embeddable":true,"href":"https:\/\/www.acrartex.com\/de\/wp-json\/wp\/v2\/product_cat?post=158369"},{"taxonomy":"product_tag","embeddable":true,"href":"https:\/\/www.acrartex.com\/de\/wp-json\/wp\/v2\/product_tag?post=158369"}],"curies":[{"name":"wp","href":"https:\/\/api.w.org\/{rel}","templated":true}]}}