{"id":158017,"date":"2021-04-09T11:18:50","date_gmt":"2021-04-09T16:18:50","guid":{"rendered":"https:\/\/www.acrartex.com\/products\/resqflare-elektronische-led-notfall-bootsfackel\/"},"modified":"2025-11-26T03:34:35","modified_gmt":"2025-11-26T08:34:35","slug":"resqflare-elektronische-led-notfall-bootsfackel","status":"publish","type":"product","link":"https:\/\/www.acrartex.com\/de\/products\/resqflare-elektronische-led-notfall-bootsfackel\/","title":{"rendered":"ResQFlare \u2013 Elektronische LED-Notfall-Bootsfackel"},"content":{"rendered":"<p><span style=\"font-size: 10pt;\"><span style=\"font-size: 11.0pt;\"><span style=\"background: white;\"><span style=\"color: black;\">Das ResQFlare ist ein von der US-K\u00fcstenwache zugelassenes elektronisches Bootsleuchtsignal, das die Rettung durch die Abgabe des f\u00fcr den internationalen Morsecode charakteristischen Blitzes f\u00fcr SOS erleichtert. Dank der hocheffizienten Elektronik des ResQFlare kann es die von der US-K\u00fcstenwache geforderte Spitzenintensit\u00e4t von 75 cd \u00fcber 20 Stunden aufrechterhalten (mehr als dreimal l\u00e4nger als die von der US-K\u00fcstenwache geforderte Lichtintensit\u00e4t). Dank der austauschbaren Batterie (2 C-Batterien) ist das ResQFlare jahrelang einsatzbereit. Dadurch werden Boote sicherer, da die \u00fcblichen Nachteile pyrotechnischer Bootsleuchtsignale, wie z. B. ihr Verfallsdatum und die strengen Entsorgungsvorschriften, entfallen.   <\/span><\/span><\/span><\/span><\/p>\n<h2 style=\"margin: 0in 0in 0.0001pt;\"><span style=\"font-size: 10pt;\"><b><span style=\"font-size: 12.0pt;\">Vorteile ResQFlare gegen\u00fcber herk\u00f6mmlichen pyrotechnischen Bootsfackeln:<\/span><\/b><\/span><\/h2>\n<ul>\n<li style=\"margin: 0in 0in 0.0001pt;\"><span style=\"font-size: 10pt;\"><span style=\"font-size: 11.0pt;\">Kein Ablaufdatum<\/span><\/span><\/li>\n<li style=\"margin: 0in 0in 0.0001pt;\"><span style=\"font-size: 10pt;\"><span style=\"font-size: 11.0pt;\">Familiensicher (keine brennende Flamme)  <\/span><\/span><\/li>\n<li style=\"margin: 0in 0in 0.0001pt;\"><span style=\"font-size: 10pt;\"><span style=\"font-size: 11.0pt;\">Einfach zu bedienen (so dass im Notfall sogar Ihre Kinder und Bootsanf\u00e4nger es bedienen k\u00f6nnen)  <\/span><\/span><\/li>\n<li style=\"margin: 0in 0in 0.0001pt;\"><span style=\"font-size: 10pt;\"><span style=\"font-size: 11.0pt;\">Keine Probleme mit den bestehenden strengen Entsorgungsvorschriften f\u00fcr pyrotechnische Leuchtraketen (rechtlich als gef\u00e4hrliche Stoffe eingestuft)<\/span><\/span><\/li>\n<li style=\"margin: 0in 0in 0.0001pt;\"><span style=\"font-size: 10pt;\"><span style=\"font-size: 11.0pt;\">Wasserdicht und schwimmf\u00e4hig  <\/span><\/span><\/li>\n<li style=\"margin: 0in 0in 0.0001pt;\"><span style=\"font-size: 10pt;\"><span style=\"font-size: 11.0pt;\">Einmaliger Kauf (geringere Kosten \u00fcber die gesamte Lebensdauer des Produkts)<\/span><\/span><\/li>\n<\/ul>\n<p style=\"margin: 0in 0in 0.0001pt;\"><span style=\"font-size: 10pt;\"><span style=\"font-size: 11.0pt;\"><span style=\"background: white;\"><span style=\"color: black;\">Das ResQFlare erf\u00fcllt die Anforderungen der US-K\u00fcstenwache (46 CFR 161.013) und ist als zugelassenes optisches Notsignal f\u00fcr die Nacht klassifiziert. Da im Lieferumfang jedes ResQFlare eine Notflagge gem\u00e4\u00df 46 CFR 160.072 enthalten ist, erhalten Benutzer auch ein zugelassenes optisches Notsignal f\u00fcr den Tag (die Anforderungen f\u00fcr die Mitf\u00fchrung zugelassener optischer Notsignale f\u00fcr Tag und Nacht finden sich in 33 CFR Teil 175). <\/span><\/span><\/span><\/span><\/p>\n<p>&nbsp;<\/p>\n<p style=\"margin: 0in 0in 0.0001pt;\"><span style=\"font-size: 10pt;\"><span style=\"font-size: 11.0pt;\">Die mitgelieferte Notflagge bietet zahlreiche Signalisierungsm\u00f6glichkeiten bei Tageslicht. Sie kann am Mast befestigt oder einfach so hoch wie m\u00f6glich gehisst werden. Sie kann auch von Hand gehisst, an Gegenst\u00e4nden wie Bootshaken, Paddel oder Angelrute befestigt und geschwenkt oder flach auf dem Deck ausgelegt werden, um Flugzeuge anzulocken. Die Flagge sollte nur als Tagessignal verwendet werden. Bei korrekter Auslage sollte das schwarze Quadrat \u00fcber dem schwarzen Kreis liegen.   <\/span><\/span><\/p>\n<p>&nbsp;<\/p>\n<p style=\"margin: 0in 0in 0.0001pt;\"><span style=\"font-size: 10pt;\"><span style=\"font-size: 11.0pt;\"><span style=\"background: white;\"><span style=\"color: black;\">Mit dem ResQFlare und Distress Flag-Kit k\u00f6nnen Bootsfahrer auf herk\u00f6mmliche pyrotechnische Leuchtraketen verzichten, wenn sie auf Schiffen bis zu 65 Fu\u00df L\u00e4nge, auf den Gro\u00dfen Seen, in einem Umkreis von 12 Meilen um US-Gew\u00e4sser oder auf Gew\u00e4ssern mit einem mindestens drei Kilometer breiten Durchgang zum Meer unterwegs sind. Schiffe unter 16 Fu\u00df L\u00e4nge ben\u00f6tigen kein optisches Notsignal tags\u00fcber, aber dennoch ein optisches Notsignal nachts. Damit ist das ResQFlare auch f\u00fcr Schiffe dieser Gr\u00f6\u00dfe eine mehr als praktikable Alternative zu pyrotechnischen Leuchtraketen.  <\/span><\/span><\/span><\/span><\/p>\n<p>&nbsp;<\/p>\n<p style=\"margin: 0in 0in 0.0001pt;\"><span style=\"font-size: 10pt;\"><span style=\"font-size: 11.0pt;\"><span style=\"background: white;\"><span style=\"color: black;\">Die Erg\u00e4nzung der ACR -Produktlinie f\u00fcr Bootssicherheitsausr\u00fcstung um das ResQFlare bietet US-amerikanischen Freizeitkapit\u00e4nen eine umfassende L\u00f6sung f\u00fcr Notsignale. In Kombination mit einem <a href=\"https:\/\/www.acrartex.com\/products\/resqkit\/\">ACR EPIRB<\/a> ( <a href=\"https:\/\/www.acrartex.com\/products\/resqkit-pro-2357\/\">Personal Locator Beacon<\/a> wissen Rettungskr\u00e4fte der US-K\u00fcstenwache nicht nur innerhalb weniger Minuten, wo Sie sich befinden, sondern verf\u00fcgen auch \u00fcber ein visuelles Referenzlicht, das sie aus bis zu 9 Kilometern Entfernung erkennen k\u00f6nnen. <\/span><\/span><\/span><\/span><\/p>\n<h2><span style=\"font-size: 10pt;\"><b><span style=\"font-size: 12.0pt;\">Produktmerkmale und Vorteile:<\/span><\/b><\/span><\/h2>\n<ul>\n<li style=\"margin: 0in 0in 0.0001pt;\"><span style=\"font-size: 10pt;\"><span style=\"font-size: 11.0pt;\">ResQFlare und die mitgelieferte Notflagge k\u00f6nnen, wenn sie zusammen mitgef\u00fchrt werden, als Ersatz f\u00fcr die Bef\u00f6rderung pyrotechnischer Bootsfackeln und Bootssignalpistolen der USCG (nur in den USA) gelten.<\/span><\/span><\/li>\n<li style=\"margin-right: 13.5pt; margin: 0in 0in 0.0001pt;\"><span style=\"font-size: 10pt;\"><span style=\"background: white;\"><span style=\"color: black;\"><span style=\"font-size: 11.0pt;\">Helles Licht in alle Richtungen (360\u00b0 Sichtbarkeit)<\/span><\/span><\/span><\/span><\/li>\n<li style=\"margin-right: 13.5pt; margin: 0in 0in 0.0001pt;\"><span style=\"font-size: 10pt;\"><span style=\"background: white;\"><span style=\"color: black;\"><span style=\"font-size: 11.0pt;\">Leicht und kompakt<\/span><\/span><\/span><\/span><\/li>\n<li style=\"margin-right: 13.5pt; margin: 0in 0in 0.0001pt;\"><span style=\"font-size: 10pt;\"><span style=\"background: white;\"><span style=\"color: black;\"><span style=\"font-size: 11.0pt;\">Richtet sich automatisch auf und schwimmt im Wasser<\/span> <span style=\"font-size: 11.0pt;\">(kein Auftriebs-\/Schwimmring erforderlich)<\/span><\/span><\/span><\/span><\/li>\n<li style=\"margin: 0in 0in 0.0001pt;\"><span style=\"font-size: 10pt;\"><span style=\"font-size: 11.0pt;\">Sichtbar \u00fcber 6 Meilen<\/span><\/span><\/li>\n<li style=\"margin: 0in 0in 0.0001pt;\"><span style=\"font-size: 10pt;\"><span style=\"font-size: 11.0pt;\"><span style=\"color: black;\">Vom Benutzer austauschbare C-Zellen-Alkalibatterien (nicht im Lieferumfang enthalten)<\/span><\/span><\/span><\/li>\n<li style=\"margin: 0in 0in 0.0001pt;\"><span style=\"font-size: 10pt;\"><span style=\"font-size: 11.0pt;\">Der LED-Blitz mit hoher Intensit\u00e4t h\u00e4lt eine minimale <span style=\"background: white;\"><span style=\"color: black;\">Spitzenintensit\u00e4t<\/span><\/span> von 75 cd f\u00fcr mindestens 20 Stunden (bei Raumtemperatur) aufrecht.<\/span><\/span><\/li>\n<li style=\"margin: 0in 0in 0.0001pt;\"><span style=\"font-size: 10pt;\"><span style=\"font-size: 11.0pt;\">Die Betriebsdauer von 20 Stunden ist mehr als dreimal l\u00e4nger als die USCG-Anforderung zur Aufrechterhaltung <span style=\"background: white;\"><span style=\"color: black;\">einer \u00e4quivalenten Spitzenintensit\u00e4t<\/span><\/span> von 75 cd<\/span><\/span><\/li>\n<li style=\"margin: 0in 0in 0.0001pt;\"><span style=\"font-size: 10pt;\"><span style=\"font-size: 11.0pt;\">Langlebiges Design: Feuerbest\u00e4ndig, \u00f6lbest\u00e4ndig, pilzbest\u00e4ndig und korrosionsbest\u00e4ndig<\/span><\/span><\/li>\n<li style=\"margin: 0in 0in 0.0001pt;\"><span style=\"font-size: 10pt;\"><span style=\"font-size: 11.0pt;\">Wasserdicht (IP67)<\/span><\/span><\/li>\n<li style=\"margin: 0in 0in 0.0001pt;\"><span style=\"font-size: 10pt;\"><span style=\"font-size: 11.0pt;\">Zertifiziert nach USCG 161.013 als visuelles Notsignal f\u00fcr die Nacht<\/span><\/span><\/li>\n<li style=\"margin: 0in 0in 0.0001pt;\"><span style=\"font-size: 10pt;\"><span style=\"font-size: 11.0pt;\">Inklusive Notflagge (zertifiziert gem\u00e4\u00df USCG 160.072 als visuelles Notsignal am Tag)  <\/span><\/span><\/li>\n<\/ul>\n<h3 style=\"margin: 0in 0in 0.0001pt;\"><strong>ResQFlare in den Nachrichten:<\/strong><\/h3>\n<p><a href=\"https:\/\/www.sailingworld.com\/story\/gear\/safe-distress-flare-alternative\/\">Sailing World \u2013 Eine sichere Alternative zum Notsignal<\/a><\/p>\n<p><a href=\"https:\/\/www.greatlakesscuttlebutt.com\/news\/featured-news\/this-year-s-boating-finds\/\">Ger\u00fcchte \u00fcber die Gro\u00dfen Seen \u2013 Bootsfunde dieses Jahres<\/a><\/p>\n<p><a href=\"https:\/\/lakelandboating.com\/acr-electronics-introduces-new-alternative-to-pyrotechnic-flares\/\">Lakeland Boating \u2013 ACR Electronics stellt neue Alternative zu pyrotechnischen Leuchtraketen vor<\/a><\/p>\n","protected":false},"excerpt":{"rendered":"<p><span style=\"font-size: 11.0pt;\"><span style=\"background: white;\"><span style=\"color: black;\">Das ACR ResQFlare ist ein elektronisches Notsignal-Set mit hochintensiver LED-Leuchte f\u00fcr Boote. Zusammen mit der mitgelieferten Notflagge erf\u00fcllen ResQFlare und Flagge die geltenden Anforderungen der US-K\u00fcstenwache und k\u00f6nnen auf den meisten Freizeitbooten anstelle von traditionellen pyrotechnischen Bootfackeln mitgef\u00fchrt werden. Als praktische Alternative zu Bootfackeln oder Bootfackelpistolen bietet das ResQFlare eine 360\u00b0-Sichtbarkeit von \u00fcber 10 Kilometern. Dank seines effizienten Designs ist es langlebig (20 Stunden Brenndauer) und erh\u00f6ht so Ihre \u00dcberlebens- und Rettungschancen deutlich.  <\/span><\/span><\/span><\/p>\n<p>https:\/\/www.youtube.com\/watch?v=AVNmWXIpSro&amp;lc=UgwVlLiY8UH7ddCAyoZ4AaABAg<\/p>\n<p><a href=\"https:\/\/www.dropbox.com\/s\/0ezw0kexbm120vv\/Prop%2065%20-%20Lead%20and%20Lead%20Compounds.pdf?dl=0\">WARNUNG: PROP 65<\/a><\/p>\n<p>&nbsp;<\/p>\n<p><strong>HINWEIS: Das ResQFlare (Modell: LNK-ERS1) ist auf der Website der US-K\u00fcstenwache als ACR ResQFlare (Modell LNK-ERS1) aufgef\u00fchrt. <a href=\"https:\/\/www.dropbox.com\/scl\/fi\/y2nf76hvxhmy9t4bxljnf\/USCG-Approved-Equipment-Details-Page_ResQFlare.pdf?rlkey=ash5nle98cfnrpnmr8jcizp8a&amp;st=i6dizypz&amp;dl=1\">Klicken Sie auf diesen Link<\/a> , um die Liste der von der US- ACR ResQFlare Ger\u00e4te anzuzeigen.<\/strong><\/p>\n","protected":false},"featured_media":164578,"template":"","meta":{"_acf_changed":false,"om_disable_all_campaigns":false},"product_brand":[],"product_cat":[5687,6024,6023,5636,6030,6025],"product_tag":[12435,12493,12504,12421,12406,12450,12551,12536,12475,12584,12524,13850,12463,13860,12574,12564,12513],"class_list":{"0":"post-158017","1":"product","2":"type-product","3":"status-publish","4":"has-post-thumbnail","6":"product_cat-im-freien","7":"product_cat-in-kustennahe","8":"product_cat-inland-de","9":"product_cat-marine-de","10":"product_cat-paddelsport-angeln","11":"product_cat-vor-der-kuste","12":"product_tag-aufflackern","13":"product_tag-bootsfackel","14":"product_tag-bootsfackeln","15":"product_tag-e-flare-de","16":"product_tag-elektronisches-leuchtsignal","17":"product_tag-fackeln","18":"product_tag-handfackel","19":"product_tag-led-fackel","20":"product_tag-led-notsignal","21":"product_tag-leuchtpistole","22":"product_tag-marine-fackel","23":"product_tag-notfackeln","24":"product_tag-notsignal-de-2","25":"product_tag-orion-flare-de","26":"product_tag-rauchfackel","27":"product_tag-rote-fackel","28":"product_tag-signalfackeln","29":"pa_activity-angeln","30":"pa_activity-paddelsport","31":"pa_boat-size-0-20-de","32":"pa_boat-size-21-40-de","33":"pa_boat-size-40-80-de","34":"pa_boat-type-charteryacht-de","35":"pa_boat-type-kommerzielle-fischerei","36":"pa_boat-type-motorboot","37":"pa_boat-type-schlepper","38":"pa_boat-type-segelboot","39":"pa_boat-type-sportcraft-de","40":"pa_boat-type-yacht-de","41":"pa_terrain-flusse-feuchtgebiete-seen-de","43":"first","44":"instock","45":"taxable","46":"shipping-taxable","47":"purchasable","48":"product-type-simple"},"acf":[],"_links":{"self":[{"href":"https:\/\/www.acrartex.com\/de\/wp-json\/wp\/v2\/product\/158017","targetHints":{"allow":["GET"]}}],"collection":[{"href":"https:\/\/www.acrartex.com\/de\/wp-json\/wp\/v2\/product"}],"about":[{"href":"https:\/\/www.acrartex.com\/de\/wp-json\/wp\/v2\/types\/product"}],"wp:featuredmedia":[{"embeddable":true,"href":"https:\/\/www.acrartex.com\/de\/wp-json\/wp\/v2\/media\/164578"}],"wp:attachment":[{"href":"https:\/\/www.acrartex.com\/de\/wp-json\/wp\/v2\/media?parent=158017"}],"wp:term":[{"taxonomy":"product_brand","embeddable":true,"href":"https:\/\/www.acrartex.com\/de\/wp-json\/wp\/v2\/product_brand?post=158017"},{"taxonomy":"product_cat","embeddable":true,"href":"https:\/\/www.acrartex.com\/de\/wp-json\/wp\/v2\/product_cat?post=158017"},{"taxonomy":"product_tag","embeddable":true,"href":"https:\/\/www.acrartex.com\/de\/wp-json\/wp\/v2\/product_tag?post=158017"}],"curies":[{"name":"wp","href":"https:\/\/api.w.org\/{rel}","templated":true}]}}