{"id":157969,"date":"2021-04-09T11:18:09","date_gmt":"2021-04-09T16:18:09","guid":{"rendered":"https:\/\/www.acrartex.com\/products\/lnk-al15-flugortungslicht-tso-c85b\/"},"modified":"2021-04-09T11:18:09","modified_gmt":"2021-04-09T16:18:09","slug":"lnk-al15-flugortungslicht-tso-c85b","status":"publish","type":"product","link":"https:\/\/www.acrartex.com\/de\/products\/lnk-al15-flugortungslicht-tso-c85b\/","title":{"rendered":"LNK-AL15 Flugortungslicht (TSO-C85b)"},"content":{"rendered":"<p style=\"margin: 0in 0in 0.0001pt;\"><span style=\"font-size: 10pt;\"><span style=\"font-size: 11.0pt;\"><span style=\"background: white;\"><span style=\"color: black;\">Die Leuchte LNK-AL15 ist unter den drei unten aufgef\u00fchrten Teilenummern erh\u00e4ltlich, die unterschiedlichen Kabell\u00e4ngen entsprechen. Die M\u00f6glichkeit, mehrere Kabell\u00e4ngen anzubieten, bietet mehr Flexibilit\u00e4t f\u00fcr unterschiedliche Installationsszenarien. Die verf\u00fcgbaren Kabell\u00e4ngen der LNK-AL15 sind 9&#8243;, 18&#8243; und 24&#8243;.    <\/span><\/span><\/span><\/span><\/p>\n<p>&nbsp;<\/p>\n<p style=\"margin: 0in 0in 0.0001pt;\"><span style=\"font-size: 10pt;\"><b><span style=\"font-size: 11.0pt;\">ACR Teilenummern:<\/span><\/b><\/span><\/p>\n<p style=\"margin: 0in 0in 0.0001pt;\"><span style=\"font-size: 10pt;\"><span style=\"font-size: 11.0pt;\">1503023B \u2013 9 Zoll (23 cm) Kabell\u00e4nge<\/span><\/span><\/p>\n<p style=\"margin: 0in 0in 0.0001pt;\"><span style=\"font-size: 10pt;\"><span style=\"font-size: 11.0pt;\">1503046B \u2013 18 Zoll (46 cm) Kabell\u00e4nge<\/span><\/span><\/p>\n<p style=\"margin: 0in 0in 0.0001pt;\"><span style=\"font-size: 10pt;\"><span style=\"font-size: 11.0pt;\">1503061B \u2013 24 Zoll (61 cm) Kabell\u00e4nge<\/span><\/span><\/p>\n<p>&nbsp;<\/p>\n<p style=\"margin: 0in 0in 0.0001pt;\"><span style=\"font-size: 10pt;\"><b><span style=\"font-size: 12.0pt;\">Funktionen und Vorteile:<\/span><\/b><\/span><\/p>\n<ul>\n<li style=\"margin-right: 13.5pt; margin: 0in 0in 0.0001pt;\"><span style=\"font-size: 10pt;\"><span style=\"background: white;\"><span style=\"color: black;\"><span style=\"font-size: 11.0pt;\">TSO-C85b-zugelassenes Luftfahrt-Ortungslicht<\/span><\/span><\/span><\/span><\/li>\n<li style=\"margin-right: 13.5pt; margin: 0in 0in 0.0001pt;\"><span style=\"font-size: 10pt;\"><span style=\"background: white;\"><span style=\"color: black;\"><span style=\"font-size: 11.0pt;\">Hocheffiziente LED-Gl\u00fchbirne<\/span><\/span><\/span><\/span><\/li>\n<li style=\"margin-right: 13.5pt; margin: 0in 0in 0.0001pt;\"><span style=\"font-size: 10pt;\"><span style=\"background: white;\"><span style=\"font-size: 11.0pt;\"><span style=\"color: black;\">Einfache Integration von Rettungswesten<\/span><\/span><\/span><\/span><\/li>\n<li style=\"margin-right: 13.5pt; margin: 0in 0in 0.0001pt;\"><span style=\"font-size: 10pt;\"><span style=\"background: white;\"><span style=\"color: black;\"><span style=\"font-size: 11.0pt;\">Ultrakleines und leichtes Design<\/span><\/span><\/span><\/span><\/li>\n<li style=\"margin-right: 13.5pt; margin: 0in 0in 0.0001pt;\"><span style=\"font-size: 10pt;\"><span style=\"background: white;\"><span style=\"color: black;\"><span style=\"font-size: 11.0pt;\">Wasseraktiviert (S\u00fc\u00df- und Salzwasser)<\/span><\/span><\/span><\/span><\/li>\n<li style=\"margin-right: 13.5pt; margin: 0in 0in 0.0001pt;\"><span style=\"font-size: 10pt;\"><span style=\"background: white;\"><span style=\"color: black;\"><span style=\"font-size: 11.0pt;\">Unbegrenzte Batterielagerlebensdauer*<\/span><\/span><\/span><\/span><\/li>\n<\/ul>\n<p><span style=\"font-size: 11.0pt;\"><span style=\"color: black;\">*Vorausgesetzt, das Licht kommt nicht versehentlich mit Wasser in Ber\u00fchrung und wird gem\u00e4\u00df den angegebenen Lageranforderungen gelagert<\/span><\/span><\/p>\n","protected":false},"excerpt":{"rendered":"<p style=\"margin: 0in 0in 0.0001pt;\"><span style=\"font-size: 10pt;\"><span style=\"font-size: 11.0pt;\"><span style=\"background: white;\"><span style=\"color: black;\">Die LNK-AL15 ist eine nach FAA TSO-C85b zugelassene, wasseraktivierbare LED-\u00dcberlebendenortungsleuchte. Sie ist f\u00fcr den Einsatz an Schwimmwesten oder Rettungsringen zugelassen, um den Standort von \u00dcberlebenden nach einem Flugunfall im Wasser anzuzeigen. Die Lampen- und Linsenkombination der LNK-AL15 erzeugt ein starkes Licht, das nach der Aktivierung mindestens 8 Stunden lang leuchtet und eine Mindestlichtintensit\u00e4t von 1 cd aufweist. W\u00e4hrend der gesamten Betriebsdauer leuchtet die Leuchte konstant wei\u00df, um den Standort eines \u00dcberlebenden deutlich anzuzeigen und die Rettungswahrscheinlichkeit zu erh\u00f6hen.    <strong>Verpackt als 300 Einheiten pro Karton.<\/strong><\/span><\/span><\/span><\/span><\/p>\n<p><a href=\"sales@acrartex.com\">Fordern Sie ein Angebot f\u00fcr eine Gro\u00dfbestellung an<\/a><\/p>\n","protected":false},"featured_media":12512,"template":"","meta":{"_acf_changed":false,"om_disable_all_campaigns":false},"product_brand":[],"product_cat":[6031,6032,5570,8486],"product_tag":[13845,13854,13865,13838,10722,13818,13828],"class_list":{"0":"post-157969","1":"product","2":"type-product","3":"status-publish","4":"has-post-thumbnail","6":"product_cat-allgemeine-luftfahrt","7":"product_cat-business-jet-de","8":"product_cat-luftfahrt","9":"product_cat-verkehrsflugzeuge","10":"product_tag-batteriebetriebenes-reservelicht-zur-ortung-von-uberlebenden-in-der-luftfahrt","11":"product_tag-led-rettungslicht","12":"product_tag-led-uberlebendenortungslicht-fur-die-luftfahrt","13":"product_tag-licht-zur-ortung-von-uberlebenden-in-der-luftfahrt","14":"product_tag-rettungslicht","15":"product_tag-rettungswestenlicht-fur-die-luftfahrt","16":"product_tag-uberlebenden-ortungslicht","17":"pa_aircraft-type-drehflugler","18":"pa_aircraft-type-einmotorig","19":"pa_aircraft-type-experimental-de","20":"pa_aircraft-type-grose-jets","21":"pa_aircraft-type-leichte-jets","22":"pa_aircraft-type-mehrmotorige","23":"pa_aircraft-type-mittelgrose-jets","24":"pa_aircraft-type-passagierflugzeug","25":"pa_aircraft-type-turboprop-de","26":"pa_aircraft-type-verkehrsflugzeuge","28":"first","29":"instock","30":"taxable","31":"shipping-taxable","32":"purchasable","33":"product-type-variable"},"acf":[],"_links":{"self":[{"href":"https:\/\/www.acrartex.com\/de\/wp-json\/wp\/v2\/product\/157969","targetHints":{"allow":["GET"]}}],"collection":[{"href":"https:\/\/www.acrartex.com\/de\/wp-json\/wp\/v2\/product"}],"about":[{"href":"https:\/\/www.acrartex.com\/de\/wp-json\/wp\/v2\/types\/product"}],"wp:featuredmedia":[{"embeddable":true,"href":"https:\/\/www.acrartex.com\/de\/wp-json\/wp\/v2\/media\/12512"}],"wp:attachment":[{"href":"https:\/\/www.acrartex.com\/de\/wp-json\/wp\/v2\/media?parent=157969"}],"wp:term":[{"taxonomy":"product_brand","embeddable":true,"href":"https:\/\/www.acrartex.com\/de\/wp-json\/wp\/v2\/product_brand?post=157969"},{"taxonomy":"product_cat","embeddable":true,"href":"https:\/\/www.acrartex.com\/de\/wp-json\/wp\/v2\/product_cat?post=157969"},{"taxonomy":"product_tag","embeddable":true,"href":"https:\/\/www.acrartex.com\/de\/wp-json\/wp\/v2\/product_tag?post=157969"}],"curies":[{"name":"wp","href":"https:\/\/api.w.org\/{rel}","templated":true}]}}