{"id":157960,"date":"2021-08-04T14:02:43","date_gmt":"2021-08-04T19:02:43","guid":{"rendered":"https:\/\/www.acrartex.com\/products\/aerofix-plb-200-201\/"},"modified":"2021-08-04T14:02:43","modified_gmt":"2021-08-04T19:02:43","slug":"aerofix-plb-200-201","status":"publish","type":"product","link":"https:\/\/www.acrartex.com\/de\/products\/aerofix-plb-200-201\/","title":{"rendered":"AeroFix ( PLB -200\/201)"},"content":{"rendered":"<p><span style=\"color: #3366ff;\"><strong>Dieses Produkt wurde eingestellt.<\/strong><\/span><\/p>\n<div>In der Luft passieren t\u00e4glich Unf\u00e4lle. Sind Sie vorbereitet, wenn die Situation immer schlimmer wird?<\/div>\n<div><\/div>\n<div>Warum tagelang gestrandet warten, bis Sie jemand findet? Mit dem AeroFix\u2122 406 GPS PLB haben Sie die Kontrolle. So k\u00f6nnen Sie aus einer lebensbedrohlichen Situation eine erfolgreiche Rettung machen. Einfach per Knopfdruck. Dank des integrierten GPS Empf\u00e4ngers (P\/N 2799.4NH) erfasst der AeroFix\u2122 Ihre GPS Position und \u00fcbertr\u00e4gt diese zusammen mit Ihrem pers\u00f6nlichen Identifikationscode \u00fcber die COSPAS-SARSAT-Satelliten. So werden die Rettungskr\u00e4fte sofort benachrichtigt, dass Sie Hilfe ben\u00f6tigen!   <\/div>\n<div><\/div>\n<div>Der aerofix\u2122 arbeitet schnell. Wenn im ersten Signalsto\u00df GPS Daten vorhanden sind, k\u00f6nnen die SAR-Kr\u00e4fte benachrichtigt werden und innerhalb von nur drei Minuten mit der Rettungsplanung beginnen. Verantwortungsbewusst handeln, vorbereitet sein, sicher sein. <\/div>\n","protected":false},"excerpt":{"rendered":"<p><span style=\"color: #3366ff;\"><strong>Dieses Produkt wurde eingestellt.<\/strong><\/span><\/p>\n<p>Der AeroFix\u2122 Personal Locator Beacon oder PLB sendet auf 406 MHz \u00fcber das COSPAS-SARSAT-Satellitensystem mit Ihrem registrierten, eindeutigen, digital codierten Notsignal und der lokalen SAR-Zielfrequenz von 121,5 MHz.<\/p>\n<p style=\"margin-left: 0in; margin-right: 0in;\">\n","protected":false},"featured_media":158048,"template":"","meta":{"_acf_changed":false,"om_disable_all_campaigns":false},"product_brand":[],"product_cat":[5687,5570],"product_tag":[13847,13890,13856,13867,13877,5576,13823,13807,13839,13831,13813,5698,6128,5694,5690,13747,13758],"class_list":{"0":"post-157960","1":"product","2":"type-product","3":"status-publish","4":"has-post-thumbnail","6":"product_cat-im-freien","7":"product_cat-luftfahrt","8":"product_tag-2799-de","9":"product_tag-27994nh-de","10":"product_tag-2799-2-de","11":"product_tag-2799-2nh-de","12":"product_tag-2799-4-de","13":"product_tag-406-de","14":"product_tag-aero-fix-de","15":"product_tag-aerofix-de","16":"product_tag-aerofix-e-a","17":"product_tag-aerofix-i-de","18":"product_tag-aerofix-plb-de","19":"product_tag-geographisches-positionierungs-system","20":"product_tag-notrufortung","21":"product_tag-personliches-ortungssignal","22":"product_tag-plb-de","23":"product_tag-plb-200-de","24":"product_tag-plb-201-de","25":"pa_product-vermachtnis","27":"first","28":"outofstock","29":"taxable","30":"shipping-taxable","31":"product-type-simple"},"acf":[],"_links":{"self":[{"href":"https:\/\/www.acrartex.com\/de\/wp-json\/wp\/v2\/product\/157960","targetHints":{"allow":["GET"]}}],"collection":[{"href":"https:\/\/www.acrartex.com\/de\/wp-json\/wp\/v2\/product"}],"about":[{"href":"https:\/\/www.acrartex.com\/de\/wp-json\/wp\/v2\/types\/product"}],"wp:featuredmedia":[{"embeddable":true,"href":"https:\/\/www.acrartex.com\/de\/wp-json\/wp\/v2\/media\/158048"}],"wp:attachment":[{"href":"https:\/\/www.acrartex.com\/de\/wp-json\/wp\/v2\/media?parent=157960"}],"wp:term":[{"taxonomy":"product_brand","embeddable":true,"href":"https:\/\/www.acrartex.com\/de\/wp-json\/wp\/v2\/product_brand?post=157960"},{"taxonomy":"product_cat","embeddable":true,"href":"https:\/\/www.acrartex.com\/de\/wp-json\/wp\/v2\/product_cat?post=157960"},{"taxonomy":"product_tag","embeddable":true,"href":"https:\/\/www.acrartex.com\/de\/wp-json\/wp\/v2\/product_tag?post=157960"}],"curies":[{"name":"wp","href":"https:\/\/api.w.org\/{rel}","templated":true}]}}