{"id":157889,"date":"2021-04-09T11:17:38","date_gmt":"2021-04-09T16:17:38","guid":{"rendered":"https:\/\/www.acrartex.com\/products\/wi-fi-fernbedienungsmodul\/"},"modified":"2021-04-09T11:17:38","modified_gmt":"2021-04-09T16:17:38","slug":"wi-fi-fernbedienungsmodul","status":"publish","type":"product","link":"https:\/\/www.acrartex.com\/de\/products\/wi-fi-fernbedienungsmodul\/","title":{"rendered":"Wi-Fi-Fernbedienungsmodul"},"content":{"rendered":"<p>Zur Steuerung und Bedienung des Wi-Fi-Moduls ben\u00f6tigen Sie:<\/p>\n<ul>\n<li>Geeignetes iOS- oder Android-Smartphone oder -Tablet<\/li>\n<li>Externes GPS , wenn Sie Positionsdaten auf einem iPad nur mit WLAN oder einem anderen Mobilger\u00e4t ohne internes GPS anzeigen m\u00f6chten<\/li>\n<\/ul>\n<p>Das WLAN-Modul verf\u00fcgt \u00fcber ein integriertes Strom-\/Datenkabel mit vier Adern. Die Funktion der einzelnen Adern ist auf dem Produktetikett angegeben. Das WLAN-Modul verf\u00fcgt \u00fcber einen NMEA0183-Eingang, \u00fcber den ein externes GPS Positionsdaten zur Anzeige in der ACR Searchlight App bereitstellen kann. Dies ist besonders n\u00fctzlich, wenn das Mobilger\u00e4t kein internes GPS besitzt, wie z. B. ein iPad mit reinem WLAN. Ist kein externes GPS angeschlossen, verwendet die App automatisch das interne GPS des Mobilger\u00e4ts. Ist dieses nicht verf\u00fcgbar, wird in der ACR Searchlight App keine Position angezeigt.    <\/p>\n<p>&nbsp;<\/p>\n<h3>Anweisungen zur Installation der mobilen App:<\/h3>\n<p><em><strong>iOS \u2013 Besuchen Sie den Apple App Store, suchen Sie nach \u201e ACR Searchlight\u201c und laden Sie die kostenlose App herunter<\/strong><\/em><\/p>\n<p><em><strong>Android \u2013 Wie im Screenshot unten gezeigt, \u00f6ffnen Sie die Einstellungen f\u00fcr \u201eSperrbildschirm und Sicherheit\u201c auf Ihrem Mobilger\u00e4t, mit dem Sie Ihren Suchscheinwerfer steuern m\u00f6chten. W\u00e4hlen Sie die Option \u201eApps aus unbekannten Quellen zulassen\u201c und klicken Sie auf \u201eOK\u201c. <a href=\"https:\/\/www.dropbox.com\/scl\/fi\/7vf72mbbatofnee3bw3mx\/ACR_searchlight_release.apk?rlkey=codcu1zvl5yhy7bryqn29e8pv&amp;dl=1\">Klicken Sie anschlie\u00dfend hier<\/a> , um die ACR Searchlight-App auf Ihrem Ger\u00e4t zu installieren. <\/strong><\/em><\/p>\n<p><a href=\"https:\/\/www.acrartex.com\/wp-content\/uploads\/2021\/03\/Android-Searchlight-App_Download-Instructions.png\"><img loading=\"lazy\" decoding=\"async\" class=\" wp-image-83080 aligncenter\" src=\"https:\/\/www.acrartex.com\/wp-content\/uploads\/2021\/03\/Android-Searchlight-App_Download-Instructions-300x265.png\" alt=\"\" width=\"317\" height=\"280\" srcset=\"https:\/\/www.acrartex.com\/wp-content\/uploads\/2021\/03\/Android-Searchlight-App_Download-Instructions-300x265.png 300w, https:\/\/www.acrartex.com\/wp-content\/uploads\/2021\/03\/Android-Searchlight-App_Download-Instructions.png 446w\" sizes=\"auto, (max-width: 317px) 100vw, 317px\" \/><\/a><\/p>\n<p>&nbsp;<\/p>\n<p>&nbsp;<\/p>\n","protected":false},"excerpt":{"rendered":"<p>Dieses WLAN-Fernbedienungsmodul bietet Ihnen die Flexibilit\u00e4t, Ihr RCL -100LED und RCL -100D direkt von Ihrem Mobiltelefon aus zu steuern.<\/p>\n<p><strong>Hinweis: Die ACR Searchlight App ist f\u00fcr iOS und Android verf\u00fcgbar. Anweisungen zur Installation der App auf Ihrem Mobilger\u00e4t finden Sie unten unter \u201eBeschreibung\u201c. <\/strong><\/p>\n<p>&nbsp;<\/p>\n<p><a href=\"https:\/\/www.dropbox.com\/s\/ezakylsa2478sav\/Prop%2065%20-%20DINP%20and%20BPA.pdf?dl=0\">WARNUNG: PROP 65<\/a><\/p>\n<p>&nbsp;<\/p>\n<p><span style=\"color: #e74c3c;\">CODE: <strong>SHIPFREE20<\/strong> Kostenloser Versand auf dem Landweg bei Bestellungen \u00fcber 30 US-Dollar. Ausgenommen HI und AK <\/span><\/p>\n<p>&nbsp;<\/p>\n","protected":false},"featured_media":157986,"template":"","meta":{"_acf_changed":false,"om_disable_all_campaigns":false},"product_brand":[],"product_cat":[6024,6023,5636,7189,6025],"product_tag":[13812,13821,7321,13798,13789,13779,7195,7199,7207,13806],"class_list":{"0":"post-157889","1":"product","2":"type-product","3":"status-publish","4":"has-post-thumbnail","6":"product_cat-in-kustennahe","7":"product_cat-inland-de","8":"product_cat-marine-de","9":"product_cat-suchscheinwerfer-de","10":"product_cat-vor-der-kuste","11":"product_tag-9602-de","12":"product_tag-acr-100-d-de","13":"product_tag-acr-rcl-100-led-de","14":"product_tag-acr-suchscheinwerfer-de-2","15":"product_tag-marine-suchscheinwerfer-de-2","16":"product_tag-militar","17":"product_tag-suchscheinwerfer-de","18":"product_tag-suchscheinwerfer-fur-boote","19":"product_tag-suchscheinwerferfirma","20":"product_tag-wlan-steuermodul","21":"pa_boat-size-21-40-de","22":"pa_boat-size-40-80-de","23":"pa_product-vermachtnis","25":"first","26":"instock","27":"taxable","28":"shipping-taxable","29":"product-type-simple"},"acf":[],"_links":{"self":[{"href":"https:\/\/www.acrartex.com\/de\/wp-json\/wp\/v2\/product\/157889","targetHints":{"allow":["GET"]}}],"collection":[{"href":"https:\/\/www.acrartex.com\/de\/wp-json\/wp\/v2\/product"}],"about":[{"href":"https:\/\/www.acrartex.com\/de\/wp-json\/wp\/v2\/types\/product"}],"wp:featuredmedia":[{"embeddable":true,"href":"https:\/\/www.acrartex.com\/de\/wp-json\/wp\/v2\/media\/157986"}],"wp:attachment":[{"href":"https:\/\/www.acrartex.com\/de\/wp-json\/wp\/v2\/media?parent=157889"}],"wp:term":[{"taxonomy":"product_brand","embeddable":true,"href":"https:\/\/www.acrartex.com\/de\/wp-json\/wp\/v2\/product_brand?post=157889"},{"taxonomy":"product_cat","embeddable":true,"href":"https:\/\/www.acrartex.com\/de\/wp-json\/wp\/v2\/product_cat?post=157889"},{"taxonomy":"product_tag","embeddable":true,"href":"https:\/\/www.acrartex.com\/de\/wp-json\/wp\/v2\/product_tag?post=157889"}],"curies":[{"name":"wp","href":"https:\/\/api.w.org\/{rel}","templated":true}]}}