{"id":157782,"date":"2021-08-04T13:32:16","date_gmt":"2021-08-04T18:32:16","guid":{"rendered":"https:\/\/www.acrartex.com\/products\/aquafix-plb-200-201\/"},"modified":"2021-08-04T13:32:16","modified_gmt":"2021-08-04T18:32:16","slug":"aquafix-plb-200-201","status":"publish","type":"product","link":"https:\/\/www.acrartex.com\/de\/products\/aquafix-plb-200-201\/","title":{"rendered":"AquaFix ( PLB -200\/201)"},"content":{"rendered":"<p><a href=\"https:\/\/www.acrartex.com\/fr\/products\/personal-locator-beacon-resqlink-400\/\"><span style=\"color: #3366ff;\"><strong>Dieses Produkt wurde aktualisiert.<\/strong><\/span><\/a><\/p>\n<div>Auf dem Wasser passieren t\u00e4glich Unf\u00e4lle, sei es durch Bootsuntergang, einen Mann \u00fcber Bord oder einen Sturm, der das Boot fahrunt\u00fcchtig macht. Auf dem Wasser kann ein allt\u00e4glicher Unfall sofort lebensbedrohlich werden, wenn man nicht vorbereitet ist. <\/div>\n<div><\/div>\n<div>Warum tagelang gestrandet warten, bis Sie jemand findet? Mit dem AquaFix\u2122 406 GPS PLB haben Sie die Macht in der Hand. So k\u00f6nnen Sie aus einer lebensbedrohlichen Situation eine erfolgreiche Rettung machen. Es ist ganz einfach: Ein Knopfdruck gen\u00fcgt. Dank des integrierten GPS Empf\u00e4ngers (P\/N 2797.4NH) erfasst der AquaFix\u2122 Ihre GPS Position und \u00fcbertr\u00e4gt sie zusammen mit Ihrem pers\u00f6nlichen Identifikationscode \u00fcber die COSPAS-SARSAT-Satelliten. So werden die Rettungskr\u00e4fte sofort benachrichtigt, dass Sie Hilfe ben\u00f6tigen!   <\/div>\n<div><\/div>\n<div>AquaFix\u2122 arbeitet schnell. Wenn im ersten Signalsto\u00df GPS Daten vorhanden sind, k\u00f6nnen die SAR-Kr\u00e4fte benachrichtigt werden und innerhalb von nur drei Minuten mit der Rettungsplanung beginnen. Verantwortungsbewusst handeln, vorbereitet sein, sicher sein. <\/div>\n","protected":false},"excerpt":{"rendered":"<p><span style=\"color: #3366ff;\"><strong>Dieses Produkt wurde aktualisiert. <a href=\"https:\/\/www.acrartex.com\/products\/resqlink-400\/\">Klicken Sie hier<\/a> f\u00fcr verf\u00fcgbare Upgrades<\/strong><\/span><\/p>\n<p> Der AquaFix\u2122 Personal Locator Beacon oder PLB sendet auf 406 MHz \u00fcber das COSPAS-SARSAT-Satellitensystem mit Ihrem registrierten, eindeutigen, digital codierten Notsignal und der lokalen SAR-Zielfrequenz von 121,5 MHz.<\/p>\n<p style=\"margin-left: 0in; margin-right: 0in;\">\n","protected":false},"featured_media":157966,"template":"","meta":{"_acf_changed":false,"om_disable_all_campaigns":false},"product_brand":[],"product_cat":[5687,5636],"product_tag":[13766,13774,13784,13793,13801,5576,5706,13726,13719,13732,13740,5698,6128,5694,5690,13747,13758,5709],"class_list":{"0":"post-157782","1":"product","2":"type-product","3":"status-publish","4":"has-post-thumbnail","6":"product_cat-im-freien","7":"product_cat-marine-de","8":"product_tag-2797-de","9":"product_tag-2797-2-de","10":"product_tag-2797-2nh-de","11":"product_tag-2797-4-de","12":"product_tag-2797-4nh-de","13":"product_tag-406-de","14":"product_tag-aqua-de","15":"product_tag-aqua-fix-de","16":"product_tag-aquafix-de","17":"product_tag-aquafix-i-de","18":"product_tag-aquafix-i-o-de","19":"product_tag-geographisches-positionierungs-system","20":"product_tag-notrufortung","21":"product_tag-personliches-ortungssignal","22":"product_tag-plb-de","23":"product_tag-plb-200-de","24":"product_tag-plb-201-de","25":"product_tag-wasser","26":"pa_product-vermachtnis","28":"first","29":"outofstock","30":"taxable","31":"shipping-taxable","32":"product-type-simple"},"acf":[],"_links":{"self":[{"href":"https:\/\/www.acrartex.com\/de\/wp-json\/wp\/v2\/product\/157782","targetHints":{"allow":["GET"]}}],"collection":[{"href":"https:\/\/www.acrartex.com\/de\/wp-json\/wp\/v2\/product"}],"about":[{"href":"https:\/\/www.acrartex.com\/de\/wp-json\/wp\/v2\/types\/product"}],"wp:featuredmedia":[{"embeddable":true,"href":"https:\/\/www.acrartex.com\/de\/wp-json\/wp\/v2\/media\/157966"}],"wp:attachment":[{"href":"https:\/\/www.acrartex.com\/de\/wp-json\/wp\/v2\/media?parent=157782"}],"wp:term":[{"taxonomy":"product_brand","embeddable":true,"href":"https:\/\/www.acrartex.com\/de\/wp-json\/wp\/v2\/product_brand?post=157782"},{"taxonomy":"product_cat","embeddable":true,"href":"https:\/\/www.acrartex.com\/de\/wp-json\/wp\/v2\/product_cat?post=157782"},{"taxonomy":"product_tag","embeddable":true,"href":"https:\/\/www.acrartex.com\/de\/wp-json\/wp\/v2\/product_tag?post=157782"}],"curies":[{"name":"wp","href":"https:\/\/api.w.org\/{rel}","templated":true}]}}