{"id":157572,"date":"2021-06-21T15:30:55","date_gmt":"2021-06-21T20:30:55","guid":{"rendered":"https:\/\/www.acrartex.com\/products\/bivy-satellitenkommunikator\/"},"modified":"2026-03-06T09:37:15","modified_gmt":"2026-03-06T14:37:15","slug":"bivy-satellitenkommunikator","status":"publish","type":"product","link":"https:\/\/www.acrartex.com\/de\/products\/bivy-satellitenkommunikator\/","title":{"rendered":"Bivy \u2013 Satellitenkommunikator"},"content":{"rendered":"<p><span style=\"font-weight: 400;\">Bleiben Sie \u00fcberall auf der Welt verbunden und sicher mit dem<\/span> <b>Bivy Stick<\/b> <span style=\"font-weight: 400;\">\u2013 einem kompakten, leistungsstarken Ger\u00e4t, das Ihr Smartphone in einen<\/span> <b>globalen Satellitenkommunikator<\/b> verwandelt<span style=\"font-weight: 400;\">. Angetrieben durch die  <\/span><b>Dank des Iridium-Satellitennetzwerks<\/b> <span style=\"font-weight: 400;\">gew\u00e4hrleistet der Bivy Stick<\/span> <b>eine 100-prozentige globale Abdeckung<\/b> <span style=\"font-weight: 400;\">, selbst in den entlegensten und rauesten Umgebungen.<\/span><\/p>\n<p><span style=\"font-weight: 400;\">Der Bivy Stick wurde f\u00fcr Abenteurer, Entdecker und zur Notfallvorsorge entwickelt und erm\u00f6glicht<\/span> <b>bidirektionale Satellitennachrichten<\/b> <span style=\"font-weight: 400;\">,<\/span> <b>die gemeinsame Nutzung GPS Standorts<\/b> <span style=\"font-weight: 400;\">und<\/span> <b>Wetteraktualisierungen<\/b><span style=\"font-weight: 400;\">\u2013 alles zug\u00e4nglich \u00fcber die Bivy -App auf iOS oder Android. Seine einzigartige   <\/span><b>Mit der GroupTrack\u2122-Funktion<\/b> <span style=\"font-weight: 400;\">k\u00f6nnen Sie bis zu<\/span> <b>12 Bivy Stick-Benutzer<\/b> <span style=\"font-weight: 400;\">gleichzeitig benachrichtigen und verfolgen. So k\u00f6nnen Teams, Guides und Familien problemlos in Verbindung bleiben und auf einer gemeinsamen Gruppenkarte sichtbar sein.<\/span><\/p>\n<p><span style=\"font-weight: 400;\">Im Notfall dr\u00fccken Sie einfach die spezielle<\/span> <b>SOS-Taste,<\/b> um <b>Global Rescue<\/b> <span style=\"font-weight: 400;\">sofort zu alarmieren<\/span> <span style=\"font-weight: 400;\">und haben so<\/span> <b>rund um die Uhr Zugriff auf die Notdienste.<\/b><span style=\"font-weight: 400;\">\u2013 \u00fcberall auf der Welt. Egal, ob Sie Offline-Karten herunterladen, unbekannte Wege erkunden oder sich bei Ihren Lieben melden \u2013 der Bivy Stick sorgt f\u00fcr Sicherheit und wichtige Kommunikation, wenn es darauf ankommt. <\/span><\/p>\n<p><b>Rolle der Bivy -App<\/b><\/p>\n<p><span style=\"font-weight: 400;\">Entdecke \u00fcber<\/span> <b>50.000 Outdoor-Abenteuer<\/b><span style=\"font-weight: 400;\">  mit der Bivy App \u2013 Ihrem All-in-One-Tool f\u00fcr die Erkundung der Wildnis. Egal, ob Sie wandern, Rad fahren, paddeln, klettern oder eine der anderen Aktivit\u00e4ten der App m\u00f6gen   <\/span><b>Mit 20 unterst\u00fctzten Abenteuertypen<\/b> <span style=\"font-weight: 400;\">hilft Ihnen Bivy , den perfekten Ort zu finden und ihn sicher zu navigieren.<\/span><\/p>\n<p><span style=\"font-weight: 400;\">Verfolgen Sie Ihr<\/span> <b>Tempo, Ihre Kilometerzahl und Ihre H\u00f6he<\/b><span style=\"font-weight: 400;\">und mehr, w\u00e4hrend Sie erkunden, und protokollieren Sie jede Reise, um eine pers\u00f6nliche Aufzeichnung Ihrer Abenteuer zu f\u00fchren. Mit Zugriff auf   <\/span><b>Dank detaillierter globaler Offline-Karten<\/b> <span style=\"font-weight: 400;\">wissen Sie auch ohne Mobilfunkempfang immer genau, wo Sie sich befinden.<\/span><\/p>\n<p>In Verbindung mit <b>Bivy Stick<\/b> <span style=\"font-weight: 400;\">von ACR<\/span> <span style=\"font-weight: 400;\">vereint die Bivy -App Navigation, Reiseverfolgung und<\/span> <b>zuverl\u00e4ssige Satellitenkommunikation<\/b> <span style=\"font-weight: 400;\">und bietet so<\/span> <b>erschwingliche Sicherheit und Seelenfrieden<\/b> <span style=\"font-weight: 400;\">f\u00fcr alle, vom Wochenendforscher bis zum erfahrenen Profi.<\/span><\/p>\n<p><b>Funktionen und Vorteile:<\/b><\/p>\n<ul>\n<li><b>Zuverl\u00e4ssiges 2-Wege-Messaging<\/b> <span style=\"font-weight: 400;\">:<\/span> <span style=\"font-weight: 400;\">Bleiben Sie auch au\u00dferhalb des Mobilfunknetzes mit 2-Wege-Textnachrichten \u00fcber das globale Iridium\u00ae-Satellitennetzwerk in Verbindung.<\/span><\/li>\n<li><b>Dedizierte Telefonnummer und E-Mail<\/b> <span style=\"font-weight: 400;\">: Senden Sie Nachrichten mit Ihrer eigenen Telefonnummer und E-Mail f\u00fcr eine reibungslose Kommunikation.<\/span><span style=\"font-weight: 400;\"><br \/>\n<\/span><\/li>\n<li><b>Gruppennachrichten und -verfolgung mit GroupTrack\u2122<\/b> <span style=\"font-weight: 400;\">:<\/span> <span style=\"font-weight: 400;\">  Kommunizieren und teilen Sie Standorte mit bis zu 12 Bivy Stick-Nutzern. Freunde und Familie k\u00f6nnen Ihre Reise verfolgen und \u00fcber eine gemeinsame Webseite an Gruppenchats teilnehmen. <\/span><\/li>\n<li><b>Unbegrenzte benutzerdefinierte Check-Ins<\/b><span style=\"font-weight: 400;\">: Senden Sie GPS Check-in-Nachrichten mit Ihrem genauen Standort. Unbegrenzte Check-ins sind im Abonnement enthalten.* <\/span><span style=\"font-weight: 400;\"><br \/>\n<\/span><\/li>\n<li><b>Echtzeit-Tracking und Standortfreigabe<\/b> <span style=\"font-weight: 400;\">: Auf der Webseite \u201eStandortfreigabe\u201c werden Ihr Check-in-Verlauf, der Nachrichtenverlauf mit Antworten und freigegebene Tracks angezeigt \u2013 alles an einem Ort.<\/span><span style=\"font-weight: 400;\"><br \/>\n<\/span><\/li>\n<li><b>24\/7 SOS-\u00dcberwachung durch Global Rescue\u2122<\/b> <span style=\"font-weight: 400;\">:<\/span> <span style=\"font-weight: 400;\">Aktivieren Sie Notfallalarme \u00fcber die SOS-Taste der App oder des Ger\u00e4ts. Kommunizieren Sie direkt mit dem Notdienst und deaktivieren Sie SOS-Alarme \u00fcber das Ger\u00e4t oder die App. <\/span><\/li>\n<li><b>Erweiterte Navigations- und Abenteuertools<\/b> <span style=\"font-weight: 400;\">:<\/span> <span style=\"font-weight: 400;\">Laden Sie Offline-Karten herunter und erkunden Sie Tausende von von der Community eingereichten Abenteuern, darunter Wanderwege, Klettertouren und Wasserwege.<\/span><\/li>\n<li><b>Robustes und wasserdichtes Design<\/b> <span style=\"font-weight: 400;\">:<\/span> <span style=\"font-weight: 400;\">Mit IPX7-Einstufung<\/span><\/li>\n<li><b>GoPro-kompatibel<\/b> <span style=\"font-weight: 400;\">: Vollst\u00e4ndig kompatibel mit GoPro-Halterungen und enth\u00e4lt einen GoPro-Zubeh\u00f6radapter f\u00fcr eine einfache Integration.<\/span><\/li>\n<li><b>Komplettes Kit enthalten \u2013<\/b> <span style=\"font-weight: 400;\">Wird mit einem USB-C-Ladekabel, Karabiner, Trageband, Kurzanleitung und GoPro-Adapter geliefert \u2013 alles, was Sie f\u00fcr den Einstieg brauchen.<\/span><\/li>\n<li><b>Hergestellt in den USA \u2013<\/b> <span style=\"font-weight: 400;\">F\u00fcr ein beruhigendes Gef\u00fchl gibt es eine 1-j\u00e4hrige Herstellergarantie.<\/span><\/li>\n<li>* <a href=\"https:\/\/bivystick.com\/plans\/\" data-cke-saved-href=\"https:\/\/www.bivy.com\/data-plans\">Monatliches Abonnement erforderlich<\/a> . N\u00e4here Informationen finden Sie auf der Website des Herstellers.<\/li>\n<\/ul>\n<p>&nbsp;<\/p>\n<p>Notfall-SOS. Aktiviert in der App oder \u00fcber die Ger\u00e4tetaste. Bereitgestellt von GlobalRescue\u2122 <\/p>\n<p><a href=\"https:\/\/www.acrartex.com\/wp-content\/uploads\/2021\/06\/ProductOverview.png\"><img loading=\"lazy\" decoding=\"async\" class=\"alignnone size-medium wp-image-37736\" src=\"https:\/\/www.acrartex.com\/wp-content\/uploads\/2021\/06\/ProductOverview-300x300.png\" alt=\"\" width=\"300\" height=\"300\" srcset=\"https:\/\/www.acrartex.com\/wp-content\/uploads\/2021\/06\/ProductOverview-300x300.png 300w, https:\/\/www.acrartex.com\/wp-content\/uploads\/2021\/06\/ProductOverview-1024x1024.png 1024w, https:\/\/www.acrartex.com\/wp-content\/uploads\/2021\/06\/ProductOverview-150x150.png 150w, https:\/\/www.acrartex.com\/wp-content\/uploads\/2021\/06\/ProductOverview-768x768.png 768w, https:\/\/www.acrartex.com\/wp-content\/uploads\/2021\/06\/ProductOverview-1536x1536.png 1536w, https:\/\/www.acrartex.com\/wp-content\/uploads\/2021\/06\/ProductOverview-600x600.png 600w, https:\/\/www.acrartex.com\/wp-content\/uploads\/2021\/06\/ProductOverview-100x100.png 100w, https:\/\/www.acrartex.com\/wp-content\/uploads\/2021\/06\/ProductOverview.png 1601w\" sizes=\"auto, (max-width: 300px) 100vw, 300px\" \/><\/a> <a href=\"https:\/\/www.acrartex.com\/wp-content\/uploads\/2021\/06\/2_ProductOverview-04.png\"><img loading=\"lazy\" decoding=\"async\" class=\"alignnone size-medium wp-image-37732\" src=\"https:\/\/www.acrartex.com\/wp-content\/uploads\/2021\/06\/2_ProductOverview-04-300x300.png\" alt=\"\" width=\"300\" height=\"300\" srcset=\"https:\/\/www.acrartex.com\/wp-content\/uploads\/2021\/06\/2_ProductOverview-04-300x300.png 300w, https:\/\/www.acrartex.com\/wp-content\/uploads\/2021\/06\/2_ProductOverview-04-1024x1024.png 1024w, https:\/\/www.acrartex.com\/wp-content\/uploads\/2021\/06\/2_ProductOverview-04-150x150.png 150w, https:\/\/www.acrartex.com\/wp-content\/uploads\/2021\/06\/2_ProductOverview-04-768x768.png 768w, https:\/\/www.acrartex.com\/wp-content\/uploads\/2021\/06\/2_ProductOverview-04-1536x1536.png 1536w, https:\/\/www.acrartex.com\/wp-content\/uploads\/2021\/06\/2_ProductOverview-04-2048x2048.png 2048w, https:\/\/www.acrartex.com\/wp-content\/uploads\/2021\/06\/2_ProductOverview-04-600x600.png 600w, https:\/\/www.acrartex.com\/wp-content\/uploads\/2021\/06\/2_ProductOverview-04-100x100.png 100w\" sizes=\"auto, (max-width: 300px) 100vw, 300px\" \/><\/a> <a href=\"https:\/\/www.acrartex.com\/wp-content\/uploads\/2021\/06\/SOS.png\"><img loading=\"lazy\" decoding=\"async\" class=\"alignnone size-medium wp-image-37734\" src=\"https:\/\/www.acrartex.com\/wp-content\/uploads\/2021\/06\/SOS-300x300.png\" alt=\"\" width=\"300\" height=\"300\" srcset=\"https:\/\/www.acrartex.com\/wp-content\/uploads\/2021\/06\/SOS-300x300.png 300w, https:\/\/www.acrartex.com\/wp-content\/uploads\/2021\/06\/SOS-1024x1024.png 1024w, https:\/\/www.acrartex.com\/wp-content\/uploads\/2021\/06\/SOS-150x150.png 150w, https:\/\/www.acrartex.com\/wp-content\/uploads\/2021\/06\/SOS-768x768.png 768w, https:\/\/www.acrartex.com\/wp-content\/uploads\/2021\/06\/SOS-1536x1536.png 1536w, https:\/\/www.acrartex.com\/wp-content\/uploads\/2021\/06\/SOS-600x600.png 600w, https:\/\/www.acrartex.com\/wp-content\/uploads\/2021\/06\/SOS-100x100.png 100w, https:\/\/www.acrartex.com\/wp-content\/uploads\/2021\/06\/SOS.png 1601w\" sizes=\"auto, (max-width: 300px) 100vw, 300px\" \/><\/a><a href=\"https:\/\/www.acrartex.com\/wp-content\/uploads\/2021\/06\/2_ProductOverview-06.png\"><img loading=\"lazy\" decoding=\"async\" class=\"alignnone size-medium wp-image-37733\" src=\"https:\/\/www.acrartex.com\/wp-content\/uploads\/2021\/06\/2_ProductOverview-06-300x300.png\" alt=\"\" width=\"300\" height=\"300\" srcset=\"https:\/\/www.acrartex.com\/wp-content\/uploads\/2021\/06\/2_ProductOverview-06-300x300.png 300w, https:\/\/www.acrartex.com\/wp-content\/uploads\/2021\/06\/2_ProductOverview-06-1024x1024.png 1024w, https:\/\/www.acrartex.com\/wp-content\/uploads\/2021\/06\/2_ProductOverview-06-150x150.png 150w, https:\/\/www.acrartex.com\/wp-content\/uploads\/2021\/06\/2_ProductOverview-06-768x768.png 768w, https:\/\/www.acrartex.com\/wp-content\/uploads\/2021\/06\/2_ProductOverview-06-1536x1536.png 1536w, https:\/\/www.acrartex.com\/wp-content\/uploads\/2021\/06\/2_ProductOverview-06-2048x2048.png 2048w, https:\/\/www.acrartex.com\/wp-content\/uploads\/2021\/06\/2_ProductOverview-06-600x600.png 600w, https:\/\/www.acrartex.com\/wp-content\/uploads\/2021\/06\/2_ProductOverview-06-100x100.png 100w\" sizes=\"auto, (max-width: 300px) 100vw, 300px\" \/><\/a><\/p>\n<p>&nbsp;<\/p>\n<p>&nbsp;<\/p>\n<p>&nbsp;<\/p>\n","protected":false},"excerpt":{"rendered":"<p><span style=\"font-weight: 400;\">Genie\u00dfen Sie mit Bivy Stick einen zuverl\u00e4ssigen<\/span> <b>2-Wege-Satellitenkommunikator<\/b> <span style=\"font-weight: 400;\">,<\/span> <b>Gruppennachrichten<\/b> <span style=\"font-weight: 400;\">,<\/span> <b>SOS-Support rund um die Uhr<\/b> <span style=\"font-weight: 400;\">,<\/span> <b>GPS -Tracking<\/b> <span style=\"font-weight: 400;\">und<\/span> <b>Standortfreigabe<\/b> <span style=\"font-weight: 400;\">\u2013 alles in einem<\/span> <b>kompakten<\/b> <span style=\"font-weight: 400;\">und<\/span> <b>leichten Ger\u00e4t<\/b><span style=\"font-weight: 400;\">  Ger\u00e4t. Es gibt Ihnen die   <\/span><b>Freiheit der netzunabh\u00e4ngigen Kommunikation<\/b> <span style=\"font-weight: 400;\">zum<\/span> <b>g\u00fcnstigsten Preis auf dem Markt<\/b> <span style=\"font-weight: 400;\">.<\/span><\/p>\n<p>Bleiben Sie in Verbindung, auch wenn kein Mobilfunkempfang besteht.<\/p>\n<h4><\/h4>\n<h4><span style=\"color: #ff0000;\"><strong>Mit Stolz in den USA hergestellt!<\/strong><\/span><\/h4>\n<p><strong><a href=\"https:\/\/bivystick.com\/bivy-go-plan\/\">Entdecken Sie Bivy Go Plan<\/a><\/strong><\/p>\n<p>&nbsp;<\/p>\n<p><a href=\"https:\/\/www.dropbox.com\/s\/0ezw0kexbm120vv\/Prop%2065%20-%20Lead%20and%20Lead%20Compounds.pdf?dl=0\">WARNUNG: PROP 65<\/a><\/p>\n<p>&nbsp;<\/p>\n","protected":false},"featured_media":157586,"template":"","meta":{"_acf_changed":false,"om_disable_all_campaigns":false},"product_brand":[],"product_cat":[16207,5687,5636],"product_tag":[13010,13279,13011,13006,13007,13012,13275,13017,16185,12396,13013,13008,13015,13014,13016,13009],"class_list":{"0":"post-157572","1":"product","2":"type-product","3":"status-publish","4":"has-post-thumbnail","6":"product_cat-biwaksack-popup","7":"product_cat-im-freien","8":"product_cat-marine-de","9":"product_tag-2-wege-kommunikation","10":"product_tag-4601-de","11":"product_tag-acr-bivy-de","12":"product_tag-bivy-de","13":"product_tag-bivy-de-2","14":"product_tag-bivy-app-de","15":"product_tag-bivy-blau","16":"product_tag-bivy-gegen-plb","17":"product_tag-biwaksack-aus-netzgewebe","18":"product_tag-bluetooth-de","19":"product_tag-globale-rettung","20":"product_tag-iridium-de","21":"product_tag-kleinster-satellitenkommunikator","22":"product_tag-mini-de","23":"product_tag-satelliten-gps-tracking","24":"product_tag-sendungsverfolgung","25":"pa_activity-angeln","26":"pa_activity-camping-de","27":"pa_activity-fahrrad","28":"pa_activity-gelandewagen-4x4","29":"pa_activity-klettern","30":"pa_activity-paddelsport","31":"pa_activity-querfeldein","32":"pa_activity-schneemobil","33":"pa_activity-ski-snowboard","34":"pa_activity-wandern","35":"pa_boat-type-charteryacht-de","36":"pa_boat-type-frachtschiff","37":"pa_boat-type-kommerzielle-fischerei","38":"pa_boat-type-motorboot","39":"pa_boat-type-schlepper","40":"pa_boat-type-segelboot","41":"pa_boat-type-sportcraft-de","42":"pa_boat-type-yacht-de","43":"pa_terrain-flusse-feuchtgebiete-seen-de","44":"pa_terrain-hugel-berg","45":"pa_terrain-tundra-de-2","46":"pa_terrain-wald-dschungel","48":"first","49":"onbackorder","50":"taxable","51":"shipping-taxable","52":"purchasable","53":"product-type-simple"},"acf":[],"_links":{"self":[{"href":"https:\/\/www.acrartex.com\/de\/wp-json\/wp\/v2\/product\/157572","targetHints":{"allow":["GET"]}}],"collection":[{"href":"https:\/\/www.acrartex.com\/de\/wp-json\/wp\/v2\/product"}],"about":[{"href":"https:\/\/www.acrartex.com\/de\/wp-json\/wp\/v2\/types\/product"}],"wp:featuredmedia":[{"embeddable":true,"href":"https:\/\/www.acrartex.com\/de\/wp-json\/wp\/v2\/media\/157586"}],"wp:attachment":[{"href":"https:\/\/www.acrartex.com\/de\/wp-json\/wp\/v2\/media?parent=157572"}],"wp:term":[{"taxonomy":"product_brand","embeddable":true,"href":"https:\/\/www.acrartex.com\/de\/wp-json\/wp\/v2\/product_brand?post=157572"},{"taxonomy":"product_cat","embeddable":true,"href":"https:\/\/www.acrartex.com\/de\/wp-json\/wp\/v2\/product_cat?post=157572"},{"taxonomy":"product_tag","embeddable":true,"href":"https:\/\/www.acrartex.com\/de\/wp-json\/wp\/v2\/product_tag?post=157572"}],"curies":[{"name":"wp","href":"https:\/\/api.w.org\/{rel}","templated":true}]}}