{"id":157448,"date":"2021-08-04T16:32:27","date_gmt":"2021-08-04T21:32:27","guid":{"rendered":"https:\/\/www.acrartex.com\/products\/microfix-plb-300-personal-locator-beacon\/"},"modified":"2021-08-04T16:32:27","modified_gmt":"2021-08-04T21:32:27","slug":"microfix-plb-300-personal-locator-beacon","status":"publish","type":"product","link":"https:\/\/www.acrartex.com\/de\/products\/microfix-plb-300-personal-locator-beacon\/","title":{"rendered":"MicroFix\u2122 PLB -300 Personal Locator Beacon"},"content":{"rendered":"<p><a href=\"https:\/\/www.acrartex.com\/de\/produkt-kategorie\/im-freien\/\"><em><strong>Die Herstellung dieses Produkts wurde eingestellt.  <\/strong><\/em><\/a><\/p>\n<p>Sendet auf 406 MHz \u00fcber das COSPAS-SARSAT-Satellitensystem mit Ihrem registrierten, einzigartigen, digital codierten Notsignal und 121,5 MHz (SAR-Homing-Frequenz).<\/p>\n<p>Das integrierte parallele 16-Kanal GPS erfasst und \u00fcbertr\u00e4gt LAT\/LON, wenn das Ger\u00e4t aktiviert wird. Dadurch wird wertvolle Zeit gespart, bis Ihre Notmeldung die \u00f6rtlichen Rettungszentren erreicht, und die Rettungsdienste erfahren Ihre genaue Position auf 100 Meter genau.<\/p>\n<p>L\u00e4sst sich leicht in einem Rucksack oder einer Tasche tragen; klein genug, um von Skifahrern, Wanderern, J\u00e4gern, Kajakfahrern, Kletterern, Piloten, Schneemobilfahrern oder anderen Outdoor-Enthusiasten getragen zu werden.<\/p>\n","protected":false},"excerpt":{"rendered":"<p><em><strong><a href=\"https:\/\/www.acrartex.com\/product-category\/outdoor\/\">Die Herstellung dieses Produkts wurde eingestellt. <\/a>  <\/strong><\/em><\/p>\n<p>Unf\u00e4lle passieren t\u00e4glich, egal ob Sie auf einer Mission in Gefahr sind, in abgelegenen Gebieten arbeiten oder einfach nur in der Natur campen oder jagen. In der freien Natur kann ein allt\u00e4glicher Unfall sofort lebensbedrohlich werden, und Rettungsaktionen k\u00f6nnen Tage oder Wochen dauern, wenn Sie nicht vorbereitet sind. <\/p>\n<p>Mit dem MicroFix 406 Personal Locator Beacon ( PLB ) haben Sie die Macht in der Hand. So k\u00f6nnen Sie aus einer lebensbedrohlichen Situation eine erfolgreiche Rettung machen. Einfach per Knopfdruck. Dank integriertem GPS erfasst der MicroFix Ihre GPS Position und \u00fcbertr\u00e4gt diese zusammen mit Ihrem pers\u00f6nlichen Identifikationscode \u00fcber das globale COSPASSARSAT-Satellitensystem. So werden die Such- und Rettungskr\u00e4fte sofort benachrichtigt, dass Sie Hilfe ben\u00f6tigen!  <\/p>\n<p>Dabei handelt es sich um ein weltweites humanit\u00e4res Lebensrettungssystem, das \u00fcber 30.000 Leben gerettet hat und von Ihren Steuergeldern finanziert wird, ohne dass teure Abonnementgeb\u00fchren anfallen.<\/p>\n<p>Seien Sie verantwortlich, seien Sie vorbereitet, seien Sie sicher.<\/p>\n","protected":false},"featured_media":157452,"template":"","meta":{"_acf_changed":false,"om_disable_all_campaigns":false},"product_brand":[],"product_cat":[5687],"product_tag":[13357,13362,8511,7029,13370,13366,13333,13336,8499,8513],"class_list":{"0":"post-157448","1":"product","2":"type-product","3":"status-publish","4":"has-post-thumbnail","6":"product_cat-im-freien","7":"product_tag-2898-de","8":"product_tag-2898nh-de","9":"product_tag-cospas-de","10":"product_tag-cospas-sarsat-de","11":"product_tag-micro-fix-plb-de","12":"product_tag-mikrofix-de","13":"product_tag-plb-300-de","14":"product_tag-plb300-de","15":"product_tag-sarsat-de","16":"product_tag-sarsat-cospas-de","17":"pa_product-vermachtnis","19":"first","20":"outofstock","21":"taxable","22":"shipping-taxable","23":"product-type-simple"},"acf":[],"_links":{"self":[{"href":"https:\/\/www.acrartex.com\/de\/wp-json\/wp\/v2\/product\/157448","targetHints":{"allow":["GET"]}}],"collection":[{"href":"https:\/\/www.acrartex.com\/de\/wp-json\/wp\/v2\/product"}],"about":[{"href":"https:\/\/www.acrartex.com\/de\/wp-json\/wp\/v2\/types\/product"}],"wp:featuredmedia":[{"embeddable":true,"href":"https:\/\/www.acrartex.com\/de\/wp-json\/wp\/v2\/media\/157452"}],"wp:attachment":[{"href":"https:\/\/www.acrartex.com\/de\/wp-json\/wp\/v2\/media?parent=157448"}],"wp:term":[{"taxonomy":"product_brand","embeddable":true,"href":"https:\/\/www.acrartex.com\/de\/wp-json\/wp\/v2\/product_brand?post=157448"},{"taxonomy":"product_cat","embeddable":true,"href":"https:\/\/www.acrartex.com\/de\/wp-json\/wp\/v2\/product_cat?post=157448"},{"taxonomy":"product_tag","embeddable":true,"href":"https:\/\/www.acrartex.com\/de\/wp-json\/wp\/v2\/product_tag?post=157448"}],"curies":[{"name":"wp","href":"https:\/\/api.w.org\/{rel}","templated":true}]}}