{"id":157258,"date":"2022-02-07T16:20:41","date_gmt":"2022-02-07T21:20:41","guid":{"rendered":"https:\/\/www.acrartex.com\/products\/elt-4000s\/"},"modified":"2022-02-07T16:20:41","modified_gmt":"2022-02-07T21:20:41","slug":"elt-4000s","status":"publish","type":"product","link":"https:\/\/www.acrartex.com\/de\/products\/elt-4000s\/","title":{"rendered":"ELT 4000S"},"content":{"rendered":"<p><strong>Produkt\u00fcbersicht<\/strong><\/p>\n<p>Das ARTEX <a href=\"https:\/\/www.acrartex.com\/de\/news\/artex-bringt-die-naechste-generation-lithiumfreier-emergency-locator-transmitter-auf-den-markt\/\">ELT 4000S ist ein tragbares Survival(S) ELT<\/a> , das auf 121,5 und 406 MHz sendet und dank seines innovativen Alkalibatteriesystems von den Anforderungen der TSO C142 und DO-227 ausgenommen ist. Der ELT Sender basiert auf dem ARTEX ELT 4000-System und repr\u00e4sentiert die neueste ELT Sendertechnologie mit einer lithiumfreien Batterie in einem Survival-Beacon, wodurch Betreiber die Kosten f\u00fcr den Versand von Gefahrgut sparen. Das ARTEX ELT 4000S ist schwimmf\u00e4hig und aktiviert sich automatisch im Wasser. F\u00fcr den Einsatz an Land ist ein manueller Aktivierungsschalter vorhanden. Ein integriertes GPS (GNSS) erfasst Positionsdaten f\u00fcr die 406-MHz-\u00dcbertragung, und eine Kordel erm\u00f6glicht die Befestigung an einer Rettungsinsel.    <\/p>\n<p><iframe loading=\"lazy\" title=\"ARTEX ELT 4000S Portable Emergency Locator Transmitter\" width=\"500\" height=\"281\" src=\"https:\/\/www.youtube.com\/embed\/KBgLQOc3Xag?feature=oembed\" frameborder=\"0\" allow=\"accelerometer; autoplay; clipboard-write; encrypted-media; gyroscope; picture-in-picture; web-share\" referrerpolicy=\"strict-origin-when-cross-origin\" allowfullscreen><\/iframe><\/p>\n<p>Der ARTEX ELT 4000S verf\u00fcgt \u00fcber ein leicht ablesbares Testsystem mit zwei LED-Anzeigen. Eine gr\u00fcne LED signalisiert einen erfolgreichen Selbsttest. Das 4,5 m lange Trageband ist im oberen Geh\u00e4use verstaut, die faltbare Antenne ist gesichert und l\u00e4sst sich mit einer Hand ausfahren.   <\/p>\n<p>Das TSO-zugelassene Montagesystem erm\u00f6glicht eine mehrachsige Freigabe und bietet so Flexibilit\u00e4t beim Installationsort. Ein vom Benutzer austauschbares Batteriesystem erm\u00f6glicht die Wartung am Fl\u00fcgel und reduziert so die Betriebskosten. <\/p>\n<p><strong>Produkteigenschaften<\/strong><\/p>\n<ul>\n<li>FAA- und EASA-Zulassung<\/li>\n<li>Robustes Design mit eingebautem Auftrieb (kein Schwimmkragen)<\/li>\n<li>Integriertes GPS<\/li>\n<li>Alkalibatterie (ausgenommen von den Anforderungen TSO C142 und DO-227)<\/li>\n<li>Vom Benutzer austauschbares Alkalibatteriesystem (am Fl\u00fcgel) mit f\u00fcnf Jahren Lebensdauer<\/li>\n<li>Ausnahme von Sonderbedingungen, kein Gefahrgutversand<\/li>\n<li>Einfache Halterung f\u00fcr einfache Einhandbedienung<\/li>\n<li>Kompatibel mit vorhandenen ARTEX Handprogrammierern<\/li>\n<li>Halterungskonfigurationen f\u00fcr Links- und Rechtsh\u00e4nder verf\u00fcgbar<\/li>\n<\/ul>\n<p>M\u00f6chten Sie mehr \u00fcber <a href=\"http:\/\/www.gadss.com\">GADSS.com<\/a> erfahren?<\/p>\n","protected":false},"excerpt":{"rendered":"<p>Das ARTEX ELT 4000S ist ein tragbares Survival (S) ELT der FAA und EASA, das auf 121,5 und 406 MHz sendet. Der ELT Sender basiert auf dem ARTEX ELT 4000-System und repr\u00e4sentiert die neueste ELT Sendertechnologie mit einer lithiumfreien Batterie in einem Survival-Beacon, ausgenommen von der Zulassungspflicht nach TSO C142 und DO-227. Das ARTEX ELT 4000S ist schwimmf\u00e4hig und aktiviert sich automatisch im Wasser. F\u00fcr den Einsatz an Land ist ein manueller Aktivierungsschalter vorhanden. Ein internes GPS (GNSS) erfasst Positionsdaten f\u00fcr die 406-MHz-\u00dcbertragung, und eine Kordel erm\u00f6glicht die Befestigung an einer Rettungsinsel.    <\/p>\n<p>&nbsp;<\/p>\n","protected":false},"featured_media":27655,"template":"","meta":{"_acf_changed":false,"om_disable_all_campaigns":false},"product_brand":[],"product_cat":[6032,5570,8486],"product_tag":[13034,13031,8893,13030],"class_list":{"0":"post-157258","1":"product","2":"type-product","3":"status-publish","4":"has-post-thumbnail","6":"product_cat-business-jet-de","7":"product_cat-luftfahrt","8":"product_cat-verkehrsflugzeuge","9":"product_tag-do-227a-de","10":"product_tag-elt-4000s-de","11":"product_tag-tragbares-elt","12":"product_tag-uberlebens-elt","13":"pa_aircraft-type-grose-jets","14":"pa_aircraft-type-mehrmotorige","15":"pa_aircraft-type-mittelgrose-jets","16":"pa_aircraft-type-verkehrsflugzeuge","18":"first","19":"instock","20":"taxable","21":"shipping-taxable","22":"product-type-simple"},"acf":[],"_links":{"self":[{"href":"https:\/\/www.acrartex.com\/de\/wp-json\/wp\/v2\/product\/157258","targetHints":{"allow":["GET"]}}],"collection":[{"href":"https:\/\/www.acrartex.com\/de\/wp-json\/wp\/v2\/product"}],"about":[{"href":"https:\/\/www.acrartex.com\/de\/wp-json\/wp\/v2\/types\/product"}],"wp:featuredmedia":[{"embeddable":true,"href":"https:\/\/www.acrartex.com\/de\/wp-json\/wp\/v2\/media\/27655"}],"wp:attachment":[{"href":"https:\/\/www.acrartex.com\/de\/wp-json\/wp\/v2\/media?parent=157258"}],"wp:term":[{"taxonomy":"product_brand","embeddable":true,"href":"https:\/\/www.acrartex.com\/de\/wp-json\/wp\/v2\/product_brand?post=157258"},{"taxonomy":"product_cat","embeddable":true,"href":"https:\/\/www.acrartex.com\/de\/wp-json\/wp\/v2\/product_cat?post=157258"},{"taxonomy":"product_tag","embeddable":true,"href":"https:\/\/www.acrartex.com\/de\/wp-json\/wp\/v2\/product_tag?post=157258"}],"curies":[{"name":"wp","href":"https:\/\/api.w.org\/{rel}","templated":true}]}}