{"id":157194,"date":"2022-01-26T17:16:59","date_gmt":"2022-01-26T22:16:59","guid":{"rendered":"https:\/\/www.acrartex.com\/products\/bivy-15w-solarpanel\/"},"modified":"2022-01-26T17:16:59","modified_gmt":"2022-01-26T22:16:59","slug":"bivy-15w-solarpanel","status":"publish","type":"product","link":"https:\/\/www.acrartex.com\/de\/products\/bivy-15w-solarpanel\/","title":{"rendered":"Bivy 15W Solarpanel"},"content":{"rendered":"<p>INTELLIGENTE LADETECHNOLOGIE: Der USB-Anschluss erkennt Ihre Ger\u00e4te automatisch, um den optimalen Ladestromeingang bereitzustellen und den Ladevorgang zu beschleunigen, um die Ladezeit zu minimieren.<\/p>\n<p>HOHE UMWANDLUNGSRATE: Das ETFE-beschichtete Panel absorbiert Sonnenlicht effektiv und wandelt bis zu 20 % der Sonnenenergie in Energie um; l\u00e4dt problemlos iOS, Android, Bivy Stick, Akkupacks, GoPro und andere elektronische Ger\u00e4te auf.<\/p>\n<p>TRAGBAR &amp; LEICHT: Das ultrad\u00fcnne und faltbare Design erleichtert das Tragen.<\/p>\n<p>SCHMUTZ- UND SPRITZWASSERGESCH\u00dcTZT: Wasserdicht nach IPX4, best\u00e4ndig gegen Spritzwasser und Staub, egal aus welcher Richtung; perfekt f\u00fcr den Einsatz im Freien.<\/p>\n<p>Leistung: 15W<\/p>\n<dl>\n<dt>Ausgang: 5 V\/3 A<\/dt>\n<\/dl>\n<dl>\n<dt>Zertifikat: CE FCC ROHS<\/dt>\n<\/dl>\n<dl>\n<dt>Gewicht: 450g<\/dt>\n<dt><\/dt>\n<dt>Gr\u00f6\u00dfe: (gefaltet) 10 Zoll x 6,5 Zoll x 0,75 Zoll<\/dt>\n<dt>(Ausgeklappt) 10 Zoll x 19,5 Zoll<\/dt>\n<\/dl>\n","protected":false},"excerpt":{"rendered":"<h4><span style=\"color: #ff0000;\">Mit Stolz in den USA hergestellt!<\/span><\/h4>\n<p><a href=\"https:\/\/www.acrartex.com\/wp-content\/uploads\/2022\/01\/Prop-65-DINP.pdf\">WARNUNG: PROP 65<\/a><\/p>\n","protected":false},"featured_media":157203,"template":"","meta":{"_acf_changed":false,"om_disable_all_campaigns":false},"product_brand":[],"product_cat":[5687,5636,6558],"product_tag":[13010,13024,13011,13006,13007,13018,13019,13021,13012,13017,13020,13022,12396,5698,13013,13008,13015,13014,13023,13016,13009,13005],"class_list":{"0":"post-157194","1":"product","2":"type-product","3":"status-publish","4":"has-post-thumbnail","6":"product_cat-im-freien","7":"product_cat-marine-de","8":"product_cat-sicherheitszubehor","9":"product_tag-2-wege-kommunikation","10":"product_tag-4605-de","11":"product_tag-acr-bivy-de","12":"product_tag-bivy-de","13":"product_tag-bivy-de-2","14":"product_tag-bivy-uberleben","15":"product_tag-bivy-uberlebenskit","16":"product_tag-bivy-solarpanel-uberlebenskit","17":"product_tag-bivy-app-de","18":"product_tag-bivy-gegen-plb","19":"product_tag-bivy-solarpanel","20":"product_tag-bivy-und-solarpanel-kit","21":"product_tag-bluetooth-de","22":"product_tag-geographisches-positionierungs-system","23":"product_tag-globale-rettung","24":"product_tag-iridium-de","25":"product_tag-kleinster-satellitenkommunikator","26":"product_tag-mini-de","27":"product_tag-mini-gps-de","28":"product_tag-satelliten-gps-tracking","29":"product_tag-sendungsverfolgung","30":"product_tag-uberlebenskit-de","31":"pa_activity-angeln","32":"pa_activity-camping-de","33":"pa_activity-fahrrad","34":"pa_activity-gelandewagen-4x4","35":"pa_activity-klettern","36":"pa_activity-paddelsport","37":"pa_activity-querfeldein","38":"pa_activity-schneemobil","39":"pa_activity-ski-snowboard","40":"pa_activity-wandern","41":"pa_aircraft-type-drehflugler","42":"pa_aircraft-type-einmotorig","43":"pa_aircraft-type-experimental-de","44":"pa_aircraft-type-grose-jets","45":"pa_aircraft-type-leichte-jets","46":"pa_aircraft-type-mehrmotorige","47":"pa_aircraft-type-mittelgrose-jets","48":"pa_aircraft-type-passagierflugzeug","49":"pa_aircraft-type-turboprop-de","50":"pa_boat-type-charteryacht-de","51":"pa_boat-type-frachtschiff","52":"pa_boat-type-kommerzielle-fischerei","53":"pa_boat-type-motorboot","54":"pa_boat-type-schlepper","55":"pa_boat-type-segelboot","56":"pa_boat-type-sportcraft-de","57":"pa_boat-type-yacht-de","58":"pa_product-sicherheitszubehor","59":"pa_terrain-flusse-feuchtgebiete-seen-de","60":"pa_terrain-hugel-berg","61":"pa_terrain-tundra-de-2","62":"pa_terrain-wald-dschungel","64":"first","65":"instock","66":"sale","67":"taxable","68":"shipping-taxable","69":"purchasable","70":"product-type-simple"},"acf":[],"_links":{"self":[{"href":"https:\/\/www.acrartex.com\/de\/wp-json\/wp\/v2\/product\/157194","targetHints":{"allow":["GET"]}}],"collection":[{"href":"https:\/\/www.acrartex.com\/de\/wp-json\/wp\/v2\/product"}],"about":[{"href":"https:\/\/www.acrartex.com\/de\/wp-json\/wp\/v2\/types\/product"}],"wp:featuredmedia":[{"embeddable":true,"href":"https:\/\/www.acrartex.com\/de\/wp-json\/wp\/v2\/media\/157203"}],"wp:attachment":[{"href":"https:\/\/www.acrartex.com\/de\/wp-json\/wp\/v2\/media?parent=157194"}],"wp:term":[{"taxonomy":"product_brand","embeddable":true,"href":"https:\/\/www.acrartex.com\/de\/wp-json\/wp\/v2\/product_brand?post=157194"},{"taxonomy":"product_cat","embeddable":true,"href":"https:\/\/www.acrartex.com\/de\/wp-json\/wp\/v2\/product_cat?post=157194"},{"taxonomy":"product_tag","embeddable":true,"href":"https:\/\/www.acrartex.com\/de\/wp-json\/wp\/v2\/product_tag?post=157194"}],"curies":[{"name":"wp","href":"https:\/\/api.w.org\/{rel}","templated":true}]}}