{"id":157183,"date":"2021-09-23T20:05:44","date_gmt":"2021-09-24T01:05:44","guid":{"rendered":"https:\/\/www.acrartex.com\/products\/resqlink-rls-personal-locator-beacon-view\/"},"modified":"2026-01-13T14:40:38","modified_gmt":"2026-01-13T19:40:38","slug":"resqlink-rls-personal-locator-beacon-view","status":"publish","type":"product","link":"https:\/\/www.acrartex.com\/de\/products\/resqlink-rls-personal-locator-beacon-view\/","title":{"rendered":"ResQLink \u2122 RLS Personal Locator Beacon View"},"content":{"rendered":"<p>Klein, aber robust: Der ResQLink View RLS wurde professionell entwickelt und getestet, um sicherzustellen, dass er selbst den h\u00e4rtesten Wetterbedingungen standh\u00e4lt. Dieser schwimmf\u00e4hige Personal Locator Beacon ben\u00f6tigt kein Abonnement und verf\u00fcgt \u00fcber eine digitale Anzeige mit Live-Status und GPS Koordinaten sowie die neue Funktion Return Link Service ( RLS ). Beacons mit RLS    <span lang=\"EN-GB\">RLS best\u00e4tigt dem Benutzer, dass die Notrufmeldung seines Senders empfangen und sein Standort ermittelt wurde. RLS sendet ein Signal \u00fcber das Cospas-Sarsat-Satellitennetzwerk zur\u00fcck, um dem Senderbenutzer zu best\u00e4tigen, dass die Notrufmeldung eines Senders empfangen und sein Standort ermittelt wurde. Die Benutzerbest\u00e4tigung wird durch ein blinkendes blaues Licht und eine entsprechende Best\u00e4tigungsmeldung auf dem Digitaldisplay deutlich angezeigt.  <\/span><\/p>\n<p><a href=\"https:\/\/www.acrartex.com\/de\/news\/acr-electronics-gewinnt-dame-award-fuer-return-link-service-resqlink-view-personal-locator-beacon\/\" rel=\"attachment wp-att-26076\"><img loading=\"lazy\" decoding=\"async\" class=\"size-medium wp-image-26076 alignright\" src=\"https:\/\/www.acrartex.com\/wp-content\/uploads\/2021\/11\/dame-design-award-logo-vector-300x167.png\" alt=\"ResQLink View RLS hat den Dame Award 2021 gewonnen\" width=\"300\" height=\"167\" srcset=\"https:\/\/www.acrartex.com\/wp-content\/uploads\/2021\/11\/dame-design-award-logo-vector-300x167.png 300w, https:\/\/www.acrartex.com\/wp-content\/uploads\/2021\/11\/dame-design-award-logo-vector-768x427.png 768w, https:\/\/www.acrartex.com\/wp-content\/uploads\/2021\/11\/dame-design-award-logo-vector-600x333.png 600w, https:\/\/www.acrartex.com\/wp-content\/uploads\/2021\/11\/dame-design-award-logo-vector.png 900w\" sizes=\"auto, (max-width: 300px) 100vw, 300px\" \/><\/a><\/p>\n<p>Mit drei integrierten Signaltechnologien \u2013 GPS Ortung, einem leistungsstarken 406-MHz-Signal und 121,5-MHz-Zielsuchfunktion \u2013 \u00fcbermittelt das ResQLink View RLS Ihre Position schnell und pr\u00e4zise an ein weltweites Netzwerk von Such- und Rettungssatelliten. Ein eingebautes Blitzlicht und ein Infrarot-Blitzlicht erleichtern zudem Rettungseins\u00e4tze bei Nacht oder schlechten Sichtverh\u00e4ltnissen. Ob zu Land, zu Wasser oder in der Luft \u2013 vertrauen Sie darauf, dass die Satellitenpr\u00e4zision und milit\u00e4rische Robustheit des ResQLink die Rettung in Ihre H\u00e4nde legen.  <\/p>\n<p>&nbsp;<\/p>\n<p>Wohin Ihr Abenteuer Sie auch f\u00fchrt, ob zu den h\u00f6chsten Berggipfeln, in unerforschtes Gel\u00e4nde oder auf die weitesten Ozeane \u2013 das ResQLink View RLS l\u00e4sst sich stets problemlos aktivieren. Einfach die Antenne ausfahren und den Einschaltknopf dr\u00fccken. Das Signal best\u00e4tigt Ihnen, sobald Ihr Notruf empfangen und Ihr Standort ermittelt wurde. Gleichzeitig f\u00fchrt es die Rettungskr\u00e4fte m\u00fchelos bis auf 100 Meter an Ihre Position heran. Genie\u00dfen Sie zus\u00e4tzliche Sicherheit dank der integrierten Digitalanzeige, die w\u00e4hrend des gesamten Rettungsvorgangs den Live-Status des Signals und GPS Koordinaten anzeigt.  <\/p>\n<p>&nbsp;<\/p>\n<p>Dank innovativer Designelemente k\u00f6nnen Multifunktionsclips in Verbindung mit dem Beacon verwendet werden und bieten so zahlreiche Trageoptionen f\u00fcr vielf\u00e4ltige Einsatzzwecke. Die einfachere Integration des ResQLink View am K\u00f6rper oder in die Ausr\u00fcstung macht all Ihre Abenteuer nicht nur sicherer, sondern auch komfortabler. <\/p>\n<p>&nbsp;<\/p>\n<p>Das ResQLink View RLS bietet die gleiche Zuverl\u00e4ssigkeit und Robustheit wie seine Vorg\u00e4nger und ist gleichzeitig komfortabel. Genie\u00dfen Sie die Gewissheit, dass Ihre Notrufmeldung empfangen und Ihr Standort ermittelt wurde. Als f\u00fchrender Anbieter lebensrettender Produkte f\u00fcr den professionellen und privaten Einsatz bietet ACR mit dem ResQLink View RLS Personal Locator Beacon beispiellose Sicherheit und ein beruhigendes Gef\u00fchl der Sicherheit.  <\/p>\n<p>&nbsp;<\/p>\n<p><b>Funktionen und Vorteile:<\/b><\/p>\n<ul>\n<li>Kein Abonnement erforderlich<\/li>\n<li>Digitalanzeige<\/li>\n<li>Return Link Service ( RLS ) Funktionalit\u00e4t<\/li>\n<li><a name=\"_Hlk2671037\" data-cke-saved-name=\"_Hlk2671037\"><\/a>GPS GNSS<\/li>\n<li>Eingebauter Auftrieb<\/li>\n<li>Stroboskop und Infrarot-Strobe<\/li>\n<li>Globale Abdeckung<\/li>\n<li>MEOSAR-kompatibel<\/li>\n<li>Klein und leicht<\/li>\n<li>5 Jahre Batterielebensdauer<\/li>\n<li>28 Stunden Betriebsdauer**<\/li>\n<li>Multifunktions-Clip-System inklusive<\/li>\n<li>Exklusive ACR -Skins im Kauf enthalten (passen Sie Ihr Beacon Ihrem Lebensstil und Ihren bevorzugten Aktivit\u00e4ten an)<\/li>\n<\/ul>\n<p>**Basierend auf einem Testbericht eines akkreditierten Labors<\/p>\n<p>&nbsp;<\/p>\n<p>Die vollst\u00e4ndige Liste der L\u00e4nder, die den Verkauf und die Nutzung RLS auf ihrem Territorium zugelassen haben, finden Sie unter diesem Link <span lang=\"PT-BR\">:<\/span> <a href=\"https:\/\/cospas-sarsat.int\/en\/beacon-ownership\/rls-enabled-beacon-purchase\"><span lang=\"PT-BR\">https:\/\/cospas-sarsat.int\/en\/beacon-ownership\/rls-enabled-beacon-purchase<\/span><\/a><\/p>\n<p class=\"Paragraph1\" align=\"left\"><span lang=\"PT-BR\">Es kann zu Verz\u00f6gerungen bei der Information von L\u00e4ndern an Cospas-Sarsat kommen, so dass auch viele L\u00e4nder, die nicht auf der obigen Liste stehen, RLS -f\u00e4hige Beacons zulassen k\u00f6nnen.<\/span><span lang=\"PT-BR\">. Cospas-Sarsat empfiehlt, sich direkt bei den nationalen\/territorialen Beh\u00f6rden nach den neuesten Informationen zu den zul\u00e4ssigen Ma\u00dfnahmen zu erkundigen.<\/span><\/p>\n<p class=\"Paragraph1\" align=\"left\"><i><span lang=\"PT-BR\">* Die USCG kann hier kontaktiert werden:<\/span><\/i> <a href=\"https:\/\/www.dco.uscg.mil\/Our-Organization\/Assistant-Commandant-for-Response-Policy-CG-5R\/Office-of-Incident-Management-Preparedness-CG-5RI\/US-Coast-Guard-Office-of-Search-and-Rescue-CG-SAR\/NSARC\/\"><i>https:\/\/www.dco.uscg.mil\/Our-Organization\/Assistant-Commandant-for-Response-Policy-CG-5R\/Office-of-Incident-Management-Preparedness-CG-5RI\/US-Coast-Guard-Office-of-Search-and-Rescue-CG-SAR\/NSARC\/<\/i><\/a><\/p>\n<p class=\"Paragraph1\" align=\"left\"><i><span lang=\"PT-BR\">** NOAA kann hier kontaktiert <strong>werden<\/strong><\/span><\/i> <a href=\"https:\/\/www.sarsat.noaa.gov\/\"><i>: https:\/\/www.sarsat.noaa.gov\/<\/i><\/a><\/p>\n<p><strong>2332: ResQlink VIEW RLS PLB Sicherheitskit<\/strong> | Dieses Kit enth\u00e4lt die folgenden Artikel:<\/p>\n<ul>\n<li>ResQLink VIEW RLS \u2122 Personal Locator Beacon (nur in den USA programmiert)<\/li>\n<li>C-Strobe\u2122 H2O Rettungsleuchte \u2013 <a href=\"https:\/\/www.acrartex.com\/products\/c-strobe-h20\">Mehr erfahren<\/a><\/li>\n<li>Res-Q\u2122 Pfeife \u2013 <a href=\"https:\/\/www.acrartex.com\/de\/products\/ww-3-resq-pfeife\/\">Mehr erfahren<\/a><\/li>\n<li>RapidDitch Drybag<\/li>\n<li>Signalspiegel<\/li>\n<\/ul>\n<p>&nbsp;<\/p>\n<p><strong>2333: ResQLink VIEW RLS PLB + ResQFlare Sicherheitskit<\/strong> | Dieses Kit enth\u00e4lt die folgenden wichtigen \u00dcberlebensprodukte:<\/p>\n<ul>\n<li>ResQLink View RLS Personal Locator Beacon (nur in den USA programmiert)<\/li>\n<li>Elektronisches Notsignal ResQFlare<\/li>\n<li>C-Strobe H2O Rettungsleuchte<\/li>\n<li>Signalspiegel<\/li>\n<li>Res-Q\u2122 Pfeife<\/li>\n<li>RapidDitch Trockentasche<\/li>\n<\/ul>\n","protected":false},"excerpt":{"rendered":"<p>Klein, aber robust: Der ResQLink View RLS wurde professionell entwickelt und getestet, um selbst den h\u00e4rtesten Wetterbedingungen standzuhalten. Dieser schwimmf\u00e4hige Personal Locator Beacon ben\u00f6tigt kein Abonnement und verf\u00fcgt \u00fcber eine digitale Anzeige mit Live-Status-Updates. Dank der neuen Funktion Return Link Service ( RLS ) bietet Ihnen dieser ACR Beacon die Gewissheit, dass Ihre Notrufmeldung empfangen und Ihr Standort ermittelt wurde. <\/p>\n<p>&nbsp;<\/p>\n<p><b>Funktionen und Vorteile:<\/b><\/p>\n<ul>\n<li>Kein Abonnement erforderlich<\/li>\n<li>Digitalanzeige<\/li>\n<li>Return Link Service ( RLS ) Funktionalit\u00e4t<\/li>\n<li><a name=\"_Hlk2671037\" data-cke-saved-name=\"_Hlk2671037\"><\/a>GPS GNSS<\/li>\n<li>Eingebauter Auftrieb<\/li>\n<li>Stroboskop und Infrarot-Strobe<\/li>\n<li>Globale Abdeckung<\/li>\n<li>MEOSAR-kompatibel<\/li>\n<li>Klein und leicht<\/li>\n<li>5 Jahre Batterielebensdauer<\/li>\n<li>28 Stunden Betriebsdauer**<\/li>\n<li>Multifunktions-Clip-System inklusive<\/li>\n<li>Exklusive ACR -Skins im Kauf enthalten (passen Sie Ihr Beacon Ihrem Lebensstil und Ihren bevorzugten Aktivit\u00e4ten an)<\/li>\n<\/ul>\n<p>**Basierend auf einem Testbericht eines akkreditierten Labors<\/p>\n<p>&nbsp;<\/p>\n<p><a href=\"https:\/\/www.dropbox.com\/s\/8343nj28z0d7bxa\/Prop%2065%20-%20BPA.pdf?dl=0\" data-cke-saved-href=\"https:\/\/www.dropbox.com\/s\/8343nj28z0d7bxa\/Prop%2065%20-%20BPA.pdf?dl=0\">WARNUNG: PROP 65<\/a><\/p>\n","protected":false},"featured_media":88825,"template":"","meta":{"_acf_changed":false,"om_disable_all_campaigns":false},"product_brand":[],"product_cat":[6028,5687,6024,6023,6026,5636,6030,12618,6025,6027],"product_tag":[5576,6332,8143,11427,7029,5698,6333,5694,5690,6037,13004,13003,13002],"class_list":{"0":"post-157183","1":"product","2":"type-product","3":"status-publish","4":"has-post-thumbnail","6":"product_cat-action-sport-offroad-de","7":"product_cat-im-freien","8":"product_cat-in-kustennahe","9":"product_cat-inland-de","10":"product_cat-kommerziell","11":"product_cat-marine-de","12":"product_cat-paddelsport-angeln","13":"product_cat-personal-locator-beacon-de","14":"product_cat-vor-der-kuste","15":"product_cat-wandern-klettern-campen","16":"product_tag-406-de","17":"product_tag-406-mhz-de","18":"product_tag-acr-de","19":"product_tag-acr-ortungsgerat","20":"product_tag-cospas-sarsat-de","21":"product_tag-geographisches-positionierungs-system","22":"product_tag-leuchtfeuer","23":"product_tag-personliches-ortungssignal","24":"product_tag-plb-de","25":"product_tag-resqlink-de","26":"product_tag-resqlink-rls-view","27":"product_tag-return-link-service-de","28":"product_tag-rls-de","29":"pa_activity-angeln","30":"pa_activity-camping-de","31":"pa_activity-fahrrad","32":"pa_activity-gelandewagen-4x4","33":"pa_activity-klettern","34":"pa_activity-paddelsport","35":"pa_activity-querfeldein","36":"pa_activity-schneemobil","37":"pa_activity-ski-snowboard","38":"pa_activity-wandern","39":"pa_aircraft-type-drehflugler","40":"pa_aircraft-type-einmotorig","41":"pa_aircraft-type-experimental-de","42":"pa_aircraft-type-grose-jets","43":"pa_aircraft-type-leichte-jets","44":"pa_aircraft-type-mehrmotorige","45":"pa_aircraft-type-mittelgrose-jets","46":"pa_aircraft-type-passagierflugzeug","47":"pa_aircraft-type-turboprop-de","48":"pa_boat-size-0-20-de","49":"pa_boat-size-21-40-de","50":"pa_boat-size-40-80-de","51":"pa_boat-size-80-de","52":"pa_boat-type-charteryacht-de","53":"pa_boat-type-frachtschiff","54":"pa_boat-type-kommerzielle-fischerei","55":"pa_boat-type-motorboot","56":"pa_boat-type-schlepper","57":"pa_boat-type-segelboot","58":"pa_boat-type-sportcraft-de","59":"pa_boat-type-yacht-de","60":"pa_product-rescue-beacons-de","61":"pa_terrain-flusse-feuchtgebiete-seen-de","62":"pa_terrain-hugel-berg","63":"pa_terrain-tundra-de-2","64":"pa_terrain-wald-dschungel","66":"first","67":"instock","68":"taxable","69":"shipping-taxable","70":"purchasable","71":"product-type-variable","72":"has-default-attributes"},"acf":[],"_links":{"self":[{"href":"https:\/\/www.acrartex.com\/de\/wp-json\/wp\/v2\/product\/157183","targetHints":{"allow":["GET"]}}],"collection":[{"href":"https:\/\/www.acrartex.com\/de\/wp-json\/wp\/v2\/product"}],"about":[{"href":"https:\/\/www.acrartex.com\/de\/wp-json\/wp\/v2\/types\/product"}],"wp:featuredmedia":[{"embeddable":true,"href":"https:\/\/www.acrartex.com\/de\/wp-json\/wp\/v2\/media\/88825"}],"wp:attachment":[{"href":"https:\/\/www.acrartex.com\/de\/wp-json\/wp\/v2\/media?parent=157183"}],"wp:term":[{"taxonomy":"product_brand","embeddable":true,"href":"https:\/\/www.acrartex.com\/de\/wp-json\/wp\/v2\/product_brand?post=157183"},{"taxonomy":"product_cat","embeddable":true,"href":"https:\/\/www.acrartex.com\/de\/wp-json\/wp\/v2\/product_cat?post=157183"},{"taxonomy":"product_tag","embeddable":true,"href":"https:\/\/www.acrartex.com\/de\/wp-json\/wp\/v2\/product_tag?post=157183"}],"curies":[{"name":"wp","href":"https:\/\/api.w.org\/{rel}","templated":true}]}}