{"id":157099,"date":"2021-10-05T13:04:31","date_gmt":"2021-10-05T18:04:31","guid":{"rendered":"https:\/\/www.acrartex.com\/products\/l8-5\/"},"modified":"2025-10-21T12:06:11","modified_gmt":"2025-10-21T17:06:11","slug":"l8-5","status":"publish","type":"product","link":"https:\/\/www.acrartex.com\/de\/products\/l8-5\/","title":{"rendered":"L8-5"},"content":{"rendered":"<ul>\n<li>Hocheffiziente LED-Gl\u00fchbirne<\/li>\n<li>Einfache Integration von Rettungswesten<\/li>\n<li>Ultrakleines und leichtes Design<\/li>\n<li>Wasseraktiviert (S\u00fc\u00df- und Salzwasser)<\/li>\n<li>F\u00fcnf Jahre Batterielebensdauer*<\/li>\n<\/ul>\n<p>&nbsp;<\/p>\n<p>*Vorausgesetzt, das Licht kommt nicht versehentlich mit Wasser in Ber\u00fchrung und wird gem\u00e4\u00df den angegebenen Lageranforderungen gelagert<\/p>\n","protected":false},"excerpt":{"rendered":"<p>Die L8-5 ist eine von der US-K\u00fcstenwache zugelassene, wasseraktivierbare LED-\u00dcberlebendenortungsleuchte. Sie ist f\u00fcr den Einsatz an Schwimmwesten oder Rettungsringen zugelassen, um den Standort von \u00dcberlebenden im Wasser nach einem Seeunfall oder einer Notsituation anzuzeigen. Die Lampen- und Linsenkombination der L8-5 erzeugt ein starkes Licht, das nach der Aktivierung mindestens 8 Stunden lang leuchtet und eine Mindestlichtintensit\u00e4t von 1 cd aufweist. W\u00e4hrend der gesamten Betriebsdauer leuchtet die Leuchte konstant wei\u00df, um den Standort eines \u00dcberlebenden deutlich anzuzeigen und die Rettungswahrscheinlichkeit zu erh\u00f6hen.  <\/p>\n","protected":false},"featured_media":157108,"template":"","meta":{"_acf_changed":false,"om_disable_all_campaigns":false},"product_brand":[],"product_cat":[5636],"product_tag":[12937,12940,12933,12932,12935,10722,12942],"class_list":{"0":"post-157099","1":"product","2":"type-product","3":"status-publish","4":"has-post-thumbnail","6":"product_cat-marine-de","7":"product_tag-acr-rettungsweste","8":"product_tag-l8-5-de","9":"product_tag-licht-fur-rettungswesten","10":"product_tag-marine-rettungswestenlicht","11":"product_tag-marine-schwimmweste-leicht","12":"product_tag-rettungslicht","13":"product_tag-rettungsweste-de","14":"pa_product-vermachtnis","16":"first","17":"instock","18":"taxable","19":"shipping-taxable","20":"product-type-simple"},"acf":[],"_links":{"self":[{"href":"https:\/\/www.acrartex.com\/de\/wp-json\/wp\/v2\/product\/157099","targetHints":{"allow":["GET"]}}],"collection":[{"href":"https:\/\/www.acrartex.com\/de\/wp-json\/wp\/v2\/product"}],"about":[{"href":"https:\/\/www.acrartex.com\/de\/wp-json\/wp\/v2\/types\/product"}],"wp:featuredmedia":[{"embeddable":true,"href":"https:\/\/www.acrartex.com\/de\/wp-json\/wp\/v2\/media\/157108"}],"wp:attachment":[{"href":"https:\/\/www.acrartex.com\/de\/wp-json\/wp\/v2\/media?parent=157099"}],"wp:term":[{"taxonomy":"product_brand","embeddable":true,"href":"https:\/\/www.acrartex.com\/de\/wp-json\/wp\/v2\/product_brand?post=157099"},{"taxonomy":"product_cat","embeddable":true,"href":"https:\/\/www.acrartex.com\/de\/wp-json\/wp\/v2\/product_cat?post=157099"},{"taxonomy":"product_tag","embeddable":true,"href":"https:\/\/www.acrartex.com\/de\/wp-json\/wp\/v2\/product_tag?post=157099"}],"curies":[{"name":"wp","href":"https:\/\/api.w.org\/{rel}","templated":true}]}}