{"id":156752,"date":"2021-03-16T08:23:13","date_gmt":"2021-03-16T13:23:13","guid":{"rendered":"https:\/\/www.acrartex.com\/products\/artex-elt-345-piloten-kit\/"},"modified":"2021-03-16T08:23:13","modified_gmt":"2021-03-16T13:23:13","slug":"artex-elt-345-piloten-kit","status":"publish","type":"product","link":"https:\/\/www.acrartex.com\/de\/products\/artex-elt-345-piloten-kit\/","title":{"rendered":"ARTEX ELT 345\u2122 Piloten-Kit"},"content":{"rendered":"<p>Verlassen Sie sich im Notfall auf dieselbe Marke, der f\u00fchrende Flugzeughersteller f\u00fcr erstklassige Qualit\u00e4t, \u00fcberlegene Technologie und hervorragenden Kundenservice vertrauen. Das neue ARTEX <a href=\"https:\/\/www.acrartex.com\/fr\/products\/elt-345\/\">ELT 345<\/a> wird nach den strengsten Qualit\u00e4tsmanagementstandards der Branche gefertigt, um sicherzustellen, dass das ELT stets zuverl\u00e4ssig funktioniert. Das ARTEX ELT 345 sendet auf den Frequenzen 406 MHz und 121,5 MHz und bietet dank der integrierten GPS Navigationsschnittstelle pr\u00e4zise Positionsbestimmung. GPS Daten sind in die erste Notfall\u00fcbertragung integriert und erm\u00f6glichen Such- und Rettungskr\u00e4ften die Position des Flugzeugs in weniger als einer Minute auf 100 Meter genau. Das ELT 345 bietet einen branchenweit g\u00fcnstigen Preis f\u00fcr ein ELT mit der gleichen Qualit\u00e4t und Leistung, auf der die Marke ARTEX aufbaut.    <\/p>\n<p>&nbsp;<\/p>\n<p><strong>So funktioniert das ARTEX ELT 345:<\/strong><\/p>\n<p>Das ARTEX ELT 345 kann manuell (\u00fcber die Cockpit-Fernbedienung oder ELT Schalter) oder automatisch (der G-Switch erkennt einen Aufprall von 2,3 G oder mehr) aktiviert werden und alarmiert die n\u00e4chstgelegene Such- und Rettungsdienststelle \u00fcber Ihren Notfall. Das 406-MHz-Signal mit Ihren GPS Koordinaten wird an die Cospas-Sarsat -Satelliten gesendet und an das Missionskontrollzentrum weitergeleitet, wo es umgehend an die n\u00e4chstgelegene Such- und Rettungsdienststelle weitergeleitet wird. Die Registrierung Ihres Senders verr\u00e4t den Ersthelfern Ihre <strong>Identit\u00e4t<\/strong> , und der Sender selbst gibt Ihnen auf 100 Meter genau Auskunft \u00fcber Ihren <strong>Standort<\/strong> . Schlie\u00dflich hilft das lokale 121,5-MHz-Zielsignal den Such- und Rettungskr\u00e4ften, Ihren genauen Standort zu bestimmen.   <\/p>\n<p>&nbsp;<\/p>\n<p><strong>Einfache Installation:<\/strong><\/p>\n<p>Das ARTEX ELT 345 bietet eine schnelle und einfache Nachr\u00fcstm\u00f6glichkeit mit flexiblen Installationsoptionen, wie beispielsweise einem Zweidraht-Fernschalter, der keinen Bordstrom ben\u00f6tigt. Da es sich um ein ELT mit Einzelausgang handelt, nutzt das ELT 345 denselben HF-Ausgang und nur ein Koaxialkabel zur \u00dcbertragung von 406-MHz- und 121,5-MHz-Signalen. Die integrierte Navigationsschnittstelle ben\u00f6tigt keinen Bordstrom, was die Installationskosten erheblich reduziert. Die Edelstahlhalterung mit Mehrfachlochung erm\u00f6glicht den schnellen und einfachen Austausch \u00e4lterer ARTEX ELTs oder alter ACK-, Kannad- und AmeriKing-ELTs.   <\/p>\n<p>Kombinieren Sie das ELT 345 mit ARTEX exklusivem Online-Satellitenbest\u00e4tigungstestsystem <a title=\"406Test.com\" href=\"http:\/\/www.406test.com\/\">406Test.com<\/a> und erhalten Sie Echtzeit-Beacon-Testergebnisse von denselben Satelliten, die auch von Such- und Rettungsdiensten genutzt werden. So stellen Sie sicher, dass Ihr ELT System einwandfrei funktioniert. Nicht umsonst entscheiden sich mehr Flugzeughersteller f\u00fcr ARTEX -ELTs als f\u00fcr andere. Sie vertrauen ARTEX , Produkte h\u00f6chster Qualit\u00e4t zu bauen, da sie wissen, dass diese Leben retten. <\/p>\n<p>&nbsp;<\/p>\n<p><strong>Inhalt des Kits:<\/strong><\/p>\n<ul style=\"list-style-type: disc;\">\n<li><a href=\"https:\/\/www.acrartex.com\/fr\/products\/elt-345\/\">ELT 345\u2122<\/a> (Teilenummer 8102)<\/li>\n<li><a href=\"https:\/\/www.acrartex.com\/fr\/products\/personal-locator-beacon-resqlink-400\/\">ResQLink 400\u2122<\/a> Personal Locator Beacon (P\/N 2921)<\/li>\n<li><a href=\"https:\/\/www.acrartex.com\/products\/c-light-h20\">C-Light H\u2082O\u2122<\/a> Notlicht (P\/N 3962)<\/li>\n<li>Signalspiegel<\/li>\n<li>WW-3 Res-Q\u2122 Pfeife (P\/N 1700)<\/li>\n<\/ul>\n","protected":false},"excerpt":{"rendered":"<p>Dies ist das neueste Survival Kit f\u00fcr Piloten. Das neue <a href=\"https:\/\/www.acrartex.com\/press_releases\/167\">ARTEX ELT 345\u2122 Pilot Kit<\/a> ist die perfekte Kombination aus Sicherheits- und \u00dcberlebensprodukten, die Piloten im Notfall sch\u00fctzen sollen. Das Pilot Kit bietet Piloten ein praktisches Set, um ihr Flugzeug mit dem neuesten 406 MHz Emergency Locator Transmitter ( ELT ) und pers\u00f6nlicher \u00dcberlebensausr\u00fcstung auszustatten und so ein redundantes System zur Benachrichtigung der Such- und Rettungsdienste \u00fcber ihren Standort bereitzustellen.  <\/p>\n<p>&nbsp;<\/p>\n<p>Das <a href=\"https:\/\/www.acrartex.com\/products\/elt-345-transmitter\">ARTEX ELT 345<\/a> wird mit Fernschalter, Summer, Antenne und Installationshardware geliefert und bietet Piloten eine kosteng\u00fcnstige ELT Upgradel\u00f6sung f\u00fcr \u00e4ltere 121,5-MHz-ELTs, die nicht mehr von Such- und Rettungssatelliten \u00fcberwacht werden, oder als Ersatz f\u00fcr andere 406-MHz-ELTs f\u00fcr qualit\u00e4ts- und preisbewusste Piloten.<\/p>\n<p>&nbsp;<\/p>\n<p>Dieses Set enth\u00e4lt die folgenden wichtigen \u00dcberlebensprodukte:<\/p>\n<p>&nbsp;<\/p>\n<ul>\n<li>ELT 345\u2122 (einschlie\u00dflich Antenne, Fernschalter und Installationshardware)<\/li>\n<li>ResQLink +\u2122 Personal Locator Beacon<\/li>\n<li>C-Light H\u2082O\u2122 Notlicht<\/li>\n<li>Signalspiegel<\/li>\n<li>WW-3 Res-Q\u2122 Pfeife<\/li>\n<\/ul>\n<p>&nbsp;<\/p>\n<p><a href=\"https:\/\/www.dropbox.com\/s\/8343nj28z0d7bxa\/Prop%2065%20-%20BPA.pdf?dl=0\">WARNUNG: PROP 65<\/a><\/p>\n<p>&nbsp;<\/p>\n<p>&nbsp;<\/p>\n","protected":false},"featured_media":156831,"template":"","meta":{"_acf_changed":false,"om_disable_all_campaigns":false},"product_brand":[],"product_cat":[6031,6032,5570,8486],"product_tag":[12654,12722,5574,9199,12731,12753,5694,12735,5690,12748,6037,12639,10726,12739,12743],"class_list":{"0":"post-156752","1":"product","2":"type-product","3":"status-publish","4":"has-post-thumbnail","6":"product_cat-allgemeine-luftfahrt","7":"product_cat-business-jet-de","8":"product_cat-luftfahrt","9":"product_cat-verkehrsflugzeuge","10":"product_tag-2921-de","11":"product_tag-c-light-h2o-de","12":"product_tag-elt-de","13":"product_tag-elt-345-de","14":"product_tag-notlicht","15":"product_tag-notrufsender","16":"product_tag-personliches-ortungssignal","17":"product_tag-piloten-kit","18":"product_tag-plb-de","19":"product_tag-resq-pfeife","20":"product_tag-resqlink-de","21":"product_tag-resqlink-400-de","22":"product_tag-signalspiegel","23":"product_tag-uberlebende","24":"product_tag-uberlebenskit","25":"pa_product-vermachtnis","27":"first","28":"instock","29":"taxable","30":"shipping-taxable","31":"product-type-simple"},"acf":[],"_links":{"self":[{"href":"https:\/\/www.acrartex.com\/de\/wp-json\/wp\/v2\/product\/156752","targetHints":{"allow":["GET"]}}],"collection":[{"href":"https:\/\/www.acrartex.com\/de\/wp-json\/wp\/v2\/product"}],"about":[{"href":"https:\/\/www.acrartex.com\/de\/wp-json\/wp\/v2\/types\/product"}],"wp:featuredmedia":[{"embeddable":true,"href":"https:\/\/www.acrartex.com\/de\/wp-json\/wp\/v2\/media\/156831"}],"wp:attachment":[{"href":"https:\/\/www.acrartex.com\/de\/wp-json\/wp\/v2\/media?parent=156752"}],"wp:term":[{"taxonomy":"product_brand","embeddable":true,"href":"https:\/\/www.acrartex.com\/de\/wp-json\/wp\/v2\/product_brand?post=156752"},{"taxonomy":"product_cat","embeddable":true,"href":"https:\/\/www.acrartex.com\/de\/wp-json\/wp\/v2\/product_cat?post=156752"},{"taxonomy":"product_tag","embeddable":true,"href":"https:\/\/www.acrartex.com\/de\/wp-json\/wp\/v2\/product_tag?post=156752"}],"curies":[{"name":"wp","href":"https:\/\/api.w.org\/{rel}","templated":true}]}}