{"id":156675,"date":"2021-03-16T08:22:06","date_gmt":"2021-03-16T08:22:06","guid":{"rendered":"https:\/\/www.acrartex.com\/products\/c406-1-hm\/"},"modified":"2026-03-06T09:26:08","modified_gmt":"2026-03-06T14:26:08","slug":"c406-1-hm","status":"publish","type":"product","link":"https:\/\/www.acrartex.com\/de\/products\/c406-1-hm\/","title":{"rendered":"C406-1 HM"},"content":{"rendered":"<p>Der C406-1 HM wurde auf die strengen Anforderungen der TSO C126 getestet, darunter 500-G-Sto\u00dffestigkeit, 1000-Pfund-Stauchh\u00e4rte sowie Flammen- und Vibrationstests. Der C406-1 HM ist f\u00fcr den Einsatz mit den kosteng\u00fcnstigen Peitschenantennen, Stabantennen oder einer Blattantenne von Artex erh\u00e4ltlich. Der C406-1 HM kann mit der optionalen Artex ELT \/NAV-Schnittstelle verbunden werden, wodurch L\u00e4ngen- und Breitengraddaten als Teil der 406-MHz-Nachricht \u00fcbertragen werden k\u00f6nnen. Der C406-1 HM verwendet ein einziges Koaxialkabel f\u00fcr alle drei Frequenzen. Der C406-1 HM ELT ist f\u00fcr Starrfl\u00fcgelflugzeuge mit einem einseitigen G-Switch und f\u00fcr Hubschrauber (HM) mit einem mehrachsigen G-Switch erh\u00e4ltlich.    <\/p>\n<p>&nbsp;<\/p>\n<p>Sofortige Such- und Rettungsaktion mit vollst\u00e4ndiger Registrierung<\/p>\n<ul>\n<li>Betrieb auf den Frequenzen 121,5, 243 und 406 MHz<\/li>\n<li>Weltweite Abdeckung<\/li>\n<li>Kompatibel mit ELT -Navigationsschnittstelle<\/li>\n<li>5 Jahre Batterielebensdauer (Ersatzbatterie Teilenummer 452-0133)<\/li>\n<li>Wenn Sie es benutzen, ersetzen wir es <a href=\"http:\/\/www.survivorclub.com\/\">kostenlos<\/a> . Reichen Sie einfach Ihre Geschichte ein, schicken Sie uns Ihren gebrauchten Peilsender zur\u00fcck, damit wir ihn an unserer Wall of Fame ausstellen k\u00f6nnen, und wir schicken Ihnen einen brandneuen Peilsender von gleichem oder h\u00f6herem Wert.<\/li>\n<\/ul>\n<p>ARTEX ELTs sind die Wahl von Drehfl\u00fcglern wie Sikorsky, Airbus Helicopters, AgustaWestland und Bell.<\/p>\n<p>&nbsp;<\/p>\n<p>Zertifizierungen<\/p>\n<ul>\n<li>TSO C126<\/li>\n<li>ETSO 2C126<\/li>\n<li>Cospas\/Sarsat-Zulassung<\/li>\n<li>Zugelassen von Transport &amp; Industry Canada<\/li>\n<\/ul>\n<p>&nbsp;<\/p>\n<p>ELT -Packliste<\/p>\n<table style=\"border-collapse: collapse; width: 745pt; border: none;\" width=\"994\">\n<colgroup>\n<col style=\"width: 140pt;\" width=\"187\">\n<col style=\"width: 219pt;\" width=\"292\">\n<col style=\"width: 197pt;\" width=\"263\">\n<col style=\"width: 189pt;\" width=\"252\"> <\/colgroup>\n<tbody>\n<tr style=\"height: 20.0pt;\">\n<td class=\"xl66\" style=\"border: none; height: 20.0pt; width: 140pt; text-align: center; vertical-align: middle; padding-top: 1px; padding-right: 1px; padding-left: 1px;\" width=\"187\" height=\"27\"><\/td>\n<td class=\"xl68\" style=\"border: 0.5pt solid gray; background: #3c404a; width: 219pt; text-align: center; vertical-align: middle; padding-top: 1px; padding-right: 1px; padding-left: 1px;\" width=\"292\"><span style=\"font-size: 11pt;\"><span style=\"color: #b0e40a;\"><span style=\"font-weight: bold;\"><span style=\"font-style: normal;\"><span style=\"text-decoration: none;\"><span style=\"font-family: Calibri,sans-serif;\">Antenne<\/span><\/span><\/span><\/span><\/span><\/span><\/td>\n<td class=\"xl68\" style=\"border: 0.5pt solid gray; background: #3c404a; border-left: none; width: 197pt; text-align: center; vertical-align: middle; padding-top: 1px; padding-right: 1px; padding-left: 1px;\" width=\"263\"><span style=\"font-size: 11pt;\"><span style=\"color: #b0e40a;\"><span style=\"font-weight: bold;\"><span style=\"font-style: normal;\"><span style=\"text-decoration: none;\"><span style=\"font-family: Calibri,sans-serif;\">Fernschalter &amp; Zubeh\u00f6r<\/span><\/span><\/span><\/span><\/span><\/span><\/td>\n<td class=\"xl67\" style=\"border: none; background: #3c404a; border-left: none; width: 189pt; text-align: center; vertical-align: middle; border-width: 0.5pt; border-style: solid; border-color: gray windowtext gray gray; padding-top: 1px; padding-right: 1px; padding-left: 1px;\" width=\"252\"><span style=\"font-size: 11pt;\"><span style=\"color: #b0e40a;\"><span style=\"font-weight: bold;\"><span style=\"font-style: normal;\"><span style=\"text-decoration: none;\"><span style=\"font-family: Calibri,sans-serif;\">Handb\u00fccher\/Zulassungen\/Downloads<\/span><\/span><\/span><\/span><\/span><\/span><\/td>\n<\/tr>\n<tr style=\"height: 20.0pt;\">\n<td class=\"xl69\" style=\"border: 0.5pt solid gray; background: #b0e40a; height: 20.0pt; text-align: center; vertical-align: middle; padding-top: 1px; padding-right: 1px; padding-left: 1px;\" height=\"27\"><span style=\"font-size: 11pt;\"><span style=\"font-weight: 400;\"><span style=\"font-style: normal;\"><span style=\"text-decoration: none;\"><span style=\"font-family: Calibri,sans-serif;\">ELT C406-1 HM 455-5016<\/span><\/span><\/span><\/span><\/span><\/td>\n<td class=\"xl66\" style=\"border: none; text-align: center; vertical-align: middle; padding-top: 1px; padding-right: 1px; padding-left: 1px;\"><span style=\"font-size: 11pt;\"><span style=\"font-weight: 400;\"><span style=\"font-style: normal;\"><span style=\"text-decoration: none;\"><span style=\"font-family: Calibri,sans-serif;\">110-338 (Wei\u00df) und 110-338-01 (Schwarz)<\/span><\/span><\/span><\/span><\/span><\/td>\n<td class=\"xl66\" style=\"border: none; text-align: center; vertical-align: middle; padding-top: 1px; padding-right: 1px; padding-left: 1px;\"><span style=\"font-size: 11pt;\"><span style=\"font-weight: 400;\"><span style=\"font-style: normal;\"><span style=\"text-decoration: none;\"><span style=\"font-family: Calibri,sans-serif;\">455-6196<\/span><\/span><\/span><\/span><\/span><\/td>\n<td class=\"xl66\" style=\"border: none; text-align: center; vertical-align: middle; padding-top: 1px; padding-right: 1px; padding-left: 1px;\"><a href=\"https:\/\/www.dropbox.com\/s\/oh1krqeug21j321\/455-5016_packlist.pdf?dl=1\"><span style=\"font-size: 11pt;\"><span style=\"font-weight: 400;\"><span style=\"font-style: normal;\"><span style=\"text-decoration: none;\"><span style=\"font-family: Calibri,sans-serif;\">Packliste<\/span><\/span><\/span><\/span><\/span><\/a><\/td>\n<\/tr>\n<tr style=\"height: 20.0pt;\">\n<td class=\"xl69\" style=\"border: 0.5pt solid gray; background: #b0e40a; height: 20.0pt; border-top: none; text-align: center; vertical-align: middle; padding-top: 1px; padding-right: 1px; padding-left: 1px;\" height=\"27\"><span style=\"font-size: 11pt;\"><span style=\"font-weight: 400;\"><span style=\"font-style: normal;\"><span style=\"text-decoration: none;\"><span style=\"font-family: Calibri,sans-serif;\">ELT C406-1 HM 455-5017<\/span><\/span><\/span><\/span><\/span><\/td>\n<td class=\"xl66\" style=\"border: none; text-align: center; vertical-align: middle; padding-top: 1px; padding-right: 1px; padding-left: 1px;\"><span style=\"font-size: 11pt;\"><span style=\"font-weight: 400;\"><span style=\"font-style: normal;\"><span style=\"text-decoration: none;\"><span style=\"font-family: Calibri,sans-serif;\">110-340 &amp; 110-340-01 (Schutzkante)<\/span><\/span><\/span><\/span><\/span><\/td>\n<td class=\"xl66\" style=\"border: none; text-align: center; vertical-align: middle; padding-top: 1px; padding-right: 1px; padding-left: 1px;\"><span style=\"font-size: 11pt;\"><span style=\"font-weight: 400;\"><span style=\"font-style: normal;\"><span style=\"text-decoration: none;\"><span style=\"font-family: Calibri,sans-serif;\">455-6196<\/span><\/span><\/span><\/span><\/span><\/td>\n<td class=\"xl66\" style=\"border: none; text-align: center; vertical-align: middle; padding-top: 1px; padding-right: 1px; padding-left: 1px;\"><a href=\"https:\/\/www.dropbox.com\/s\/jy5acnvztahv4rr\/455-5017_packlist.pdf?dl=1\"><span style=\"font-size: 11pt;\"><span style=\"font-weight: 400;\"><span style=\"font-style: normal;\"><span style=\"text-decoration: none;\"><span style=\"font-family: Calibri,sans-serif;\">Packliste<\/span><\/span><\/span><\/span><\/span><\/a><\/td>\n<\/tr>\n<\/tbody>\n<\/table>\n","protected":false},"excerpt":{"rendered":"<p>Der Artex C406-1 HM sendet auf allen drei Notruffrequenzen (121,5\/243,0 und 406 MHz). Das ELT wird bei einem Unfall automatisch aktiviert und sendet den Standard-Sweep-Ton auf 121,5 und 243,0 MHz. Au\u00dferdem sendet er eine 406 MHz codierte digitale Nachricht an das Cospas\/Sarsat-Satellitensystem. Dies erm\u00f6glicht eine schnelle Identifizierung und verk\u00fcrzt die Reaktionszeit von Such- und Rettungskr\u00e4ften.  <\/p>\n","protected":false},"featured_media":12374,"template":"","meta":{"_acf_changed":false,"om_disable_all_campaigns":false},"product_brand":[],"product_cat":[5570],"product_tag":[5576,8556,6687,6661,6651,6692,6676,6647],"class_list":{"0":"post-156675","1":"product","2":"type-product","3":"status-publish","4":"has-post-thumbnail","6":"product_cat-luftfahrt","7":"product_tag-406-de","8":"product_tag-406-1-de","9":"product_tag-artex-c406-de","10":"product_tag-artex-c406-1-de","11":"product_tag-artex-me-406-de","12":"product_tag-artex-me-406-elt-de","13":"product_tag-artex-me406-de","14":"product_tag-me-406-elt-de","15":"pa_aircraft-type-drehflugler","16":"pa_product-elt-losungen","17":"pa_product-rescue-beacons-de","18":"pa_product-rescue-beacons-ukw-sart","20":"first","21":"instock","22":"taxable","23":"shipping-taxable","24":"product-type-simple"},"acf":[],"_links":{"self":[{"href":"https:\/\/www.acrartex.com\/de\/wp-json\/wp\/v2\/product\/156675","targetHints":{"allow":["GET"]}}],"collection":[{"href":"https:\/\/www.acrartex.com\/de\/wp-json\/wp\/v2\/product"}],"about":[{"href":"https:\/\/www.acrartex.com\/de\/wp-json\/wp\/v2\/types\/product"}],"wp:featuredmedia":[{"embeddable":true,"href":"https:\/\/www.acrartex.com\/de\/wp-json\/wp\/v2\/media\/12374"}],"wp:attachment":[{"href":"https:\/\/www.acrartex.com\/de\/wp-json\/wp\/v2\/media?parent=156675"}],"wp:term":[{"taxonomy":"product_brand","embeddable":true,"href":"https:\/\/www.acrartex.com\/de\/wp-json\/wp\/v2\/product_brand?post=156675"},{"taxonomy":"product_cat","embeddable":true,"href":"https:\/\/www.acrartex.com\/de\/wp-json\/wp\/v2\/product_cat?post=156675"},{"taxonomy":"product_tag","embeddable":true,"href":"https:\/\/www.acrartex.com\/de\/wp-json\/wp\/v2\/product_tag?post=156675"}],"curies":[{"name":"wp","href":"https:\/\/api.w.org\/{rel}","templated":true}]}}