{"id":156674,"date":"2021-03-16T08:24:50","date_gmt":"2021-03-16T13:24:50","guid":{"rendered":"https:\/\/www.acrartex.com\/products\/resqlink-personal-locator-beacon-view\/"},"modified":"2026-03-06T10:08:23","modified_gmt":"2026-03-06T15:08:23","slug":"resqlink-personal-locator-beacon-view","status":"publish","type":"product","link":"https:\/\/www.acrartex.com\/de\/products\/resqlink-personal-locator-beacon-view\/","title":{"rendered":"ResQLink\u2122 View Pers\u00f6nlicher Ortungssender"},"content":{"rendered":"<p style=\"margin-left: 0in; margin-right: 0in;\">Mit drei integrierten Signaltechnologien \u2013 GPS-Positionierung, einem leistungsstarken 406-MHz-Signal und 121,5-MHz-Peilung \u2013 \u00fcbermittelt das ResQLink View Ihre Position schnell und pr\u00e4zise an ein weltweites Netzwerk von Such- und Rettungssatelliten. Zus\u00e4tzlich erleichtern ein eingebautes Blitzlicht und ein Infrarotblitzlicht Rettungseins\u00e4tze bei Nacht oder anderen schlechten Sichtverh\u00e4ltnissen. <\/p>\n<p style=\"margin-left: 0in; margin-right: 0in;\">Wohin auch immer Ihr Abenteuer Sie f\u00fchrt \u2013 ob auf die h\u00f6chsten Berggipfel, in unber\u00fchrte Gebiete oder auf die Weiten des Ozeans \u2013, Sie k\u00f6nnen sich darauf verlassen, dass der ResQLink View jederzeit problemlos einsatzbereit ist. Einfach die Antenne ausklappen, den Einschaltknopf dr\u00fccken, und der Notfallsender erledigt den Rest. Er f\u00fchrt Rettungskr\u00e4fte m\u00fchelos bis auf 100 Meter genau zu Ihrer Position. Dank des integrierten Digitaldisplays, das den Live-Status des Notfallsenders und die GPS-Koordinaten w\u00e4hrend des gesamten Rettungsvorgangs anzeigt, k\u00f6nnen Sie beruhigt sein.   <\/p>\n<p style=\"margin-left: 0in; margin-right: 0in;\">Dank innovativer Designelemente lassen sich Multifunktionsclips in Kombination mit dem Notfallsender verwenden und bieten so zahlreiche Tragem\u00f6glichkeiten f\u00fcr vielf\u00e4ltige Anwendungsbereiche. Die verbesserte Integration des ResQLink View an Ihrer Person oder Ihrer Ausr\u00fcstung macht Ihre Abenteuer nicht nur sicherer, sondern auch komfortabler. <\/p>\n<p style=\"margin-left: 0in; margin-right: 0in;\">Als f\u00fchrender Anbieter von lebensrettenden Produkten f\u00fcr den professionellen und Freizeitbereich bietet ACR mit dem ResQLink View Personal Locator Beacon ein H\u00f6chstma\u00df an Sicherheit und ein beruhigendes Gef\u00fchl der Geborgenheit.<\/p>\n<p style=\"margin-left: 0in; margin-right: 0in;\"><strong>Funktionen und Vorteile:<\/strong><\/p>\n<ul>\n<li>Kein Abonnement erforderlich<\/li>\n<li>GPS und Galileo GNSS<\/li>\n<li>Eingebauter Auftrieb<\/li>\n<li>Stroboskop und Infrarot-Strobe<\/li>\n<li>Globale Abdeckung<\/li>\n<li>MEOSAR-kompatibel<\/li>\n<li>Klein und leicht<\/li>\n<li>5 Jahre Batterielebensdauer<\/li>\n<li>28 Stunden Betriebsdauer**<\/li>\n<li>Multifunktions-Clip-System inklusive<\/li>\n<li><span style=\"font-family: Tahoma, sans-serif;\">Exklusive ACR-Skins sind im Kaufpreis enthalten (passen Sie Ihren Beacon individuell an und gestalten Sie ihn passend zu Ihrem Lebensstil und Ihren bevorzugten Aktivit\u00e4ten).<\/span><\/li>\n<\/ul>\n<p>&nbsp;<\/p>\n<p><strong>2347: ResQlink View PLB Sicherheitskit<\/strong> | Dieses Kit enth\u00e4lt folgende Artikel:<\/p>\n<ul>\n<li>ResQLink View\u2122 Pers\u00f6nlicher Notfallsender (Nur in den USA programmierbar)<\/li>\n<li>C-Strobe\u2122 H2O Rettungsleuchte \u2013 <a href=\"https:\/\/www.acrartex.com\/products\/c-strobe-h20\">Mehr erfahren<\/a><\/li>\n<li>Res-Q\u2122 Pfeife \u2013 <a href=\"https:\/\/www.acrartex.com\/de\/products\/ww-3-resq-pfeife\/\">Mehr erfahren<\/a><\/li>\n<li>RapidDitch Drybag<\/li>\n<li>Signalspiegel<\/li>\n<\/ul>\n<p>&nbsp;<\/p>\n<p><strong>2361: ResQLink VIEW PLB + ResQFlare Sicherheitsset<\/strong> | Dieses Set enth\u00e4lt die folgenden wichtigen \u00dcberlebensprodukte:<\/p>\n<ul>\n<li>ResQLink View Pers\u00f6nlicher Locator Beacon (Nur in den USA programmierbar)<\/li>\n<li>Elektronisches Notsignal ResQFlare<\/li>\n<li>C-Strobe H2O Rettungsleuchte<\/li>\n<li>Signalspiegel<\/li>\n<li>Res-Q\u2122 Pfeife<\/li>\n<li>RapidDitch Trockentasche<\/li>\n<\/ul>\n","protected":false},"excerpt":{"rendered":"<p style=\"margin-left: 0in; margin-right: 0in;\">Klein, aber robust: Der ResQLink View wurde professionell entwickelt und getestet, um selbst h\u00e4rtesten Bedingungen standzuhalten. Dieser schwimmf\u00e4hige Notfallsender ben\u00f6tigt kein Abonnement und verf\u00fcgt \u00fcber ein digitales Display mit Live-Status und GPS-Koordinaten. Ob an Land, auf See oder in der Luft \u2013 mit der satellitengest\u00fctzten Pr\u00e4zision und der milit\u00e4rischen Robustheit des ResQLink haben Sie im Notfall immer Hilfe in der Hand.  <\/p>\n<p>Basierend auf einem Pr\u00fcfbericht eines akkreditierten Labors<\/p>\n<p>&nbsp;<\/p>\n<p><a href=\"https:\/\/www.dropbox.com\/s\/8343nj28z0d7bxa\/Prop%2065%20-%20BPA.pdf?dl=0\">WARNUNG: PROP 65<\/a><\/p>\n<p>&nbsp;<\/p>\n","protected":false},"featured_media":12437,"template":"","meta":{"_acf_changed":false,"om_disable_all_campaigns":false},"product_brand":[],"product_cat":[6028,5687,6024,6023,6026,5636,6030,12618,6029,6027],"product_tag":[5576,6332,8143,11427,6347,6038,5698,6338,6346,12634,12695,6340,6345,12619,12674,6350,6333,9246,6339,5690,12664,6037,12655,6337,6334,6335,6344,12627,12683],"class_list":{"0":"post-156674","1":"product","2":"type-product","3":"status-publish","4":"has-post-thumbnail","6":"product_cat-action-sport-offroad-de","7":"product_cat-im-freien","8":"product_cat-in-kustennahe","9":"product_cat-inland-de","10":"product_cat-kommerziell","11":"product_cat-marine-de","12":"product_cat-paddelsport-angeln","13":"product_cat-personal-locator-beacon-de","14":"product_cat-reiseausrustung","15":"product_cat-wandern-klettern-campen","16":"product_tag-406-de","17":"product_tag-406-mhz-de","18":"product_tag-acr-de","19":"product_tag-acr-ortungsgerat","20":"product_tag-angeln","21":"product_tag-antwort","22":"product_tag-geographisches-positionierungs-system","23":"product_tag-gps-ortungsgerat","24":"product_tag-jagd","25":"product_tag-kajakfahren-de","26":"product_tag-kein-abonnement","27":"product_tag-kleines-leuchtfeuer","28":"product_tag-klettern","29":"product_tag-land-de","30":"product_tag-lcd-de","31":"product_tag-lebensrettende-ausrustung","32":"product_tag-leuchtfeuer","33":"product_tag-marine-de","34":"product_tag-personliches-epirb","35":"product_tag-plb-de","36":"product_tag-plb-425-de","37":"product_tag-resqlink-de","38":"product_tag-resqlink-ansicht","39":"product_tag-schwimmer","40":"product_tag-schwimmfahig","41":"product_tag-schwimmfahiges-plb","42":"product_tag-wanderleuchtfeuer","43":"product_tag-wandern","44":"product_tag-zuverlassig","45":"pa_activity-angeln","46":"pa_activity-camping-de","47":"pa_activity-fahrrad","48":"pa_activity-gelandewagen-4x4","49":"pa_activity-klettern","50":"pa_activity-paddelsport","51":"pa_activity-querfeldein","52":"pa_activity-schneemobil","53":"pa_activity-ski-snowboard","54":"pa_activity-wandern","55":"pa_boat-type-charteryacht-de","56":"pa_boat-type-kommerzielle-fischerei","57":"pa_boat-type-motorboot","58":"pa_boat-type-segelboot","59":"pa_boat-type-sportcraft-de","60":"pa_boat-type-yacht-de","61":"pa_product-rescue-beacons-de","62":"pa_terrain-flusse-feuchtgebiete-seen-de","63":"pa_terrain-hugel-berg","64":"pa_terrain-tundra-de-2","65":"pa_terrain-wald-dschungel","67":"first","68":"instock","69":"taxable","70":"shipping-taxable","71":"purchasable","72":"product-type-variable","73":"has-default-attributes"},"acf":[],"_links":{"self":[{"href":"https:\/\/www.acrartex.com\/de\/wp-json\/wp\/v2\/product\/156674","targetHints":{"allow":["GET"]}}],"collection":[{"href":"https:\/\/www.acrartex.com\/de\/wp-json\/wp\/v2\/product"}],"about":[{"href":"https:\/\/www.acrartex.com\/de\/wp-json\/wp\/v2\/types\/product"}],"wp:featuredmedia":[{"embeddable":true,"href":"https:\/\/www.acrartex.com\/de\/wp-json\/wp\/v2\/media\/12437"}],"wp:attachment":[{"href":"https:\/\/www.acrartex.com\/de\/wp-json\/wp\/v2\/media?parent=156674"}],"wp:term":[{"taxonomy":"product_brand","embeddable":true,"href":"https:\/\/www.acrartex.com\/de\/wp-json\/wp\/v2\/product_brand?post=156674"},{"taxonomy":"product_cat","embeddable":true,"href":"https:\/\/www.acrartex.com\/de\/wp-json\/wp\/v2\/product_cat?post=156674"},{"taxonomy":"product_tag","embeddable":true,"href":"https:\/\/www.acrartex.com\/de\/wp-json\/wp\/v2\/product_tag?post=156674"}],"curies":[{"name":"wp","href":"https:\/\/api.w.org\/{rel}","templated":true}]}}