{"id":156590,"date":"2021-03-16T08:24:25","date_gmt":"2021-03-16T13:24:25","guid":{"rendered":"https:\/\/www.acrartex.com\/products\/resqlink-400-personal-locator-beacon\/"},"modified":"2026-02-03T13:49:08","modified_gmt":"2026-02-03T18:49:08","slug":"resqlink-400-personal-locator-beacon","status":"publish","type":"product","link":"https:\/\/www.acrartex.com\/de\/products\/resqlink-400-personal-locator-beacon\/","title":{"rendered":"ResQLink \u2122 400 Personal Locator Beacon"},"content":{"rendered":"<p style=\"margin-left: 0in; margin-right: 0in;\">Mit drei integrierten Signaltechnologien \u2013 GPS Ortung, einem leistungsstarken 406-MHz-Signal und 121,5-MHz-Zielsuchfunktion \u2013 \u00fcbermittelt der ResQLink 400 Ihre Position schnell und pr\u00e4zise an ein weltweites Netzwerk von Such- und Rettungssatelliten. Ein eingebautes Blitzlicht und ein Infrarot-Blitzlicht erleichtern zudem Rettungseins\u00e4tze bei Nacht oder schlechten Sichtverh\u00e4ltnissen. <\/p>\n<p style=\"margin-left: 0in; margin-right: 0in;\">Wohin Ihr Abenteuer Sie auch f\u00fchrt, ob zu den h\u00f6chsten Berggipfeln, ins unerforschte Gel\u00e4nde oder auf die weitesten Ozeane \u2013 der ResQLink 400 l\u00e4sst sich stets problemlos aktivieren. Einfach die Antenne ausfahren, die Einschalttaste dr\u00fccken, und der Sender erledigt den Rest f\u00fcr Sie. Er f\u00fchrt Rettungskr\u00e4fte m\u00fchelos bis auf 100 Meter an Ihre Position heran. <\/p>\n<p style=\"margin-left: 0in; margin-right: 0in;\">Dank innovativer Designelemente k\u00f6nnen Multifunktionsclips in Verbindung mit dem Beacon verwendet werden und bieten so zahlreiche Trageoptionen f\u00fcr eine Vielzahl n\u00fctzlicher Anwendungen. Die einfachere Integration des ResQLink 400 am K\u00f6rper oder in die Ausr\u00fcstung macht all Ihre Abenteuer nicht nur sicherer, sondern auch komfortabler. <\/p>\n<p style=\"margin-left: 0in; margin-right: 0in;\">Als f\u00fchrender Anbieter lebensrettender Produkte f\u00fcr den professionellen und privaten Gebrauch bietet ACR mit dem ResQLink 400 Personal Locator Beacon beispiellose Sicherheit und Seelenfrieden.<\/p>\n<p><strong>2346: ResQlink 400 Base PLB Sicherheitskit<\/strong> | Dieses Kit enth\u00e4lt die folgenden Artikel:<\/p>\n<p>+ ResQLink 400\u2122 Personal Locator Beacon (nur in den USA programmiert)<br \/>\n + C-Strobe\u2122 H2O Rettungslicht<br \/>\n + Res-Q\u2122 Pfeife<br \/>\n + RapidDitch Drybag<br \/>\n + Signalspiegel<\/p>\n","protected":false},"excerpt":{"rendered":"<p style=\"margin-left: 0in; margin-right: 0in;\"><span style=\"font-size: 14px;\">Klein, aber robust: Der ResQLink 400 wurde professionell entwickelt und getestet, um sicherzustellen, dass er selbst den h\u00e4rtesten Bedingungen standh\u00e4lt. Dieser schwimmf\u00e4hige Personal Locator Beacon ben\u00f6tigt kein Abonnement und kann Ihre Sicherheit in den unterschiedlichsten Umgebungen erh\u00f6hen. Ob zu Land, zu Wasser oder in der Luft \u2013 vertrauen Sie auf die Satellitenpr\u00e4zision und milit\u00e4rische Robustheit des ResQLink und legen Sie die Rettung in Ihre H\u00e4nde.  <\/span><\/p>\n<p style=\"margin-left: 0in; margin-right: 0in;\"><span style=\"font-size: 14px;\"><strong>Funktionen und Vorteile:<\/strong><\/span><\/p>\n<ul>\n<li><span style=\"font-size: 14px;\">Kein Abonnement erforderlich<\/span><\/li>\n<li><span style=\"font-size: 14px;\">GPS und Galileo GNSS<\/span><\/li>\n<li><span style=\"font-size: 14px;\">Eingebauter Auftrieb<\/span><\/li>\n<li><span style=\"font-size: 14px;\">Stroboskop und Infrarot-Strobe<\/span><\/li>\n<li><span style=\"font-size: 14px;\">Globale Abdeckung<\/span><\/li>\n<li><span style=\"font-size: 14px;\">MEOSAR-kompatibel<\/span><\/li>\n<li><span style=\"font-size: 14px;\">Klein und leicht<\/span><\/li>\n<li><span style=\"font-size: 14px;\">5 Jahre Batterielebensdauer<\/span><\/li>\n<li><span style=\"font-size: 14px;\">\u00dcber 24 Stunden Betriebsdauer**<\/span><\/li>\n<li><span style=\"font-size: 14px;\">Multifunktions-Clip-System enthalten<\/span><\/li>\n<\/ul>\n<p><span style=\"font-size: 14px;\">**Basierend auf einem Testbericht eines akkreditierten Labors | <a href=\"https:\/\/www.dropbox.com\/s\/8343nj28z0d7bxa\/Prop%2065%20-%20BPA.pdf?dl=0\">WARNUNG: PROP 65<\/a> <\/span><\/p>\n","protected":false},"featured_media":156618,"template":"","meta":{"_acf_changed":false,"om_disable_all_campaigns":false},"product_brand":[],"product_cat":[6028,5687,6024,6023,6026,5636,6030,12618,6029,6027],"product_tag":[12654,5576,6332,6341,8143,11427,6347,6038,6342,6348,5698,6338,12645,12650,11766,6346,12634,6340,6345,11778,12619,6350,6333,11788,6339,5694,5690,12639,6337,6334,6335,6349,6344,12627],"class_list":{"0":"post-156590","1":"product","2":"type-product","3":"status-publish","4":"has-post-thumbnail","6":"product_cat-action-sport-offroad-de","7":"product_cat-im-freien","8":"product_cat-in-kustennahe","9":"product_cat-inland-de","10":"product_cat-kommerziell","11":"product_cat-marine-de","12":"product_cat-paddelsport-angeln","13":"product_cat-personal-locator-beacon-de","14":"product_cat-reiseausrustung","15":"product_cat-wandern-klettern-campen","16":"product_tag-2921-de","17":"product_tag-406-de","18":"product_tag-406-mhz-de","19":"product_tag-66-kanal","20":"product_tag-acr-de","21":"product_tag-acr-ortungsgerat","22":"product_tag-angeln","23":"product_tag-antwort","24":"product_tag-einfache-aktivierung","25":"product_tag-ersthelfer","26":"product_tag-geographisches-positionierungs-system","27":"product_tag-gps-ortungsgerat","28":"product_tag-gps-sender","29":"product_tag-gps-tracker-de-2","30":"product_tag-im-freien","31":"product_tag-jagd","32":"product_tag-kajakfahren-de","33":"product_tag-kleines-leuchtfeuer","34":"product_tag-klettern","35":"product_tag-kustennah","36":"product_tag-land-de","37":"product_tag-lebensrettende-ausrustung","38":"product_tag-leuchtfeuer","39":"product_tag-neuestes-modell","40":"product_tag-personliches-epirb","41":"product_tag-personliches-ortungssignal","42":"product_tag-plb-de","43":"product_tag-resqlink-400-de","44":"product_tag-schwimmer","45":"product_tag-schwimmfahig","46":"product_tag-schwimmfahiges-plb","47":"product_tag-uberlebenssignal","48":"product_tag-wanderleuchtfeuer","49":"product_tag-wandern","50":"pa_activity-angeln","51":"pa_activity-camping-de","52":"pa_activity-fahrrad","53":"pa_activity-gelandewagen-4x4","54":"pa_activity-klettern","55":"pa_activity-paddelsport","56":"pa_activity-querfeldein","57":"pa_activity-schneemobil","58":"pa_activity-ski-snowboard","59":"pa_activity-wandern","60":"pa_boat-type-charteryacht-de","61":"pa_boat-type-kommerzielle-fischerei","62":"pa_boat-type-motorboot","63":"pa_boat-type-schlepper","64":"pa_boat-type-segelboot","65":"pa_boat-type-sportcraft-de","66":"pa_boat-type-yacht-de","67":"pa_product-rescue-beacons-de","68":"pa_terrain-flusse-feuchtgebiete-seen-de","69":"pa_terrain-hugel-berg","70":"pa_terrain-tundra-de-2","71":"pa_terrain-wald-dschungel","73":"first","74":"instock","75":"taxable","76":"shipping-taxable","77":"purchasable","78":"product-type-variable","79":"has-default-attributes"},"acf":[],"_links":{"self":[{"href":"https:\/\/www.acrartex.com\/de\/wp-json\/wp\/v2\/product\/156590","targetHints":{"allow":["GET"]}}],"collection":[{"href":"https:\/\/www.acrartex.com\/de\/wp-json\/wp\/v2\/product"}],"about":[{"href":"https:\/\/www.acrartex.com\/de\/wp-json\/wp\/v2\/types\/product"}],"wp:featuredmedia":[{"embeddable":true,"href":"https:\/\/www.acrartex.com\/de\/wp-json\/wp\/v2\/media\/156618"}],"wp:attachment":[{"href":"https:\/\/www.acrartex.com\/de\/wp-json\/wp\/v2\/media?parent=156590"}],"wp:term":[{"taxonomy":"product_brand","embeddable":true,"href":"https:\/\/www.acrartex.com\/de\/wp-json\/wp\/v2\/product_brand?post=156590"},{"taxonomy":"product_cat","embeddable":true,"href":"https:\/\/www.acrartex.com\/de\/wp-json\/wp\/v2\/product_cat?post=156590"},{"taxonomy":"product_tag","embeddable":true,"href":"https:\/\/www.acrartex.com\/de\/wp-json\/wp\/v2\/product_tag?post=156590"}],"curies":[{"name":"wp","href":"https:\/\/api.w.org\/{rel}","templated":true}]}}