{"id":156472,"date":"2021-03-16T08:23:05","date_gmt":"2021-03-16T08:23:05","guid":{"rendered":"https:\/\/www.acrartex.com\/products\/c406-2\/"},"modified":"2026-01-06T09:46:31","modified_gmt":"2026-01-06T14:46:31","slug":"c406-2","status":"publish","type":"product","link":"https:\/\/www.acrartex.com\/de\/products\/c406-2\/","title":{"rendered":"C406-2"},"content":{"rendered":"<p>Der C406-2 wurde auf die strengen Anforderungen der TSO C126 gepr\u00fcft, darunter 500-G-Sto\u00dffestigkeit, 450-kg-Stauchh\u00e4rte sowie Flammen- und Vibrationstests. Der C406-2 ist f\u00fcr den Einsatz mit den kosteng\u00fcnstigen Peitschenantennen, Stabantennen oder einer Blattantenne von Artex erh\u00e4ltlich und kann mit der optionalen Artex ELT \/NAV-Schnittstelle verbunden werden, die die \u00dcbertragung von L\u00e4ngen- und Breitengraddaten als Teil der 406-MHz-Nachricht erm\u00f6glicht. Der C406-2 nutzt zwei Koaxialkabel, um alle drei Frequenzen zu \u00fcbertragen. Das C406-2 ELT ist f\u00fcr Starrfl\u00fcgelflugzeuge mit einem unidirektionalen G-Switch erh\u00e4ltlich.   <\/p>\n<p>ARTEX ELTs sind die Wahl f\u00fcr Verkehrsflugzeuge wie Boeing, Bombardier und Embraer sowie f\u00fcr Businessjets wie Cessna, Beechcraft, Quest, Gulfstream und Embraer.<\/p>\n<p>&nbsp;<\/p>\n<p>ELT -Packliste<\/p>\n<table style=\"border-collapse: collapse; width: 745pt; border: none;\" width=\"994\">\n<colgroup>\n<col style=\"width: 140pt;\" width=\"187\">\n<col style=\"width: 219pt;\" width=\"292\">\n<col style=\"width: 197pt;\" width=\"263\">\n<col style=\"width: 189pt;\" width=\"252\"> <\/colgroup>\n<tbody>\n<tr style=\"height: 20.0pt;\">\n<td class=\"xl66\" style=\"border: none; height: 20.0pt; width: 140pt; text-align: center; vertical-align: middle; padding-top: 1px; padding-right: 1px; padding-left: 1px;\" width=\"187\" height=\"27\"><\/td>\n<td class=\"xl69\" style=\"border: 0.5pt solid gray; background: #3c404a; width: 219pt; text-align: center; vertical-align: middle; padding-top: 1px; padding-right: 1px; padding-left: 1px;\" width=\"292\"><span style=\"font-size: 11pt;\"><span style=\"color: #b0e40a;\"><span style=\"font-weight: bold;\"><span style=\"font-style: normal;\"><span style=\"text-decoration: none;\"><span style=\"font-family: Calibri,sans-serif;\">Antenne<\/span><\/span><\/span><\/span><\/span><\/span><\/td>\n<td class=\"xl69\" style=\"border: 0.5pt solid gray; background: #3c404a; border-left: none; width: 197pt; text-align: center; vertical-align: middle; padding-top: 1px; padding-right: 1px; padding-left: 1px;\" width=\"263\"><span style=\"font-size: 11pt;\"><span style=\"color: #b0e40a;\"><span style=\"font-weight: bold;\"><span style=\"font-style: normal;\"><span style=\"text-decoration: none;\"><span style=\"font-family: Calibri,sans-serif;\">Fernschalter &amp; Zubeh\u00f6r<\/span><\/span><\/span><\/span><\/span><\/span><\/td>\n<td class=\"xl68\" style=\"border: none; background: #3c404a; border-left: none; width: 189pt; text-align: center; vertical-align: middle; border-width: 0.5pt; border-style: solid; border-color: gray windowtext gray gray; padding-top: 1px; padding-right: 1px; padding-left: 1px;\" width=\"252\"><span style=\"font-size: 11pt;\"><span style=\"color: #b0e40a;\"><span style=\"font-weight: bold;\"><span style=\"font-style: normal;\"><span style=\"text-decoration: none;\"><span style=\"font-family: Calibri,sans-serif;\">Handb\u00fccher\/Zulassungen\/Downloads<\/span><\/span><\/span><\/span><\/span><\/span><\/td>\n<\/tr>\n<tr style=\"height: 20.0pt;\">\n<td class=\"xl72\" style=\"border: 0.5pt solid gray; background: #b0e40a; height: 20.0pt; text-align: center; vertical-align: middle; padding-top: 1px; padding-right: 1px; padding-left: 1px;\" height=\"27\"><span style=\"font-size: 11pt;\"><span style=\"font-weight: 400;\"><span style=\"font-style: normal;\"><span style=\"text-decoration: none;\"><span style=\"font-family: Calibri,sans-serif;\">ELT C406-2 455-5000<\/span><\/span><\/span><\/span><\/span><\/td>\n<td class=\"xl70\" style=\"border: none; padding-top: 1px; padding-right: 1px; padding-left: 1px; vertical-align: bottom;\"><span style=\"font-size: 11pt;\"><span style=\"font-weight: 400;\"><span style=\"font-style: normal;\"><span style=\"text-decoration: none;\"><span style=\"font-family: Calibri,sans-serif;\"> <\/span><\/span><\/span><\/span><\/span><\/td>\n<td class=\"xl67\" style=\"border: none; padding-top: 1px; padding-right: 1px; padding-left: 1px; vertical-align: bottom;\"><span style=\"font-size: 11pt;\"><span style=\"font-weight: 400;\"><span style=\"font-style: normal;\"><span style=\"text-decoration: none;\"><span style=\"font-family: Calibri,sans-serif;\"> <\/span><\/span><\/span><\/span><\/span><\/td>\n<td class=\"xl66\" style=\"border: none; text-align: center; vertical-align: middle; padding-top: 1px; padding-right: 1px; padding-left: 1px;\"><a href=\"https:\/\/www.dropbox.com\/s\/hy0q1pqwa1h6ikj\/455-5000_packlist.pdf?dl=1\"><span style=\"font-size: 11pt;\"><span style=\"font-weight: 400;\"><span style=\"font-style: normal;\"><span style=\"text-decoration: none;\"><span style=\"font-family: Calibri,sans-serif;\">Packliste<\/span><\/span><\/span><\/span><\/span><\/a><\/td>\n<\/tr>\n<tr style=\"height: 20.0pt;\">\n<td class=\"xl72\" style=\"border: 0.5pt solid gray; background: #b0e40a; height: 20.0pt; border-top: none; text-align: center; vertical-align: middle; padding-top: 1px; padding-right: 1px; padding-left: 1px;\" height=\"27\"><span style=\"font-size: 11pt;\"><span style=\"font-weight: 400;\"><span style=\"font-style: normal;\"><span style=\"text-decoration: none;\"><span style=\"font-family: Calibri,sans-serif;\">ELT C406-2 455-5010<\/span><\/span><\/span><\/span><\/span><\/td>\n<td class=\"xl66\" style=\"border: none; text-align: center; vertical-align: middle; padding-top: 1px; padding-right: 1px; padding-left: 1px;\"><span style=\"font-size: 11pt;\"><span style=\"font-weight: 400;\"><span style=\"font-style: normal;\"><span style=\"text-decoration: none;\"><span style=\"font-family: Calibri,sans-serif;\">110-320 (Wei\u00df) und 110-320-04 (Schwarz)<\/span><\/span><\/span><\/span><\/span><\/td>\n<td class=\"xl66\" style=\"border: none; text-align: center; vertical-align: middle; padding-top: 1px; padding-right: 1px; padding-left: 1px;\"><span style=\"font-size: 11pt;\"><span style=\"font-weight: 400;\"><span style=\"font-style: normal;\"><span style=\"text-decoration: none;\"><span style=\"font-family: Calibri,sans-serif;\">455-6196<\/span><\/span><\/span><\/span><\/span><\/td>\n<td class=\"xl66\" style=\"border: none; text-align: center; vertical-align: middle; padding-top: 1px; padding-right: 1px; padding-left: 1px;\"><a href=\"https:\/\/www.dropbox.com\/s\/k8iopwt73hv53eh\/455-5010_packlist.pdf?dl=1\"><span style=\"font-size: 11pt;\"><span style=\"font-weight: 400;\"><span style=\"font-style: normal;\"><span style=\"text-decoration: none;\"><span style=\"font-family: Calibri,sans-serif;\">Packliste<\/span><\/span><\/span><\/span><\/span><\/a><\/td>\n<\/tr>\n<tr style=\"height: 20.0pt;\">\n<td class=\"xl72\" style=\"border: 0.5pt solid gray; background: #b0e40a; height: 20.0pt; border-top: none; text-align: center; vertical-align: middle; padding-top: 1px; padding-right: 1px; padding-left: 1px;\" height=\"27\"><span style=\"font-size: 11pt;\"><span style=\"font-weight: 400;\"><span style=\"font-style: normal;\"><span style=\"text-decoration: none;\"><span style=\"font-family: Calibri,sans-serif;\">ELT C406-2 455-5011<\/span><\/span><\/span><\/span><\/span><\/td>\n<td class=\"xl66\" style=\"border: none; text-align: center; vertical-align: middle; padding-top: 1px; padding-right: 1px; padding-left: 1px;\"><span style=\"font-size: 11pt;\"><span style=\"font-weight: 400;\"><span style=\"font-style: normal;\"><span style=\"text-decoration: none;\"><span style=\"font-family: Calibri,sans-serif;\">110-337 und 110-337-01 (Schutzkante)<\/span><\/span><\/span><\/span><\/span><\/td>\n<td class=\"xl66\" style=\"border: none; text-align: center; vertical-align: middle; padding-top: 1px; padding-right: 1px; padding-left: 1px;\"><span style=\"font-size: 11pt;\"><span style=\"font-weight: 400;\"><span style=\"font-style: normal;\"><span style=\"text-decoration: none;\"><span style=\"font-family: Calibri,sans-serif;\">455-6196<\/span><\/span><\/span><\/span><\/span><\/td>\n<td class=\"xl66\" style=\"border: none; text-align: center; vertical-align: middle; padding-top: 1px; padding-right: 1px; padding-left: 1px;\"><a href=\"https:\/\/www.dropbox.com\/s\/10ikl65mf9zqtwi\/455-5011_packlist.pdf?dl=1\"><span style=\"font-size: 11pt;\"><span style=\"font-weight: 400;\"><span style=\"font-style: normal;\"><span style=\"text-decoration: none;\"><span style=\"font-family: Calibri,sans-serif;\">Packliste<\/span><\/span><\/span><\/span><\/span><\/a><\/td>\n<\/tr>\n<tr style=\"height: 20.0pt;\">\n<td class=\"xl72\" style=\"border: 0.5pt solid gray; background: #b0e40a; height: 20.0pt; border-top: none; text-align: center; vertical-align: middle; padding-top: 1px; padding-right: 1px; padding-left: 1px;\" height=\"27\"><span style=\"font-size: 11pt;\"><span style=\"font-weight: 400;\"><span style=\"font-style: normal;\"><span style=\"text-decoration: none;\"><span style=\"font-family: Calibri,sans-serif;\">ELT C406-2 455-5022<\/span><\/span><\/span><\/span><\/span><\/td>\n<td class=\"xl66\" style=\"border: none; text-align: center; vertical-align: middle; padding-top: 1px; padding-right: 1px; padding-left: 1px;\"><\/td>\n<td class=\"xl66\" style=\"border: none; text-align: center; vertical-align: middle; padding-top: 1px; padding-right: 1px; padding-left: 1px;\"><\/td>\n<td class=\"xl66\" style=\"border: none; text-align: center; vertical-align: middle; padding-top: 1px; padding-right: 1px; padding-left: 1px;\"><a href=\"https:\/\/www.dropbox.com\/s\/ae3bgh15nbgy9bb\/455-5022_packlist.pdf?dl=1\"><span style=\"font-size: 11pt;\"><span style=\"font-weight: 400;\"><span style=\"font-style: normal;\"><span style=\"text-decoration: none;\"><span style=\"font-family: Calibri,sans-serif;\">Packliste<\/span><\/span><\/span><\/span><\/span><\/a><\/td>\n<\/tr>\n<tr style=\"height: 20.0pt;\">\n<td class=\"xl72\" style=\"border: 0.5pt solid gray; background: #b0e40a; height: 20.0pt; border-top: none; text-align: center; vertical-align: middle; padding-top: 1px; padding-right: 1px; padding-left: 1px;\" height=\"27\"><span style=\"font-size: 11pt;\"><span style=\"font-weight: 400;\"><span style=\"font-style: normal;\"><span style=\"text-decoration: none;\"><span style=\"font-family: Calibri,sans-serif;\">ELT C406-2 455-5028<\/span><\/span><\/span><\/span><\/span><\/td>\n<td class=\"xl66\" style=\"border: none; text-align: center; vertical-align: middle; padding-top: 1px; padding-right: 1px; padding-left: 1px;\"><span style=\"font-size: 11pt;\"><span style=\"font-weight: 400;\"><span style=\"font-style: normal;\"><span style=\"text-decoration: none;\"><span style=\"font-family: Calibri,sans-serif;\">110-337 und 110-337-01 (Schutzkante)<\/span><\/span><\/span><\/span><\/span><\/td>\n<td class=\"xl66\" style=\"border: none; text-align: center; vertical-align: middle; padding-top: 1px; padding-right: 1px; padding-left: 1px;\"><\/td>\n<td class=\"xl66\" style=\"border: none; text-align: center; vertical-align: middle; padding-top: 1px; padding-right: 1px; padding-left: 1px;\"><a href=\"https:\/\/www.dropbox.com\/s\/56o39fab0pl8xl8\/455-5028_packlist.pdf?dl=1\"><span style=\"font-size: 11pt;\"><span style=\"font-weight: 400;\"><span style=\"font-style: normal;\"><span style=\"text-decoration: none;\"><span style=\"font-family: Calibri,sans-serif;\">Packliste<\/span><\/span><\/span><\/span><\/span><\/a><\/td>\n<\/tr>\n<tr style=\"height: 20.0pt;\">\n<td class=\"xl72\" style=\"border: 0.5pt solid gray; background: #b0e40a; height: 20.0pt; border-top: none; text-align: center; vertical-align: middle; padding-top: 1px; padding-right: 1px; padding-left: 1px;\" height=\"27\"><span style=\"font-size: 11pt;\"><span style=\"font-weight: 400;\"><span style=\"font-style: normal;\"><span style=\"text-decoration: none;\"><span style=\"font-family: Calibri,sans-serif;\">ELT C406-2 455-5030<\/span><\/span><\/span><\/span><\/span><\/td>\n<td class=\"xl66\" style=\"border: none; text-align: center; vertical-align: middle; padding-top: 1px; padding-right: 1px; padding-left: 1px;\"><span style=\"font-size: 11pt;\"><span style=\"font-weight: 400;\"><span style=\"font-style: normal;\"><span style=\"text-decoration: none;\"><span style=\"font-family: Calibri,sans-serif;\">110-333 (Wei\u00df) und 110-333-04 (Schwarz)<\/span><\/span><\/span><\/span><\/span><\/td>\n<td class=\"xl66\" style=\"border: none; text-align: center; vertical-align: middle; padding-top: 1px; padding-right: 1px; padding-left: 1px;\"><\/td>\n<td class=\"xl66\" style=\"border: none; text-align: center; vertical-align: middle; padding-top: 1px; padding-right: 1px; padding-left: 1px;\"><a href=\"https:\/\/www.dropbox.com\/s\/r19up53c7ydapqf\/455-5030_packlist.pdf?dl=1\"><span style=\"font-size: 11pt;\"><span style=\"font-weight: 400;\"><span style=\"font-style: normal;\"><span style=\"text-decoration: none;\"><span style=\"font-family: Calibri,sans-serif;\">Packliste<\/span><\/span><\/span><\/span><\/span><\/a><\/td>\n<\/tr>\n<tr style=\"height: 20.0pt;\">\n<td class=\"xl72\" style=\"border: 0.5pt solid gray; background: #b0e40a; height: 20.0pt; border-top: none; text-align: center; vertical-align: middle; padding-top: 1px; padding-right: 1px; padding-left: 1px;\" height=\"27\"><span style=\"font-size: 11pt;\"><span style=\"font-weight: 400;\"><span style=\"font-style: normal;\"><span style=\"text-decoration: none;\"><span style=\"font-family: Calibri,sans-serif;\">ELT C406-2 455-5029<\/span><\/span><\/span><\/span><\/span><\/td>\n<td class=\"xl66\" style=\"border: none; text-align: center; vertical-align: middle; padding-top: 1px; padding-right: 1px; padding-left: 1px;\"><span style=\"font-size: 11pt;\"><span style=\"font-weight: 400;\"><span style=\"font-style: normal;\"><span style=\"text-decoration: none;\"><span style=\"font-family: Calibri,sans-serif;\">110-320 (Wei\u00df) und 110-320-04 (Schwarz)<\/span><\/span><\/span><\/span><\/span><\/td>\n<td class=\"xl65\" style=\"border: none; padding-top: 1px; padding-right: 1px; padding-left: 1px; vertical-align: bottom;\"><\/td>\n<td class=\"xl66\" style=\"border: none; text-align: center; vertical-align: middle; padding-top: 1px; padding-right: 1px; padding-left: 1px;\"><a href=\"https:\/\/www.dropbox.com\/s\/ghf4myr1tfiwxfh\/455-5029_packlist.pdf?dl=1\"><span style=\"font-size: 11pt;\"><span style=\"font-weight: 400;\"><span style=\"font-style: normal;\"><span style=\"text-decoration: none;\"><span style=\"font-family: Calibri,sans-serif;\">Packliste<\/span><\/span><\/span><\/span><\/span><\/a><\/td>\n<\/tr>\n<tr style=\"height: 20.0pt;\">\n<td class=\"xl72\" style=\"border: 0.5pt solid gray; background: #b0e40a; height: 20.0pt; border-top: none; text-align: center; vertical-align: middle; padding-top: 1px; padding-right: 1px; padding-left: 1px;\" height=\"27\"><span style=\"font-size: 11pt;\"><span style=\"font-weight: 400;\"><span style=\"font-style: normal;\"><span style=\"text-decoration: none;\"><span style=\"font-family: Calibri,sans-serif;\">ELT C406-2 455-5031<\/span><\/span><\/span><\/span><\/span><\/td>\n<td class=\"xl66\" style=\"border: none; text-align: center; vertical-align: middle; padding-top: 1px; padding-right: 1px; padding-left: 1px;\"><span style=\"font-size: 11pt;\"><span style=\"font-weight: 400;\"><span style=\"font-style: normal;\"><span style=\"text-decoration: none;\"><span style=\"font-family: Calibri,sans-serif;\">110-323<\/span><\/span><\/span><\/span><\/span><\/td>\n<td class=\"xl66\" style=\"border: none; text-align: center; vertical-align: middle; padding-top: 1px; padding-right: 1px; padding-left: 1px;\"><span style=\"font-size: 11pt;\"><span style=\"font-weight: 400;\"><span style=\"font-style: normal;\"><span style=\"text-decoration: none;\"><span style=\"font-family: Calibri,sans-serif;\">455-6196<\/span><\/span><\/span><\/span><\/span><\/td>\n<td class=\"xl66\" style=\"border: none; text-align: center; vertical-align: middle; padding-top: 1px; padding-right: 1px; padding-left: 1px;\"><a href=\"https:\/\/www.dropbox.com\/s\/70gg54dnyd8ih40\/455-5031_packlist.pdf?dl=1\"><span style=\"font-size: 11pt;\"><span style=\"font-weight: 400;\"><span style=\"font-style: normal;\"><span style=\"text-decoration: none;\"><span style=\"font-family: Calibri,sans-serif;\">Packliste<\/span><\/span><\/span><\/span><\/span><\/a><\/td>\n<\/tr>\n<tr style=\"height: 20.0pt;\">\n<td class=\"xl72\" style=\"border: 0.5pt solid gray; background: #b0e40a; height: 20.0pt; border-top: none; text-align: center; vertical-align: middle; padding-top: 1px; padding-right: 1px; padding-left: 1px;\" height=\"27\"><span style=\"font-size: 11pt;\"><span style=\"font-weight: 400;\"><span style=\"font-style: normal;\"><span style=\"text-decoration: none;\"><span style=\"font-family: Calibri,sans-serif;\">ELT C406-2 455-5032<\/span><\/span><\/span><\/span><\/span><\/td>\n<td class=\"xl71\" style=\"border: none; text-align: center; padding-top: 1px; padding-right: 1px; padding-left: 1px; vertical-align: bottom;\"><span style=\"font-size: 11pt;\"><span style=\"font-weight: 400;\"><span style=\"font-style: normal;\"><span style=\"text-decoration: none;\"><span style=\"font-family: Calibri,sans-serif;\">110-324<\/span><\/span><\/span><\/span><\/span><\/td>\n<td class=\"xl71\" style=\"border: none; text-align: center; padding-top: 1px; padding-right: 1px; padding-left: 1px; vertical-align: bottom;\"><span style=\"font-size: 11pt;\"><span style=\"font-weight: 400;\"><span style=\"font-style: normal;\"><span style=\"text-decoration: none;\"><span style=\"font-family: Calibri,sans-serif;\">455-6196<\/span><\/span><\/span><\/span><\/span><\/td>\n<td class=\"xl66\" style=\"border: none; text-align: center; vertical-align: middle; padding-top: 1px; padding-right: 1px; padding-left: 1px;\"><a href=\"https:\/\/www.dropbox.com\/s\/dpxnmwa9c6wl44h\/455-5032_packlist.pdf?dl=1\"><span style=\"font-size: 11pt;\"><span style=\"font-weight: 400;\"><span style=\"font-style: normal;\"><span style=\"text-decoration: none;\"><span style=\"font-family: Calibri,sans-serif;\">Packliste<\/span><\/span><\/span><\/span><\/span><\/a><\/td>\n<\/tr>\n<tr style=\"height: 20.0pt;\">\n<td class=\"xl72\" style=\"border: 0.5pt solid gray; background: #b0e40a; height: 20.0pt; border-top: none; text-align: center; vertical-align: middle; padding-top: 1px; padding-right: 1px; padding-left: 1px;\" height=\"27\"><span style=\"font-size: 11pt;\"><span style=\"font-weight: 400;\"><span style=\"font-style: normal;\"><span style=\"text-decoration: none;\"><span style=\"font-family: Calibri,sans-serif;\">ELT C406-2 455-5035<\/span><\/span><\/span><\/span><\/span><\/td>\n<td class=\"xl66\" style=\"border: none; text-align: center; vertical-align: middle; padding-top: 1px; padding-right: 1px; padding-left: 1px;\"><span style=\"font-size: 11pt;\"><span style=\"font-weight: 400;\"><span style=\"font-style: normal;\"><span style=\"text-decoration: none;\"><span style=\"font-family: Calibri,sans-serif;\">110-337 und 110-337-01 (Schutzkante)<\/span><\/span><\/span><\/span><\/span><\/td>\n<td class=\"xl71\" style=\"border: none; text-align: center; padding-top: 1px; padding-right: 1px; padding-left: 1px; vertical-align: bottom;\"><span style=\"font-size: 11pt;\"><span style=\"font-weight: 400;\"><span style=\"font-style: normal;\"><span style=\"text-decoration: none;\"><span style=\"font-family: Calibri,sans-serif;\">455-9700 (Schwarz) und 455-9701 (Grau)<\/span><\/span><\/span><\/span><\/span><\/td>\n<td class=\"xl66\" style=\"border: none; text-align: center; vertical-align: middle; padding-top: 1px; padding-right: 1px; padding-left: 1px;\"><a href=\"https:\/\/www.dropbox.com\/s\/wm0uc0zrb16vs57\/455-5035_packlist.pdf?dl=1\"><span style=\"font-size: 11pt;\"><span style=\"font-weight: 400;\"><span style=\"font-style: normal;\"><span style=\"text-decoration: none;\"><span style=\"font-family: Calibri,sans-serif;\">Packliste<\/span><\/span><\/span><\/span><\/span><\/a><\/td>\n<\/tr>\n<tr style=\"height: 20.0pt;\">\n<td class=\"xl72\" style=\"border: 0.5pt solid gray; background: #b0e40a; height: 20.0pt; border-top: none; text-align: center; vertical-align: middle; padding-top: 1px; padding-right: 1px; padding-left: 1px;\" height=\"27\"><span style=\"font-size: 11pt;\"><span style=\"font-weight: 400;\"><span style=\"font-style: normal;\"><span style=\"text-decoration: none;\"><span style=\"font-family: Calibri,sans-serif;\">ELT C406-2 455-5036<\/span><\/span><\/span><\/span><\/span><\/td>\n<td class=\"xl66\" style=\"border: none; text-align: center; vertical-align: middle; padding-top: 1px; padding-right: 1px; padding-left: 1px;\"><span style=\"font-size: 11pt;\"><span style=\"font-weight: 400;\"><span style=\"font-style: normal;\"><span style=\"text-decoration: none;\"><span style=\"font-family: Calibri,sans-serif;\">110-337 und 110-337-01 (Schutzkante)<\/span><\/span><\/span><\/span><\/span><\/td>\n<td class=\"xl71\" style=\"border: none; text-align: center; padding-top: 1px; padding-right: 1px; padding-left: 1px; vertical-align: bottom;\"><span style=\"font-size: 11pt;\"><span style=\"font-weight: 400;\"><span style=\"font-style: normal;\"><span style=\"text-decoration: none;\"><span style=\"font-family: Calibri,sans-serif;\">455-9700 (Schwarz) und 455-9701 (Grau)<\/span><\/span><\/span><\/span><\/span><\/td>\n<td class=\"xl66\" style=\"border: none; text-align: center; vertical-align: middle; padding-top: 1px; padding-right: 1px; padding-left: 1px;\"><a href=\"https:\/\/www.dropbox.com\/s\/yr8yduh4r8d0ejh\/455-5036_packlist.pdf?dl=1\"><span style=\"font-size: 11pt;\"><span style=\"font-weight: 400;\"><span style=\"font-style: normal;\"><span style=\"text-decoration: none;\"><span style=\"font-family: Calibri,sans-serif;\">Packliste<\/span><\/span><\/span><\/span><\/span><\/a><\/td>\n<\/tr>\n<\/tbody>\n<\/table>\n","protected":false},"excerpt":{"rendered":"<p>Der Artex C406-2 sendet auf allen drei Notruffrequenzen (121,5\/243,0 und 406 MHz). Das ELT wird bei einem Unfall automatisch aktiviert und sendet den Standard-Sweep-Ton auf 121,5 und 243,0 MHz. Zus\u00e4tzlich sendet er eine 406 MHz kodierte digitale Nachricht an das Cospas\/Sarsat-Satellitensystem. Dies erm\u00f6glicht eine schnelle Identifizierung und verk\u00fcrzt die Reaktionszeit von Such- und Rettungskr\u00e4ften. <\/p>\n","protected":false},"featured_media":12410,"template":"","meta":{"_acf_changed":false,"om_disable_all_campaigns":false},"product_brand":[],"product_cat":[6032,5570,8486],"product_tag":[12573,12561,5574,12583,12592],"class_list":{"0":"post-156472","1":"product","2":"type-product","3":"status-publish","4":"has-post-thumbnail","6":"product_cat-business-jet-de","7":"product_cat-luftfahrt","8":"product_cat-verkehrsflugzeuge","9":"product_tag-453-5000-de","10":"product_tag-c406-de","11":"product_tag-elt-de","12":"product_tag-kommerziell","13":"product_tag-luftfahrt","14":"pa_aircraft-type-grose-jets","15":"pa_aircraft-type-leichte-jets","16":"pa_aircraft-type-mittelgrose-jets","17":"pa_aircraft-type-turboprop-de","18":"pa_aircraft-type-verkehrsflugzeuge","19":"pa_product-elt-losungen","21":"first","22":"instock","23":"taxable","24":"shipping-taxable","25":"product-type-simple"},"acf":[],"_links":{"self":[{"href":"https:\/\/www.acrartex.com\/de\/wp-json\/wp\/v2\/product\/156472","targetHints":{"allow":["GET"]}}],"collection":[{"href":"https:\/\/www.acrartex.com\/de\/wp-json\/wp\/v2\/product"}],"about":[{"href":"https:\/\/www.acrartex.com\/de\/wp-json\/wp\/v2\/types\/product"}],"wp:featuredmedia":[{"embeddable":true,"href":"https:\/\/www.acrartex.com\/de\/wp-json\/wp\/v2\/media\/12410"}],"wp:attachment":[{"href":"https:\/\/www.acrartex.com\/de\/wp-json\/wp\/v2\/media?parent=156472"}],"wp:term":[{"taxonomy":"product_brand","embeddable":true,"href":"https:\/\/www.acrartex.com\/de\/wp-json\/wp\/v2\/product_brand?post=156472"},{"taxonomy":"product_cat","embeddable":true,"href":"https:\/\/www.acrartex.com\/de\/wp-json\/wp\/v2\/product_cat?post=156472"},{"taxonomy":"product_tag","embeddable":true,"href":"https:\/\/www.acrartex.com\/de\/wp-json\/wp\/v2\/product_tag?post=156472"}],"curies":[{"name":"wp","href":"https:\/\/api.w.org\/{rel}","templated":true}]}}