{"id":156224,"date":"2021-03-16T08:23:22","date_gmt":"2021-03-16T13:23:22","guid":{"rendered":"https:\/\/www.acrartex.com\/products\/tps-8700-test-und-programmierset\/"},"modified":"2021-03-16T08:23:22","modified_gmt":"2021-03-16T13:23:22","slug":"tps-8700-test-und-programmierset","status":"publish","type":"product","link":"https:\/\/www.acrartex.com\/de\/products\/tps-8700-test-und-programmierset\/","title":{"rendered":"TPS 8700 \u2013 Test- und Programmierset"},"content":{"rendered":"<p><strong><u>ELT -Tests und \u00dcberpr\u00fcfung der ELT -ID<\/u><\/strong><\/p>\n<p>Flugzeug-Notsender (ELTs) m\u00fcssen ihre eindeutige Identifikationsnummer bei den nationalen Beh\u00f6rden registrieren lassen. Der ARTEX Tester bietet eine einfache Methode zur \u00dcberpr\u00fcfung und Speicherung der ARTEX -ELT-ID nach Installation, Neuprogrammierung oder falls der Sender nach einem Flugzeugbesitzerwechsel neu registriert werden muss. <\/p>\n<p>&nbsp;<\/p>\n<p><strong><u>Testdaten<\/u><\/strong><\/p>\n<p>Der ARTEX Tester zeichnet alle Daten in einer internen Datenbank auf, die auf Ihrem PC gesichert werden kann. Die Daten k\u00f6nnen unabh\u00e4ngig vom Tester auf dem Computer angezeigt werden und sind mit einem Zeitstempel versehen, um die \u00dcbertragung und korrekte Programmierung nachzuweisen. Der Tester kann \u00fcber eine USB-Schnittstelle auf einen PC drucken. Zum Drucken ist ein herunterladbares Softwareprogramm von ACRARTEX.com erforderlich.   <\/p>\n<p>&nbsp;<\/p>\n<p><strong><u>Programmierung<\/u><\/strong><\/p>\n<p>Der ARTEX Programmierer\/Tester verf\u00fcgt \u00fcber alle oben genannten Funktionen des Testers und kann zudem die gesamte ARTEX ELT-Reihe schnell und einfach programmieren. Er kann das gew\u00fcnschte Protokoll, die NAV-Daten-Baudrate und die erforderlichen Informationen gem\u00e4\u00df Cospas-Sarsat \u00fcber das entsprechende Programmierkabel (im Lieferumfang enthalten) programmieren. <\/p>\n<p>&nbsp;<\/p>\n<p>*Alle Funktionen von 8700 gelten nur f\u00fcr ARTEX ELTs.<\/p>\n<table style=\"width: 500px;\" border=\"1\" cellspacing=\"1\" cellpadding=\"1\" align=\"left\">\n<tbody>\n<tr>\n<td><span style=\"font-size: 12.0pt;\">Funktions\u00fcbersicht zu Test und Programmierung<\/span><\/td>\n<td><strong><span style=\"font-size: 12.0pt;\">TPS 8700<\/span><\/strong><\/td>\n<td><strong><span style=\"font-size: 12.0pt;\">TS 8701<\/span><\/strong><\/td>\n<td><strong><span style=\"font-size: 12.0pt;\">TPS 8715<\/span><\/strong><\/td>\n<\/tr>\n<tr>\n<td><span style=\"font-size: 12.0pt;\">\u00dcberpr\u00fcfung der ELT -ID und Dekodierung der 406-MHz-\u00dcbertragung<\/span><\/td>\n<td>X<\/td>\n<td>X<\/td>\n<td>X<\/td>\n<\/tr>\n<tr>\n<td><span style=\"font-size: 12.0pt;\">Pr\u00fcfung auf Vorhandensein von 121,5 MHz- und 243 MHz-\u00dcbertragungen<\/span><\/td>\n<td>X<\/td>\n<td>X<\/td>\n<td>X<\/td>\n<\/tr>\n<tr>\n<td><span style=\"font-size: 12.0pt;\">Nur Programmierung ARTEX -ELTs f\u00fcr die allgemeine Luftfahrt (Referenz PN 8700 f\u00fcr Ger\u00e4te, die auch zur ELT -Programmierung auf Transportebene f\u00e4hig sind)<\/span><\/td>\n<td><\/td>\n<td><\/td>\n<td>X<\/td>\n<\/tr>\n<tr>\n<td><span style=\"font-size: 12.0pt;\">Programmierung aller ARTEX ELTs<\/span><\/td>\n<td>X<\/td>\n<td><\/td>\n<td><\/td>\n<\/tr>\n<tr>\n<td><span style=\"font-size: 12.0pt;\">Datensicherung auf dem PC<\/span><\/td>\n<td>X<\/td>\n<td>X<\/td>\n<td>X<\/td>\n<\/tr>\n<tr>\n<td><span style=\"font-size: 12.0pt;\">Druckfunktion \u00fcber USB-Schnittstelle zu einem PC<\/span><\/td>\n<td>X<\/td>\n<td>X<\/td>\n<td>X<\/td>\n<\/tr>\n<tr>\n<td><span style=\"font-size: 12.0pt;\">Im Produkt enthaltene Software<\/span><\/td>\n<td>X<\/td>\n<td>X<\/td>\n<td><\/td>\n<\/tr>\n<tr>\n<td><span style=\"font-size: 12.0pt;\">Nicht im Produkt enthaltene Software (Software wird heruntergeladen, nachdem der Kunde das Produkt erhalten hat)<\/span><\/td>\n<td><\/td>\n<td><\/td>\n<td>X<\/td>\n<\/tr>\n<\/tbody>\n<\/table>\n<p>&nbsp;<\/p>\n","protected":false},"excerpt":{"rendered":"<p>Das TPS 8700 ist ein robustes, kompaktes und tragbares System, das die Programmierung, \u00dcberpr\u00fcfung und Pr\u00fcfung aller ARTEX ELTs erm\u00f6glicht.<\/p>\n<p> <span style=\"color: #ff0000;\"><strong>HINWEIS: Dieses Produkt wird nicht mehr hergestellt und durch den <a href=\"https:\/\/www.acrartex.com\/products\/fpt\/\">ARTEX -Programmierer der FPT 8800-Serie<\/a> ersetzt.<\/strong><\/span><\/p>\n<p>&nbsp;<\/p>\n","protected":false},"featured_media":156225,"template":"","meta":{"_acf_changed":false,"om_disable_all_campaigns":false},"product_brand":[],"product_cat":[5570],"product_tag":[],"class_list":{"0":"post-156224","1":"product","2":"type-product","3":"status-publish","4":"has-post-thumbnail","6":"product_cat-luftfahrt","7":"pa_product-vermachtnis","9":"first","10":"instock","11":"taxable","12":"shipping-taxable","13":"product-type-simple"},"acf":[],"_links":{"self":[{"href":"https:\/\/www.acrartex.com\/de\/wp-json\/wp\/v2\/product\/156224","targetHints":{"allow":["GET"]}}],"collection":[{"href":"https:\/\/www.acrartex.com\/de\/wp-json\/wp\/v2\/product"}],"about":[{"href":"https:\/\/www.acrartex.com\/de\/wp-json\/wp\/v2\/types\/product"}],"wp:featuredmedia":[{"embeddable":true,"href":"https:\/\/www.acrartex.com\/de\/wp-json\/wp\/v2\/media\/156225"}],"wp:attachment":[{"href":"https:\/\/www.acrartex.com\/de\/wp-json\/wp\/v2\/media?parent=156224"}],"wp:term":[{"taxonomy":"product_brand","embeddable":true,"href":"https:\/\/www.acrartex.com\/de\/wp-json\/wp\/v2\/product_brand?post=156224"},{"taxonomy":"product_cat","embeddable":true,"href":"https:\/\/www.acrartex.com\/de\/wp-json\/wp\/v2\/product_cat?post=156224"},{"taxonomy":"product_tag","embeddable":true,"href":"https:\/\/www.acrartex.com\/de\/wp-json\/wp\/v2\/product_tag?post=156224"}],"curies":[{"name":"wp","href":"https:\/\/api.w.org\/{rel}","templated":true}]}}