{"id":156213,"date":"2021-03-16T08:27:47","date_gmt":"2021-03-16T13:27:47","guid":{"rendered":"https:\/\/www.acrartex.com\/products\/resqflare-sicherheitsset-elektronische-led-notfallfackel-und-signalisierung-fuer-boote\/"},"modified":"2025-12-19T00:00:43","modified_gmt":"2025-12-19T05:00:43","slug":"resqflare-sicherheitsset-elektronische-led-notfallfackel-und-signalisierung-fuer-boote","status":"publish","type":"product","link":"https:\/\/www.acrartex.com\/de\/products\/resqflare-sicherheitsset-elektronische-led-notfallfackel-und-signalisierung-fuer-boote\/","title":{"rendered":"ResQFlare Sicherheitsset \u2013 Elektronische LED-Notfallfackel und -signalisierung f\u00fcr Boote"},"content":{"rendered":"<h2>Mit dem neuen ResQFlare Sicherheitskit sind Bootsfackeln jetzt noch sicherer<\/h2>\n<p style=\"margin: 0in;\"><span style=\"font-size: 10pt;\"><span style=\"font-size: 11.0pt;\"><span style=\"background: white;\"><span style=\"color: black;\">Dieses Paket enth\u00e4lt die folgenden wichtigen Sicherheitsprodukte:<\/span><\/span><\/span><\/span><\/p>\n<ul>\n<li style=\"margin-top: 0in; margin-right: 13.5pt; margin-bottom: .0001pt; margin: 0in;\"><a href=\"https:\/\/www.acrartex.com\/de\/products\/resqflare-elektronische-led-notfall-bootsfackel\/\"><span style=\"font-size: 10pt;\"><span style=\"background: white;\"><span style=\"font-size: 11.0pt;\"><span style=\"background: white;\"><span style=\"color: black;\">ResQFlare \u2122 Elektronisches Notsignal f\u00fcr Boote<\/span><\/span><\/span><\/span><\/span><\/a><\/li>\n<li style=\"margin-top: 0in; margin-right: 13.5pt; margin-bottom: .0001pt; margin: 0in;\"><a href=\"https:\/\/www.acrartex.com\/de\/products\/resqflare-elektronische-led-notfall-bootsfackel\/\"><span style=\"font-size: 10pt;\"><span style=\"background: white;\"><span style=\"font-size: 11.0pt;\"><span style=\"background: white;\"><span style=\"color: black;\">ACR -Notflagge<\/span><\/span><\/span><\/span><\/span><\/a><\/li>\n<li style=\"margin-top: 0in; margin-right: 13.5pt; margin-bottom: .0001pt; margin: 0in;\"><a href=\"https:\/\/www.acrartex.com\/de\/products\/c-blitze\/\"><span style=\"font-size: 10pt;\"><span style=\"background: white;\"><span style=\"font-size: 11.0pt;\"><span style=\"background: white;\"><span style=\"color: black;\">C-Strobe\u2122 Rettungsleuchte<\/span><\/span><\/span><\/span><\/span><\/a><\/li>\n<li style=\"margin-top: 0in; margin-right: 13.5pt; margin-bottom: .0001pt; margin: 0in;\"><span style=\"font-size: 10pt;\"><span style=\"background: white;\"><span style=\"font-size: 11.0pt;\"><span style=\"background: white;\"><span style=\"color: black;\">Signalspiegel<\/span><\/span><\/span><\/span><\/span><\/li>\n<li style=\"margin-top: 0in; margin-right: 13.5pt; margin-bottom: .0001pt; margin: 0in;\"><span style=\"font-size: 10pt;\"><span style=\"background: white;\"><span style=\"font-size: 11.0pt;\"><span style=\"color: black;\">RapidDitch Trockentasche<\/span><\/span><\/span><\/span><\/li>\n<\/ul>\n<p style=\"margin: 0in;\"><span style=\"font-size: 10pt;\"><span style=\"font-size: 11.0pt;\"><span style=\"background: white;\"><span style=\"color: black;\"><a href=\"https:\/\/www.acrartex.com\/de\/products\/resqflare-elektronische-led-notfall-bootsfackel\/\">Erfahren Sie mehr dar\u00fcber, wie ResQFlare und Distress Flag<\/a> nicht nur den Leuchtraketenvorschriften der US-K\u00fcstenwache entsprechen, sondern auch f\u00fcr die Sicherheit Ihrer Familie sorgen.<\/span><\/span><\/span><\/span><\/p>\n<ul>\n<li style=\"margin: 0in 0in 0.0001pt;\"><span style=\"font-size: 10pt;\"><span style=\"font-size: 11.0pt;\">Kein Ablaufdatum (vom Benutzer austauschbare C-Batterien)<\/span><\/span><\/li>\n<li style=\"margin: 0in 0in 0.0001pt;\"><span style=\"font-size: 10pt;\"><span style=\"font-size: 11.0pt;\">Familiensicher (keine brennende Flamme), sicherer in der Verwendung mit aufblasbaren Rettungswesten (PFDs) und Rettungsfl\u00f6\u00dfen<\/span><\/span><\/li>\n<li style=\"margin: 0in 0in 0.0001pt;\"><span style=\"font-size: 10pt;\"><span style=\"font-size: 11.0pt;\">Einfach zu bedienen (so dass im Notfall sogar Ihre Kinder und Bootsanf\u00e4nger es bedienen k\u00f6nnen)  <\/span><\/span><\/li>\n<li style=\"margin: 0in 0in 0.0001pt;\"><span style=\"font-size: 10pt;\"><span style=\"font-size: 11.0pt;\">Keine Probleme mit den bestehenden strengen Entsorgungsvorschriften f\u00fcr pyrotechnische Leuchtraketen (rechtlich als gef\u00e4hrliche Stoffe eingestuft)<\/span><\/span><\/li>\n<li style=\"margin: 0in 0in 0.0001pt;\"><span style=\"font-size: 10pt;\"><span style=\"font-size: 11.0pt;\">Wasserdicht und schwimmf\u00e4hig  <\/span><\/span><\/li>\n<li style=\"margin: 0in 0in 0.0001pt;\"><span style=\"font-size: 10pt;\"><span style=\"font-size: 11.0pt;\">Einmaliger Kauf (geringere Kosten \u00fcber die gesamte Lebensdauer des Produkts)<\/span><\/span><\/li>\n<\/ul>\n<h2><span style=\"font-size: 10pt;\"><b><span style=\"font-size: 12.0pt;\">Produktmerkmale und Vorteile des Bootsfackel-Kits:<\/span><\/b><\/span><\/h2>\n<ul>\n<li style=\"margin: 0in 0in 0.0001pt;\"><span style=\"font-size: 10pt;\"><span style=\"font-size: 11.0pt;\">ResQFlare und die mitgelieferte Notflagge k\u00f6nnen, wenn sie zusammen mitgef\u00fchrt werden, als Ersatz f\u00fcr die Bef\u00f6rderung pyrotechnischer Bootsfackeln und Bootssignalpistolen der USCG (nur in den USA) gelten.<\/span><\/span><\/li>\n<li style=\"margin-right: 13.5pt; margin: 0in 0in 0.0001pt;\"><span style=\"font-size: 10pt;\"><span style=\"background: white;\"><span style=\"color: black;\"><span style=\"font-size: 11.0pt;\">Helles Licht in alle Richtungen (360\u00b0-Sichtbarkeit), das \u00fcber 6 Meilen weit sichtbar ist<\/span><\/span><\/span><\/span><\/li>\n<li style=\"margin-right: 13.5pt; margin: 0in 0in 0.0001pt;\"><span style=\"font-size: 10pt;\"><span style=\"background: white;\"><span style=\"color: black;\"><span style=\"font-size: 11.0pt;\">Im wasserdichten Drybag mit Gurt l\u00e4sst sich die gesamte Sicherheitsausr\u00fcstung bequem verstauen<\/span><\/span><\/span><\/span><\/li>\n<li style=\"margin-right: 13.5pt; margin: 0in 0in 0.0001pt;\"><span style=\"color: #000000;\"><span style=\"font-size: 14.6667px;\">Signalspiegel und Notflagge erm\u00f6glichen Notalarmierung am Tag<\/span><\/span><\/li>\n<li style=\"margin: 0in 0in 0.0001pt;\"><span style=\"font-size: 10pt;\"><span style=\"font-size: 11.0pt;\"><span style=\"color: black;\">Rettungswesten-Rettungslicht unterst\u00fctzt bei der visuellen Notortung<\/span><\/span><\/span><\/li>\n<\/ul>\n<h3 style=\"margin: 0in 0in 0.0001pt;\"><strong>ResQFlare in den Nachrichten:<\/strong><\/h3>\n<p><a href=\"https:\/\/www.sailingworld.com\/story\/gear\/safe-distress-flare-alternative\/\">Sailing World \u2013 Eine sichere Alternative zum Notsignal<\/a><\/p>\n<p><a href=\"https:\/\/www.greatlakesscuttlebutt.com\/news\/featured-news\/this-year-s-boating-finds\/\">Ger\u00fcchte \u00fcber die Gro\u00dfen Seen \u2013 Bootsfunde dieses Jahres<\/a><\/p>\n<p><a href=\"https:\/\/lakelandboating.com\/acr-electronics-introduces-new-alternative-to-pyrotechnic-flares\/\">Lakeland Boating \u2013 ACR Electronics stellt neue Alternative zu pyrotechnischen Leuchtraketen vor<\/a><\/p>\n","protected":false},"excerpt":{"rendered":"<p style=\"margin: 0in;\">Das elektronische Notsignal-Sicherheitsset ResQFlare bietet Ihnen die notwendige Ausr\u00fcstung f\u00fcr Ihre Sicherheit und erm\u00f6glicht Ihnen, im Notfall auf dem Wasser Hilfe zu signalisieren. Das ResQFlare wird mit einer Tagesnotsignalflagge geliefert. Zusammen mit dem Set erf\u00fcllen beide Artikel die geltenden Anforderungen der US-K\u00fcstenwache und k\u00f6nnen anstelle herk\u00f6mmlicher pyrotechnischer Leuchtraketen mitgef\u00fchrt werden (nur in den USA). Das ResQFlare Sicherheitsset bietet Bootsfahrern den Komfort, keine pyrotechnischen Leuchtraketen mehr kaufen oder entsorgen zu m\u00fcssen und ist somit ein unverzichtbares Sicherheitszubeh\u00f6r.  <\/p>\n<h4><span style=\"color: #ff0000;\"><strong>Mit Stolz in den USA hergestellt!<\/strong><\/span><\/h4>\n<p style=\"margin: 0in;\"><a href=\"https:\/\/www.dropbox.com\/s\/0ezw0kexbm120vv\/Prop%2065%20-%20Lead%20and%20Lead%20Compounds.pdf?dl=0\">WARNUNG: PROP 65<\/a><\/p>\n<p><a href=\"https:\/\/www.acrartex.com\/wp-content\/uploads\/2021\/03\/10_Off_Tag_.webp\"><img loading=\"lazy\" decoding=\"async\" class=\"alignnone wp-image-126151\" src=\"https:\/\/www.acrartex.com\/wp-content\/uploads\/2021\/03\/10_Off_Tag_.webp\" alt=\"\" width=\"145\" height=\"60\" srcset=\"https:\/\/www.acrartex.com\/wp-content\/uploads\/2021\/03\/10_Off_Tag_.webp 300w, https:\/\/www.acrartex.com\/wp-content\/uploads\/2021\/03\/10_Off_Tag_-60x25.webp 60w, https:\/\/www.acrartex.com\/wp-content\/uploads\/2021\/03\/10_Off_Tag_-110x45.webp 110w\" sizes=\"auto, (max-width: 145px) 100vw, 145px\" \/><\/a><\/p>\n<p style=\"margin: 0in;\">\n","protected":false},"featured_media":156545,"template":"","meta":{"_acf_changed":false,"om_disable_all_campaigns":false},"product_brand":[],"product_cat":[5687,6024,6023,6026,5636,6030,6029,6025],"product_tag":[12435,12493,12504,12421,12484,12406,12450,12551,12536,12475,12584,12524,12593,12463,12574,12391,12564,12513],"class_list":{"0":"post-156213","1":"product","2":"type-product","3":"status-publish","4":"has-post-thumbnail","6":"product_cat-im-freien","7":"product_cat-in-kustennahe","8":"product_cat-inland-de","9":"product_cat-kommerziell","10":"product_cat-marine-de","11":"product_cat-paddelsport-angeln","12":"product_cat-reiseausrustung","13":"product_cat-vor-der-kuste","14":"product_tag-aufflackern","15":"product_tag-bootsfackel","16":"product_tag-bootsfackeln","17":"product_tag-e-flare-de","18":"product_tag-eflare-de","19":"product_tag-elektronisches-leuchtsignal","20":"product_tag-fackeln","21":"product_tag-handfackel","22":"product_tag-led-fackel","23":"product_tag-led-notsignal","24":"product_tag-leuchtpistole","25":"product_tag-marine-fackel","26":"product_tag-notfackel","27":"product_tag-notsignal-de-2","28":"product_tag-rauchfackel","29":"product_tag-resqflare-de","30":"product_tag-rote-fackel","31":"product_tag-signalfackeln","33":"first","34":"instock","35":"taxable","36":"shipping-taxable","37":"purchasable","38":"product-type-simple"},"acf":[],"_links":{"self":[{"href":"https:\/\/www.acrartex.com\/de\/wp-json\/wp\/v2\/product\/156213","targetHints":{"allow":["GET"]}}],"collection":[{"href":"https:\/\/www.acrartex.com\/de\/wp-json\/wp\/v2\/product"}],"about":[{"href":"https:\/\/www.acrartex.com\/de\/wp-json\/wp\/v2\/types\/product"}],"wp:featuredmedia":[{"embeddable":true,"href":"https:\/\/www.acrartex.com\/de\/wp-json\/wp\/v2\/media\/156545"}],"wp:attachment":[{"href":"https:\/\/www.acrartex.com\/de\/wp-json\/wp\/v2\/media?parent=156213"}],"wp:term":[{"taxonomy":"product_brand","embeddable":true,"href":"https:\/\/www.acrartex.com\/de\/wp-json\/wp\/v2\/product_brand?post=156213"},{"taxonomy":"product_cat","embeddable":true,"href":"https:\/\/www.acrartex.com\/de\/wp-json\/wp\/v2\/product_cat?post=156213"},{"taxonomy":"product_tag","embeddable":true,"href":"https:\/\/www.acrartex.com\/de\/wp-json\/wp\/v2\/product_tag?post=156213"}],"curies":[{"name":"wp","href":"https:\/\/api.w.org\/{rel}","templated":true}]}}