{"id":156027,"date":"2021-03-16T08:23:29","date_gmt":"2021-03-16T13:23:29","guid":{"rendered":"https:\/\/www.acrartex.com\/products\/schwimmbeutel-fuer-resqlink-plb\/"},"modified":"2021-03-16T08:23:29","modified_gmt":"2021-03-16T13:23:29","slug":"schwimmbeutel-fuer-resqlink-plb","status":"publish","type":"product","link":"https:\/\/www.acrartex.com\/de\/products\/schwimmbeutel-fuer-resqlink-plb\/","title":{"rendered":"Schwimmbeutel f\u00fcr ResQlink PLB"},"content":{"rendered":"<ul>\n<li>Leicht<\/li>\n<li>Klein genug, um problemlos in einem Rucksack oder einer Tasche getragen zu werden<\/li>\n<li>H\u00e4lt den ResQLink sicher und sorgt f\u00fcr Auftrieb<\/li>\n<li>Schl\u00fcsselband<\/li>\n<li>Zipcord<\/li>\n<\/ul>\n","protected":false},"excerpt":{"rendered":"<p>Die Schwimmtasche f\u00fcr RESQLINK\u2122 bietet zus\u00e4tzlichen Schutz f\u00fcr Ihren pers\u00f6nlichen Ortungssender und sorgt daf\u00fcr, dass dieser schwimmf\u00e4hig bleibt. Sie l\u00e4sst sich bequem und einfach mit der Kordel an Ihrer Schwimmweste befestigen. <\/p>\n<p><strong>HINWEIS: Diese Tasche ist nur f\u00fcr das Modell ResQLink PLB -375 (Teilenummer 2880) geeignet. Diese Tasche ist nicht f\u00fcr ResQLink Plus (Teilenummer 2881), ResQLink 400 (Teilenummer 2921) oder ResQLink View (Teilenummer 2922) geeignet.   <\/strong><\/p>\n<p>&nbsp;<\/p>\n","protected":false},"featured_media":156132,"template":"","meta":{"_acf_changed":false,"om_disable_all_campaigns":false},"product_brand":[],"product_cat":[6028,6036,5687,6024,6023,6026,5570,5636,6022,6030,6033,6029,6027],"product_tag":[12318,12329,12342,5698,5694,5690,12305,6039,6037],"class_list":{"0":"post-156027","1":"product","2":"type-product","3":"status-publish","4":"has-post-thumbnail","6":"product_cat-action-sport-offroad-de","7":"product_cat-boden-spezialeinheiten","8":"product_cat-im-freien","9":"product_cat-in-kustennahe","10":"product_cat-inland-de","11":"product_cat-kommerziell","12":"product_cat-luftfahrt","13":"product_cat-marine-de","14":"product_cat-militar-de","15":"product_cat-paddelsport-angeln","16":"product_cat-polizei-gemeinde","17":"product_cat-reiseausrustung","18":"product_cat-wandern-klettern-campen","19":"product_tag-2880-de","20":"product_tag-beutel","21":"product_tag-flotation-de","22":"product_tag-geographisches-positionierungs-system","23":"product_tag-personliches-ortungssignal","24":"product_tag-plb-de","25":"product_tag-plbs-de","26":"product_tag-resq-link-de","27":"product_tag-resqlink-de","28":"pa_activity-angeln","29":"pa_activity-gelandewagen-4x4","30":"pa_activity-ski-snowboard","31":"pa_aircraft-type-einmotorig","32":"pa_aircraft-type-turboprop-de","33":"pa_product-rescue-beacons-de","34":"pa_product-vermachtnis","35":"pa_terrain-hugel-berg","36":"pa_terrain-tundra-de-2","37":"pa_terrain-wald-dschungel","39":"first","40":"outofstock","41":"taxable","42":"shipping-taxable","43":"product-type-simple"},"acf":[],"_links":{"self":[{"href":"https:\/\/www.acrartex.com\/de\/wp-json\/wp\/v2\/product\/156027","targetHints":{"allow":["GET"]}}],"collection":[{"href":"https:\/\/www.acrartex.com\/de\/wp-json\/wp\/v2\/product"}],"about":[{"href":"https:\/\/www.acrartex.com\/de\/wp-json\/wp\/v2\/types\/product"}],"wp:featuredmedia":[{"embeddable":true,"href":"https:\/\/www.acrartex.com\/de\/wp-json\/wp\/v2\/media\/156132"}],"wp:attachment":[{"href":"https:\/\/www.acrartex.com\/de\/wp-json\/wp\/v2\/media?parent=156027"}],"wp:term":[{"taxonomy":"product_brand","embeddable":true,"href":"https:\/\/www.acrartex.com\/de\/wp-json\/wp\/v2\/product_brand?post=156027"},{"taxonomy":"product_cat","embeddable":true,"href":"https:\/\/www.acrartex.com\/de\/wp-json\/wp\/v2\/product_cat?post=156027"},{"taxonomy":"product_tag","embeddable":true,"href":"https:\/\/www.acrartex.com\/de\/wp-json\/wp\/v2\/product_tag?post=156027"}],"curies":[{"name":"wp","href":"https:\/\/api.w.org\/{rel}","templated":true}]}}