{"id":155775,"date":"2021-03-16T08:25:07","date_gmt":"2021-03-16T13:25:07","guid":{"rendered":"https:\/\/www.acrartex.com\/products\/rcl-95-led-suchscheinwerfer\/"},"modified":"2026-02-03T14:13:20","modified_gmt":"2026-02-03T19:13:20","slug":"rcl-95-led-suchscheinwerfer","status":"publish","type":"product","link":"https:\/\/www.acrartex.com\/de\/products\/rcl-95-led-suchscheinwerfer\/","title":{"rendered":"RCL -95 LED Suchscheinwerfer"},"content":{"rendered":"<p style=\"margin: 0in 0in 0.0001pt;\"><span style=\"font-size: 10pt;\"><span style=\"line-height: 150%;\">Verwenden Sie den RCL -95 LED Suchscheinwerfer entweder mit dem<b> <\/b>Mit der kabelgebundenen Joystick-Steuerung am Armaturenbrett oder der kabellosen Handfernbedienung l\u00e4sst sich das Licht stufenlos um 360 Grad drehen \u2013 schnell oder langsam, ohne dass ein abruptes Anhalten notwendig ist. Mit einem Abstrahlwinkel von 8 Grad l\u00e4sst sich das Licht um beeindruckende 135 Grad neigen, sodass das Beleuchten von Br\u00fccken, Bojen und Docks zum Kinderspiel wird. Die Auto-Home-Funktion parkt den Suchscheinwerfer nach jedem Ausschalten bequem wieder an der gew\u00fcnschten Ausgangsposition. <strong><span style=\"font-weight: normal;\">Der RCL -95 ist der hellste LED-Bootssuchscheinwerfer und wetterbest\u00e4ndig. Die<\/span><\/strong> Elektronik befindet sich im wasserdichten IP68-Leuchtenkopf statt im Sockel f\u00fcr erh\u00f6hten Schutz. Das ASA-Geh\u00e4use und die Linse sind gegen Witterungseinfl\u00fcsse abgedichtet und gew\u00e4hrleisten so jahrelangen, st\u00f6rungsfreien Betrieb.     <\/span><\/span><\/p>\n<p style=\"margin: 0in 0in 0.0001pt;\"><b>Hauptmerkmale:<\/b><\/p>\n<ul>\n<li style=\"text-align: justify; margin: 0in 0in 0.0001pt;\"><span style=\"font-size: 10pt;\"><span style=\"line-height: 150%;\">10 High Flux LEDs (OSRAM)  <\/span><\/span><\/li>\n<li style=\"text-align: justify; margin: 0in 0in 0.0001pt;\"><span style=\"font-size: 10pt;\"><span style=\"line-height: 150%;\">460.000 Candela, maximale Strahldistanz 4.501 Fu\u00df (1.372 m) einer der hellsten LED-Bootsscheinwerfer<\/span><\/span><\/li>\n<li style=\"text-align: justify; margin: 0in 0in 0.0001pt;\"><span style=\"font-size: 10pt;\"><span style=\"line-height: 150%;\">Kabellose Handfernbedienung und kabelgebundener Joystick zur Armaturenbrettmontage (beides im Lieferumfang enthalten)<\/span><\/span><\/li>\n<li style=\"text-align: justify; margin: 0in 0in 0.0001pt;\"><span style=\"font-size: 10pt;\"><span style=\"line-height: 150%;\">360 <sup>\u00b0<\/sup> kontinuierliche Drehung und 135 <sup>\u00b0<\/sup> Neigung<\/span><\/span><\/li>\n<li style=\"text-align: justify; margin: 0in 0in 0.0001pt;\"><span style=\"font-size: 10pt;\"><span style=\"line-height: 150%;\">Automatische R\u00fcckkehr in die Ausgangsposition, wenn ausgeschaltet<\/span><\/span><\/li>\n<li style=\"text-align: justify; margin: 0in 0in 0.0001pt;\"><span style=\"font-size: 10pt;\"><span style=\"line-height: 150%;\">4 Ampere (12 V) bis 2 Ampere (24 V)<\/span><\/span><\/li>\n<li style=\"text-align: justify; margin: 0in 0in 0.0001pt;\"><span style=\"font-size: 10pt;\"><span style=\"line-height: 150%;\">Effiziente, langlebige LEDs \u2013 50.000 Betriebsstunden<\/span><\/span><\/li>\n<li style=\"text-align: justify; margin: 0in 0in 0.0001pt;\"><span style=\"font-size: 10pt;\"><span style=\"line-height: 150%;\">UV- und witterungsbest\u00e4ndig<\/span><\/span><\/li>\n<li style=\"text-align: justify; margin: 0in 0in 0.0001pt;\"><span style=\"font-size: 10pt;\"><span style=\"line-height: 150%;\">Einfache Installation (12\u201324 V Stromanschluss und 5 m langes Joystick-Steuerkabel)<\/span><\/span><\/li>\n<li>Perfekt f\u00fcr Arbeitslastwagen, Transporter, Boote und Arbeitsboote<\/li>\n<\/ul>\n<p><b>Optionales Zubeh\u00f6r:<\/b><b><\/b><\/p>\n<ul>\n<li><b><\/b><span style=\"font-size: 10pt;\"><span style=\"line-height: 150%;\">Kabellose Fernbedienung f\u00fcr die Armaturenbrettmontage (Teilenummer 9635)<\/span><\/span><\/li>\n<li><span style=\"font-size: 10pt;\"><span style=\"line-height: 150%;\">RCL -95 Ersatz-Montageplatte f\u00fcr GOLIGHT\u00ae (Teilenummer 9639)*<\/span><\/span><\/li>\n<li><span style=\"font-size: 10pt;\"><span style=\"line-height: 150%;\">RCL -95 16,4&#8242; (5 m) Verl\u00e4ngerungskabel (Teilenummer 9638)<\/span><\/span><\/li>\n<li><span style=\"font-size: 10pt;\"><span style=\"line-height: 150%;\">Kabelbaum f\u00fcr RCL -95-Joystick (Teilenummer 9640)<\/span><\/span><\/li>\n<\/ul>\n<p><span style=\"font-size: 10pt;\"><span style=\"line-height: 150%;\">*Dieses Nachr\u00fcstset kann verwendet werden, wenn GOLIGHT\u00ae Stryker- oder RadioRay-Suchscheinwerfer durch den RCL -95-Suchscheinwerfer ersetzt werden. Hinweis: Dieses Set ist nicht f\u00fcr die tragbare Version von RadioRay geeignet (GOLIGHT ist eine eingetragene Marke der GOLIGHT Inc.). <\/span><\/span><\/p>\n","protected":false},"excerpt":{"rendered":"<p style=\"margin: 0in 0in 0.0001pt;\"><span style=\"font-size: 10pt;\"><span style=\"line-height: 150%;\">Der brandneue RCL -95 LED-Suchscheinwerfer wurde f\u00fcr Leistung und Einfachheit entwickelt und z\u00e4hlt zu den hellsten LED-Bootssuchscheinwerfern. Mit branchenf\u00fchrenden 460.000 Candela und 10 High Flux (50 W) LEDs haben Sie eine Sichtweite von \u00fcber einer \u00be Seemeile und leuchten so Ihr Ziel.   <\/span><\/span><span style=\"font-size: 10.0pt;\">Das schlanke Design des RCL -95 LED macht ihn zu einer attraktiven und kosteng\u00fcnstigen Wahl f\u00fcr kleine bis mittelgro\u00dfe Freizeitmotorboote sowie leichte Handelsschiffe.<\/span><\/p>\n<p>&nbsp;<\/p>\n<p style=\"margin: 0in 0in 0.0001pt;\"><a href=\"https:\/\/www.dropbox.com\/s\/0ezw0kexbm120vv\/Prop%2065%20-%20Lead%20and%20Lead%20Compounds.pdf?dl=0\">WARNUNG: PROP 65<\/a><\/p>\n","protected":false},"featured_media":36733,"template":"","meta":{"_acf_changed":false,"om_disable_all_campaigns":false},"product_brand":[],"product_cat":[6024,6023,5636,7189,6025],"product_tag":[12141,12153,12131,7209,12079,7323,7201,7199,12121],"class_list":{"0":"post-155775","1":"product","2":"type-product","3":"status-publish","4":"has-post-thumbnail","6":"product_cat-in-kustennahe","7":"product_cat-inland-de","8":"product_cat-marine-de","9":"product_cat-suchscheinwerfer-de","10":"product_cat-vor-der-kuste","11":"product_tag-1958-de","12":"product_tag-1959-de","13":"product_tag-acr-rcl-95-de","14":"product_tag-acr-suchscheinwerfer","15":"product_tag-led-bootssuchscheinwerfer-de","16":"product_tag-marine-led-suchscheinwerfer-de","17":"product_tag-marine-suchscheinwerfer","18":"product_tag-suchscheinwerfer-fur-boote","19":"product_tag-suchscheinwerfer-fur-den-verkauf","20":"pa_product-suchscheinwerfer","22":"first","23":"instock","24":"taxable","25":"shipping-taxable","26":"purchasable","27":"product-type-variable"},"acf":[],"_links":{"self":[{"href":"https:\/\/www.acrartex.com\/de\/wp-json\/wp\/v2\/product\/155775","targetHints":{"allow":["GET"]}}],"collection":[{"href":"https:\/\/www.acrartex.com\/de\/wp-json\/wp\/v2\/product"}],"about":[{"href":"https:\/\/www.acrartex.com\/de\/wp-json\/wp\/v2\/types\/product"}],"wp:featuredmedia":[{"embeddable":true,"href":"https:\/\/www.acrartex.com\/de\/wp-json\/wp\/v2\/media\/36733"}],"wp:attachment":[{"href":"https:\/\/www.acrartex.com\/de\/wp-json\/wp\/v2\/media?parent=155775"}],"wp:term":[{"taxonomy":"product_brand","embeddable":true,"href":"https:\/\/www.acrartex.com\/de\/wp-json\/wp\/v2\/product_brand?post=155775"},{"taxonomy":"product_cat","embeddable":true,"href":"https:\/\/www.acrartex.com\/de\/wp-json\/wp\/v2\/product_cat?post=155775"},{"taxonomy":"product_tag","embeddable":true,"href":"https:\/\/www.acrartex.com\/de\/wp-json\/wp\/v2\/product_tag?post=155775"}],"curies":[{"name":"wp","href":"https:\/\/api.w.org\/{rel}","templated":true}]}}