{"id":155726,"date":"2021-03-16T08:25:01","date_gmt":"2021-03-16T13:25:01","guid":{"rendered":"https:\/\/www.acrartex.com\/products\/rcl-85-led-suchscheinwerfer\/"},"modified":"2026-02-03T14:07:18","modified_gmt":"2026-02-03T19:07:18","slug":"rcl-85-led-suchscheinwerfer","status":"publish","type":"product","link":"https:\/\/www.acrartex.com\/de\/products\/rcl-85-led-suchscheinwerfer\/","title":{"rendered":"RCL -85 LED Suchscheinwerfer"},"content":{"rendered":"<p style=\"margin: 0in 0in 0.0001pt;\"><span style=\"font-size: 10pt;\"><span style=\"line-height: 150%;\">Das schlanke Design des RCL -85 LED macht ihn zu einer attraktiven und kosteng\u00fcnstigen Wahl f\u00fcr kleine bis mittelgro\u00dfe Freizeitmotorboote sowie leichte Nutzfahrzeuge. Dieser Suchscheinwerfer wird mit einer kabellosen Handfernbedienung geliefert, mit der sich der Scheinwerfer um 350 Grad drehen l\u00e4sst. Mit einem Abstrahlwinkel von 8 Grad l\u00e4sst sich der Scheinwerfer um beeindruckende 90 Grad neigen, sodass die Beleuchtung von Zugbr\u00fccken, Bojen und Docks ein Kinderspiel ist. Ben\u00f6tigen Sie Hilfe? Nutzen Sie die Stroboskopfunktion, um um Hilfe zu signalisieren. <strong><span style=\"font-weight: normal;\">Der RCL -85 ist wetterbest\u00e4ndig, da sich die<\/span><\/strong> Elektronik f\u00fcr erh\u00f6hten Schutz im wasserdichten IP68-Scheinwerferkopf statt im Sockel befindet. Das ASA-Geh\u00e4use und die Linse sind gegen Witterungseinfl\u00fcsse abgedichtet und gew\u00e4hrleisten jahrelangen, st\u00f6rungsfreien Betrieb f\u00fcr alle, die einen erschwinglichen, aber hellen LED-Suchscheinwerfer f\u00fcr Boote und LKW suchen.      <\/span><\/span><\/p>\n<p style=\"text-align: justify; margin: 0in 0in 0.0001pt;\"><span style=\"font-size: 10pt;\"><span style=\"line-height: 150%;\"><b>Hauptmerkmale:<\/b><\/span><\/span><\/p>\n<ul>\n<li style=\"text-align: justify; margin: 0in 0in 0.0001pt;\"><span style=\"font-size: 10pt;\"><span style=\"line-height: 150%;\">6 High Flux LEDs (OSRAM)  <\/span><\/span><\/li>\n<li style=\"text-align: justify; margin: 0in 0in 0.0001pt;\"><span style=\"font-size: 10pt;\"><span style=\"line-height: 150%;\">240.000 Candela, maximale Strahldistanz 3.215 Fu\u00df (980 m)<\/span><\/span><\/li>\n<li style=\"text-align: justify; margin: 0in 0in 0.0001pt;\"><span style=\"font-size: 10pt;\"><span style=\"line-height: 150%;\">Kabellose Handfernbedienung (im Lieferumfang enthalten)<\/span><\/span><\/li>\n<li style=\"text-align: justify; margin: 0in 0in 0.0001pt;\"><span style=\"font-size: 10pt;\"><span style=\"line-height: 150%;\">350 <sup>\u00b0<\/sup> Drehung und 90 <sup>\u00b0<\/sup> Neigung<\/span><\/span><\/li>\n<li style=\"text-align: justify; margin: 0in 0in 0.0001pt;\"><span style=\"font-size: 10pt;\"><span style=\"line-height: 150%;\">2 Ampere (12 V) bis 1,1 Ampere (24 V)<\/span><\/span><\/li>\n<li style=\"text-align: justify; margin: 0in 0in 0.0001pt;\"><span style=\"font-size: 10pt;\"><span style=\"line-height: 150%;\">Effiziente, langlebige LEDs \u2013 50.000 Betriebsstunden<\/span><\/span><\/li>\n<li style=\"text-align: justify; margin: 0in 0in 0.0001pt;\"><span style=\"font-size: 10pt;\"><span style=\"line-height: 150%;\">UV- und witterungsbest\u00e4ndig<\/span><\/span><\/li>\n<li>Heller LED-Suchscheinwerfer f\u00fcr Boote und LKWs<\/li>\n<li style=\"text-align: justify; margin: 0in 0in 0.0001pt;\"><span style=\"font-size: 10.0pt;\">Einfache Installation (nur 12\u201324 V-Stromanschluss)<\/span><\/li>\n<\/ul>\n","protected":false},"excerpt":{"rendered":"<p style=\"margin: 0in 0in 0.0001pt;\"><span style=\"font-size: 10pt;\"><span style=\"line-height: 150%;\">Der brandneue RCL -85 LED-Suchscheinwerfer wurde f\u00fcr Bootsfahrer entwickelt, die auf den Aufwand von Halogen-Suchscheinwerfern verzichten und dennoch einen erschwinglichen, hellen LED-Suchscheinwerfer f\u00fcr Boote und LKWs w\u00fcnschen. Mit beeindruckenden 240.000 Candela und sechs High Flux (30 W) LEDs haben Sie eine Sichtweite von \u00fcber einer halben Seemeile und leuchten so den Weg zu Ihrem Ziel. Die einfache Installation erfordert lediglich die Versorgung des Suchscheinwerfers mit 12 bis 24 Volt Strom, die Bedienung erfolgt komplett kabellos.  <\/span><\/span><\/p>\n<p>&nbsp;<\/p>\n<p style=\"margin: 0in 0in 0.0001pt;\"><a href=\"https:\/\/www.dropbox.com\/s\/fk04stqsp2hgk5f\/Prop%2065%20-%20DEHP.pdf?dl=0\">WARNUNG: PROP 65<\/a><\/p>\n<p>&nbsp;<\/p>\n","protected":false},"featured_media":36740,"template":"","meta":{"_acf_changed":false,"om_disable_all_campaigns":false},"product_brand":[],"product_cat":[6024,6023,5636,7189,6025],"product_tag":[12137,12151,12086,7209,12114,12126,12079,7316,12101,7323,7201,7199,7197],"class_list":{"0":"post-155726","1":"product","2":"type-product","3":"status-publish","4":"has-post-thumbnail","6":"product_cat-in-kustennahe","7":"product_cat-inland-de","8":"product_cat-marine-de","9":"product_cat-suchscheinwerfer-de","10":"product_cat-vor-der-kuste","11":"product_tag-1956-de","12":"product_tag-1957-de","13":"product_tag-acr-rcl-85-de","14":"product_tag-acr-suchscheinwerfer","15":"product_tag-arbeits-lkw-licht","16":"product_tag-heller-led-suchscheinwerfer-fur-boote-und-lkw","17":"product_tag-led-bootssuchscheinwerfer-de","18":"product_tag-led-suchscheinwerfer","19":"product_tag-lkw-suchscheinwerfer","20":"product_tag-marine-led-suchscheinwerfer-de","21":"product_tag-marine-suchscheinwerfer","22":"product_tag-suchscheinwerfer-fur-boote","23":"product_tag-suchscheinwerfer-zu-verkaufen","24":"pa_product-suchscheinwerfer","26":"first","27":"instock","28":"taxable","29":"shipping-taxable","30":"purchasable","31":"product-type-variable"},"acf":[],"_links":{"self":[{"href":"https:\/\/www.acrartex.com\/de\/wp-json\/wp\/v2\/product\/155726","targetHints":{"allow":["GET"]}}],"collection":[{"href":"https:\/\/www.acrartex.com\/de\/wp-json\/wp\/v2\/product"}],"about":[{"href":"https:\/\/www.acrartex.com\/de\/wp-json\/wp\/v2\/types\/product"}],"wp:featuredmedia":[{"embeddable":true,"href":"https:\/\/www.acrartex.com\/de\/wp-json\/wp\/v2\/media\/36740"}],"wp:attachment":[{"href":"https:\/\/www.acrartex.com\/de\/wp-json\/wp\/v2\/media?parent=155726"}],"wp:term":[{"taxonomy":"product_brand","embeddable":true,"href":"https:\/\/www.acrartex.com\/de\/wp-json\/wp\/v2\/product_brand?post=155726"},{"taxonomy":"product_cat","embeddable":true,"href":"https:\/\/www.acrartex.com\/de\/wp-json\/wp\/v2\/product_cat?post=155726"},{"taxonomy":"product_tag","embeddable":true,"href":"https:\/\/www.acrartex.com\/de\/wp-json\/wp\/v2\/product_tag?post=155726"}],"curies":[{"name":"wp","href":"https:\/\/api.w.org\/{rel}","templated":true}]}}