{"id":155631,"date":"2021-03-16T08:27:35","date_gmt":"2021-03-16T13:27:35","guid":{"rendered":"https:\/\/www.acrartex.com\/products\/rcl-50-led-suchscheinwerfer\/"},"modified":"2026-02-03T13:57:02","modified_gmt":"2026-02-03T18:57:02","slug":"rcl-50-led-suchscheinwerfer","status":"publish","type":"product","link":"https:\/\/www.acrartex.com\/de\/products\/rcl-50-led-suchscheinwerfer\/","title":{"rendered":"RCL -50 LED Suchscheinwerfer"},"content":{"rendered":"<p>Die RCL -50 LED nutzt weiterhin das gleiche robuste Design wie die urspr\u00fcngliche RCL -50D und verf\u00fcgt \u00fcber ein effizientes 6-LED-Array mit einer Lichtleistung von \u00fcber 100.000 Candela. Das f\u00fcr kleine bis mittelgro\u00dfe Boote konzipierte Aluminiumgeh\u00e4use mit versiegelter Glaslinse sorgt f\u00fcr jahrelangen, st\u00f6rungsfreien Betrieb. Zu den weiteren Funktionen geh\u00f6rt eine kabelgebundene Fernbedienung, die dem Benutzer kontinuierliche 360-Grad-Drehungen bei hoher oder niedriger Geschwindigkeit ohne l\u00e4stiges Anhalten erm\u00f6glicht. Mit einem Abstrahlwinkel von 10 Grad bietet die Leuchte au\u00dferdem einen Elevationswinkel von 20 Grad nach oben und unten, wodurch die Beleuchtung von Zugbr\u00fccken, Bojen und Docks zum Kinderspiel wird.   <\/p>\n<p>Das Aluminiumgeh\u00e4use ist mit einem UV-Stabilisator beschichtet und \u00fcbersteht jahrelang die raue Meeresumgebung. Die Mechanismen des Suchscheinwerfers sind vollst\u00e4ndig umschlossen und sch\u00fctzen die pr\u00e4zise Strahlneigungssteuerung. RCL -50 LED-Lampen sind f\u00fcr eine Lebensdauer von \u00fcber 40.000 Betriebsstunden ausgelegt. Mit dem exklusiven XRCiZ\u2122-System, einem vorprogrammierten System, das sich alle 30 Tage nach der Aktivierung automatisch dreht, um Korrosion zu vermeiden und die Funktionsf\u00e4higkeit aller elektrischen Kontakte zu gew\u00e4hrleisten. Die RCL -50 LED ist wetterbest\u00e4ndig und wird mit 12 oder 24 V Gleichstrom betrieben.   <\/p>\n<p>&nbsp;<\/p>\n<h3>Hauptmerkmale der neuen RCL -50 LED:<\/h3>\n<ul>\n<li>Ultrahelles 6-LED-Array erzeugt \u00fcber 100.000 Candela<\/li>\n<li>Effiziente, langlebige LEDs \u2013 40.000 Betriebsstunden<\/li>\n<li>Reduzierter Stromverbrauch um bis zu 50 % auf 12-V-Schiffen<\/li>\n<li>Der Controller verf\u00fcgt \u00fcber modernste Elektronik, um das Licht vor den meisten Stromst\u00f6\u00dfen zu sch\u00fctzen<\/li>\n<li>Interner H\u00f6henmechanismus f\u00fcr pr\u00e4zise Neigungssteuerung des Strahls; sch\u00fctzt den H\u00f6henmechanismus vor Witterungseinfl\u00fcssen<\/li>\n<li>Robustes, dreifach grundiertes und versiegeltes Aluminiumgeh\u00e4use in Marinequalit\u00e4t (erh\u00e4ltlich in Wei\u00df oder Schwarz)<\/li>\n<li>Inklusive Point Pad zur Fingertipp-Fernbedienung; bis zu drei Point Pad-Fernbedienungseinheiten k\u00f6nnen im System installiert werden; Optionen f\u00fcr Aufputz-\/Unterputzmontage im Lieferumfang enthalten<\/li>\n<li>Die exklusive XRCiZ\u2122-Funktion dreht und bewegt die Lichtbaugruppe alle 30 Tage nach der Aktivierung, um alle Lagerfl\u00e4chen korrosionsfrei und alle elektrischen Kontakte funktionsf\u00e4hig zu halten<\/li>\n<li>Inklusive Kabelbaum von 15 Fu\u00df (4,57 m)<\/li>\n<li>Zweistufiger Motor<\/li>\n<\/ul>\n<p>&nbsp;<\/p>\n<h3>Verf\u00fcgbare Konfigurationen:<\/h3>\n<p>Die RCL-50 LED ist in einer Reihe verschiedener praktischer Konfigurationen erh\u00e4ltlich, wie unten aufgef\u00fchrt.<\/p>\n<p>&nbsp;<\/p>\n<p><em><strong>Teilenummern f\u00fcr Suchscheinwerfer-Kits mit URP-102 Point Pad und URC-103 Master Controller:<\/strong><\/em><\/p>\n<table>\n<tbody>\n<tr>\n<td width=\"103\"><strong>TEILENUMMER<\/strong><\/td>\n<td width=\"619\"><strong>BESCHREIBUNG<\/strong><\/td>\n<\/tr>\n<tr>\n<td width=\"103\">1960<\/td>\n<td width=\"619\">RCL-50 LED, Wei\u00df, mit URC-103 Master Controller und URP-102 Point Pad<\/td>\n<\/tr>\n<tr>\n<td width=\"103\">1961<\/td>\n<td width=\"619\">RCL-50 LED, Schwarz, mit URC-103 Master Controller und URP-102 Point Pad<\/td>\n<\/tr>\n<\/tbody>\n<\/table>\n<p><strong> <\/strong><\/p>\n<p><strong> <\/strong><em><strong>Teilenummern f\u00fcr Suchscheinwerfer-Kits mit URP-103 Point Pad und URC-104 Master Controller:<\/strong><\/em><\/p>\n<table>\n<tbody>\n<tr>\n<td width=\"103\"><strong>TEILENUMMER<\/strong><\/td>\n<td width=\"619\"><strong>BESCHREIBUNG<\/strong><\/td>\n<\/tr>\n<tr>\n<td width=\"103\">1980<\/td>\n<td width=\"619\">RCL-50 LED, Wei\u00df, mit neuem URC-104 Master Controller, URP-103 Point Pad und URH-103 Handheld Wireless Remote<\/td>\n<\/tr>\n<tr>\n<td width=\"103\">1981<\/td>\n<td width=\"619\">RCL-50 LED, Schwarz, mit neuem URC-104 Master Controller, URP-103 Point Pad und URH-103 Handheld Wireless Remote<\/td>\n<\/tr>\n<tr>\n<td width=\"103\">1982<\/td>\n<td width=\"619\">RCL-50 LED, Wei\u00df, mit neuem URC-104 Master Controller und URP-103 Point Pad<\/td>\n<\/tr>\n<tr>\n<td width=\"103\">1983<\/td>\n<td width=\"619\">RCL-50 LED, Schwarz, mit neuem URC-104 Master Controller und URP-103 Point Pad<\/td>\n<\/tr>\n<\/tbody>\n<\/table>\n","protected":false},"excerpt":{"rendered":"<p>&nbsp;<\/p>\n<p>Dieser robuste Suchscheinwerfer wurde f\u00fcr kleine bis mittelgro\u00dfe Sportboote und kleine Handelsschiffe entwickelt und verf\u00fcgt \u00fcber eine neue 6-LED-Lampe mit \u00fcber 100.000 Candela. Der neue RCL -50 wurde f\u00fcr die rauen Bedingungen auf See entwickelt und verwendet das bew\u00e4hrte Aluminiumdruckgussgeh\u00e4use mit v\u00f6llig neuen internen mechanischen Steuerungen zur Stromversorgung und Drehung der ultrahellen LED-Lampe. <\/p>\n<p>Das traditionell schlanke Design der RCL -50 LED macht sie zu einer attraktiven und kosteng\u00fcnstigen Wahl f\u00fcr Sportyachten, Yachten, Sportfischerboote, Arbeitsboote und leichte Nutzfahrzeuge. Dank effizienterer LEDs reduziert die RCL -50 LED den Stromverbrauch auf 12-V-Booten um bis zu 50 %. <\/p>\n<p>&nbsp;<\/p>\n<p style=\"margin-left: 0in; margin-right: 0in;\"><span style=\"font-size: 11pt;\"><span style=\"font-family: Calibri,sans-serif;\"><a style=\"color: blue; text-decoration: underline;\" href=\"https:\/\/www.dropbox.com\/scl\/fi\/8sck4rivcx2jzxj8j61pu\/Prop-65-Lead-and-Lead-Compounds.pdf?rlkey=nsnudjcdonl81ck0z1eyzvq7b&amp;e=1&amp;dl=0\"><span style=\"color: #000000;\">WARNUNG: PROP 65<\/span><\/a><\/span><\/span><\/p>\n<p>&nbsp;<\/p>\n","protected":false},"featured_media":155866,"template":"","meta":{"_acf_changed":false,"om_disable_all_campaigns":false},"product_brand":[],"product_cat":[6024,6023,6026,5636,7189,6025],"product_tag":[12134,12142,12123,12028,12016,12042,12079,12155,12164,7190,12094,12064,12053,7195,7192,12110,7217],"class_list":{"0":"post-155631","1":"product","2":"type-product","3":"status-publish","4":"has-post-thumbnail","6":"product_cat-in-kustennahe","7":"product_cat-inland-de","8":"product_cat-kommerziell","9":"product_cat-marine-de","10":"product_cat-suchscheinwerfer-de","11":"product_cat-vor-der-kuste","12":"product_tag-1960-de","13":"product_tag-1961-de","14":"product_tag-aluminium-suchscheinwerfer","15":"product_tag-ausenscheinwerfer","16":"product_tag-ferngesteuerte-suchscheinwerfer","17":"product_tag-golight-de","18":"product_tag-led-bootssuchscheinwerfer-de","19":"product_tag-pn-1960-de","20":"product_tag-pn-1961-de","21":"product_tag-rcl-de","22":"product_tag-rcl-50-led-de","23":"product_tag-rcl-50-de","24":"product_tag-rcl-50b-de","25":"product_tag-suchscheinwerfer-de","26":"product_tag-suchscheinwerfer","27":"product_tag-suchscheinwerfer-fur-kleine-yachten","28":"product_tag-suchscheinwerfer-mit-fernbedienung","29":"pa_product-suchscheinwerfer","31":"first","32":"onbackorder","33":"taxable","34":"shipping-taxable","35":"purchasable","36":"product-type-variable"},"acf":[],"_links":{"self":[{"href":"https:\/\/www.acrartex.com\/de\/wp-json\/wp\/v2\/product\/155631","targetHints":{"allow":["GET"]}}],"collection":[{"href":"https:\/\/www.acrartex.com\/de\/wp-json\/wp\/v2\/product"}],"about":[{"href":"https:\/\/www.acrartex.com\/de\/wp-json\/wp\/v2\/types\/product"}],"wp:featuredmedia":[{"embeddable":true,"href":"https:\/\/www.acrartex.com\/de\/wp-json\/wp\/v2\/media\/155866"}],"wp:attachment":[{"href":"https:\/\/www.acrartex.com\/de\/wp-json\/wp\/v2\/media?parent=155631"}],"wp:term":[{"taxonomy":"product_brand","embeddable":true,"href":"https:\/\/www.acrartex.com\/de\/wp-json\/wp\/v2\/product_brand?post=155631"},{"taxonomy":"product_cat","embeddable":true,"href":"https:\/\/www.acrartex.com\/de\/wp-json\/wp\/v2\/product_cat?post=155631"},{"taxonomy":"product_tag","embeddable":true,"href":"https:\/\/www.acrartex.com\/de\/wp-json\/wp\/v2\/product_tag?post=155631"}],"curies":[{"name":"wp","href":"https:\/\/api.w.org\/{rel}","templated":true}]}}