{"id":155568,"date":"2021-03-16T08:25:51","date_gmt":"2021-03-16T13:25:51","guid":{"rendered":"https:\/\/www.acrartex.com\/products\/sm-3-solas-rettungsring-markierungslicht\/"},"modified":"2026-03-06T10:52:18","modified_gmt":"2026-03-06T15:52:18","slug":"sm-3-solas-rettungsring-markierungslicht","status":"publish","type":"product","link":"https:\/\/www.acrartex.com\/de\/products\/sm-3-solas-rettungsring-markierungslicht\/","title":{"rendered":"SM-3 SOLAS Rettungsring-Markierungslicht"},"content":{"rendered":"<p style=\"margin: 0in 0in 0.0001pt;\"><span style=\"font-size: 10pt;\"><span style=\"font-size: 11.0pt;\">Das SM-3 SOLAS Rettungsringlicht mit einer Mindestlichtst\u00e4rke von 3 Candela w\u00e4hrend der gesamten Lebensdauer markiert mit jedem hellen Blitz die Stelle, an der die Besatzung \u00fcber Bord gegangen ist. Es richtet sich automatisch auf und aktiviert sich im Wasser, sodass Besatzungsmitglieder in Not sich nie Sorgen um die Aktivierung machen m\u00fcssen. Das SM-3 wird mit zwei AA-Lithiumbatterien betrieben. Die Batterien sind vom Benutzer austauschbar, was eine potenziell l\u00e4ngere Produktlebensdauer als bei vielen Einweg-Rettungsringlichtern auf dem Markt erm\u00f6glicht.  <\/span><\/span><\/p>\n<p>&nbsp;<\/p>\n<p style=\"margin: 0in 0in 0.0001pt;\"><span style=\"font-size: 10pt;\"><span style=\"font-size: 11.0pt;\">Die mitgelieferte Halterung h\u00e4lt den SM-3 auch unter h\u00e4rtesten Bedingungen sicher und ist dennoch im Notfall leicht zug\u00e4nglich. Obwohl der SM-3 und seine Halterung deutlich kleiner sind als die SM-2-Modelle, weist die SM-3-Halterung praktischerweise das gleiche Lochbild auf wie der SM-2 und erm\u00f6glicht so eine einfache Nachr\u00fcstung ohne zus\u00e4tzliche Adapterplatte. <\/span><\/span><\/p>\n<p style=\"margin: 0in 0in 0.0001pt;\"><span style=\"font-size: 10pt;\"><span style=\"font-size: 11.0pt;\">Die SM-3 ist gem\u00e4\u00df USCG\/MED\/SOLAS f\u00fcr den weltweiten Einsatz zugelassen und stellt somit eine hervorragende Option f\u00fcr Schiffe dar, die die Anforderungen der USCG und SOLAS an selbstz\u00fcndende Rettungsringlichter erf\u00fcllen m\u00fcssen. Gem\u00e4\u00df den USCG- und SOLAS-Vorschriften f\u00fcr Passagier- und Frachtschiffe muss mindestens die H\u00e4lfte der Rettungsringe an Bord mit einem selbstz\u00fcndenden Licht ausgestattet sein.  Die Mindestanzahl der mitgef\u00fchrten Rettungsringe richtet sich nach der L\u00e4nge des Schiffes und kann zwischen vier und f\u00fcnfzehn Rettungsringen mit selbstz\u00fcndenden Lichtern pro Schiff liegen.  <\/span><\/span><\/p>\n<p>&nbsp;<\/p>\n<p style=\"margin: 0in 0in 0.0001pt;\"><span style=\"font-size: 10pt;\"><span style=\"font-size: 11.0pt;\">Das robuste Design erm\u00f6glicht eine gr\u00f6\u00dfere Flexibilit\u00e4t im Einsatz. W\u00e4hrend die SOLAS-Zulassung nur einen Falltest aus 30 Metern H\u00f6he vorschreibt, wurde der SM-3 bis zu einer H\u00f6he von 76 Metern getestet. Dies macht den SM-3 zu einer vielseitigen Option f\u00fcr den Einsatz auf verschiedenen Plattformen oder Schiffen unterschiedlicher Gr\u00f6\u00dfe.  <\/span><\/span><\/p>\n<p style=\"margin: 0in 0in 0.0001pt;\"><span style=\"font-size: 10pt;\"><span style=\"font-size: 11.0pt;\">Dank der leicht austauschbaren Lithium-AA-Batterie als Stromquelle wird Ihnen das SM-3 jahrelang gute Dienste leisten und immer einsatzbereit sein, wenn es gebraucht wird.<\/span><\/span><\/p>\n<p>&nbsp;<\/p>\n<p><iframe loading=\"lazy\" title=\"The New ACR SM-3 Buoy Marker Light is USCG, MED, SOLAS Approved\" width=\"500\" height=\"281\" src=\"https:\/\/www.youtube.com\/embed\/hHbvfrkWlic?feature=oembed\" frameborder=\"0\" allow=\"accelerometer; autoplay; clipboard-write; encrypted-media; gyroscope; picture-in-picture; web-share\" referrerpolicy=\"strict-origin-when-cross-origin\" allowfullscreen><\/iframe><\/p>\n<h2 style=\"margin: 0in 0in 0.0001pt;\"><span style=\"font-size: 10pt;\"><b><span style=\"font-size: 12.0pt;\">Funktionen und Vorteile:<\/span><\/b><\/span><\/h2>\n<ul>\n<li style=\"margin-right: 13.5pt; margin: 0in 0in 0.0001pt;\"><span style=\"font-size: 10pt;\"><span style=\"background: white;\"><span style=\"color: black;\"><span style=\"font-size: 11.0pt;\">SOLAS\/MED-Zulassung  <\/span><\/span><\/span><\/span><\/li>\n<li style=\"margin-right: 13.5pt; margin: 0in 0in 0.0001pt;\"><span style=\"font-size: 10pt;\"><span style=\"background: white;\"><span style=\"color: black;\"><span style=\"font-size: 11.0pt;\">Helles Licht in alle Richtungen (360\u00b0 Sichtbarkeit)<\/span><\/span><\/span><\/span><\/li>\n<li style=\"margin-right: 13.5pt; margin: 0in 0in 0.0001pt;\"><span style=\"font-size: 10pt;\"><span style=\"background: white;\"><span style=\"font-size: 11.0pt;\"><span style=\"color: black;\">UV-best\u00e4ndiges Polycarbonat-Geh\u00e4use<\/span><\/span><\/span><\/span><\/li>\n<li style=\"margin-right: 13.5pt; margin: 0in 0in 0.0001pt;\"><span style=\"font-size: 10pt;\"><span style=\"background: white;\"><span style=\"color: black;\"><span style=\"font-size: 11.0pt;\">Leicht und kompakt<\/span><\/span><\/span><\/span><\/li>\n<li style=\"margin-right: 13.5pt; margin: 0in 0in 0.0001pt;\"><span style=\"font-size: 10pt;\"><span style=\"background: white;\"><span style=\"color: black;\"><span style=\"font-size: 11.0pt;\">Einfache Halterungsmontage<\/span><\/span><\/span><\/span><\/li>\n<li style=\"margin-right: 13.5pt; margin: 0in 0in 0.0001pt;\"><span style=\"font-size: 10pt;\"><span style=\"background: white;\"><span style=\"color: black;\"><span style=\"font-size: 11.0pt;\">Die Halterung ist im Lieferumfang enthalten und weist dasselbe Lochmuster wie SM-2 auf, sodass eine einfache Nachr\u00fcstung m\u00f6glich ist.<\/span><\/span><\/span><\/span><\/li>\n<li style=\"margin-right: 13.5pt; margin: 0in 0in 0.0001pt;\"><span style=\"font-size: 10pt;\"><span style=\"background: white;\"><span style=\"color: black;\"><span style=\"font-size: 11.0pt;\">Richtet sich automatisch auf und wird aktiviert, wenn es im Wasser ist<\/span><\/span><\/span><\/span><\/li>\n<li style=\"margin-right: 13.5pt; margin: 0in 0in 0.0001pt;\"><span style=\"font-size: 10pt;\"><span style=\"background: white;\"><span style=\"color: black;\"><span style=\"font-size: 11.0pt;\">Hochintensives LED-Blitzlicht<\/span><\/span><\/span><\/span><\/li>\n<li style=\"margin-right: 13.5pt; margin: 0in 0in 0.0001pt;\"><span style=\"font-size: 10pt;\"><span style=\"background: white;\"><span style=\"color: black;\"><span style=\"font-size: 11.0pt;\">Schwimmt aufrecht unter allen Bedingungen<\/span><\/span><\/span><\/span><\/li>\n<li style=\"margin-right: 13.5pt; margin: 0in 0in 0.0001pt;\"><span style=\"font-size: 10pt;\"><span style=\"background: white;\"><span style=\"color: black;\"><span style=\"font-size: 11.0pt;\">Mindestens 40 Stunden Dauerbetrieb bei  <\/span><span style=\"font-size: 11.0pt;\"><span style=\"background: white;\">30 <sup>\u00b0<\/sup> C (86 <sup>\u00b0<\/sup> F) oder \u00fcber 24 Stunden bei -1 <sup>\u00b0<\/sup> C (30 <sup>\u00b0<\/sup> F)<\/span><\/span><\/span><\/span><\/span><\/li>\n<li style=\"margin-right: 13.5pt; margin: 0in 0in 0.0001pt;\"><span style=\"font-size: 11.0pt;\"><span style=\"color: black;\">Vom Benutzer austauschbare AA Energizer L91 Lithiumbatterien (nicht im Lieferumfang enthalten)<\/span><\/span><\/li>\n<\/ul>\n","protected":false},"excerpt":{"rendered":"<p><span style=\"font-size: 11.0pt;\"><span style=\"background: white;\"><span style=\"color: black;\">Die SOLAS-zugelassene Rettungsring-Markierungsleuchte SM-3 ist ein hochintensives LED-Blitzlicht mit 360\u00b0-Sichtbarkeit \u00fcber ca. 3,2 km. Diese kompakte und dennoch robuste Markierungsleuchte erleichtert die Rettung, indem sie sich im Wasser automatisch aktiviert und zu blinken beginnt. Sie leuchtet \u00fcber 40 Stunden bei 30 <sup>\u00b0<\/sup> C (86 <sup>\u00b0<\/sup> F) bzw. \u00fcber 24 Stunden bei -1 <sup>\u00b0<\/sup> C (30 <sup>\u00b0<\/sup> F). Die SM-3 eignet sich perfekt f\u00fcr die kommerzielle Schifffahrt, Petro-Marine, Kreuzfahrtschiffe und alle anderen Anwendungen, die eine zuverl\u00e4ssige Crew-Overboard-Markierungsleuchte (COB) ben\u00f6tigen. Sie schwimmt unter allen Bedingungen aufrecht und leuchtet dauerhaft, wenn Sie sie am meisten brauchen.  <\/span><\/span><\/span><\/p>\n<p><a href=\"https:\/\/www.dropbox.com\/s\/0ezw0kexbm120vv\/Prop%2065%20-%20Lead%20and%20Lead%20Compounds.pdf?dl=0\">WARNUNG: PROP 65<\/a><\/p>\n<p>&nbsp;<\/p>\n","protected":false},"featured_media":164462,"template":"","meta":{"_acf_changed":false,"om_disable_all_campaigns":false},"product_brand":[],"product_cat":[5636,7777],"product_tag":[12150,12127,12117,12050,11767,8035,12089,7800,12106,12026,12039,11974,12014,11993,11966,11983,12004,8034,12075,12136,12062],"class_list":{"0":"post-155568","1":"product","2":"type-product","3":"status-publish","4":"has-post-thumbnail","6":"product_cat-marine-de","7":"product_cat-signalprodukte-de","8":"product_tag-3947-de","9":"product_tag-acr-sm-2-de","10":"product_tag-acr-sm2-de","11":"product_tag-besatzung-uber-bord-licht","12":"product_tag-blitz-rettungslicht","13":"product_tag-gmdss-de","14":"product_tag-gmdss-licht","15":"product_tag-marine-blitzlicht","16":"product_tag-rettungsring-licht","17":"product_tag-rettungsringlicht","18":"product_tag-selbstzundendes-rettungsringlicht","19":"product_tag-sm-3-de","20":"product_tag-sm-3-blitz","21":"product_tag-sm-3-markierungsleuchte","22":"product_tag-sm3-de","23":"product_tag-sm3-begrenzungsleuchte","24":"product_tag-sm3-licht","25":"product_tag-solas-de","26":"product_tag-solas-licht","27":"product_tag-solas-zulassung","28":"product_tag-stroboskoplicht-fur-uber-bord-gegangene-besatzung","29":"pa_boat-size-0-20-de","30":"pa_boat-size-21-40-de","31":"pa_boat-size-40-80-de","32":"pa_boat-size-80-de","33":"pa_boat-type-charteryacht-de","34":"pa_boat-type-frachtschiff","35":"pa_boat-type-kommerzielle-fischerei","36":"pa_boat-type-schlepper","37":"pa_boat-type-segelboot","38":"pa_boat-type-yacht-de","39":"pa_product-rescue-beacons-ukw-sart","40":"pa_product-rettungslichter","41":"pa_product-signalprodukte-de","43":"first","44":"instock","45":"taxable","46":"shipping-taxable","47":"purchasable","48":"product-type-simple"},"acf":[],"_links":{"self":[{"href":"https:\/\/www.acrartex.com\/de\/wp-json\/wp\/v2\/product\/155568","targetHints":{"allow":["GET"]}}],"collection":[{"href":"https:\/\/www.acrartex.com\/de\/wp-json\/wp\/v2\/product"}],"about":[{"href":"https:\/\/www.acrartex.com\/de\/wp-json\/wp\/v2\/types\/product"}],"wp:featuredmedia":[{"embeddable":true,"href":"https:\/\/www.acrartex.com\/de\/wp-json\/wp\/v2\/media\/164462"}],"wp:attachment":[{"href":"https:\/\/www.acrartex.com\/de\/wp-json\/wp\/v2\/media?parent=155568"}],"wp:term":[{"taxonomy":"product_brand","embeddable":true,"href":"https:\/\/www.acrartex.com\/de\/wp-json\/wp\/v2\/product_brand?post=155568"},{"taxonomy":"product_cat","embeddable":true,"href":"https:\/\/www.acrartex.com\/de\/wp-json\/wp\/v2\/product_cat?post=155568"},{"taxonomy":"product_tag","embeddable":true,"href":"https:\/\/www.acrartex.com\/de\/wp-json\/wp\/v2\/product_tag?post=155568"}],"curies":[{"name":"wp","href":"https:\/\/api.w.org\/{rel}","templated":true}]}}