{"id":155333,"date":"2021-03-16T08:17:27","date_gmt":"2021-03-16T13:17:27","guid":{"rendered":"https:\/\/www.acrartex.com\/products\/sm-2-markierungslichter\/"},"modified":"2021-03-16T08:17:27","modified_gmt":"2021-03-16T13:17:27","slug":"sm-2-markierungslichter","status":"publish","type":"product","link":"https:\/\/www.acrartex.com\/de\/products\/sm-2-markierungslichter\/","title":{"rendered":"SM-2 Markierungslichter"},"content":{"rendered":"<p>Es richtet sich automatisch auf, aktiviert sich im Wasser und beginnt zu blinken. Die Leuchtdauer betr\u00e4gt bis zu 60 Stunden mit einer 6-Volt-Batterie. Ideal f\u00fcr die kommerzielle Schifffahrt, Petro-Marine, Kreuzfahrtschiffe und alle Anwendungen, die eine zuverl\u00e4ssige COB-Leuchte ben\u00f6tigen. <\/p>\n<ul>\n<li>Helleres Licht in alle Richtungen<\/li>\n<li>Verbessertes Geh\u00e4use aus Polycarbonat-Mischung, verbesserte Schlagfestigkeit; UV-, temperatur- und chemikalienbest\u00e4ndig<\/li>\n<li>Perfekt f\u00fcr die kommerzielle Schifffahrt, Petro-Marine, Taucher, Kreuzfahrtschiffe und alle Anwendungen, die ein zuverl\u00e4ssiges COB-Licht ben\u00f6tigen<\/li>\n<li>Richtet sich automatisch auf und wird aktiviert, wenn es im Wasser ist<\/li>\n<li>Hochintensives Xenon-Blitzlicht bietet 360\u00b0-Sichtbarkeit f\u00fcr mehr als 4,8 km<\/li>\n<li>Schwimmt aufrecht unter allen Bedingungen<\/li>\n<li>Mindestens 36 Stunden Dauerbetrieb<\/li>\n<\/ul>\n<p>Eine Frage der Balance<br \/>\n Markierungslichter m\u00fcssen f\u00fcr optimale Sichtbarkeit konstruktionsbedingt aufrecht schwimmen. Die 6-Volt-Laternenbatterien dienen als Ballast f\u00fcr diese Lichter. Obwohl die Batterien gleich gro\u00df sein k\u00f6nnen, haben sie aufgrund der unterschiedlichen chemischen Zusammensetzung unterschiedliche Gewichte. Es ist unbedingt erforderlich, nur die empfohlenen 6-Volt-Batteriemodelle zu verwenden. Zu wenig Ballast und das Licht liegt kippelig auf der Seite; zu viel Gewicht und das Licht kann sinken. Wenn Zweifel am richtigen Gewicht der Batterie bestehen, testen Sie das Licht, indem Sie es in flaches Wasser legen. Schwimmt es aufrecht, ist es in Ordnung. Sinkt die SM-2 jedoch, ist die Batterie zu schwer.      <\/p>\n<p>Empfohlene Batterietypen, Batterien mit Schraubklemmen:<\/p>\n<ul>\n<li>ANSI\/NEDA: 915, 915C, 915D, 915AC<\/li>\n<li>Duracell: M915, PC915<\/li>\n<li>Rayovac\u00ae: 942, 945<\/li>\n<li>Eveready\u00ae: 510S<\/li>\n<\/ul>\n<p>Empfohlene Batterietypen, Federklemmenbatterien:<\/p>\n<ul>\n<li>ANSI\/NEDA: 908, 908C, 908D, 908AC<\/li>\n<li>Duracell: M908, PC908<\/li>\n<li>Rayovac\u00ae: 941, 944<\/li>\n<li>Eveready\u00ae: 509, 1209<\/li>\n<li>Energizer: EN529 (nicht 529)<\/li>\n<li>Panasonic: W-4FD<\/li>\n<\/ul>\n","protected":false},"excerpt":{"rendered":"<p>Die Produktion des SM-2 wurde eingestellt und durch das <a href=\"https:\/\/www.acrartex.com\/products\/sm-3-lifebuoy-self-igniting-light\">neue SM-3-Bojenmarkierungslicht (USCG\/MED-Zulassung)<\/a> ersetzt.<\/p>\n<p>Das SM-2 ist ein hochintensives Xenon-Blitzlicht mit 360\u00b0-Sichtbarkeit \u00fcber mehr als 4,8 km. Dieses Markierungslicht aktiviert sich automatisch im Wasser und blinkt. Mit einer 6-Volt-Batterie leuchtet es bis zu 60 Stunden. Es eignet sich perfekt f\u00fcr die kommerzielle Schifffahrt, Benzinmotorschiffe, Kreuzfahrtschiffe und alle anderen Anwendungen, die ein zuverl\u00e4ssiges Crew-Overboard-Markierungslicht (COB) ben\u00f6tigen. Das SM-2 schwimmt unter allen Bedingungen aufrecht und leuchtet dauerhaft, wenn Sie es am meisten brauchen.  <\/p>\n<p>&nbsp;<\/p>\n<p><span style=\"color: #e74c3c;\">CODE: <strong>SHIPFREE20<\/strong> Kostenloser Versand auf dem Landweg bei Bestellungen \u00fcber 30 US-Dollar. Ausgenommen HI und AK <\/span><\/p>\n<p>&nbsp;<\/p>\n","protected":false},"featured_media":155479,"template":"","meta":{"_acf_changed":false,"om_disable_all_campaigns":false},"product_brand":[],"product_cat":[5636],"product_tag":[11727,11746,11755,11638,7672,11767,11834,11737,11824,11809,11790,11816,11780,11669,11659,11689,11647,11678,11716,11703,11800],"class_list":{"0":"post-155333","1":"product","2":"type-product","3":"status-publish","4":"has-post-thumbnail","6":"product_cat-marine-de","7":"product_tag-acr-kaufen","8":"product_tag-acr-elektronik-de","9":"product_tag-aufblasbares-leben","10":"product_tag-begrenzungsleuchten","11":"product_tag-blitz","12":"product_tag-blitz-rettungslicht","13":"product_tag-blitzelektronik","14":"product_tag-blitzlicht-de","15":"product_tag-blitzlichtladen","16":"product_tag-blitzlichtverkauf","17":"product_tag-das-blitzlicht","18":"product_tag-ein-blitzlicht","19":"product_tag-marine-blitzlichter","20":"product_tag-sm-2-de-2","21":"product_tag-sm-2-de","22":"product_tag-sm-2-markierungsleuchte","23":"product_tag-sm2-de","24":"product_tag-sm2-begrenzungsleuchte","25":"product_tag-sm2-blitz","26":"product_tag-sm2-licht-de","27":"product_tag-stroboskop-notlicht","28":"pa_product-vermachtnis","30":"first","31":"outofstock","32":"taxable","33":"shipping-taxable","34":"product-type-simple"},"acf":[],"_links":{"self":[{"href":"https:\/\/www.acrartex.com\/de\/wp-json\/wp\/v2\/product\/155333","targetHints":{"allow":["GET"]}}],"collection":[{"href":"https:\/\/www.acrartex.com\/de\/wp-json\/wp\/v2\/product"}],"about":[{"href":"https:\/\/www.acrartex.com\/de\/wp-json\/wp\/v2\/types\/product"}],"wp:featuredmedia":[{"embeddable":true,"href":"https:\/\/www.acrartex.com\/de\/wp-json\/wp\/v2\/media\/155479"}],"wp:attachment":[{"href":"https:\/\/www.acrartex.com\/de\/wp-json\/wp\/v2\/media?parent=155333"}],"wp:term":[{"taxonomy":"product_brand","embeddable":true,"href":"https:\/\/www.acrartex.com\/de\/wp-json\/wp\/v2\/product_brand?post=155333"},{"taxonomy":"product_cat","embeddable":true,"href":"https:\/\/www.acrartex.com\/de\/wp-json\/wp\/v2\/product_cat?post=155333"},{"taxonomy":"product_tag","embeddable":true,"href":"https:\/\/www.acrartex.com\/de\/wp-json\/wp\/v2\/product_tag?post=155333"}],"curies":[{"name":"wp","href":"https:\/\/api.w.org\/{rel}","templated":true}]}}