{"id":155249,"date":"2021-04-09T11:16:19","date_gmt":"2021-04-09T16:16:19","guid":{"rendered":"https:\/\/www.acrartex.com\/products\/sarlink-plb-view\/"},"modified":"2021-04-09T11:16:19","modified_gmt":"2021-04-09T16:16:19","slug":"sarlink-plb-view","status":"publish","type":"product","link":"https:\/\/www.acrartex.com\/de\/products\/sarlink-plb-view\/","title":{"rendered":"SARLink\u2122 PLB View"},"content":{"rendered":"<p><span style=\"color: #3366ff;\"><strong>Dieses Produkt wurde eingestellt.<\/strong><\/span><\/p>\n<p>Gehen Sie mit Zuversicht auf die Reise. Mit drei integrierten Signaltechnologien \u2013 GPS Ortung, einem starken 406-MHz-Signal und 121,5-MHz-Zielsuchfunktion \u2013 \u00fcbermittelt SARLink\u2122 View Ihre Position schnell und pr\u00e4zise an ein weltweites Netzwerk von Such- und Rettungssatelliten. Das verk\u00fcrzt die Suchzeit und erh\u00f6ht Ihre \u00dcberlebenschancen. Diese zuverl\u00e4ssige Signaltechnologie hat bereits \u00fcber 50.000 Menschen gerettet.<br \/>\n lebt seit 1982.  <\/p>\n<p>SARLink\u2122 View sendet ein einzigartiges registriertes Notsignal, das den Rettungskr\u00e4ften nicht nur Ihren Standort, sondern auch Ihre Identit\u00e4t mitteilt. Das integrierte GPS kann Ihre Position auf 100 Meter genau bestimmen und nutzt dann ein leistungsstarkes 406-MHz-Signal, um Ihren Notruf an umlaufende SAR-Satelliten weiterzuleiten. Bei der lokalen Suche und Rettung leiten ein separates Zielsignal und ein integriertes LED-Blitzlicht die Rettungskr\u00e4fte zu Ihrem Standort.<br \/>\n SARLink\u2122 View verf\u00fcgt \u00fcber eine digitale Anzeige, auf der Sie alle Betriebsaktivit\u00e4ten des Beacons sehen k\u00f6nnen.  <\/p>\n<p>Der Bildschirm zeigt GPS LAT\/LON, Bedienungsanleitungen, Anwendungstipps, Sendeimpulse sowie den Batteriestand an. Die digitale Anzeige macht den Selbsttest Ihres Beacons einfach und verst\u00e4ndlich, indem sie Sie Schritt f\u00fcr Schritt visuell durch den Selbsttest f\u00fchrt. Sie m\u00fcssen sich nicht mehr auf Piept\u00f6ne und Blicke verlassen.<br \/>\n f\u00fcr LEDs.  <\/p>\n<p>Der SARLink\u2122 View ist leicht und klein genug, um von Skifahrern, Wanderern, J\u00e4gern, Kajakfahrern, Kletterern, Piloten, Schneemobilfahrern und anderen Outdoor-Enthusiasten problemlos im Rucksack oder in der Tasche getragen zu werden. ACR Exklusiv: Der integrierte GPS Erfassungstestmodus erm\u00f6glicht es Ihnen, GPS Funktionalit\u00e4t \u00fcber die gesamte Lebensdauer bis zu 60 Mal zu testen.<br \/>\n der Batterie. Nutzen Sie dieselbe praxiserprobte Rettungstechnologie, die auch vom US-Milit\u00e4r, der US-K\u00fcstenwache, den NATO-Spezialeinheiten und Arktisforschern verwendet wird.  <\/p>\n","protected":false},"excerpt":{"rendered":"<p>Mit dem SARLink\u2122 View Personal Locator Beacon ( PLB ) sind Sie sicher unterwegs. Dieser Notrufsender ist leistungsstark genug, um ein einzigartiges Notsignal zu senden, das den Rettungskr\u00e4ften nicht nur Ihren Standort, sondern auch Ihre Identit\u00e4t mitteilt. Der PLB nutzt ein leistungsstarkes 406-MHz-Signal, um Ihren Notruf an umlaufende SAR-Satelliten weiterzuleiten, w\u00e4hrend das integrierte GPS Ihre Position auf 100 Meter genau bestimmt. Bei der lokalen Suche und Rettung leiten ein separates Peilsignal und ein integriertes LED-Blitzlicht die Rettungskr\u00e4fte zu Ihrem Standort.   <\/p>\n<p><span style=\"color: #3366ff;\"><strong>Dieses Produkt wurde eingestellt.<\/strong><\/span><\/p>\n","protected":false},"featured_media":155273,"template":"","meta":{"_acf_changed":false,"om_disable_all_campaigns":false},"product_brand":[],"product_cat":[5687],"product_tag":[8511,7029,9252,6127,5713,5711,11523,11445,11476,11496,11487,11504,11513,8499,8513],"class_list":{"0":"post-155249","1":"product","2":"type-product","3":"status-publish","4":"has-post-thumbnail","6":"product_cat-im-freien","7":"product_tag-cospas-de","8":"product_tag-cospas-sarsat-de","9":"product_tag-epirbs-de","10":"product_tag-plb-350-de","11":"product_tag-plb-350c-de-2","12":"product_tag-plb-350c-de","13":"product_tag-sar-de","14":"product_tag-sarlink-de","15":"product_tag-sarlink-ansicht","16":"product_tag-sarlink-ansicht-406","17":"product_tag-sarlink-ansicht-des-personlichen-ortungssenders","18":"product_tag-sarlink-ansicht-gps-plb","19":"product_tag-sarlink-ansicht-gps-ortungsgerat","20":"product_tag-sarsat-de","21":"product_tag-sarsat-cospas-de","22":"pa_product-vermachtnis","24":"first","25":"outofstock","26":"taxable","27":"shipping-taxable","28":"product-type-simple"},"acf":[],"_links":{"self":[{"href":"https:\/\/www.acrartex.com\/de\/wp-json\/wp\/v2\/product\/155249","targetHints":{"allow":["GET"]}}],"collection":[{"href":"https:\/\/www.acrartex.com\/de\/wp-json\/wp\/v2\/product"}],"about":[{"href":"https:\/\/www.acrartex.com\/de\/wp-json\/wp\/v2\/types\/product"}],"wp:featuredmedia":[{"embeddable":true,"href":"https:\/\/www.acrartex.com\/de\/wp-json\/wp\/v2\/media\/155273"}],"wp:attachment":[{"href":"https:\/\/www.acrartex.com\/de\/wp-json\/wp\/v2\/media?parent=155249"}],"wp:term":[{"taxonomy":"product_brand","embeddable":true,"href":"https:\/\/www.acrartex.com\/de\/wp-json\/wp\/v2\/product_brand?post=155249"},{"taxonomy":"product_cat","embeddable":true,"href":"https:\/\/www.acrartex.com\/de\/wp-json\/wp\/v2\/product_cat?post=155249"},{"taxonomy":"product_tag","embeddable":true,"href":"https:\/\/www.acrartex.com\/de\/wp-json\/wp\/v2\/product_tag?post=155249"}],"curies":[{"name":"wp","href":"https:\/\/api.w.org\/{rel}","templated":true}]}}