{"id":155218,"date":"2021-04-09T11:16:18","date_gmt":"2021-04-09T16:16:18","guid":{"rendered":"https:\/\/www.acrartex.com\/products\/dgl-1\/"},"modified":"2021-04-09T11:16:18","modified_gmt":"2021-04-09T16:16:18","slug":"dgl-1","status":"publish","type":"product","link":"https:\/\/www.acrartex.com\/de\/products\/dgl-1\/","title":{"rendered":"DGL-1"},"content":{"rendered":"<p>Flottenbetreiber k\u00f6nnen ELTs effizient und bequem zwischen Flugzeugen \u00fcbertragen. Der DGL-1 wird mit einer Abdeckung geliefert. Abdeckung und Dongle verbleiben im Flugzeug. Nach der Installation eines ELT programmiert der DGL-1 ELT mit der 24-Bit-Adresse des Flugzeugs neu. Der DGL-1 ist ideal f\u00fcr Betreiber, die eine automatische Programmierung w\u00fcnschen, aber nicht auf die Positionsdatenfunktion der Artex ELT \/NAV-Schnittstelle zur\u00fcckgreifen m\u00f6chten.    <\/p>\n<p>\u2022 Speziell f\u00fcr Flottenbetreiber entwickelt<\/p>\n<p>\u2022 Vorhandene C406-1\/2, G406-4 und B406-4 Installationen k\u00f6nnen problemlos aufger\u00fcstet werden<\/p>\n<p>\u2022 Vereinfacht die Wartung erheblich und reduziert Ausfallzeiten<\/p>\n<p>\u2022 Die Installation wird Teil des permanenten AC-Kabelbaums<\/p>\n<p>\u2022 Festverdrahtungsoption zur Identifizierung von Flottenflugzeugen<\/p>\n<p>\u2022 Gew\u00e4hrleistet die korrekte ELT Programmierung f\u00fcr Ersatzteile<\/p>\n","protected":false},"excerpt":{"rendered":"<p>Mit dem Artex DGL-1 Programmierdongle k\u00f6nnen Flottenbetreiber ELTs effizient von Flugzeug zu Flugzeug \u00fcbertragen. Der DGL-1 ist ideal f\u00fcr Betreiber, die eine automatische Programmierung w\u00fcnschen, aber nicht auf die Positionsdatenfunktion der Artex ELT \/NAV-Schnittstelle verzichten m\u00f6chten. Der DGL-1 ist an einer Abdeckung befestigt, die zusammen mit dem Dongle im Flugzeug verbleibt. Nach der Installation eines ELT programmiert der DGL-1 ELT mit der 24-Bit-Adresse des Flugzeugs neu. Fazit: Dieses Ger\u00e4t vereinfacht die Wartung erheblich und reduziert Ausfallzeiten.    <\/p>\n","protected":false},"featured_media":155247,"template":"","meta":{"_acf_changed":false,"om_disable_all_campaigns":false},"product_brand":[],"product_cat":[6031,6032,5570,8486],"product_tag":[11456,11463,11420,11430,11448,11439],"class_list":{"0":"post-155218","1":"product","2":"type-product","3":"status-publish","4":"has-post-thumbnail","6":"product_cat-allgemeine-luftfahrt","7":"product_cat-business-jet-de","8":"product_cat-luftfahrt","9":"product_cat-verkehrsflugzeuge","10":"product_tag-dlg-de","11":"product_tag-dlg-1-de","12":"product_tag-elt-dongle-de","13":"product_tag-elt-programmierdongle","14":"product_tag-elt-programm-dongle","15":"product_tag-programmier-dongle","17":"first","18":"instock","19":"taxable","20":"shipping-taxable","21":"product-type-simple"},"acf":[],"_links":{"self":[{"href":"https:\/\/www.acrartex.com\/de\/wp-json\/wp\/v2\/product\/155218","targetHints":{"allow":["GET"]}}],"collection":[{"href":"https:\/\/www.acrartex.com\/de\/wp-json\/wp\/v2\/product"}],"about":[{"href":"https:\/\/www.acrartex.com\/de\/wp-json\/wp\/v2\/types\/product"}],"wp:featuredmedia":[{"embeddable":true,"href":"https:\/\/www.acrartex.com\/de\/wp-json\/wp\/v2\/media\/155247"}],"wp:attachment":[{"href":"https:\/\/www.acrartex.com\/de\/wp-json\/wp\/v2\/media?parent=155218"}],"wp:term":[{"taxonomy":"product_brand","embeddable":true,"href":"https:\/\/www.acrartex.com\/de\/wp-json\/wp\/v2\/product_brand?post=155218"},{"taxonomy":"product_cat","embeddable":true,"href":"https:\/\/www.acrartex.com\/de\/wp-json\/wp\/v2\/product_cat?post=155218"},{"taxonomy":"product_tag","embeddable":true,"href":"https:\/\/www.acrartex.com\/de\/wp-json\/wp\/v2\/product_tag?post=155218"}],"curies":[{"name":"wp","href":"https:\/\/api.w.org\/{rel}","templated":true}]}}