{"id":155216,"date":"2021-04-09T11:16:10","date_gmt":"2021-04-09T16:16:10","guid":{"rendered":"https:\/\/www.acrartex.com\/products\/sarlink\/"},"modified":"2021-04-09T11:16:10","modified_gmt":"2021-04-09T16:16:10","slug":"sarlink","status":"publish","type":"product","link":"https:\/\/www.acrartex.com\/de\/products\/sarlink\/","title":{"rendered":"SARLink\u2122"},"content":{"rendered":"<p><strong>\u00dcber SARLink<\/strong><\/p>\n<p>SARLink wurde f\u00fcr den Einsatz in rauen Umgebungen entwickelt. Das Ger\u00e4t ist bis zu einer Tiefe von einem Meter wasserdicht und entspricht der Schutzart IP-67. Zus\u00e4tzliche Umwelttests umfassen St\u00fcrze, Vibrationen, St\u00f6\u00dfe, Korrosion und Thermoschock. SARLink ist robust genug, um den Anforderungen heutiger Alleinarbeiter, Polizeikr\u00e4fte, Feuerwehrleute, Such- und Rettungskr\u00e4fte, Rettungssanit\u00e4ter und anderer Einsatzkr\u00e4fte standzuhalten.   <\/p>\n<p>SARLink verf\u00fcgt \u00fcber einen hochaufl\u00f6senden Farb-LCD-Touchscreen, auf dem die Men\u00fcoptionen als leicht verst\u00e4ndliche Symbole angezeigt werden. Der Touchscreen erm\u00f6glicht schnellen Zugriff auf die Men\u00fcs und einfache Texteingabe \u00fcber eine QWERTZ-Tastatur. SARLink verf\u00fcgt \u00fcber zwei separate Akkus: einen wiederaufladbaren Lithium-Ionen-Akku f\u00fcr Iridium-Tracking, SMS und Notrufe sowie einen separaten Lithium-Ionen-Akku f\u00fcr den 406-MHz-Ortungssender gem\u00e4\u00df den strengen Systemanforderungen Cospas-Sarsat . Sollte der Iridium-Akku leer sein, erm\u00f6glicht der separate 406-MHz-Akku eine unabh\u00e4ngige Notruf\u00fcbertragung f\u00fcr 24 Stunden.   <\/p>\n<p><strong>Notrufe<\/strong><\/p>\n<p>SARLink sendet bei Aktivierung der SOS-Taste gleichzeitige und redundante Notfallbenachrichtigungen \u00fcber die Satellitennetzwerke Cospas-Sarsat und Iridium. Dank der integrierten GPS Technologie k\u00f6nnen beide Alarme pr\u00e4zise Geolokalisierungsdaten enthalten. Die bidirektionale Kommunikation in Kombination mit der Notruffunktion erm\u00f6glicht die Best\u00e4tigung des Notfalls und die Unterst\u00fctzung der Rettung durch detaillierte Informationen zur Situation.  <\/p>\n<p><strong>Sendungsverfolgung<\/strong><\/p>\n<p>SARLink erm\u00f6glicht die \u00dcbertragung pr\u00e4ziser Positionsinformationen (PLI) in w\u00e4hlbaren Intervallen von einmal pro Minute bis einmal pro Tag. Manuell aktivierter Check-In wird ebenfalls unterst\u00fctzt. Zu den weiteren Funktionen geh\u00f6rt das Erstellen, Speichern und Senden benutzerdefinierter Wegpunkte. SARLink nutzt ein offenes Datenformat und unterst\u00fctzt 10-Byte- und 30-Byte-Formate. Zudem bietet es die M\u00f6glichkeit, drahtlos fernkonfiguriert zu werden.  <\/p>\n<p><strong>Zwei-Wege-Messaging<\/strong><\/p>\n<p>SARLink bietet bidirektionale Satellitennachrichten\u00fcbermittlung \u00fcber das Iridium-Netzwerk, das eine 100-prozentige globale Abdeckung ohne L\u00fccken, Randzonen oder schwache Signalbereiche bietet. SARLink kann mit anderen mobilen Ger\u00e4ten wie Mobiltelefonen, Satellitentelefonen und anderen SARLink-Ger\u00e4ten \u00fcber bidirektionale Nachrichten kommunizieren, die von der Back-End-Plattform des Clients unterst\u00fctzt werden. Zu den Nachrichtenoptionen geh\u00f6ren Freitext \u00fcber die integrierte QWERTZ-Tastatur, vorgefertigte Nachrichten sowie eine Kombination aus Freitext und vorgefertigten Nachrichten. Auch Kurzcodes werden unterst\u00fctzt. Kontaktlisten k\u00f6nnen vordefiniert und vorgefertigte Nachrichten vom Systemadministrator per Skript erstellt und auf alle Ger\u00e4te geladen werden. SARLink unterst\u00fctzt auch E-Mail-Nachrichten.     <\/p>\n<p><strong>SARLink-Nutzung<\/strong><\/p>\n<p>Um alle SARLink-Funktionen nutzen zu k\u00f6nnen, muss der 406-MHz-Ortungssender bei der NOAA registriert sein ( <a href=\"https:\/\/beaconregistration.noaa.gov\/RGDB\/registerUsername\">hier klicken, um sich bei der NOAA zu registrieren<\/a> ). Zus\u00e4tzlich ben\u00f6tigen Benutzer ein Abonnement f\u00fcr Iridium Airtime und einen Backend-Service-Provider (BES), um den Backend-Service zu erhalten. Ohne Iridium Airtime-Abonnement oder BES k\u00f6nnen Benutzer die Ortung, die Zweiwegekommunikation und die Iridium-Notruffunktionen nicht nutzen. Bei Fragen zu Iridium Airtime oder Backend-Service-Providern wenden Sie sich bitte an ACR Electronics unter 954-981-3333.   <\/p>\n","protected":false},"excerpt":{"rendered":"<p>Mit dem SARLink\u2122 Dual-Mode-Rettungskommunikationsger\u00e4t sind Sie immer auf der sicheren Seite. Das tragbare Ger\u00e4t ist mit einem LED-Touchscreen ausgestattet, sodass Sie ganz einfach Nachrichten senden und empfangen k\u00f6nnen. Dank globaler Ortung bleiben Sie auch abseits der ausgetretenen Pfade stets auf dem Laufenden. Im Notfall k\u00f6nnen Sie mit der SARLink-SOS-Taste schnell Notrufe an Satellitennetzwerke senden.  <\/p>\n<p>&nbsp;<\/p>\n<p><strong>Dieses Produkt ist nicht f\u00fcr den gewerblichen Verkauf verf\u00fcgbar.<\/strong><\/p>\n<p>&nbsp;<\/p>\n","protected":false},"featured_media":155257,"template":"","meta":{"_acf_changed":false,"om_disable_all_campaigns":false},"product_brand":[],"product_cat":[6036,6034,6022,6033,6035],"product_tag":[11427,7029,5638,11418,11435,5694,11445,11466,11473,11481,11454,8499],"class_list":{"0":"post-155216","1":"product","2":"type-product","3":"status-publish","4":"has-post-thumbnail","6":"product_cat-boden-spezialeinheiten","7":"product_cat-luftpatrouille","8":"product_cat-militar-de","9":"product_cat-polizei-gemeinde","10":"product_cat-seestreitkrafte","11":"product_tag-acr-ortungsgerat","12":"product_tag-cospas-sarsat-de","13":"product_tag-epirb-de","14":"product_tag-personliche-ortungsbaken","15":"product_tag-personlicher-standortsender","16":"product_tag-personliches-ortungssignal","17":"product_tag-sarlink-de","18":"product_tag-sarlink-406-de","19":"product_tag-sarlink-gps-plb-de","20":"product_tag-sarlink-gps-ortungsgerat","21":"product_tag-sarlink-ortungsbake","22":"product_tag-sarsat-de","23":"pa_product-vermachtnis","25":"first","26":"outofstock","27":"taxable","28":"shipping-taxable","29":"product-type-simple"},"acf":[],"_links":{"self":[{"href":"https:\/\/www.acrartex.com\/de\/wp-json\/wp\/v2\/product\/155216","targetHints":{"allow":["GET"]}}],"collection":[{"href":"https:\/\/www.acrartex.com\/de\/wp-json\/wp\/v2\/product"}],"about":[{"href":"https:\/\/www.acrartex.com\/de\/wp-json\/wp\/v2\/types\/product"}],"wp:featuredmedia":[{"embeddable":true,"href":"https:\/\/www.acrartex.com\/de\/wp-json\/wp\/v2\/media\/155257"}],"wp:attachment":[{"href":"https:\/\/www.acrartex.com\/de\/wp-json\/wp\/v2\/media?parent=155216"}],"wp:term":[{"taxonomy":"product_brand","embeddable":true,"href":"https:\/\/www.acrartex.com\/de\/wp-json\/wp\/v2\/product_brand?post=155216"},{"taxonomy":"product_cat","embeddable":true,"href":"https:\/\/www.acrartex.com\/de\/wp-json\/wp\/v2\/product_cat?post=155216"},{"taxonomy":"product_tag","embeddable":true,"href":"https:\/\/www.acrartex.com\/de\/wp-json\/wp\/v2\/product_tag?post=155216"}],"curies":[{"name":"wp","href":"https:\/\/api.w.org\/{rel}","templated":true}]}}