{"id":155194,"date":"2021-04-09T11:16:33","date_gmt":"2021-04-09T16:16:33","guid":{"rendered":"https:\/\/www.acrartex.com\/products\/firefly-3-waterbug-blitzlicht\/"},"modified":"2021-04-09T11:16:33","modified_gmt":"2021-04-09T16:16:33","slug":"firefly-3-waterbug-blitzlicht","status":"publish","type":"product","link":"https:\/\/www.acrartex.com\/de\/products\/firefly-3-waterbug-blitzlicht\/","title":{"rendered":"Firefly \u00ae3 Waterbug Blitzlicht"},"content":{"rendered":"<p>Der Firefly \u00ae3 ist der hochmoderne Nachfolger seiner ber\u00fchmten Vorg\u00e4nger, des Firefly \u00ae4F und 4G.<\/p>\n<ul>\n<li>Hochmoderne Lampen-\/Objektivkombination f\u00fcr Blitz mit hoher Intensit\u00e4t<\/li>\n<li>Gro\u00dfer Schiebeschalter erm\u00f6glicht einfache Bedienung mit behandschuhten H\u00e4nden<\/li>\n<li>Dank der speziell entwickelten Basisplattform kann das Ger\u00e4t problemlos aufrecht stehen<\/li>\n<li>Edelstahlhalterung befestigt Batteriefach sicher am Geh\u00e4use<\/li>\n<li>Integrierte Zurrschlaufen bieten einen sicheren Ankerpunkt<\/li>\n<li>Ideal f\u00fcr Schwimmwesten, Sicherheitsgurte, Schwimmwesten, Arbeitsanz\u00fcge, Tauchanz\u00fcge, Rucks\u00e4cke und Fluganz\u00fcge.<\/li>\n<\/ul>\n","protected":false},"excerpt":{"rendered":"<p>Mit seiner speziellen Wasseraktivierungsfunktion schaltet sich dieses leistungsstarke Rettungsblitzlicht automatisch ein, wenn es scharfgeschaltet ist und mit Wasser in Ber\u00fchrung kommt.<\/p>\n<p>&nbsp;<\/p>\n","protected":false},"featured_media":155206,"template":"","meta":{"_acf_changed":false,"om_disable_all_campaigns":false},"product_brand":[],"product_cat":[5687,5636,6022,6035,6025],"product_tag":[11038,11027,11395,11388,10713,7685],"class_list":{"0":"post-155194","1":"product","2":"type-product","3":"status-publish","4":"has-post-thumbnail","6":"product_cat-im-freien","7":"product_cat-marine-de","8":"product_cat-militar-de","9":"product_cat-seestreitkrafte","10":"product_cat-vor-der-kuste","11":"product_tag-blitzlicht","12":"product_tag-firefly-de","13":"product_tag-firefly3-de","14":"product_tag-rettung","15":"product_tag-rettungsblitzlicht","16":"product_tag-wasserwanze","17":"pa_product-vermachtnis","19":"first","20":"outofstock","21":"taxable","22":"shipping-taxable","23":"product-type-simple"},"acf":[],"_links":{"self":[{"href":"https:\/\/www.acrartex.com\/de\/wp-json\/wp\/v2\/product\/155194","targetHints":{"allow":["GET"]}}],"collection":[{"href":"https:\/\/www.acrartex.com\/de\/wp-json\/wp\/v2\/product"}],"about":[{"href":"https:\/\/www.acrartex.com\/de\/wp-json\/wp\/v2\/types\/product"}],"wp:featuredmedia":[{"embeddable":true,"href":"https:\/\/www.acrartex.com\/de\/wp-json\/wp\/v2\/media\/155206"}],"wp:attachment":[{"href":"https:\/\/www.acrartex.com\/de\/wp-json\/wp\/v2\/media?parent=155194"}],"wp:term":[{"taxonomy":"product_brand","embeddable":true,"href":"https:\/\/www.acrartex.com\/de\/wp-json\/wp\/v2\/product_brand?post=155194"},{"taxonomy":"product_cat","embeddable":true,"href":"https:\/\/www.acrartex.com\/de\/wp-json\/wp\/v2\/product_cat?post=155194"},{"taxonomy":"product_tag","embeddable":true,"href":"https:\/\/www.acrartex.com\/de\/wp-json\/wp\/v2\/product_tag?post=155194"}],"curies":[{"name":"wp","href":"https:\/\/api.w.org\/{rel}","templated":true}]}}