{"id":155159,"date":"2021-04-09T11:16:44","date_gmt":"2021-04-09T16:16:44","guid":{"rendered":"https:\/\/www.acrartex.com\/products\/firefly-2-doublefly-blitz-glueh-rettungslicht\/"},"modified":"2021-04-09T11:16:44","modified_gmt":"2021-04-09T16:16:44","slug":"firefly-2-doublefly-blitz-glueh-rettungslicht","status":"publish","type":"product","link":"https:\/\/www.acrartex.com\/de\/products\/firefly-2-doublefly-blitz-glueh-rettungslicht\/","title":{"rendered":"Firefly \u00ae 2 Doublefly Blitz-\/Gl\u00fch-Rettungslicht"},"content":{"rendered":"<p>Der Xenon-360\u00b0-Strahl blinkt mindestens 8 Stunden lang im Sekundentakt (2 Stunden Dauerbetrieb im Gl\u00fchlampenmodus).<\/p>\n<ul>\n<li>Mit dem Multifunktionsschalter k\u00f6nnen Sie zwischen Blitzlicht f\u00fcr Sichtbarkeit auf gro\u00dfe Entfernungen oder konstantem Gl\u00fchlicht f\u00fcr Bergungsarbeiten im Nahbereich w\u00e4hlen.<\/li>\n<li>Gro\u00dfer Schiebeschalter erm\u00f6glicht einfache Bedienung mit behandschuhten H\u00e4nden<\/li>\n<li>Dank der speziell entwickelten Basisplattform kann das Ger\u00e4t problemlos aufrecht stehen<\/li>\n<li>Aluminiumhalterung befestigt Batteriefach sicher am Geh\u00e4use<\/li>\n<li>Hochintensive Xenon-Blitz- und Gl\u00fchlampe<\/li>\n<li>Ideal f\u00fcr Schwimmwesten, Sicherheitsgurte, Schwimmwesten, Arbeitsanz\u00fcge, Tauchanz\u00fcge, Rucks\u00e4cke und Fluganz\u00fcge.<\/li>\n<\/ul>\n","protected":false},"excerpt":{"rendered":"<p>Mit dem Multifunktionsschalter des Doublefly k\u00f6nnen Sie zwischen einem hochintensiven Stroboskoplicht, das aus einer Entfernung von \u00fcber 1 sm (1,9 km) sichtbar ist, oder einem konstanten Gl\u00fchlicht f\u00fcr Bergungsarbeiten im Nahbereich w\u00e4hlen.<\/p>\n","protected":false},"featured_media":155168,"template":"","meta":{"_acf_changed":false,"om_disable_all_campaigns":false},"product_brand":[],"product_cat":[6028,5687,5636,6030,6029,6027],"product_tag":[7672,11345,11027,11355,10722],"class_list":{"0":"post-155159","1":"product","2":"type-product","3":"status-publish","4":"has-post-thumbnail","6":"product_cat-action-sport-offroad-de","7":"product_cat-im-freien","8":"product_cat-marine-de","9":"product_cat-paddelsport-angeln","10":"product_cat-reiseausrustung","11":"product_cat-wandern-klettern-campen","12":"product_tag-blitz","13":"product_tag-doppelfliege","14":"product_tag-firefly-de","15":"product_tag-gluhlampe","16":"product_tag-rettungslicht","17":"pa_product-vermachtnis","19":"first","20":"outofstock","21":"taxable","22":"shipping-taxable","23":"product-type-simple"},"acf":[],"_links":{"self":[{"href":"https:\/\/www.acrartex.com\/de\/wp-json\/wp\/v2\/product\/155159","targetHints":{"allow":["GET"]}}],"collection":[{"href":"https:\/\/www.acrartex.com\/de\/wp-json\/wp\/v2\/product"}],"about":[{"href":"https:\/\/www.acrartex.com\/de\/wp-json\/wp\/v2\/types\/product"}],"wp:featuredmedia":[{"embeddable":true,"href":"https:\/\/www.acrartex.com\/de\/wp-json\/wp\/v2\/media\/155168"}],"wp:attachment":[{"href":"https:\/\/www.acrartex.com\/de\/wp-json\/wp\/v2\/media?parent=155159"}],"wp:term":[{"taxonomy":"product_brand","embeddable":true,"href":"https:\/\/www.acrartex.com\/de\/wp-json\/wp\/v2\/product_brand?post=155159"},{"taxonomy":"product_cat","embeddable":true,"href":"https:\/\/www.acrartex.com\/de\/wp-json\/wp\/v2\/product_cat?post=155159"},{"taxonomy":"product_tag","embeddable":true,"href":"https:\/\/www.acrartex.com\/de\/wp-json\/wp\/v2\/product_tag?post=155159"}],"curies":[{"name":"wp","href":"https:\/\/api.w.org\/{rel}","templated":true}]}}