{"id":155049,"date":"2021-04-09T11:17:01","date_gmt":"2021-04-09T16:17:01","guid":{"rendered":"https:\/\/www.acrartex.com\/products\/406link-beacon-selbsttestdienst\/"},"modified":"2021-04-09T11:17:01","modified_gmt":"2021-04-09T16:17:01","slug":"406link-beacon-selbsttestdienst","status":"publish","type":"product","link":"https:\/\/www.acrartex.com\/de\/products\/406link-beacon-selbsttestdienst\/","title":{"rendered":"406Link Beacon Selbsttestdienst"},"content":{"rendered":"<p>Jetzt k\u00f6nnen Sie und 5 Kontakte vorkonfigurierte Satellitenbest\u00e4tigungsnachrichten empfangen, wenn Sie Ihr EPIRB oder Ihren Personal Locator Beacon von ACR , ARTEX und Ocean Signal testen.<\/p>\n<p>406Link ist das erste und einzige fortschrittliche Satellitentestsystem, das Selbsttestbenachrichtigungen von Ihrem Personal Locator Beacon ( PLB ) und Emergency Position-Indicating Radio Beacon ( EPIRB ) empf\u00e4ngt. Dieser optionale Abonnementdienst verbessert die Funktionalit\u00e4t Ihres Beacons und liefert Ihnen und Ihren Angeh\u00f6rigen eine Testbest\u00e4tigung der Satelliten, dass Ihr Beacon ordnungsgem\u00e4\u00df funktioniert. <\/p>\n<p>Hinweis: Ein 406Link-Abonnement ist unabh\u00e4ngig von der ACR -Produkt-App, die in Verbindung mit den GlobalFix V5- und V6-EPIRBs und dem ResQLink AIS PLB verwendet wird.<\/p>\n<p>406Link sendet ein speziell codiertes Testsignal an die 35.000 Kilometer hohen GEO-Station\u00e4rsatelliten, die zu einem Netzwerk von Such- und Rettungssatelliten geh\u00f6ren. Sobald die Satelliten das Signal empfangen, wird es von ACR Bodenstationen in Nordamerika empfangen. In weniger als einer Minute verarbeitet unsere patentierte Software Ihre Selbsttestdaten und sendet Ihnen und Ihren angegebenen Kontakten eine Best\u00e4tigungsnachricht und ein Bild Ihres aktuellen Standorts per E-Mail und SMS.  <\/p>\n<p>Bei der Durchf\u00fchrung eines GPS Selbsttests werden Ihre GPS Koordinaten auf einer Karte dargestellt und 406Link f\u00fcgt Ihrer E-Mail und\/oder SMS-Textnachricht einen Link bei, der Ihren Standort auf 100 Meter genau anzeigt.<\/p>\n<p>https:\/\/www.youtube.com\/watch?v=dU_zXBAfX00<\/p>\n<p><strong>Mit 406Link k\u00f6nnen Sie:  <\/strong><\/p>\n<ul>\n<li>Testen Sie Ihr Beacon mit demselben Satellitensystem, das bei echten Such- und Rettungsaktionen verwendet wird<\/li>\n<li>Senden Sie benutzerdefinierte Best\u00e4tigungsnachrichten per E-Mail und SMS an bis zu 5 Kontakte\n<ul>\n<li>GPS Standort senden (Nicht bei allen Beacon-Modellen verf\u00fcgbar)<\/li>\n<\/ul>\n<\/li>\n<li>Erweitern Sie die Funktionalit\u00e4t Ihres ACR , Ocean Signal oder Artex 406 MHz-Beacons<\/li>\n<li>Schaffen Sie Seelenfrieden f\u00fcr sich und Ihre Lieben<\/li>\n<li>406Link ist kein \u201eCheck-in\u201c- oder \u201eAlles ist ok\u201c-Dienst, sondern ein Einweg-Best\u00e4tigungstest, dass Ihre Beacon-Selbsttestnachricht von denselben Such- und Rettungssatelliten empfangen wurde, die in einem tats\u00e4chlichen Notfall verwendet werden.<\/li>\n<\/ul>\n<p><strong>Derzeit nur in den USA verf\u00fcgbar.<\/strong><\/p>\n","protected":false},"excerpt":{"rendered":"<p>Der Verkauf neuer 406Link-Abonnements wurde zum 1. September 2023 eingestellt. Bestehende Abonnements werden weiterhin unterst\u00fctzt und funktionieren w\u00e4hrend der gesamten j\u00e4hrlichen Abonnementlaufzeit wie gewohnt. Der 406Link-Dienst wird ab dem 1. September 2024 nicht mehr unterst\u00fctzt.  <\/p>\n<p>Obwohl der 406Link-Dienst nicht mehr zum Kauf angeboten wird, sollten Sie sich den <a href=\"https:\/\/acrelectronics.lt.acemlnc.com\/Prod\/link-tracker?redirectUrl=aHR0cHMlM0ElMkYlMkZiaXZ5c3RpY2suY29tJTJG&amp;a=%7C%7C798920491%7C%7C&amp;account=acrelectronics.activehosted.com&amp;email=y47OuVGNLVmypvt5SysuK4mcDWscx9eGrUGJW43GCh5nUjWjzE%2B2Wl9%2F%3AXZsLcuuUP%2Fd5fWs60R8xl%2Bdi4p087Lif&amp;s=8c317dd875871e7647efafcf8d0907b8&amp;i=455A691A0A5674&amp;sig=5YcfKU4g3N9zX2LkQhUUFTb1aniVKGLWUYxdT5yGmpaa&amp;iat=1692974463\" data-ac-default-color=\"1\"><span style=\"font-weight: inherit;\">ACR Bivy Stick Satellite Communicator<\/span><\/a> ansehen <span style=\"font-weight: inherit;\">, der nicht nur die M\u00f6glichkeit bietet, Best\u00e4tigungsnachrichten \u00e4hnlich dem 406Link-Dienst zu senden, sondern neben zahlreichen anderen Vorteilen auch bidirektionale Nachrichten\u00fcbermittlung erm\u00f6glicht.<\/span><\/p>\n<p>Bitte beachten Sie, dass ein 406Link-Abonnement optional ist und f\u00fcr die ordnungsgem\u00e4\u00dfe Funktion Ihres Beacons nicht erforderlich ist. Unabh\u00e4ngig davon, ob ein Abonnement mit Ihrem Beacon verbunden ist, sendet der Beacon weiterhin Ihre Notrufmeldung, und die Such- und Rettungsdienste k\u00f6nnen Ihren Standort ermitteln. <\/p>\n","protected":false},"featured_media":155051,"template":"","meta":{"_acf_changed":false,"om_disable_all_campaigns":false},"product_brand":[],"product_cat":[5687,5636],"product_tag":[],"class_list":{"0":"post-155049","1":"product","2":"type-product","3":"status-publish","4":"has-post-thumbnail","6":"product_cat-im-freien","7":"product_cat-marine-de","8":"pa_product-vermachtnis","10":"first","11":"instock","12":"virtual","13":"taxable","14":"product-type-subscription"},"acf":[],"_links":{"self":[{"href":"https:\/\/www.acrartex.com\/de\/wp-json\/wp\/v2\/product\/155049","targetHints":{"allow":["GET"]}}],"collection":[{"href":"https:\/\/www.acrartex.com\/de\/wp-json\/wp\/v2\/product"}],"about":[{"href":"https:\/\/www.acrartex.com\/de\/wp-json\/wp\/v2\/types\/product"}],"wp:featuredmedia":[{"embeddable":true,"href":"https:\/\/www.acrartex.com\/de\/wp-json\/wp\/v2\/media\/155051"}],"wp:attachment":[{"href":"https:\/\/www.acrartex.com\/de\/wp-json\/wp\/v2\/media?parent=155049"}],"wp:term":[{"taxonomy":"product_brand","embeddable":true,"href":"https:\/\/www.acrartex.com\/de\/wp-json\/wp\/v2\/product_brand?post=155049"},{"taxonomy":"product_cat","embeddable":true,"href":"https:\/\/www.acrartex.com\/de\/wp-json\/wp\/v2\/product_cat?post=155049"},{"taxonomy":"product_tag","embeddable":true,"href":"https:\/\/www.acrartex.com\/de\/wp-json\/wp\/v2\/product_tag?post=155049"}],"curies":[{"name":"wp","href":"https:\/\/api.w.org\/{rel}","templated":true}]}}