{"id":155000,"date":"2021-03-16T08:17:46","date_gmt":"2021-03-16T13:17:46","guid":{"rendered":"https:\/\/www.acrartex.com\/products\/firefly-pro-notfall-blitzlichter\/"},"modified":"2025-12-01T05:43:14","modified_gmt":"2025-12-01T10:43:14","slug":"firefly-pro-notfall-blitzlichter","status":"publish","type":"product","link":"https:\/\/www.acrartex.com\/de\/products\/firefly-pro-notfall-blitzlichter\/","title":{"rendered":"Firefly \u00ae PRO Notfall-Blitzlichter"},"content":{"rendered":"<p>Wenn es um die Rettung von Menschenleben geht, ist weniger als das Beste keine Option. Die Firefly PRO Rettungsblitzlichter geh\u00f6ren zu den hellsten und funktionsreichsten Blitzlichtern auf dem Markt. Mit drei Aktivierungsfunktionen k\u00f6nnen Sie zwischen dem ultrahellen Blitzlicht und dem SOS-Blitzlicht wechseln, um die Such- und Rettungskr\u00e4fte visuell auf Ihren Standort aufmerksam zu machen, und anschlie\u00dfend zur Steady-On-Funktion f\u00fcr Bergungseins\u00e4tze aus n\u00e4chster N\u00e4he wechseln. W\u00e4hlen Sie zwischen den Versionen Firefly PRO SOLAS (nicht wasseraktiviert) oder Firefly PRO Waterbug (wasseraktiviert).   <\/p>\n<p>Unsere innovativen neuen LEDs mit breiter Lichtemission erzeugen einen 360\u00b0-Lichtstrahl (41 Candela) und erm\u00f6glichen so eine Sichtweite von \u00fcber 5 Kilometern. Unser kaltwei\u00dfes Licht hat keinen Gelbstich und sorgt so f\u00fcr einen besser sichtbaren Lichtstrahl, der auch \u00fcber gr\u00f6\u00dfere Entfernungen sichtbar ist. Dank eines energieeffizienten Mikroprozessors und einer neu entwickelten Elektronik bietet der Firefly PRO maximale Lebensdauer auch unter h\u00e4rtesten Bedingungen. Mit einem Satz AA-Lithiumbatterien leuchtet der Firefly PRO \u00fcber 56 Stunden lang kontinuierlich oder 28 Stunden lang im Dauerlichtmodus. Das ist doppelt so lang wie bei unseren Mitbewerbern und \u00fcbertrifft die Anforderungen von USCG und SOLAS um \u00fcber 48 Stunden.    <\/p>\n<p>Dank der kompakten Gr\u00f6\u00dfe passt das Firefly PRO problemlos in eine aufblasbare Rettungsweste oder in die Hosentasche und ist somit bequem zu tragen. Das Geh\u00e4use nach Milit\u00e4rstandard ist robust genug, um jahrelanger Beanspruchung und h\u00e4rtesten Bedingungen standzuhalten. Die beiden Befestigungsschlaufen und der mitgelieferte Klettverschluss erleichtern die Befestigung des Firefly PRO an Ihrer Rettungsweste, Ihrem G\u00fcrtel oder Ihrem Rucksack, sodass Sie das Blitzlicht jederzeit griffbereit haben.  <\/p>\n","protected":false},"excerpt":{"rendered":"<p>Die Firefly PRO Rettungsblitzlichter geh\u00f6ren zu den hellsten und funktionsreichsten Blitzlichtern auf dem Markt. Mit drei Aktivierungsfunktionen k\u00f6nnen Sie zwischen dem ultrahellen Blitzlicht und dem SOS-Blitzlicht wechseln, um die Such- und Rettungskr\u00e4fte visuell auf Ihren Standort aufmerksam zu machen. Anschlie\u00dfend k\u00f6nnen Sie die Dauerlichtfunktion f\u00fcr Bergungseins\u00e4tze aus n\u00e4chster N\u00e4he aktivieren. W\u00e4hlen Sie zwischen den Versionen Firefly PRO SOLAS (nicht wasseraktiviert) oder Firefly PRO Waterbug (wasseraktiviert).  <\/p>\n<p>Diese Notfall-Blitzlichter verf\u00fcgen \u00fcber ein innovatives Lichtleistungsmanagementsystem, das pro Blitz \u00fcber 41 Candela Licht erzeugt und bis zu 56 Stunden lang (mit AA-Lithiumbatterien) leuchtet. Dank der breit strahlenden LEDs trotzt es selbst h\u00e4rtesten Bedingungen und erzeugt einen superhellen Blitz, der \u00fcber 5 Kilometer weit sichtbar ist. <\/p>\n","protected":false},"featured_media":36741,"template":"","meta":{"_acf_changed":false,"om_disable_all_campaigns":false},"product_brand":[],"product_cat":[6028,6036,5687,6024,6023,6026,6034,5636,6022,6030,6033,6029,6035,7777,6025,6027],"product_tag":[11052,11053,11035,7672,11038,11027,11029,11042,7668,7803,7789,11056,10713,11044,11050,11046,11032],"class_list":{"0":"post-155000","1":"product","2":"type-product","3":"status-publish","4":"has-post-thumbnail","6":"product_cat-action-sport-offroad-de","7":"product_cat-boden-spezialeinheiten","8":"product_cat-im-freien","9":"product_cat-in-kustennahe","10":"product_cat-inland-de","11":"product_cat-kommerziell","12":"product_cat-luftpatrouille","13":"product_cat-marine-de","14":"product_cat-militar-de","15":"product_cat-paddelsport-angeln","16":"product_cat-polizei-gemeinde","17":"product_cat-reiseausrustung","18":"product_cat-seestreitkrafte","19":"product_cat-signalprodukte-de","20":"product_cat-vor-der-kuste","21":"product_cat-wandern-klettern-campen","22":"product_tag-3970-3-de","23":"product_tag-3970-4-de","24":"product_tag-3971-3-de","25":"product_tag-blitz","26":"product_tag-blitzlicht","27":"product_tag-firefly-de","28":"product_tag-firefly-pro-de","29":"product_tag-firefly-pro-solas-de","30":"product_tag-licht-de","31":"product_tag-notfall-blitzlicht-de","32":"product_tag-notfall-blitzlicht","33":"product_tag-rettungsblitz","34":"product_tag-rettungsblitzlicht","35":"product_tag-solas-blitzlicht","36":"product_tag-solas-rettungswestenlicht","37":"product_tag-solas-gepruftes-pdf-light","38":"product_tag-uscg-blitzlicht","39":"pa_activity-angeln","40":"pa_activity-camping-de","41":"pa_activity-fahrrad","42":"pa_activity-gelandewagen-4x4","43":"pa_activity-klettern","44":"pa_activity-paddelsport","45":"pa_activity-querfeldein","46":"pa_activity-schneemobil","47":"pa_activity-ski-snowboard","48":"pa_activity-wandern","49":"pa_aircraft-type-drehflugler","50":"pa_aircraft-type-einmotorig","51":"pa_aircraft-type-experimental-de","52":"pa_aircraft-type-grose-jets","53":"pa_aircraft-type-leichte-jets","54":"pa_aircraft-type-mehrmotorige","55":"pa_aircraft-type-mittelgrose-jets","56":"pa_aircraft-type-turboprop-de","57":"pa_boat-size-0-20-de","58":"pa_boat-size-21-40-de","59":"pa_boat-size-40-80-de","60":"pa_boat-size-80-de","61":"pa_boat-type-charteryacht-de","62":"pa_boat-type-frachtschiff","63":"pa_boat-type-kommerzielle-fischerei","64":"pa_boat-type-motorboot","65":"pa_boat-type-schlepper","66":"pa_boat-type-segelboot","67":"pa_boat-type-sportcraft-de","68":"pa_boat-type-yacht-de","69":"pa_product-rettungslichter","70":"pa_product-sicherheitszubehor","71":"pa_product-signalprodukte-de","73":"first","74":"instock","75":"taxable","76":"shipping-taxable","77":"purchasable","78":"product-type-variable"},"acf":[],"_links":{"self":[{"href":"https:\/\/www.acrartex.com\/de\/wp-json\/wp\/v2\/product\/155000","targetHints":{"allow":["GET"]}}],"collection":[{"href":"https:\/\/www.acrartex.com\/de\/wp-json\/wp\/v2\/product"}],"about":[{"href":"https:\/\/www.acrartex.com\/de\/wp-json\/wp\/v2\/types\/product"}],"wp:featuredmedia":[{"embeddable":true,"href":"https:\/\/www.acrartex.com\/de\/wp-json\/wp\/v2\/media\/36741"}],"wp:attachment":[{"href":"https:\/\/www.acrartex.com\/de\/wp-json\/wp\/v2\/media?parent=155000"}],"wp:term":[{"taxonomy":"product_brand","embeddable":true,"href":"https:\/\/www.acrartex.com\/de\/wp-json\/wp\/v2\/product_brand?post=155000"},{"taxonomy":"product_cat","embeddable":true,"href":"https:\/\/www.acrartex.com\/de\/wp-json\/wp\/v2\/product_cat?post=155000"},{"taxonomy":"product_tag","embeddable":true,"href":"https:\/\/www.acrartex.com\/de\/wp-json\/wp\/v2\/product_tag?post=155000"}],"curies":[{"name":"wp","href":"https:\/\/api.w.org\/{rel}","templated":true}]}}