{"id":154989,"date":"2021-03-16T08:17:57","date_gmt":"2021-03-16T13:17:57","guid":{"rendered":"https:\/\/www.acrartex.com\/products\/tps-8715-test-und-programmierset\/"},"modified":"2021-03-16T08:17:57","modified_gmt":"2021-03-16T13:17:57","slug":"tps-8715-test-und-programmierset","status":"publish","type":"product","link":"https:\/\/www.acrartex.com\/de\/products\/tps-8715-test-und-programmierset\/","title":{"rendered":"TPS 8715 \u2013 Test- und Programmierset"},"content":{"rendered":"<p><strong><u>ELT -Tests und \u00dcberpr\u00fcfung der ELT -ID<\/u><\/strong><\/p>\n<p>Flugzeug-Notsender (ELTs) m\u00fcssen ihre eindeutige Identifikationsnummer bei den nationalen Beh\u00f6rden registrieren lassen. Das ARTEX TPS 8715 f\u00fcr die Allgemeine Luftfahrt bietet eine einfache Methode zur \u00dcberpr\u00fcfung und Speicherung der ARTEX -ELT-ID nach Installation, Neuprogrammierung oder falls der Sender nach einem Flugzeugbesitzerwechsel neu registriert werden muss. Dieses System programmiert ausschlie\u00dflich ARTEX ELTs* f\u00fcr die Allgemeine Luftfahrt, einschlie\u00dflich ME406, ELT 345 und ELT 1000.  <\/p>\n<p><strong><u>ELT -Dekodierung<\/u><\/strong><\/p>\n<p>Das ARTEX TPS 8715 ist ein robustes, kompaktes und tragbares System, das die \u00dcbertragung von 406 MHz Cospas-Sarsat Sendungen dekodiert. Die \u00dcbertragung kann direkt \u00fcber das Antennenkabel oder die Antenne selbst gelesen werden. Das Ger\u00e4t zeigt auch an, ob 121,5 MHz vorhanden sind. Das TPS 8715 ist nur ein Dekodierger\u00e4t und misst keine Leistung. Bitte wenden Sie sich an Ihre \u00f6rtliche Beh\u00f6rde, um ELT -Messanforderungen f\u00fcr j\u00e4hrliche Inspektionen zu erfahren.    <\/p>\n<p><strong><u>Programm GA-Linie von ELT<\/u><\/strong><\/p>\n<p>Mit dem TPS 8715 k\u00f6nnen Sie die gesamte Produktreihe der ARTEX General Aviation ELTs schnell und einfach mit dem gew\u00fcnschten Protokoll, der NAV-Daten-Baudrate und den erforderlichen Informationen gem\u00e4\u00df den Vorgaben von Cospas-Sarsat \u00fcber das Programmierkabel (im Lieferumfang enthalten) programmieren.<\/p>\n<p><strong><u>Testdaten<\/u><\/strong><\/p>\n<p>Der TPS 8715 zeichnet alle Daten in einer internen Datenbank auf, die auf Ihrem PC gesichert werden kann. Die Daten k\u00f6nnen unabh\u00e4ngig vom TPS 8715 auf dem Computer angezeigt werden und sind mit einem Zeitstempel versehen, um die \u00dcbertragung und korrekte Programmierung nachzuweisen. Der TPS 8715 kann \u00fcber eine USB-Schnittstelle auf einen PC drucken. Zum Drucken ist eine herunterladbare Software von ACRARTEX.com erforderlich.   <\/p>\n<p>Der TPS 8715 wird ohne Software geliefert. Um die ben\u00f6tigten Softwareanwendungen herunterzuladen, m\u00fcssen Sie sich auf <a href=\"http:\/\/www.acrartex.com\/\">www.ACRARTEX.com<\/a> registrieren und eine Schulung absolvieren. Die Schulung ist kostenlos und erfolgt im Selbstbedienungsverfahren. Jedem Ger\u00e4t liegt eine Kurzanleitung bei, die die Vorgehensweise erl\u00e4utert.  <\/p>\n<p>*Informationen zur ELT -Programmierung auf Transportebene finden Sie unter PN 8700 ELT TPS.<\/p>\n","protected":false},"excerpt":{"rendered":"<p>Das ARTEX TPS 8715 erm\u00f6glicht die \u00dcberpr\u00fcfung, Pr\u00fcfung und Programmierung der ELT-Reihe von ARTEX General Aviation.<\/p>\n<p> <span style=\"color: #ff0000;\"><strong>HINWEIS: Dieses Produkt wird nicht mehr hergestellt und durch den <a href=\"https:\/\/www.acrartex.com\/products\/fpt\/\">ARTEX -Programmierer der FPT 8800-Serie<\/a> ersetzt.<\/strong><\/span><\/p>\n","protected":false},"featured_media":154991,"template":"","meta":{"_acf_changed":false,"om_disable_all_campaigns":false},"product_brand":[],"product_cat":[6031,5570],"product_tag":[10989,10996,10992,5574,10984,10974,10993,10981,10971,10977,10978,10924,10987,10990],"class_list":{"0":"post-154989","1":"product","2":"type-product","3":"status-publish","4":"has-post-thumbnail","6":"product_cat-allgemeine-luftfahrt","7":"product_cat-luftfahrt","8":"product_tag-8715-de","9":"product_tag-allgemeine-luftfahrt","10":"product_tag-dekodierung","11":"product_tag-elt-de","12":"product_tag-elt-programmierer","13":"product_tag-elt-programmierung","14":"product_tag-ga-de","15":"product_tag-programmierer","16":"product_tag-programmierung","17":"product_tag-prufen","18":"product_tag-testen","19":"product_tag-tps-de","20":"product_tag-tps-8715-de","21":"product_tag-uberprufung","22":"pa_product-vermachtnis","24":"first","25":"instock","26":"taxable","27":"shipping-taxable","28":"product-type-simple"},"acf":[],"_links":{"self":[{"href":"https:\/\/www.acrartex.com\/de\/wp-json\/wp\/v2\/product\/154989","targetHints":{"allow":["GET"]}}],"collection":[{"href":"https:\/\/www.acrartex.com\/de\/wp-json\/wp\/v2\/product"}],"about":[{"href":"https:\/\/www.acrartex.com\/de\/wp-json\/wp\/v2\/types\/product"}],"wp:featuredmedia":[{"embeddable":true,"href":"https:\/\/www.acrartex.com\/de\/wp-json\/wp\/v2\/media\/154991"}],"wp:attachment":[{"href":"https:\/\/www.acrartex.com\/de\/wp-json\/wp\/v2\/media?parent=154989"}],"wp:term":[{"taxonomy":"product_brand","embeddable":true,"href":"https:\/\/www.acrartex.com\/de\/wp-json\/wp\/v2\/product_brand?post=154989"},{"taxonomy":"product_cat","embeddable":true,"href":"https:\/\/www.acrartex.com\/de\/wp-json\/wp\/v2\/product_cat?post=154989"},{"taxonomy":"product_tag","embeddable":true,"href":"https:\/\/www.acrartex.com\/de\/wp-json\/wp\/v2\/product_tag?post=154989"}],"curies":[{"name":"wp","href":"https:\/\/api.w.org\/{rel}","templated":true}]}}