{"id":154986,"date":"2021-03-16T08:18:06","date_gmt":"2021-03-16T13:18:06","guid":{"rendered":"https:\/\/www.acrartex.com\/products\/ts-8701-tester-set\/"},"modified":"2021-03-16T08:18:06","modified_gmt":"2021-03-16T13:18:06","slug":"ts-8701-tester-set","status":"publish","type":"product","link":"https:\/\/www.acrartex.com\/de\/products\/ts-8701-tester-set\/","title":{"rendered":"TS 8701 \u2013 Tester-Set"},"content":{"rendered":"<p><strong>ELT -Tests und \u00dcberpr\u00fcfung der ELT -ID<\/strong><\/p>\n<p>Flugzeug-Notsender (ELTs) m\u00fcssen ihre eindeutige Identifikationsnummer bei den nationalen Beh\u00f6rden registrieren lassen. Der ARTEX Tester bietet eine einfache Methode zur \u00dcberpr\u00fcfung und Speicherung der ARTEX -ELT-ID nach Installation, Neuprogrammierung oder falls der Sender nach einem Flugzeugbesitzerwechsel neu registriert werden muss. <\/p>\n<p><strong>ELT -Dekodierung<\/strong><\/p>\n<p>Der ARTEX Tester dekodiert die \u00dcbertragung von 406 MHz Cospas-Sarsat Sendungen. Die \u00dcbertragung kann direkt \u00fcber das Antennenkabel oder die Antenne selbst gelesen werden. Das Ger\u00e4t zeigt auch an, ob 121,5 MHz vorhanden ist. Der Tester dient nur zur Dekodierung und misst keine Leistung. Bitte wenden Sie sich an Ihre \u00f6rtliche Beh\u00f6rde, um ELT Messanforderungen f\u00fcr j\u00e4hrliche Inspektionen zu erfahren.    <\/p>\n<p><strong>Testdaten<\/strong><\/p>\n<p>Der ARTEX Tester zeichnet alle Daten in einer internen Datenbank auf, die auf Ihrem PC gesichert werden kann. Die Daten k\u00f6nnen unabh\u00e4ngig vom Tester auf dem Computer angezeigt werden und sind mit einem Zeitstempel versehen, um die \u00dcbertragung und korrekte Programmierung nachzuweisen. Der Tester kann \u00fcber eine USB-Schnittstelle auf einen PC drucken. Zum Drucken ist ein herunterladbares Softwareprogramm von ACRARTEX.com erforderlich.   <\/p>\n<p>&nbsp;<\/p>\n<p>*Alle Funktionen von 8701 gelten nur f\u00fcr ARTEX ELTs.<\/p>\n<table style=\"width: 602px;\" border=\"0\">\n<tbody>\n<tr>\n<td>Funktions\u00fcbersicht zu Test und Programmierung<\/td>\n<td><strong>TPS 8700<\/strong><\/td>\n<td><strong>TS 8701<\/strong><\/td>\n<td><strong>TPS 8715<\/strong><\/td>\n<\/tr>\n<tr>\n<td>\u00dcberpr\u00fcfung der ELT -ID und Dekodierung der 406-MHz-\u00dcbertragung<\/td>\n<td><strong>X<\/strong><\/td>\n<td><strong>X<\/strong><\/td>\n<td><strong>X<\/strong><\/td>\n<\/tr>\n<tr>\n<td>Pr\u00fcfung auf Vorhandensein von 121,5 MHz- und 243 MHz-\u00dcbertragungen<\/td>\n<td><strong>X<\/strong><\/td>\n<td><strong>X<\/strong><\/td>\n<td><strong>X<\/strong><\/td>\n<\/tr>\n<tr>\n<td>Nur Programmierung ARTEX -ELTs f\u00fcr die allgemeine Luftfahrt (Referenz PN 8700 f\u00fcr Ger\u00e4te, die auch zur ELT -Programmierung auf Transportebene f\u00e4hig sind)<\/td>\n<td><strong> <\/strong><\/td>\n<td><strong> <\/strong><\/td>\n<td><strong>X<\/strong><\/td>\n<\/tr>\n<tr>\n<td>Programmierung aller ARTEX ELTs<\/td>\n<td><strong>X<\/strong><\/td>\n<td><strong> <\/strong><\/td>\n<td><strong> <\/strong><\/td>\n<\/tr>\n<tr>\n<td>Datensicherung auf dem PC<\/td>\n<td><strong>X<\/strong><\/td>\n<td><strong>X<\/strong><\/td>\n<td><strong>X<\/strong><\/td>\n<\/tr>\n<tr>\n<td>Druckfunktion \u00fcber USB-Schnittstelle zu einem PC<\/td>\n<td><strong>X<\/strong><\/td>\n<td><strong>X<\/strong><\/td>\n<td><strong>X<\/strong><\/td>\n<\/tr>\n<tr>\n<td>Im Produkt enthaltene Software<\/td>\n<td><strong>X<\/strong><\/td>\n<td><strong>X<\/strong><\/td>\n<td><strong> <\/strong><\/td>\n<\/tr>\n<tr>\n<td>Nicht im Produkt enthaltene Software (Software wird heruntergeladen, nachdem der Kunde das Produkt erhalten hat)<\/td>\n<td><strong> <\/strong><\/td>\n<td><strong> <\/strong><\/td>\n<td><strong>X<\/strong><\/td>\n<\/tr>\n<tr>\n<td><\/td>\n<td><strong> <\/strong><\/td>\n<td><strong> <\/strong><\/td>\n<td><strong> <\/strong><\/td>\n<\/tr>\n<\/tbody>\n<\/table>\n","protected":false},"excerpt":{"rendered":"<p>Der ARTEX 8701 Tester ist das einzige System, das Sie zum Testen und Verifizieren aller ARTEX ELTs ben\u00f6tigen. Dank seines kompakten, tragbaren Designs ist er immer griffbereit, sodass Sie jedes ELT jederzeit problemlos testen k\u00f6nnen. <\/p>\n<p><a title=\"sarcalc-desktop-software.zip\" href=\"https:\/\/www.acrartex.com\/media\/1377582\/sarcalc-desktop-software.zip\">SARCALC Desktop Software<\/a><\/p>\n<p><strong>HINWEIS: Dieses Produkt wird nicht mehr hergestellt und durch den <a href=\"https:\/\/www.acrartex.com\/products\/fpt\/\">ARTEX -Programmierer der FPT 8800-Serie<\/a> <span style=\"color: #ff0000;\">ersetzt<\/span> .<\/strong><\/p>\n<p>&nbsp;<\/p>\n","protected":false},"featured_media":154993,"template":"","meta":{"_acf_changed":false,"om_disable_all_campaigns":false},"product_brand":[],"product_cat":[6031,6032,5570,8486],"product_tag":[11000,10996,10992,5574,10984,10974,10993,10981,10971,10977,10978,10924,10998,10990],"class_list":{"0":"post-154986","1":"product","2":"type-product","3":"status-publish","4":"has-post-thumbnail","6":"product_cat-allgemeine-luftfahrt","7":"product_cat-business-jet-de","8":"product_cat-luftfahrt","9":"product_cat-verkehrsflugzeuge","10":"product_tag-8701-de","11":"product_tag-allgemeine-luftfahrt","12":"product_tag-dekodierung","13":"product_tag-elt-de","14":"product_tag-elt-programmierer","15":"product_tag-elt-programmierung","16":"product_tag-ga-de","17":"product_tag-programmierer","18":"product_tag-programmierung","19":"product_tag-prufen","20":"product_tag-testen","21":"product_tag-tps-de","22":"product_tag-tps-8701-de","23":"product_tag-uberprufung","24":"pa_product-vermachtnis","26":"first","27":"instock","28":"taxable","29":"shipping-taxable","30":"product-type-simple"},"acf":[],"_links":{"self":[{"href":"https:\/\/www.acrartex.com\/de\/wp-json\/wp\/v2\/product\/154986","targetHints":{"allow":["GET"]}}],"collection":[{"href":"https:\/\/www.acrartex.com\/de\/wp-json\/wp\/v2\/product"}],"about":[{"href":"https:\/\/www.acrartex.com\/de\/wp-json\/wp\/v2\/types\/product"}],"wp:featuredmedia":[{"embeddable":true,"href":"https:\/\/www.acrartex.com\/de\/wp-json\/wp\/v2\/media\/154993"}],"wp:attachment":[{"href":"https:\/\/www.acrartex.com\/de\/wp-json\/wp\/v2\/media?parent=154986"}],"wp:term":[{"taxonomy":"product_brand","embeddable":true,"href":"https:\/\/www.acrartex.com\/de\/wp-json\/wp\/v2\/product_brand?post=154986"},{"taxonomy":"product_cat","embeddable":true,"href":"https:\/\/www.acrartex.com\/de\/wp-json\/wp\/v2\/product_cat?post=154986"},{"taxonomy":"product_tag","embeddable":true,"href":"https:\/\/www.acrartex.com\/de\/wp-json\/wp\/v2\/product_tag?post=154986"}],"curies":[{"name":"wp","href":"https:\/\/api.w.org\/{rel}","templated":true}]}}