{"id":154915,"date":"2021-03-16T08:18:16","date_gmt":"2021-03-16T13:18:16","guid":{"rendered":"https:\/\/www.acrartex.com\/products\/ww-3-resq-pfeife\/"},"modified":"2021-03-16T08:18:16","modified_gmt":"2021-03-16T13:18:16","slug":"ww-3-resq-pfeife","status":"publish","type":"product","link":"https:\/\/www.acrartex.com\/de\/products\/ww-3-resq-pfeife\/","title":{"rendered":"WW-3 ResQ\u2122 Pfeife"},"content":{"rendered":"<ul>\n<li>Sorgt f\u00fcr Aufmerksamkeit!<\/li>\n<li>Lauter, schriller Doppelton, weithin h\u00f6rbar<\/li>\n<li>Einzigartiges flaches Design verhindert Wasseransammlungen<\/li>\n<li>Erf\u00fcllt die Anforderungen der USCG<\/li>\n<li>Hilfen bei der Land- oder Seenotrettung<\/li>\n<li>Zur Verwendung auf Schwimmwesten, Westen, Schlechtwetterausr\u00fcstung, Rettungsringen, Fl\u00f6\u00dfen, Schl\u00fcsselanh\u00e4ngern usw.<\/li>\n<li>Komplett mit 80 cm langem Schl\u00fcsselband<\/li>\n<\/ul>\n","protected":false},"excerpt":{"rendered":"<p>Mit der WW-3 ResQ\u2122 Pfeife erhalten Sie im Notfall Aufmerksamkeit. Diese kompakte \u00dcberlebenspfeife wurde speziell entwickelt, um \u00fcber Bord gefallene Bootsfahrer zu orten, kann aber auch bei Landrettungen helfen. Die WW-3 ResQ gibt einen schrillen Doppelton mit bis zu 100 Dezibel aus, der \u00fcber gro\u00dfe Entfernungen h\u00f6rbar ist. Das einzigartige, flache Design verhindert, dass Wasser in die Pfeife gelangt, und die 80 cm lange Kordel l\u00e4sst sich leicht an Schwimmwesten, Fl\u00f6\u00dfen und anderer Wetterausr\u00fcstung befestigen. Dar\u00fcber hinaus erf\u00fcllt diese Rettungspfeife die Anforderungen der US-K\u00fcstenwache.    <\/p>\n","protected":false},"featured_media":154919,"template":"","meta":{"_acf_changed":false,"om_disable_all_campaigns":false},"product_brand":[],"product_cat":[6028,5687,6024,6023,6026,5636,6030,6029,7777,6025,6027],"product_tag":[10753,6038,10755,10758,10760,10772,10763,10770,10766,10776],"class_list":{"0":"post-154915","1":"product","2":"type-product","3":"status-publish","4":"has-post-thumbnail","6":"product_cat-action-sport-offroad-de","7":"product_cat-im-freien","8":"product_cat-in-kustennahe","9":"product_cat-inland-de","10":"product_cat-kommerziell","11":"product_cat-marine-de","12":"product_cat-paddelsport-angeln","13":"product_cat-reiseausrustung","14":"product_cat-signalprodukte-de","15":"product_cat-vor-der-kuste","16":"product_cat-wandern-klettern-campen","17":"product_tag-2-draht-elt-rswt-schnittstelle","18":"product_tag-antwort","19":"product_tag-notfallpfeife","20":"product_tag-notfallpfeifen","21":"product_tag-notvorrate","22":"product_tag-pfeife","23":"product_tag-pfeifensicherheit","24":"product_tag-plastikpfeife","25":"product_tag-sicherheitspfeife","26":"product_tag-signal-de","27":"pa_product-sicherheitszubehor","28":"pa_product-signalprodukte-de","30":"first","31":"instock","32":"taxable","33":"shipping-taxable","34":"purchasable","35":"product-type-simple"},"acf":[],"_links":{"self":[{"href":"https:\/\/www.acrartex.com\/de\/wp-json\/wp\/v2\/product\/154915","targetHints":{"allow":["GET"]}}],"collection":[{"href":"https:\/\/www.acrartex.com\/de\/wp-json\/wp\/v2\/product"}],"about":[{"href":"https:\/\/www.acrartex.com\/de\/wp-json\/wp\/v2\/types\/product"}],"wp:featuredmedia":[{"embeddable":true,"href":"https:\/\/www.acrartex.com\/de\/wp-json\/wp\/v2\/media\/154919"}],"wp:attachment":[{"href":"https:\/\/www.acrartex.com\/de\/wp-json\/wp\/v2\/media?parent=154915"}],"wp:term":[{"taxonomy":"product_brand","embeddable":true,"href":"https:\/\/www.acrartex.com\/de\/wp-json\/wp\/v2\/product_brand?post=154915"},{"taxonomy":"product_cat","embeddable":true,"href":"https:\/\/www.acrartex.com\/de\/wp-json\/wp\/v2\/product_cat?post=154915"},{"taxonomy":"product_tag","embeddable":true,"href":"https:\/\/www.acrartex.com\/de\/wp-json\/wp\/v2\/product_tag?post=154915"}],"curies":[{"name":"wp","href":"https:\/\/api.w.org\/{rel}","templated":true}]}}