{"id":154905,"date":"2021-03-16T08:18:23","date_gmt":"2021-03-16T13:18:23","guid":{"rendered":"https:\/\/www.acrartex.com\/products\/hot-shot-signalspiegel\/"},"modified":"2021-03-16T08:18:23","modified_gmt":"2021-03-16T13:18:23","slug":"hot-shot-signalspiegel","status":"publish","type":"product","link":"https:\/\/www.acrartex.com\/de\/products\/hot-shot-signalspiegel\/","title":{"rendered":"Hot Shot\u2122 Signalspiegel"},"content":{"rendered":"<ul>\n<li>Entwickelt, um einen optimalen Sichtpunkt mit holografischem Leuchtpunkt-Sichtfenster zu bieten<\/li>\n<li>Wenn Zielbild, Spiegel und Sonne richtig ausgerichtet sind, stellt der rote Punkt auf dem Ziel sicher, dass die Spiegelreflexion auf dem Ziel liegt<\/li>\n<li>Der reflektierende Spiegel der zweiten Oberfl\u00e4che in Teleskopqualit\u00e4t ist hell und liefert ein fokussiertes Bild<\/li>\n<li>Schwimmf\u00e4higer Schwimmk\u00f6rper f\u00fcr einfaches Bergen, falls er \u00fcber Bord f\u00e4llt<\/li>\n<li>Patentierte Pfeife (entspricht den USCG-Vorschriften) f\u00fcr akustische Warnung bei schlechten Sichtverh\u00e4ltnissen<\/li>\n<li>Lanyard zur Befestigung an einer Person oder einem Rettungsflo\u00df<\/li>\n<li>Einfaches, umfassendes Sicherheitssignalpaket<\/li>\n<\/ul>\n","protected":false},"excerpt":{"rendered":"<p><span style=\"color: #ff0000;\"><strong>Dies ist ein nicht mehr erh\u00e4ltliches Produkt, das nicht mehr hergestellt oder zusammen verkauft wird.<\/strong><\/span><\/p>\n<p>&nbsp;<\/p>\n<p>Vervollst\u00e4ndigen Sie Ihr Notfallset mit einem hochwertigen Spiegel wie dem Hot Shot\u2122 Signal. Dieses ausfallsichere Signalger\u00e4t f\u00fcr den Tag hebt Notfallwarnungen auf ein neues Niveau. Sein holografisches \u201eRotpunkt\u201c-Sichtfenster findet schnell den optimalen Zielpunkt f\u00fcr ein helles, fokussiertes Signal. Wenn Zielbild, Spiegel und Sonne korrekt ausgerichtet sind, stellt der rote Punkt sicher, dass die Spiegelreflexion das Ziel trifft. Das Hot Shot Signal ist schwimmf\u00e4hig und kann daher leicht geborgen werden, sollte es \u00fcber Bord fallen. Und falls doch, erf\u00fcllt diese patentierte Pfeife die USCG-Standards und wird mit einer Kordel geliefert, sodass sie m\u00fchelos an einer Person oder einem Rettungsflo\u00df befestigt werden kann.    <\/p>\n<p>&nbsp;<\/p>\n","protected":false},"featured_media":154912,"template":"","meta":{"_acf_changed":false,"om_disable_all_campaigns":false},"product_brand":[],"product_cat":[5687,5636],"product_tag":[10741,10748,10744,10745,10726,10728,10730,10732,10746,10736,10734,10742,10738,10740,10743],"class_list":{"0":"post-154905","1":"product","2":"type-product","3":"status-publish","4":"has-post-thumbnail","6":"product_cat-im-freien","7":"product_cat-marine-de","8":"product_tag-glassignalspiegel","9":"product_tag-mit-einem-signalspiegel","10":"product_tag-sicherheitssignalisierung","11":"product_tag-sicherheitssignalspiegel","12":"product_tag-signalspiegel","13":"product_tag-signalspiegel-de","14":"product_tag-signalspiegel-de-2","15":"product_tag-signalspiegel-de-3","16":"product_tag-signalspiegel-anleitung","17":"product_tag-spiegelsignal","18":"product_tag-spiegelsignale","19":"product_tag-uberlebenssignalisierung","20":"product_tag-uberlebenssignalspiegel","21":"product_tag-uberlebenssignalspiegel-de","22":"product_tag-uberlebensspiegel","23":"pa_product-vermachtnis","25":"first","26":"outofstock","27":"taxable","28":"shipping-taxable","29":"product-type-simple"},"acf":[],"_links":{"self":[{"href":"https:\/\/www.acrartex.com\/de\/wp-json\/wp\/v2\/product\/154905","targetHints":{"allow":["GET"]}}],"collection":[{"href":"https:\/\/www.acrartex.com\/de\/wp-json\/wp\/v2\/product"}],"about":[{"href":"https:\/\/www.acrartex.com\/de\/wp-json\/wp\/v2\/types\/product"}],"wp:featuredmedia":[{"embeddable":true,"href":"https:\/\/www.acrartex.com\/de\/wp-json\/wp\/v2\/media\/154912"}],"wp:attachment":[{"href":"https:\/\/www.acrartex.com\/de\/wp-json\/wp\/v2\/media?parent=154905"}],"wp:term":[{"taxonomy":"product_brand","embeddable":true,"href":"https:\/\/www.acrartex.com\/de\/wp-json\/wp\/v2\/product_brand?post=154905"},{"taxonomy":"product_cat","embeddable":true,"href":"https:\/\/www.acrartex.com\/de\/wp-json\/wp\/v2\/product_cat?post=154905"},{"taxonomy":"product_tag","embeddable":true,"href":"https:\/\/www.acrartex.com\/de\/wp-json\/wp\/v2\/product_tag?post=154905"}],"curies":[{"name":"wp","href":"https:\/\/api.w.org\/{rel}","templated":true}]}}