{"id":154899,"date":"2021-03-16T08:18:32","date_gmt":"2021-03-16T13:18:32","guid":{"rendered":"https:\/\/www.acrartex.com\/products\/l8-4\/"},"modified":"2021-03-16T08:18:32","modified_gmt":"2021-03-16T13:18:32","slug":"l8-4","status":"publish","type":"product","link":"https:\/\/www.acrartex.com\/de\/products\/l8-4\/","title":{"rendered":"L8-4"},"content":{"rendered":"<ul>\n<li>Von der FAA f\u00fcr die Verwendung auf Schwimmwesten zugelassen<\/li>\n<li>Die Kombination aus Lampe und Linse erzeugt brillantes Licht, das \u00fcber eine Meile weit sichtbar ist<\/li>\n<li>Funktioniert in S\u00fc\u00df- und Salzwasser<\/li>\n<li>Anschlusskabel in Standardl\u00e4nge 18 Zoll (46 cm); einige Sonderl\u00e4ngen erh\u00e4ltlich (Mindestbestellmenge gilt)<\/li>\n<li>Wasseraktivierte Batterie<\/li>\n<li>Betriebsdauer \u00fcber 8 Stunden<\/li>\n<\/ul>\n","protected":false},"excerpt":{"rendered":"<p>Die L8-4 ist eine wasseraktivierte Rettungsleuchte, die von der FAA f\u00fcr den Einsatz an Schwimmwesten zugelassen ist. Die Lampen- und Linsenkombination der L8-4 erzeugt ein starkes Licht, das \u00fcber eine Meile weit sichtbar ist. Die Rettungsleuchte verf\u00fcgt \u00fcber eine wasseraktivierte Batterie und leuchtet nach dem Ausl\u00f6sen 8 Stunden lang.  <\/p>\n","protected":false},"featured_media":154906,"template":"","meta":{"_acf_changed":false,"om_disable_all_campaigns":false},"product_brand":[],"product_cat":[6031,6032,5570,8486],"product_tag":[10721,7805,10723,10724,7780,10719,10725,10733,10735,10739,10727,10729,10731,10737,10715,7800,7803,10713,10722,7809,10717],"class_list":{"0":"post-154899","1":"product","2":"type-product","3":"status-publish","4":"has-post-thumbnail","6":"product_cat-allgemeine-luftfahrt","7":"product_cat-business-jet-de","8":"product_cat-luftfahrt","9":"product_cat-verkehrsflugzeuge","10":"product_tag-acr-blitzlichter","11":"product_tag-acr-blitz","12":"product_tag-artex-licht-de","13":"product_tag-artex-pfd-de","14":"product_tag-blitzlichter","15":"product_tag-fluglicht","16":"product_tag-l8-licht-de","17":"product_tag-l8-3-de","18":"product_tag-l8-3-licht","19":"product_tag-l8-4-licht","20":"product_tag-l82-de","21":"product_tag-l83-de","22":"product_tag-l84-de","23":"product_tag-l84-licht","24":"product_tag-licht-fur-rettungswesten-in-der-luftfahrt","25":"product_tag-marine-blitzlicht","26":"product_tag-notfall-blitzlicht-de","27":"product_tag-rettungsblitzlicht","28":"product_tag-rettungslicht","29":"product_tag-rettungslichter","30":"product_tag-rettungsweste-fur-die-luftfahrt","31":"pa_product-vermachtnis","33":"first","34":"instock","35":"taxable","36":"shipping-taxable","37":"product-type-simple"},"acf":[],"_links":{"self":[{"href":"https:\/\/www.acrartex.com\/de\/wp-json\/wp\/v2\/product\/154899","targetHints":{"allow":["GET"]}}],"collection":[{"href":"https:\/\/www.acrartex.com\/de\/wp-json\/wp\/v2\/product"}],"about":[{"href":"https:\/\/www.acrartex.com\/de\/wp-json\/wp\/v2\/types\/product"}],"wp:featuredmedia":[{"embeddable":true,"href":"https:\/\/www.acrartex.com\/de\/wp-json\/wp\/v2\/media\/154906"}],"wp:attachment":[{"href":"https:\/\/www.acrartex.com\/de\/wp-json\/wp\/v2\/media?parent=154899"}],"wp:term":[{"taxonomy":"product_brand","embeddable":true,"href":"https:\/\/www.acrartex.com\/de\/wp-json\/wp\/v2\/product_brand?post=154899"},{"taxonomy":"product_cat","embeddable":true,"href":"https:\/\/www.acrartex.com\/de\/wp-json\/wp\/v2\/product_cat?post=154899"},{"taxonomy":"product_tag","embeddable":true,"href":"https:\/\/www.acrartex.com\/de\/wp-json\/wp\/v2\/product_tag?post=154899"}],"curies":[{"name":"wp","href":"https:\/\/api.w.org\/{rel}","templated":true}]}}