{"id":154882,"date":"2021-03-16T08:18:39","date_gmt":"2021-03-16T13:18:39","guid":{"rendered":"https:\/\/www.acrartex.com\/products\/8603-stabantenne-tri-band\/"},"modified":"2021-03-16T08:18:39","modified_gmt":"2021-03-16T13:18:39","slug":"8603-stabantenne-tri-band","status":"publish","type":"product","link":"https:\/\/www.acrartex.com\/de\/products\/8603-stabantenne-tri-band\/","title":{"rendered":"8603 Stabantenne, Tri-Band"},"content":{"rendered":"<p>Unsere neue Stabantenne ist glasverst\u00e4rkt und das Polyestergeh\u00e4use umh\u00fcllt unsere innovative Tri-Band-Technologie, die 121,5, 243 und 406 MHz in einem kompakten Geh\u00e4use vereint. Diese hocheffiziente Antenne verf\u00fcgt \u00fcber einen einzigen BNC-Anschluss f\u00fcr Installationen, die nur einen Anschluss ben\u00f6tigen. Entwickelt f\u00fcr TSO C91a und C128b.  <\/p>\n","protected":false},"excerpt":{"rendered":"<p>Die ARTEX 8603 Stabantenne ist glasverst\u00e4rkt und verf\u00fcgt \u00fcber ein Polyestergeh\u00e4use mit innovativer Tri-Band-Technologie. Sie vereint die Frequenzen 121,5, 243 und 406 MHz in einem kompakten Geh\u00e4use. Diese hocheffiziente Antenne verf\u00fcgt \u00fcber einen einzigen BNC-Anschluss f\u00fcr Installationen, die nur einen Anschluss ben\u00f6tigen. <\/p>\n","protected":false},"featured_media":154883,"template":"","meta":{"_acf_changed":false,"om_disable_all_campaigns":false},"product_brand":[],"product_cat":[6031,5570],"product_tag":[10101,10367,10369,10368,10097,5574,10657,10370,10658,10016,10095,10099],"class_list":{"0":"post-154882","1":"product","2":"type-product","3":"status-publish","4":"has-post-thumbnail","6":"product_cat-allgemeine-luftfahrt","7":"product_cat-luftfahrt","8":"product_tag-121-243-antenne","9":"product_tag-121-406-antenne-de","10":"product_tag-406-antennenpeitsche","11":"product_tag-406-antennenstab","12":"product_tag-antenne-tri-band","13":"product_tag-elt-de","14":"product_tag-stabantenne-elt","15":"product_tag-stange","16":"product_tag-teilenummer-8603","17":"product_tag-tri-band-de","18":"product_tag-tri-band-antenne","19":"product_tag-zweifrequenzantenne","20":"pa_aircraft-speed-0-200-knoten","21":"pa_aircraft-type-einmotorig","22":"pa_aircraft-type-experimental-de","23":"pa_aircraft-type-mehrmotorige","24":"pa_product-elt-losungen","25":"pa_product-sicherheitszubehor","27":"first","28":"instock","29":"taxable","30":"shipping-taxable","31":"product-type-simple"},"acf":[],"_links":{"self":[{"href":"https:\/\/www.acrartex.com\/de\/wp-json\/wp\/v2\/product\/154882","targetHints":{"allow":["GET"]}}],"collection":[{"href":"https:\/\/www.acrartex.com\/de\/wp-json\/wp\/v2\/product"}],"about":[{"href":"https:\/\/www.acrartex.com\/de\/wp-json\/wp\/v2\/types\/product"}],"wp:featuredmedia":[{"embeddable":true,"href":"https:\/\/www.acrartex.com\/de\/wp-json\/wp\/v2\/media\/154883"}],"wp:attachment":[{"href":"https:\/\/www.acrartex.com\/de\/wp-json\/wp\/v2\/media?parent=154882"}],"wp:term":[{"taxonomy":"product_brand","embeddable":true,"href":"https:\/\/www.acrartex.com\/de\/wp-json\/wp\/v2\/product_brand?post=154882"},{"taxonomy":"product_cat","embeddable":true,"href":"https:\/\/www.acrartex.com\/de\/wp-json\/wp\/v2\/product_cat?post=154882"},{"taxonomy":"product_tag","embeddable":true,"href":"https:\/\/www.acrartex.com\/de\/wp-json\/wp\/v2\/product_tag?post=154882"}],"curies":[{"name":"wp","href":"https:\/\/api.w.org\/{rel}","templated":true}]}}