{"id":154871,"date":"2021-03-16T08:18:44","date_gmt":"2021-03-16T13:18:44","guid":{"rendered":"https:\/\/www.acrartex.com\/products\/110-337-11-antenne-406-blatt\/"},"modified":"2021-03-16T08:18:44","modified_gmt":"2021-03-16T13:18:44","slug":"110-337-11-antenne-406-blatt","status":"publish","type":"product","link":"https:\/\/www.acrartex.com\/de\/products\/110-337-11-antenne-406-blatt\/","title":{"rendered":"110-337-11 Antenne, 406 Blatt"},"content":{"rendered":"<p>Tri-Band-Hochgeschwindigkeits-Stabantenne, die die Frequenzen 121,5, 243 und 406 MHz in einem kompakten Geh\u00e4use vereint. Die 110-337-11 bietet zwei Anschl\u00fcsse f\u00fcr Installationen, die diese Konfiguration erfordern. Erf\u00fcllt die Anforderungen von TSOA C91a sowie den Eurocae ED 62-Flammtest.  <\/p>\n<p>Bietet zwei sichere Befestigungsmethoden zur Befestigung der Antenne am Flugzeug. W\u00e4hlen Sie zwischen Schraubmontage oder Grundplattenmontage. <\/p>\n","protected":false},"excerpt":{"rendered":"<p>Die Antenne 110-337-11 ist mit unserer innovativen Tri-Band-Technologie ausgestattet, die die Frequenzen 121,5, 243 und 406 MHz in einem kompakten Geh\u00e4use vereint. Diese Hochgeschwindigkeits-Stabantenne bietet zwei Anschl\u00fcsse f\u00fcr Installationen, die diese spezielle Konfiguration erfordern. Dar\u00fcber hinaus bieten wir zwei sichere Befestigungsmethoden f\u00fcr die Antenne an Ihrem Flugzeug an: Schraubmontage oder Bodenplattenmontage. Wie alle unsere Ger\u00e4te entspricht auch diese Antenne den Industriestandards. Dieses Produkt erf\u00fcllt die Anforderungen von TSOA C91a und den Eurocae ED 62-Flammtest.    <\/p>\n","protected":false},"featured_media":154872,"template":"","meta":{"_acf_changed":false,"om_disable_all_campaigns":false},"product_brand":[],"product_cat":[5570],"product_tag":[10101,10367,10103,10371,10097,10115,10107,10105,10109,10113,10111,10095,10099],"class_list":{"0":"post-154871","1":"product","2":"type-product","3":"status-publish","4":"has-post-thumbnail","6":"product_cat-luftfahrt","7":"product_tag-121-243-antenne","8":"product_tag-121-406-antenne-de","9":"product_tag-406-antenne","10":"product_tag-406-antennenblatt","11":"product_tag-antenne-tri-band","12":"product_tag-blattantenne-elt","13":"product_tag-elt-stabantenne","14":"product_tag-elt-blattantenne","15":"product_tag-peitschenantenne-de","16":"product_tag-peitschenantenne-elt","17":"product_tag-rode-antenne-elt","18":"product_tag-tri-band-antenne","19":"product_tag-zweifrequenzantenne","21":"first","22":"instock","23":"taxable","24":"shipping-taxable","25":"product-type-simple"},"acf":[],"_links":{"self":[{"href":"https:\/\/www.acrartex.com\/de\/wp-json\/wp\/v2\/product\/154871","targetHints":{"allow":["GET"]}}],"collection":[{"href":"https:\/\/www.acrartex.com\/de\/wp-json\/wp\/v2\/product"}],"about":[{"href":"https:\/\/www.acrartex.com\/de\/wp-json\/wp\/v2\/types\/product"}],"wp:featuredmedia":[{"embeddable":true,"href":"https:\/\/www.acrartex.com\/de\/wp-json\/wp\/v2\/media\/154872"}],"wp:attachment":[{"href":"https:\/\/www.acrartex.com\/de\/wp-json\/wp\/v2\/media?parent=154871"}],"wp:term":[{"taxonomy":"product_brand","embeddable":true,"href":"https:\/\/www.acrartex.com\/de\/wp-json\/wp\/v2\/product_brand?post=154871"},{"taxonomy":"product_cat","embeddable":true,"href":"https:\/\/www.acrartex.com\/de\/wp-json\/wp\/v2\/product_cat?post=154871"},{"taxonomy":"product_tag","embeddable":true,"href":"https:\/\/www.acrartex.com\/de\/wp-json\/wp\/v2\/product_tag?post=154871"}],"curies":[{"name":"wp","href":"https:\/\/api.w.org\/{rel}","templated":true}]}}