{"id":154753,"date":"2021-03-16T08:19:11","date_gmt":"2021-03-16T13:19:11","guid":{"rendered":"https:\/\/www.acrartex.com\/products\/110-338-stabantenne\/"},"modified":"2021-03-16T08:19:11","modified_gmt":"2021-03-16T13:19:11","slug":"110-338-stabantenne","status":"publish","type":"product","link":"https:\/\/www.acrartex.com\/de\/products\/110-338-stabantenne\/","title":{"rendered":"110-338 Stabantenne"},"content":{"rendered":"<p>Das robuste, glasfaserverst\u00e4rkte Polyestergeh\u00e4use umh\u00fcllt unsere innovative Tri-Band-Technologie und vereint die Frequenzen 121,5, 243 und 406 MHz in einem kompakten Geh\u00e4use. Diese hocheffiziente Antenne verf\u00fcgt \u00fcber einen einzigen BNC-Anschluss f\u00fcr Installationen, die nur einen Anschluss ben\u00f6tigen. Erf\u00fcllt den Eurocae ED 62-Flammtest.  <\/p>\n<p>Zwei Modelle verf\u00fcgbar:<br \/>\n 110 338 (wei\u00df)<br \/>\n 110 338 01 (schwarz)<\/p>\n","protected":false},"excerpt":{"rendered":"<p>Tri-Band, 121,5, 243 und 406 MHz<\/p>\n","protected":false},"featured_media":154759,"template":"","meta":{"_acf_changed":false,"om_disable_all_campaigns":false},"product_brand":[],"product_cat":[6031,5572,5570],"product_tag":[10394,10377,10101,10367,10371,10369,10368,10373,10018,10388,10398,10378,10384,10021,10370,10402,10380,10392,10375,10406],"class_list":{"0":"post-154753","1":"product","2":"type-product","3":"status-publish","4":"has-post-thumbnail","6":"product_cat-allgemeine-luftfahrt","7":"product_cat-drehflugler","8":"product_cat-luftfahrt","9":"product_tag-110-338-de-2","10":"product_tag-110-338-de","11":"product_tag-121-243-antenne","12":"product_tag-121-406-antenne-de","13":"product_tag-406-antennenblatt","14":"product_tag-406-antennenpeitsche","15":"product_tag-406-antennenstab","16":"product_tag-allfrequenzantenne","17":"product_tag-antenne-de","18":"product_tag-p-n110-338-de","19":"product_tag-pn-110-338-de-2","20":"product_tag-pn-110-338-de","21":"product_tag-pn110-338-de","22":"product_tag-stabantenne","23":"product_tag-stange","24":"product_tag-teile-nr-110-338-de","25":"product_tag-teile-nr-110-338","26":"product_tag-teilenummer-110-338-de","27":"product_tag-teilenummer-110-338","28":"product_tag-tri-band-110-338-de","29":"pa_aircraft-type-einmotorig","30":"pa_aircraft-type-experimental-de","31":"pa_aircraft-type-mehrmotorige","32":"pa_aircraft-type-turboprop-de","33":"pa_product-elt-losungen","34":"pa_product-sicherheitszubehor","36":"first","37":"instock","38":"taxable","39":"shipping-taxable","40":"product-type-simple"},"acf":[],"_links":{"self":[{"href":"https:\/\/www.acrartex.com\/de\/wp-json\/wp\/v2\/product\/154753","targetHints":{"allow":["GET"]}}],"collection":[{"href":"https:\/\/www.acrartex.com\/de\/wp-json\/wp\/v2\/product"}],"about":[{"href":"https:\/\/www.acrartex.com\/de\/wp-json\/wp\/v2\/types\/product"}],"wp:featuredmedia":[{"embeddable":true,"href":"https:\/\/www.acrartex.com\/de\/wp-json\/wp\/v2\/media\/154759"}],"wp:attachment":[{"href":"https:\/\/www.acrartex.com\/de\/wp-json\/wp\/v2\/media?parent=154753"}],"wp:term":[{"taxonomy":"product_brand","embeddable":true,"href":"https:\/\/www.acrartex.com\/de\/wp-json\/wp\/v2\/product_brand?post=154753"},{"taxonomy":"product_cat","embeddable":true,"href":"https:\/\/www.acrartex.com\/de\/wp-json\/wp\/v2\/product_cat?post=154753"},{"taxonomy":"product_tag","embeddable":true,"href":"https:\/\/www.acrartex.com\/de\/wp-json\/wp\/v2\/product_tag?post=154753"}],"curies":[{"name":"wp","href":"https:\/\/api.w.org\/{rel}","templated":true}]}}