{"id":154741,"date":"2021-03-16T08:19:15","date_gmt":"2021-03-16T13:19:15","guid":{"rendered":"https:\/\/www.acrartex.com\/products\/110-337-blattantenne\/"},"modified":"2021-03-16T08:19:15","modified_gmt":"2021-03-16T13:19:15","slug":"110-337-blattantenne","status":"publish","type":"product","link":"https:\/\/www.acrartex.com\/de\/products\/110-337-blattantenne\/","title":{"rendered":"110-337 Blattantenne"},"content":{"rendered":"<p>Die Tri-Band Blade Hochgeschwindigkeitsantenne bietet unsere innovative Tri-Band-Technologie und vereint die Frequenzen 121,5, 243 und 406 MHz in einem kompakten Geh\u00e4use. Die 110-337 bietet zwei Anschl\u00fcsse f\u00fcr Installationen, die diese Konfiguration erfordern. Sie erf\u00fcllt die Anforderungen von TSOA C91a sowie den Eurocae ED 62-Flammtest.  <\/p>\n<p>Zwei Modelle verf\u00fcgbar:<br \/>\n \u2013 110-337<br \/>\n \u2013 110-337-01 (Schutzkante)<\/p>\n","protected":false},"excerpt":{"rendered":"<p>Tri-Band, Dual-Eingang, 121,5, 243 und 406 MHz<\/p>\n","protected":false},"featured_media":154744,"template":"","meta":{"_acf_changed":false,"om_disable_all_campaigns":false},"product_brand":[],"product_cat":[6032,5570,8486],"product_tag":[10020,10304,10305,10308,10306,10117,10022,10016],"class_list":{"0":"post-154741","1":"product","2":"type-product","3":"status-publish","4":"has-post-thumbnail","6":"product_cat-business-jet-de","7":"product_cat-luftfahrt","8":"product_cat-verkehrsflugzeuge","9":"product_tag-110-de","10":"product_tag-110-337-de","11":"product_tag-337-de","12":"product_tag-acr-de-2","13":"product_tag-band-de","14":"product_tag-blattantenne","15":"product_tag-doppelter-eingang","16":"product_tag-tri-band-de","17":"pa_aircraft-type-grose-jets","18":"pa_aircraft-type-leichte-jets","19":"pa_aircraft-type-mehrmotorige","20":"pa_aircraft-type-mittelgrose-jets","21":"pa_product-elt-losungen","22":"pa_product-sicherheitszubehor","24":"first","25":"instock","26":"taxable","27":"shipping-taxable","28":"product-type-simple"},"acf":[],"_links":{"self":[{"href":"https:\/\/www.acrartex.com\/de\/wp-json\/wp\/v2\/product\/154741","targetHints":{"allow":["GET"]}}],"collection":[{"href":"https:\/\/www.acrartex.com\/de\/wp-json\/wp\/v2\/product"}],"about":[{"href":"https:\/\/www.acrartex.com\/de\/wp-json\/wp\/v2\/types\/product"}],"wp:featuredmedia":[{"embeddable":true,"href":"https:\/\/www.acrartex.com\/de\/wp-json\/wp\/v2\/media\/154744"}],"wp:attachment":[{"href":"https:\/\/www.acrartex.com\/de\/wp-json\/wp\/v2\/media?parent=154741"}],"wp:term":[{"taxonomy":"product_brand","embeddable":true,"href":"https:\/\/www.acrartex.com\/de\/wp-json\/wp\/v2\/product_brand?post=154741"},{"taxonomy":"product_cat","embeddable":true,"href":"https:\/\/www.acrartex.com\/de\/wp-json\/wp\/v2\/product_cat?post=154741"},{"taxonomy":"product_tag","embeddable":true,"href":"https:\/\/www.acrartex.com\/de\/wp-json\/wp\/v2\/product_tag?post=154741"}],"curies":[{"name":"wp","href":"https:\/\/api.w.org\/{rel}","templated":true}]}}