{"id":154525,"date":"2021-03-16T08:19:54","date_gmt":"2021-03-16T13:19:54","guid":{"rendered":"https:\/\/www.acrartex.com\/products\/megaphon\/"},"modified":"2021-03-16T08:19:54","modified_gmt":"2021-03-16T13:19:54","slug":"megaphon","status":"publish","type":"product","link":"https:\/\/www.acrartex.com\/de\/products\/megaphon\/","title":{"rendered":"Megaphon"},"content":{"rendered":"<p>Die ACR \/EM-1A, ACR \/EM-2BA und ACR \/EM-1D wurden entwickelt, um regenerative akustische R\u00fcckkopplungen, die zu Pfeifen und anderen Schwingungen f\u00fchren, zu minimieren. Sie verf\u00fcgen \u00fcber einen 90\u00b0-Abstrahlwinkel, um den Schall gezielt auf Personen in unmittelbarer N\u00e4he sowie in den hinteren Bereichen von Flugzeugen zu richten. Der Frequenzbandpass des Verst\u00e4rkers wurde f\u00fcr eine klare und deutliche Sprachwiedergabe gew\u00e4hlt. Die Betriebsleistung ist ausreichend, um auch bei hohem Umgebungsger\u00e4uschpegel eine ausreichende Klangqualit\u00e4t zu gew\u00e4hrleisten, ohne zu \u00fcberfordern. Besonderes Augenmerk wurde auf die Gr\u00f6\u00dfe gelegt, um den Einsatz in \u00fcberf\u00fcllten Umgebungen zu erm\u00f6glichen. Nur erh\u00e4ltlich bei Kellstrom Aerospace.     <\/p>\n","protected":false},"excerpt":{"rendered":"<p>Die tragbaren Sicherheitsmegaphone ACR EM-1A, EM-2BA und EM-1D wurden entwickelt, um akustische R\u00fcckkopplungen, die zu Pfeifger\u00e4uschen und \u00e4hnlichen Ger\u00e4uschen f\u00fchren, zu minimieren. Jedes Megaphon verf\u00fcgt \u00fcber einen 90\u00b0-Abstrahlwinkel, sodass sowohl Personen in unmittelbarer N\u00e4he des Megaphons als auch im hinteren Bereich eines Flugzeugs die Nachricht h\u00f6ren k\u00f6nnen. Der Frequenzbandpass des Verst\u00e4rkers wurde zudem so gew\u00e4hlt, dass eine klare und deutliche Wiedergabe der Sprachsignale gew\u00e4hrleistet ist. Besonderes Augenmerk wurde auf die Gr\u00f6\u00dfe des Megaphons gelegt, damit jedes Modell auch in \u00fcberf\u00fcllten Umgebungen effektiv eingesetzt werden kann.   <\/p>\n<p>&nbsp;<\/p>\n","protected":false},"featured_media":154537,"template":"","meta":{"_acf_changed":false,"om_disable_all_campaigns":false},"product_brand":[],"product_cat":[6032,5570,8486],"product_tag":[9881,9872,9875,9886,9878,9884],"class_list":{"0":"post-154525","1":"product","2":"type-product","3":"status-publish","4":"has-post-thumbnail","6":"product_cat-business-jet-de","7":"product_cat-luftfahrt","8":"product_cat-verkehrsflugzeuge","9":"product_tag-boeing-megaphon","10":"product_tag-em-1a-de","11":"product_tag-em-1d-de","12":"product_tag-megaphon","13":"product_tag-megaphon-fur-die-kommerzielle-luftfahrt","14":"product_tag-megaphon-fur-die-stimme-in-der-flugzeugkabine","15":"pa_aircraft-type-mittelgrose-jets","16":"pa_aircraft-type-passagierflugzeug","17":"pa_aircraft-type-verkehrsflugzeuge","18":"pa_product-megaphone","20":"first","21":"instock","22":"taxable","23":"shipping-taxable","24":"product-type-simple"},"acf":[],"_links":{"self":[{"href":"https:\/\/www.acrartex.com\/de\/wp-json\/wp\/v2\/product\/154525","targetHints":{"allow":["GET"]}}],"collection":[{"href":"https:\/\/www.acrartex.com\/de\/wp-json\/wp\/v2\/product"}],"about":[{"href":"https:\/\/www.acrartex.com\/de\/wp-json\/wp\/v2\/types\/product"}],"wp:featuredmedia":[{"embeddable":true,"href":"https:\/\/www.acrartex.com\/de\/wp-json\/wp\/v2\/media\/154537"}],"wp:attachment":[{"href":"https:\/\/www.acrartex.com\/de\/wp-json\/wp\/v2\/media?parent=154525"}],"wp:term":[{"taxonomy":"product_brand","embeddable":true,"href":"https:\/\/www.acrartex.com\/de\/wp-json\/wp\/v2\/product_brand?post=154525"},{"taxonomy":"product_cat","embeddable":true,"href":"https:\/\/www.acrartex.com\/de\/wp-json\/wp\/v2\/product_cat?post=154525"},{"taxonomy":"product_tag","embeddable":true,"href":"https:\/\/www.acrartex.com\/de\/wp-json\/wp\/v2\/product_tag?post=154525"}],"curies":[{"name":"wp","href":"https:\/\/api.w.org\/{rel}","templated":true}]}}