{"id":154412,"date":"2021-03-16T08:20:39","date_gmt":"2021-03-16T08:20:39","guid":{"rendered":"https:\/\/www.acrartex.com\/products\/sr203-vhf-handfunkgeraet-fuer-den-notfall\/"},"modified":"2026-01-07T14:33:46","modified_gmt":"2026-01-07T19:33:46","slug":"sr203-vhf-handfunkgeraet-fuer-den-notfall","status":"publish","type":"product","link":"https:\/\/www.acrartex.com\/de\/products\/sr203-vhf-handfunkgeraet-fuer-den-notfall\/","title":{"rendered":"SR203 VHF-Handfunkger\u00e4t f\u00fcr den Notfall"},"content":{"rendered":"<p>Die Digitalanzeige und die Steuertasten sind hintergrundbeleuchtet, was die Bedienung bei schlechten Lichtverh\u00e4ltnissen vereinfacht. Nach der Aktivierung ist das SR203 automatisch auf Kanal 16 eingestellt und verf\u00fcgt \u00fcber eine einmalige Ruftaste f\u00fcr Kanal 16, um schnell zum Notrufkanal zur\u00fcckzukehren. Das tragbare UKW-Funkger\u00e4t SR203 bietet eine au\u00dfergew\u00f6hnliche Akkulaufzeit von \u00fcber 16 Stunden (bei -20 \u00b0C) dank seines hocheffizienten Senders, der f\u00fcr eine maximale Akkulaufzeit ausgelegt ist. Dank der innovativen Akkuschutzlasche kann der Hauptakku dauerhaft am Funkger\u00e4t angebracht werden, ohne dass ein Ladeverlust bef\u00fcrchtet werden muss. Das Funkger\u00e4t ist im Notfall immer einsatzbereit, ohne dass Schutzetiketten entfernt werden m\u00fcssen. Brechen Sie einfach die rote Schutzlasche ab, und das Funkger\u00e4t ist sofort bereit, auf Kanal 16 eingeschaltet zu werden. F\u00fcr den allt\u00e4glichen Gebrauch bietet ACR optional einen Lithium-Polymer-Akku an. Das Schnellladeger\u00e4t ist die ideale L\u00f6sung, um die Akkus vollst\u00e4ndig geladen zu halten.       <\/p>\n<ul>\n<li>  Effizienter Sender<\/li>\n<li>  Robustes Design<\/li>\n<li>  Prim\u00e4re Lithiumbatterie \u00fcbertrifft GMDSS-Anforderungen<\/li>\n<li>  Schutzlasche f\u00fcr die Batterie<\/li>\n<li>  Ungiftige Batterien<\/li>\n<li>  16 Stunden typische Betriebsdauer<\/li>\n<li>  Optionales Akku-Kit<\/li>\n<li>  Lasergravierte Bedientasten<\/li>\n<li>  Kontrastreiches Digitaldisplay und Tastenfeld mit Hintergrundbeleuchtung<\/li>\n<li>  21 Kan\u00e4le<\/li>\n<\/ul>\n","protected":false},"excerpt":{"rendered":"<p>Das tragbare UKW-\u00dcberlebensfunkger\u00e4t SR203 ist ein FCC-zugelassenes Ger\u00e4t f\u00fcr alle maritimen Anwendungen. Die digitale Anzeige und die Bedientasten sind hintergrundbeleuchtet, sodass das Ger\u00e4t auch in dunklen Umgebungen problemlos bedient werden kann. Sollten Sie Hilfe ben\u00f6tigen, ist das SR203 UKW einfach zu bedienen. Nach der Aktivierung stellt sich das Funkger\u00e4t automatisch auf den Notrufkanal 16 ein und verf\u00fcgt \u00fcber eine Ruftaste, mit der Sie schnell Ihren Notruf absetzen k\u00f6nnen. Das SR203 UKW hat eine Akkulaufzeit von \u00fcber 16 Stunden und erf\u00fcllt alle Anforderungen der IMO.    <\/p>\n<p>&nbsp;<\/p>\n<p><strong>Dieses Produkt ist nicht f\u00fcr den gewerblichen Verkauf verf\u00fcgbar.<\/strong><\/p>\n<p>&nbsp;<\/p>\n","protected":false},"featured_media":154424,"template":"","meta":{"_acf_changed":false,"om_disable_all_campaigns":false},"product_brand":[],"product_cat":[6026,5636,6025],"product_tag":[9706,9716,9714,9717,9698,9710,9704,9712,9718,9708,9700,9702,9694,9696],"class_list":{"0":"post-154412","1":"product","2":"type-product","3":"status-publish","4":"has-post-thumbnail","6":"product_cat-kommerziell","7":"product_cat-marine-de","8":"product_cat-vor-der-kuste","9":"product_tag-bewertungen-von-ukw-seefunkgeraten","10":"product_tag-gmdss-uberlebensradio","11":"product_tag-gmdss-ukw-radio","12":"product_tag-gmdss-zugelassenes-funkgerat","13":"product_tag-marine-ukw-funkgerate","14":"product_tag-marine-ukw-funkgerate-zu-verkaufen","15":"product_tag-marine-ukw-radioantenne","16":"product_tag-tragbares-ukw-seefunkgerat","17":"product_tag-ukw-funk-gmdss","18":"product_tag-ukw-handfunkgerat","19":"product_tag-ukw-radio","20":"product_tag-ukw-radios","21":"product_tag-ukw-seefunkgerat","22":"product_tag-ukw-seefunkgerat-de","23":"pa_boat-size-80-de","24":"pa_boat-type-charteryacht-de","25":"pa_boat-type-frachtschiff","26":"pa_boat-type-kommerzielle-fischerei","27":"pa_boat-type-schlepper","28":"pa_boat-type-segelboot","29":"pa_boat-type-yacht-de","30":"pa_product-rescue-beacons-ukw-sart","32":"first","33":"instock","34":"taxable","35":"shipping-taxable","36":"product-type-simple"},"acf":[],"_links":{"self":[{"href":"https:\/\/www.acrartex.com\/de\/wp-json\/wp\/v2\/product\/154412","targetHints":{"allow":["GET"]}}],"collection":[{"href":"https:\/\/www.acrartex.com\/de\/wp-json\/wp\/v2\/product"}],"about":[{"href":"https:\/\/www.acrartex.com\/de\/wp-json\/wp\/v2\/types\/product"}],"wp:featuredmedia":[{"embeddable":true,"href":"https:\/\/www.acrartex.com\/de\/wp-json\/wp\/v2\/media\/154424"}],"wp:attachment":[{"href":"https:\/\/www.acrartex.com\/de\/wp-json\/wp\/v2\/media?parent=154412"}],"wp:term":[{"taxonomy":"product_brand","embeddable":true,"href":"https:\/\/www.acrartex.com\/de\/wp-json\/wp\/v2\/product_brand?post=154412"},{"taxonomy":"product_cat","embeddable":true,"href":"https:\/\/www.acrartex.com\/de\/wp-json\/wp\/v2\/product_cat?post=154412"},{"taxonomy":"product_tag","embeddable":true,"href":"https:\/\/www.acrartex.com\/de\/wp-json\/wp\/v2\/product_tag?post=154412"}],"curies":[{"name":"wp","href":"https:\/\/api.w.org\/{rel}","templated":true}]}}