{"id":154337,"date":"2021-03-16T08:21:28","date_gmt":"2021-03-16T13:21:28","guid":{"rendered":"https:\/\/www.acrartex.com\/products\/aislink-cb1\/"},"modified":"2021-03-16T08:21:28","modified_gmt":"2021-03-16T13:21:28","slug":"aislink-cb1","status":"publish","type":"product","link":"https:\/\/www.acrartex.com\/de\/products\/aislink-cb1\/","title":{"rendered":"AISLink CB1"},"content":{"rendered":"<p><strong>Merkmale:<\/strong><\/p>\n<ul>\n<li>Interne GPS -Antenne<\/li>\n<li>Weltweit anerkannt<\/li>\n<li>Geringer Stromverbrauch<\/li>\n<li>Einfache Installation<\/li>\n<li>Lautlosmodus<\/li>\n<li>Mehrere Schnittstellen<\/li>\n<li>Wasserdicht (IPx7)<\/li>\n<li>Standardfrequenzen: AIS 1 \u2013 161,975 MHz, AIS 2 \u2013 162,025 MHz<\/li>\n<\/ul>\n<p>Der ACR AISLink CB1 AIS ist weltweit zugelassen und ein \u00e4u\u00dferst zuverl\u00e4ssiger Transceiver mit zahlreichen praktischen Funktionen. Dank der internen GPS Antenne (optional auch mit externer Antenne) sparen Anwender Zeit bei der Installation und Platz. Zu den weiteren Komfortmerkmalen geh\u00f6ren das kompakte, robuste und wasserdichte (IPx7-zertifizierte) Design mit geringem Stromverbrauch.  <\/p>\n<p>Der AISLink CB1 verf\u00fcgt au\u00dferdem \u00fcber NMEA0183- und NMEA2000-Datenausgabe, die eine nahtlose Interaktion mit Navigationssystemen erm\u00f6glicht. Die M\u00f6glichkeit, den Transceiver in den Lautlosmodus zu versetzen, bietet zudem Datenschutz und Sicherheit, da Benutzer die \u00dcbertragung von Identifikationsinformationen deaktivieren und gleichzeitig weiterhin die \u00dcbertragungen anderer Schiffe mit AIS sehen k\u00f6nnen. <\/p>\n<p>&nbsp;<\/p>\n<p><a href=\"https:\/\/www.youtube.com\/watch?v=Q9f4lPY1wCg&amp;feature=youtu.be\" target=\"_blank\" rel=\"noopener\">Klicken Sie hier, um das ACR AISLink CB1-Schnellinstallationsvideo anzusehen<\/a><\/p>\n","protected":false},"excerpt":{"rendered":"<p>Dieses Produkt wurde eingestellt und ist nicht mehr erh\u00e4ltlich. Der neue <a href=\"https:\/\/www.acrartex.com\/products\/automatic-identification-system-aislink-cb2\/\">AISLink CB2 Klasse B+ ist jetzt verf\u00fcgbar. Erfahren Sie mehr<\/a> . <\/p>\n<p>Unterst\u00fctzende Dokumente f\u00fcr AISLink CB1 sind auf der Registerkarte \u201eDownloads\u201c verf\u00fcgbar.<\/p>\n<p><span style=\"color: #3366ff;\"><strong>Dieses Produkt wurde eingestellt.<\/strong><\/span><\/p>\n<p>&nbsp;<\/p>\n<p>&nbsp;<\/p>\n","protected":false},"featured_media":154338,"template":"","meta":{"_acf_changed":false,"om_disable_all_campaigns":false},"product_brand":[],"product_cat":[5636,2923],"product_tag":[9608,9609,9606,9611,9610],"class_list":{"0":"post-154337","1":"product","2":"type-product","3":"status-publish","4":"has-post-thumbnail","6":"product_cat-marine-de","7":"product_cat-nicht-kategorisiert","8":"product_tag-ais-de","9":"product_tag-ais-klasse-b-de","10":"product_tag-aislink-de","11":"product_tag-aislink-klasse-b-de","12":"product_tag-klasse-b-de","13":"pa_product-vermachtnis","15":"first","16":"outofstock","17":"product-type-simple"},"acf":[],"_links":{"self":[{"href":"https:\/\/www.acrartex.com\/de\/wp-json\/wp\/v2\/product\/154337","targetHints":{"allow":["GET"]}}],"collection":[{"href":"https:\/\/www.acrartex.com\/de\/wp-json\/wp\/v2\/product"}],"about":[{"href":"https:\/\/www.acrartex.com\/de\/wp-json\/wp\/v2\/types\/product"}],"wp:featuredmedia":[{"embeddable":true,"href":"https:\/\/www.acrartex.com\/de\/wp-json\/wp\/v2\/media\/154338"}],"wp:attachment":[{"href":"https:\/\/www.acrartex.com\/de\/wp-json\/wp\/v2\/media?parent=154337"}],"wp:term":[{"taxonomy":"product_brand","embeddable":true,"href":"https:\/\/www.acrartex.com\/de\/wp-json\/wp\/v2\/product_brand?post=154337"},{"taxonomy":"product_cat","embeddable":true,"href":"https:\/\/www.acrartex.com\/de\/wp-json\/wp\/v2\/product_cat?post=154337"},{"taxonomy":"product_tag","embeddable":true,"href":"https:\/\/www.acrartex.com\/de\/wp-json\/wp\/v2\/product_tag?post=154337"}],"curies":[{"name":"wp","href":"https:\/\/api.w.org\/{rel}","templated":true}]}}