{"id":154321,"date":"2021-03-16T08:21:43","date_gmt":"2021-03-16T13:21:43","guid":{"rendered":"https:\/\/www.acrartex.com\/products\/hydrofix-hru\/"},"modified":"2025-11-26T03:32:59","modified_gmt":"2025-11-26T08:32:59","slug":"hydrofix-hru","status":"publish","type":"product","link":"https:\/\/www.acrartex.com\/de\/products\/hydrofix-hru\/","title":{"rendered":"HydroFix \u2122 HRU"},"content":{"rendered":"<p>Ein patentiertes Stangensystem ben\u00f6tigt zum Ausl\u00f6sen des Signals weder Batterien noch Klingen oder pyrotechnische Ger\u00e4te. Dieser Vorteil erm\u00f6glicht im Notfall eine schnelle, reibungslose und zuverl\u00e4ssige Ausl\u00f6sung. <\/p>\n<p>Beachten Sie, dass es sich hierbei um ein Produkt mit Datumsstempel handelt und dieses alle 2 Jahre ab dem Installationsdatum bzw. alle 4 Jahre ab dem Herstellungsdatum ausgetauscht werden muss.<\/p>\n<ul>\n<li>Leicht austauschbar<\/li>\n<li>100 % werkseitig gepr\u00fcft<\/li>\n<li>Patentnummer: 7,435,148<\/li>\n<\/ul>\n","protected":false},"excerpt":{"rendered":"<p>Die HydroFix \u2122 Hydrostatic Release Unit (HRU) ist ein patentiertes Stangensystem, das die schnelle und zuverl\u00e4ssige Freigabe eines Leuchtfeuers aus einer Halterung der Kategorie I erm\u00f6glicht, wenn es in einer Wassertiefe von 1,5 bis 4 Metern (4,9 bis 13,1 Fu\u00df) eingetaucht ist. Diese Einheit ist f\u00fcr die Leuchtfeuerhalterungen Sea Shelter \u2122, Sea Shelter \u21222, Sea Shelter \u21223 und Sea Shelter \u21224 konzipiert. <\/p>\n<p>&nbsp;<\/p>\n<h4><span style=\"color: #ff0000;\"><strong>Mit Stolz in den USA hergestellt!<\/strong><\/span><\/h4>\n","protected":false},"featured_media":164498,"template":"","meta":{"_acf_changed":false,"om_disable_all_campaigns":false},"product_brand":[],"product_cat":[6024,6023,6026,5636,6558,6025],"product_tag":[9579,7029,9578,9574,9573,9570,9568,9577,9566,9572,9575,9576,8267,8265],"class_list":{"0":"post-154321","1":"product","2":"type-product","3":"status-publish","4":"has-post-thumbnail","6":"product_cat-in-kustennahe","7":"product_cat-inland-de","8":"product_cat-kommerziell","9":"product_cat-marine-de","10":"product_cat-sicherheitszubehor","11":"product_cat-vor-der-kuste","12":"product_tag-automatische-bereitstellung-epirb","13":"product_tag-cospas-sarsat-de","14":"product_tag-epirb-der-kategorie-1","15":"product_tag-hammar-h20-de","16":"product_tag-hammar-h20-hydrostatische-freigabe","17":"product_tag-hammar-hydrostatische-auslosung","18":"product_tag-hydrofix-de","19":"product_tag-hydrostatische-ausloseeinheit","20":"product_tag-hydrostatische-auslosung","21":"product_tag-hydrostatische-auslosung-epirb","22":"product_tag-hydrostatische-auslosung-fur-epirb","23":"product_tag-hydrostatische-auslosung-fur-epirbs","24":"product_tag-niedrigprofilhalterung-fur-epirb","25":"product_tag-schottmontierte-epirb","26":"pa_boat-size-0-20-de","27":"pa_boat-size-21-40-de","28":"pa_boat-size-40-80-de","29":"pa_boat-size-80-de","30":"pa_boat-type-charteryacht-de","31":"pa_boat-type-frachtschiff","32":"pa_boat-type-kommerzielle-fischerei","33":"pa_boat-type-motorboot","34":"pa_boat-type-schlepper","35":"pa_boat-type-segelboot","36":"pa_boat-type-sportcraft-de","37":"pa_boat-type-yacht-de","38":"pa_product-rescue-beacons-de","39":"pa_product-rescue-beacons-ukw-sart","40":"pa_product-sicherheitszubehor","42":"first","43":"instock","44":"taxable","45":"shipping-taxable","46":"purchasable","47":"product-type-simple"},"acf":[],"_links":{"self":[{"href":"https:\/\/www.acrartex.com\/de\/wp-json\/wp\/v2\/product\/154321","targetHints":{"allow":["GET"]}}],"collection":[{"href":"https:\/\/www.acrartex.com\/de\/wp-json\/wp\/v2\/product"}],"about":[{"href":"https:\/\/www.acrartex.com\/de\/wp-json\/wp\/v2\/types\/product"}],"wp:featuredmedia":[{"embeddable":true,"href":"https:\/\/www.acrartex.com\/de\/wp-json\/wp\/v2\/media\/164498"}],"wp:attachment":[{"href":"https:\/\/www.acrartex.com\/de\/wp-json\/wp\/v2\/media?parent=154321"}],"wp:term":[{"taxonomy":"product_brand","embeddable":true,"href":"https:\/\/www.acrartex.com\/de\/wp-json\/wp\/v2\/product_brand?post=154321"},{"taxonomy":"product_cat","embeddable":true,"href":"https:\/\/www.acrartex.com\/de\/wp-json\/wp\/v2\/product_cat?post=154321"},{"taxonomy":"product_tag","embeddable":true,"href":"https:\/\/www.acrartex.com\/de\/wp-json\/wp\/v2\/product_tag?post=154321"}],"curies":[{"name":"wp","href":"https:\/\/api.w.org\/{rel}","templated":true}]}}