{"id":154272,"date":"2021-03-16T08:21:51","date_gmt":"2021-03-16T13:21:51","guid":{"rendered":"https:\/\/www.acrartex.com\/products\/globalfix-pro-epirb\/"},"modified":"2021-03-16T08:21:51","modified_gmt":"2021-03-16T13:21:51","slug":"globalfix-pro-epirb","status":"publish","type":"product","link":"https:\/\/www.acrartex.com\/de\/products\/globalfix-pro-epirb\/","title":{"rendered":"GlobalFix \u2122 PRO EPIRB"},"content":{"rendered":"<p><a href=\"https:\/\/www.acrartex.com\/products\/globalfix-v5-ais-epirb\/\"><b><i>Verf\u00fcgbare Produkt-Upgrades View<\/i><\/b><\/a><\/p>\n<p>Der GlobalFix \u2122 PRO sendet ein einzigartiges, registriertes Notsignal, das den Rettungskr\u00e4ften nicht nur Ihren Standort, sondern auch Ihre Identit\u00e4t mitteilt. Das integrierte GPS schaltet sich automatisch ein und ermittelt Ihre Position. Anschlie\u00dfend nutzt es ein leistungsstarkes 406-MHz-Signal, um Ihren Notruf an Satelliten im Orbit weiterzuleiten. Bei der lokalen Suche und Rettung f\u00fchren ein separates Zielsignal und ein integriertes LED-Blitzlicht die Rettungskr\u00e4fte zu Ihrem genauen Standort.  <\/p>\n<p>&nbsp;<\/p>\n<p>Der GlobalFix \u2122 PRO ist klein und robust und verf\u00fcgt \u00fcber mehr als 53 Jahre lebensrettende Technologie. Ein vollst\u00e4ndiger Funktionstest der internen Schaltkreise, der Batteriespannung und -leistung sowie der 406-MHz-\u00dcbertragung des GlobalFix \u2122 PRO gibt Ihnen die Gewissheit, dass Ihre EPIRB im entscheidenden Moment funktioniert. Exklusiv bei ACR : Der integrierte GPS Empfangstestmodus erm\u00f6glicht es Ihnen, den internen GPS Empf\u00e4nger zu testen und sicherzustellen, dass er einwandfrei funktioniert.  <\/p>\n<p>&nbsp;<\/p>\n<p>Nutzen Sie dieselbe praxiserprobte Rettungstechnologie, die auch vom US-Milit\u00e4r, der K\u00fcstenwache, der NATO, Spezialeinheiten und Arktisforschern verwendet wird.<\/p>\n<p>&nbsp;<\/p>\n<p>GlobalFix \u2122 PRO bietet die allerneueste elektronische Lebensrettungstechnologie f\u00fcr die Schifffahrt:<\/p>\n<ul>\n<li>Gut sichtbares LED-Blitzlicht \u2013 Energieeffizient<\/li>\n<li>Internes 66-Kanal GPS \u2013 Schneller Kaltstart<\/li>\n<li>Hohe Effizienz \u2013 Leistung, auf die Sie z\u00e4hlen k\u00f6nnen<\/li>\n<li>Ungiftige Batterien \u2013 kein Versandaufwand<\/li>\n<li>Professionelles Design \u2013 Entwickelt, getestet und gebaut f\u00fcr jahrelangen, anspruchsvollen Einsatz auf See<\/li>\n<li>Ergonomisches, kompaktes Design; Kleinstes, funktionsreichstes EPIRB auf dem Markt<\/li>\n<\/ul>\n<p>&nbsp;<\/p>\n<p>Wenn Sie es benutzen, ersetzen wir es <a href=\"http:\/\/www.survivorclub.com\/\">kostenlos<\/a> . Senden Sie uns einfach Ihre Geschichte, schicken Sie uns Ihren gebrauchten Beacon zur\u00fcck, damit wir ihn an unserer Wall of Fame anbringen k\u00f6nnen, und wir senden Ihnen einen brandneuen Beacon von gleichem oder h\u00f6herem Wert. <\/p>\n","protected":false},"excerpt":{"rendered":"<p>#BleibenSiesicherDa drau\u00dfen mit dem GlobalFix \u2122 PRO Notfunksender ( EPIRB ). Dieser Sender ist mit einem integrierten GPS ausgestattet, das Ihre Position im Notfall schnell und pr\u00e4zise an ein weltweites Netzwerk von Such- und Rettungssatelliten \u00fcbermittelt. Genie\u00dfen Sie die Sicherheit auf See, denn der GlobalFix PRO EPIRB nimmt Ihnen die Suche ab.  <\/p>\n<p><span style=\"color: #3366ff;\"><strong>Dieses Produkt wurde aktualisiert. <a href=\"https:\/\/www.acrartex.com\/products\/globalfix-v5-ais-epirb\/\">Klicken Sie hier<\/a> , um verf\u00fcgbare Produkt-Upgrades anzuzeigen<\/strong><\/span><\/p>\n<p>&nbsp;<\/p>\n","protected":false},"featured_media":154273,"template":"","meta":{"_acf_changed":false,"om_disable_all_campaigns":false},"product_brand":[],"product_cat":[5636],"product_tag":[9492,9493,9489,5638,5654,5647,9486,6333,9256,5642,9484,9488],"class_list":{"0":"post-154272","1":"product","2":"type-product","3":"status-publish","4":"has-post-thumbnail","6":"product_cat-marine-de","7":"product_tag-2842-de","8":"product_tag-2844-de","9":"product_tag-acr-globalfix-pro-de","10":"product_tag-epirb-de","11":"product_tag-globale-losung","12":"product_tag-globalfix-de","13":"product_tag-globalfix-pro-de","14":"product_tag-leuchtfeuer","15":"product_tag-notfunksignal-zur-positionsanzeige","16":"product_tag-notsignal","17":"product_tag-profi","18":"product_tag-rlb-37-de","19":"pa_product-vermachtnis","21":"first","22":"outofstock","23":"taxable","24":"shipping-taxable","25":"product-type-variable"},"acf":[],"_links":{"self":[{"href":"https:\/\/www.acrartex.com\/de\/wp-json\/wp\/v2\/product\/154272","targetHints":{"allow":["GET"]}}],"collection":[{"href":"https:\/\/www.acrartex.com\/de\/wp-json\/wp\/v2\/product"}],"about":[{"href":"https:\/\/www.acrartex.com\/de\/wp-json\/wp\/v2\/types\/product"}],"wp:featuredmedia":[{"embeddable":true,"href":"https:\/\/www.acrartex.com\/de\/wp-json\/wp\/v2\/media\/154273"}],"wp:attachment":[{"href":"https:\/\/www.acrartex.com\/de\/wp-json\/wp\/v2\/media?parent=154272"}],"wp:term":[{"taxonomy":"product_brand","embeddable":true,"href":"https:\/\/www.acrartex.com\/de\/wp-json\/wp\/v2\/product_brand?post=154272"},{"taxonomy":"product_cat","embeddable":true,"href":"https:\/\/www.acrartex.com\/de\/wp-json\/wp\/v2\/product_cat?post=154272"},{"taxonomy":"product_tag","embeddable":true,"href":"https:\/\/www.acrartex.com\/de\/wp-json\/wp\/v2\/product_tag?post=154272"}],"curies":[{"name":"wp","href":"https:\/\/api.w.org\/{rel}","templated":true}]}}