{"id":153543,"date":"2021-03-16T08:09:00","date_gmt":"2021-03-16T13:09:00","guid":{"rendered":"https:\/\/www.acrartex.com\/products\/elt-345\/"},"modified":"2021-03-16T08:09:00","modified_gmt":"2021-03-16T13:09:00","slug":"elt-345","status":"publish","type":"product","link":"https:\/\/www.acrartex.com\/de\/products\/elt-345\/","title":{"rendered":"ELT 345"},"content":{"rendered":"<p><span style=\"font-size: 10pt;\">Das ARTEX ELT 345 kann manuell (\u00fcber die Cockpit-Fernbedienung oder ELT Schalter) oder automatisch (der G-Switch erkennt einen Aufprall von 2,3 G oder mehr) aktiviert werden und sendet ein einzigartiges digitales Signal auf der 406-MHz-Notfrequenz, um die n\u00e4chstgelegene Such- und Rettungsdienststelle \u00fcber Ihren Notfall zu informieren. Das 406-MHz-Signal mit Ihren GPS Koordinaten wird an die Cospas-Sarsat Satelliten gesendet und an das Missionskontrollzentrum weitergeleitet, wo es umgehend an die n\u00e4chstgelegene Such- und Rettungsdienststelle weitergeleitet wird. Die Registrierung Ihres Senders verr\u00e4t den Ersthelfern Ihre <b><u>Identit\u00e4t<\/u><\/b> , und der Sender selbst gibt Ihnen auf 100 Meter genau Auskunft \u00fcber Ihren <b><u>Standort<\/u><\/b> . Schlie\u00dflich hilft das lokale 121,5-MHz-Zielsignal den Such- und Rettungsdiensten, Ihren genauen Standort zu bestimmen.   <\/span><\/p>\n<p>&nbsp;<\/p>\n<p style=\"margin: 0in 0in 0.0001pt;\"><span style=\"font-size: 10pt;\"><b>Einfache Installation<\/b><br \/>\n<\/span><\/p>\n<p>&nbsp;<\/p>\n<p style=\"margin: 0in 0in 0.0001pt;\"><span style=\"font-size: 10pt;\">Das ARTEX ELT 345 bietet eine schnelle und einfache Nachr\u00fcstm\u00f6glichkeit mit flexiblen Installationsoptionen, wie beispielsweise unserem Standard- oder Slim-Style-Zweidraht-Fernschalter, der keinen Bordstrom ben\u00f6tigt. ELT 345 nutzt denselben HF-Ausgang mit nur einem Koaxialkabel, um sowohl 406-MHz- als auch 121,5-MHz-Signale \u00fcber unsere 15- oder 23-Zoll-Peitschenantennen zu \u00fcbertragen. Die integrierte Navigationsschnittstelle ben\u00f6tigt keinen Bordstrom, was die Installationskosten erheblich reduziert. Die Edelstahlhalterung mit Mehrfachlochmuster erm\u00f6glicht den schnellen und einfachen Austausch \u00e4lterer ARTEX ELTs oder ACK-, Kannad- und AmeriKing-ELTs.   <\/span><\/p>\n<p>&nbsp;<\/p>\n<p style=\"margin: 0in 0in 0.0001pt;\"><span style=\"font-size: 10pt;\"><b>ELT 345 Kits<\/b><\/span><\/p>\n<p>&nbsp;<\/p>\n<p style=\"margin: 0in 0in 0.0001pt;\"><span style=\"font-size: 10pt;\">Es stehen jetzt drei umfassende Kit-Optionen zur Verf\u00fcgung, die Benutzern Zugriff auf das ELT 345, das weltweit beliebteste ELT , bieten. Jede Option umfasst einen 2-adrigen Fernschalter, ein Koaxialkabel, eine Antenne und ELT Installationskit.  Der Hauptunterschied zwischen den Kits liegt im Antennen- und\/oder Schalterangebot. Unsere g\u00fcnstigste Option (Teilenummer 8102) wird mit unserer standardm\u00e4\u00dfigen schwarzen Peitschenantenne und einem standardm\u00e4\u00dfigen 2-adrigen Fernschalter geliefert. Die beiden anderen Kits enthalten eine flachere Antennenoption mit einer schwarzen Peitschenantenne f\u00fcr Installationen, bei denen ein k\u00fcrzerer Formfaktor erforderlich ist. W\u00e4hrend die Kits 8102 und 8107 den standardm\u00e4\u00dfigen 2-adrigen Fernschalter enthalten, verf\u00fcgt das Kit 8108 \u00fcber einen neuen schlanken Schalter. Der neue schlanke Schalter eignet sich perfekt f\u00fcr ACK- und Ameri-King ELT Nachr\u00fcstungen, da beim Austausch eines herk\u00f6mmlichen Telefonkabelschalters keine \u00c4nderungen am Ausschnitt der Schalttafel erforderlich sind. Ein weiterer Vorteil: Der schlanke Schalter ben\u00f6tigt keine Batterien und arbeitet mit 2-adrigem Anschluss f\u00fcr eine zuverl\u00e4ssige Bedienung der Cockpit-Bedienung.     <\/span><\/p>\n<p>&nbsp;<\/p>\n<table class=\"Table\" style=\"border-collapse: collapse; border: solid windowtext 1.0pt;\">\n<tbody>\n<tr>\n<td style=\"border: solid windowtext 1.0pt; background: black; width: 99.9pt; padding: 0in 5.4pt 0in 5.4pt;\" width=\"133\">\n<p style=\"margin: 0in 0in 0.0001pt;\"><span style=\"font-size: 10pt;\">ARTEX <span style=\"color: white;\">-Teilenummer<\/span><\/span><\/p>\n<\/td>\n<td style=\"border: solid windowtext 1.0pt; background: black; width: 120.4pt; border-left: none; padding: 0in 5.4pt 0in 5.4pt;\" width=\"161\">\n<p style=\"margin: 0in 0in 0.0001pt;\"><span style=\"font-size: 10pt;\"><span style=\"color: white;\">Produktbeschreibung<\/span><\/span><\/p>\n<\/td>\n<td style=\"border: solid windowtext 1.0pt; background: black; width: 110.15pt; border-left: none; padding: 0in 5.4pt 0in 5.4pt;\" width=\"147\">\n<p style=\"margin: 0in 0in 0.0001pt;\"><span style=\"font-size: 10pt;\"><span style=\"color: white;\">Antenne enthalten<\/span><\/span><\/p>\n<\/td>\n<td style=\"border: solid windowtext 1.0pt; background: black; width: 110.15pt; border-left: none; padding: 0in 5.4pt 0in 5.4pt;\" width=\"147\">\n<p style=\"margin: 0in 0in 0.0001pt;\"><span style=\"font-size: 10pt;\"><span style=\"color: white;\">Fernschalter im Lieferumfang enthalten<\/span><\/span><\/p>\n<\/td>\n<\/tr>\n<tr>\n<td style=\"border: solid windowtext 1.0pt; width: 99.9pt; border-top: none; padding: 0in 5.4pt 0in 5.4pt;\" width=\"133\">\n<p style=\"margin: 0in 0in 0.0001pt;\"><span style=\"font-size: 10pt;\">8102 ( <a href=\"https:\/\/www.dropbox.com\/s\/zbhlmu7i6zokav2\/8102D.pdf?dl=1\">Packliste<\/a> )<\/span><\/p>\n<\/td>\n<td style=\"border-bottom: solid windowtext 1.0pt; width: 120.4pt; border-top: none; border-left: none; border-right: solid windowtext 1.0pt; padding: 0in 5.4pt 0in 5.4pt;\" width=\"161\">\n<p style=\"margin: 0in 0in 0.0001pt;\"><span style=\"font-size: 10pt;\">ARTEX ELT 345 Standard-Kit mit GA-Installationskit, schwarzer Peitschenantenne und Standard-Fernschalter<\/span><\/p>\n<\/td>\n<td style=\"border-bottom: solid windowtext 1.0pt; width: 110.15pt; border-top: none; border-left: none; border-right: solid windowtext 1.0pt; padding: 0in 5.4pt 0in 5.4pt;\" width=\"147\">\n<p style=\"margin: 0in 0in 0.0001pt;\"><span style=\"font-size: 10pt;\">23,4 Zoll gro\u00dfe schwarze Peitschenantenne<\/span><\/p>\n<\/td>\n<td style=\"border-bottom: solid windowtext 1.0pt; width: 110.15pt; border-top: none; border-left: none; border-right: solid windowtext 1.0pt; padding: 0in 5.4pt 0in 5.4pt;\" width=\"147\">\n<p style=\"margin: 0in 0in 0.0001pt;\"><span style=\"font-size: 10pt;\">ARTEX Standard 2-Draht-Fernschalter<\/span><br \/>\n <span style=\"font-size: 11pt;\"><span style=\"font-family: Calibri,sans-serif;\">(2,00 x 1,30 Zoll)<\/span><\/span><\/p>\n<\/td>\n<\/tr>\n<tr>\n<td style=\"border: solid windowtext 1.0pt; width: 99.9pt; border-top: none; padding: 0in 5.4pt 0in 5.4pt;\" width=\"133\">\n<p style=\"margin: 0in 0in 0.0001pt;\"><span style=\"font-size: 10pt;\">8107 ( <a href=\"https:\/\/www.dropbox.com\/s\/1lrv6abtjdezrdd\/8107B.pdf?dl=1\">Packliste<\/a> )<\/span><\/p>\n<\/td>\n<td style=\"border-bottom: solid windowtext 1.0pt; width: 120.4pt; border-top: none; border-left: none; border-right: solid windowtext 1.0pt; padding: 0in 5.4pt 0in 5.4pt;\" width=\"161\">\n<p style=\"margin: 0in 0in 0.0001pt;\"><span style=\"font-size: 10pt;\">ARTEX ELT 345 Compact Kit mit GA-Installationskit, kompakter schwarzer Peitschenantenne und Standard-Fernschalter<\/span><\/p>\n<\/td>\n<td style=\"border-bottom: solid windowtext 1.0pt; width: 110.15pt; border-top: none; border-left: none; border-right: solid windowtext 1.0pt; padding: 0in 5.4pt 0in 5.4pt;\" width=\"147\">\n<p style=\"margin: 0in 0in 0.0001pt;\"><span style=\"font-size: 10pt;\">15&#8243; hohe schwarze Peitschenantenne<\/span><\/p>\n<\/td>\n<td style=\"border-bottom: solid windowtext 1.0pt; width: 110.15pt; border-top: none; border-left: none; border-right: solid windowtext 1.0pt; padding: 0in 5.4pt 0in 5.4pt;\" width=\"147\">\n<p style=\"margin: 0in 0in 0.0001pt;\"><span style=\"font-size: 10pt;\">ARTEX Standard 2-Draht-Fernschalter<\/span><\/p>\n<p style=\"margin: 0in 0in 0.0001pt;\"><span style=\"font-size: 10pt;\">(2,00 x 1,30 Zoll)<\/span><\/p>\n<\/td>\n<\/tr>\n<tr>\n<td style=\"border: solid windowtext 1.0pt; width: 99.9pt; border-top: none; padding: 0in 5.4pt 0in 5.4pt;\" width=\"133\">\n<p style=\"margin: 0in 0in 0.0001pt;\"><span style=\"font-size: 10pt;\">8108 ( <a href=\"https:\/\/www.dropbox.com\/s\/y3uphs2javap1qk\/8108B.pdf?dl=1\">Packliste<\/a> )<\/span><\/p>\n<\/td>\n<td style=\"border-bottom: solid windowtext 1.0pt; width: 120.4pt; border-top: none; border-left: none; border-right: solid windowtext 1.0pt; padding: 0in 5.4pt 0in 5.4pt;\" width=\"161\">\n<p style=\"margin: 0in 0in 0.0001pt;\"><span style=\"font-size: 10pt;\">ARTEX ELT 345 Slim Kit mit GA-Installationskit, kompakter schwarzer Peitschenantenne und schlankem Fernschalter<\/span><\/p>\n<\/td>\n<td style=\"border-bottom: solid windowtext 1.0pt; width: 110.15pt; border-top: none; border-left: none; border-right: solid windowtext 1.0pt; padding: 0in 5.4pt 0in 5.4pt;\" width=\"147\">\n<p style=\"margin: 0in 0in 0.0001pt;\"><span style=\"font-size: 10pt;\">15&#8243; hohe schwarze Peitschenantenne<\/span><\/p>\n<\/td>\n<td style=\"border-bottom: solid windowtext 1.0pt; width: 110.15pt; border-top: none; border-left: none; border-right: solid windowtext 1.0pt; padding: 0in 5.4pt 0in 5.4pt;\" width=\"147\">\n<p style=\"margin: 0in 0in 0.0001pt;\"><span style=\"font-size: 10pt;\">Schlanker 2-Draht-Fernschalter<br \/>\n (Passend f\u00fcr ACK und Ameriking)<\/span><\/p>\n<p style=\"margin: 0in 0in 0.0001pt;\"><span style=\"font-size: 10pt;\">(2,08 x 0,75 Zoll)<\/span><\/p>\n<\/td>\n<\/tr>\n<\/tbody>\n<\/table>\n<p>&nbsp;<\/p>\n<p>Interessiert an einem kompletten Sicherheits-\u00dcberlebenskit? Das neue <a href=\"https:\/\/www.acrartex.com\/fr\/products\/kit-pilote-artex-elt-345\/\">ARTEX ELT 345\u2122 Pilot Kit<\/a> ist die perfekte Kombination aus Sicherheits- und \u00dcberlebensprodukten, die Piloten im Notfall sch\u00fctzen sollen.  Das Pilot Kit bietet Piloten ein praktisches Set, mit dem sie ihre Flugzeuge mit dem neuesten 406 MHz Emergency Locator Transmitter ( ELT ) und pers\u00f6nlicher \u00dcberlebensausr\u00fcstung ausstatten k\u00f6nnen, um ein redundantes System bereitzustellen, mit dem die Suche und Rettung \u00fcber ihren Standort informiert werden kann.<\/p>\n<p>Dieses Set enth\u00e4lt die folgenden wichtigen \u00dcberlebensprodukte:<\/p>\n<ul>\n<li>ELT 345\u2122 (einschlie\u00dflich Antenne, Fernschalter und Installationshardware)<\/li>\n<li>ResQLink +\u2122 Personal Locator Beacon<\/li>\n<li>C-Light H\u2082O\u2122 Notlicht<\/li>\n<li>Signalspiegel<\/li>\n<li>WW-3 Res-Q\u2122 Pfeife<\/li>\n<\/ul>\n<p>&nbsp;<\/p>\n<p>Es gibt einen Grund, warum sich mehr Flugzeughersteller f\u00fcr ARTEX Notlandeger\u00e4te entscheiden als f\u00fcr andere. Sie vertrauen darauf, dass ARTEX Produkte von h\u00f6chster Qualit\u00e4t herstellt, da sie wissen, dass diese zur Rettung von Leben eingesetzt werden.<\/p>\n","protected":false},"excerpt":{"rendered":"<p>Mit dem ELT 345 sind Sie sicher unterwegs. Verlassen Sie sich im Notfall auf dieselbe Marke, der f\u00fchrende Verkehrsflugzeughersteller f\u00fcr erstklassige Qualit\u00e4t, \u00fcberlegene Technologie und hervorragenden Kundenservice vertrauen. Der Bestseller ARTEX ELT 345 wird nach den strengsten Qualit\u00e4tsmanagementstandards der Branche gefertigt, um sicherzustellen, dass das ELT immer sofort funktioniert. Das ARTEX ELT 345 sendet auf den Frequenzen 406 MHz und 121,5 MHz und bietet dank der integrierten GPS Navigationsschnittstelle pr\u00e4zise Positionsbestimmung. Das ELT 345 bietet einen branchenweit g\u00fcnstigen Preis f\u00fcr ein ELT mit der gleichen Qualit\u00e4t und Leistung, auf der die Marke ARTEX basiert.    <\/p>\n<p>&nbsp;<\/p>\n<p><a href=\"https:\/\/www.acrartex.com\/canada-elt-mandate\/\">Klicken Sie hier f\u00fcr Informationen zum kanadischen ELT Mandat<\/a><\/p>\n","protected":false},"featured_media":12137,"template":"","meta":{"_acf_changed":false,"om_disable_all_campaigns":false},"product_brand":[],"product_cat":[6031,5570],"product_tag":[8959,8470,8143,8144,5574,9199,5698,8958,5580,5642],"class_list":{"0":"post-153543","1":"product","2":"type-product","3":"status-publish","4":"has-post-thumbnail","6":"product_cat-allgemeine-luftfahrt","7":"product_cat-luftfahrt","8":"product_tag-121-5-elt-upgrade-de","9":"product_tag-406-mhz-elt-de","10":"product_tag-acr-de","11":"product_tag-artex-de","12":"product_tag-elt-de","13":"product_tag-elt-345-de","14":"product_tag-geographisches-positionierungs-system","15":"product_tag-notortungssender","16":"product_tag-notsender","17":"product_tag-notsignal","18":"pa_aircraft-type-einmotorig","19":"pa_aircraft-type-experimental-de","20":"pa_aircraft-type-mehrmotorige","21":"pa_aircraft-type-turboprop-de","22":"pa_product-elt-losungen","24":"first","25":"instock","26":"taxable","27":"shipping-taxable","28":"product-type-simple"},"acf":[],"_links":{"self":[{"href":"https:\/\/www.acrartex.com\/de\/wp-json\/wp\/v2\/product\/153543","targetHints":{"allow":["GET"]}}],"collection":[{"href":"https:\/\/www.acrartex.com\/de\/wp-json\/wp\/v2\/product"}],"about":[{"href":"https:\/\/www.acrartex.com\/de\/wp-json\/wp\/v2\/types\/product"}],"wp:featuredmedia":[{"embeddable":true,"href":"https:\/\/www.acrartex.com\/de\/wp-json\/wp\/v2\/media\/12137"}],"wp:attachment":[{"href":"https:\/\/www.acrartex.com\/de\/wp-json\/wp\/v2\/media?parent=153543"}],"wp:term":[{"taxonomy":"product_brand","embeddable":true,"href":"https:\/\/www.acrartex.com\/de\/wp-json\/wp\/v2\/product_brand?post=153543"},{"taxonomy":"product_cat","embeddable":true,"href":"https:\/\/www.acrartex.com\/de\/wp-json\/wp\/v2\/product_cat?post=153543"},{"taxonomy":"product_tag","embeddable":true,"href":"https:\/\/www.acrartex.com\/de\/wp-json\/wp\/v2\/product_tag?post=153543"}],"curies":[{"name":"wp","href":"https:\/\/api.w.org\/{rel}","templated":true}]}}